{"id":26340,"date":"2024-12-03T12:26:13","date_gmt":"2024-12-03T11:26:13","guid":{"rendered":"https:\/\/sandokan.com\/?post_type=product&#038;p=26340"},"modified":"2025-02-11T12:50:10","modified_gmt":"2025-02-11T11:50:10","slug":"home-mosquito-kit-copia","status":"publish","type":"product","link":"https:\/\/sandokan.com\/en\/prodotto\/home-mosquito-kit-copia\/","title":{"rendered":"Bug and spider kits for home and garden"},"content":{"rendered":"<h4><strong>Bugs and Spiders, home and garden kit<\/strong><\/h4>\n<p>\u2018Bedbugs and Spiders\u2019 is a Sandokan product bundle consisting of an effective range of products specifically designed to keep home environments free from invasive insects such as bedbugs and spiders. A complete solution for the elimination and control of insects that can be used both indoors and outdoors. <\/p>\n<h6><strong>WHAT THE KIT CONTAINS:<\/strong><\/h6>\n<ul>\n<li><strong>Bio Revanol anti-bug and spider mite<\/strong>:<br \/>\nReady-to-use micro-encapsulated liquid insecticide\/aricide with a broad spectrum of action and long persistence. <span style=\"font-size: 1rem;\">Perfect for use on the perimeter <\/span><span style=\"font-size: 1rem;\">of window sills to eliminate present insects.<\/span> In addition, Bio Revanol anti-bugs and spiders creates a protective barrier with an effect of up to 3 weeks! For more information visit the <a href=\"https:\/\/sandokan.com\/prodotto\/bio-revanol-anti-cimici-e-ragni\/\" target=\"_blank\" rel=\"noopener\">dedicated page.<\/a> <\/li>\n<li><span class=\"fontstyle2\"><strong>Insetticida contro tutti i tipi di cimici<\/strong>:<br \/>\n<\/span>Insetticida progettato per offrire una difesa completa e duratura, con un&#8217;azione rapida e immediata in grado di eliminare le cimici presenti nell&#8217;ambiente. Inoltre, il suo effetto a lungo termine, crea una barriera protettiva che impedisce agli insetti di tornare per una settimana.  The ease of use of this insecticide makes it perfect for your home, offering reliable protection for you and your family. For more information visit the <a href=\"https:\/\/sandokan.com\/prodotto\/insetticida-cimici-300ml\/\" target=\"_blank\" rel=\"noopener\">dedicated page.<\/a><\/li>\n<li><strong>Insetticida spray per Ragni &#8220;Tac&#8221; Ultra<\/strong>:<br \/>\nCon l&#8217;insetticida spray &#8220;Tac&#8221; Ultra di Sandokan liberarsi dei ragni indesiderati non \u00e8 mai stato cos\u00ec semplice. Questo prodotto, progettato con una formula innovativa, \u00e8 pensato per eliminare i ragni in modo rapido ed efficace, prevenendo al contempo la formazione di nuove ragnatele. Per maggiori informazioni visita la <a href=\"https:\/\/sandokan.com\/prodotto\/insetticida-spray-per-ragni-tac-ultra\/\" target=\"_blank\" rel=\"noopener\">pagina dedicata.<\/a>  <\/li>\n<\/ul>\n","protected":false},"excerpt":{"rendered":"<p><img loading=\"lazy\" decoding=\"async\" src=\"https:\/\/sandokan.com\/wp-content\/uploads\/2022\/04\/cimice-1.png\" alt=\"\" width=\"80\" height=\"80\"><img loading=\"lazy\" decoding=\"async\" src=\"https:\/\/sandokan.com\/wp-content\/uploads\/2022\/01\/ragno.png\" alt=\"\" width=\"80\" height=\"80\"><\/p>\n<p><strong>\u2018Bedbugs and Spiders\u2019<\/strong> is a <strong>Sandokan product kit <\/strong>consisting of an effective range of insecticides designed for indoor and outdoor environments. <\/p>\n<p>A complete solution for the elimination and control of insects such as bedbugs and spiders in domestic areas.<\/p>\n","protected":false},"featured_media":27161,"comment_status":"open","ping_status":"closed","template":"","meta":{"inline_featured_image":false},"product_brand":[],"product_cat":[],"product_tag":[547,580,584],"class_list":{"0":"post-26340","1":"product","2":"type-product","3":"status-publish","4":"has-post-thumbnail","6":"product_tag-bed-bugs","7":"product_tag-kit-en","8":"product_tag-spiders","10":"first","11":"instock","12":"sale","13":"featured","14":"virtual","15":"taxable","16":"purchasable","17":"product-type-bundle"},"bundled_by":[],"bundle_stock_status":"instock","bundle_stock_quantity":95,"bundle_virtual":false,"bundle_layout":"default","bundle_add_to_cart_form_location":"default","bundle_editable_in_cart":false,"bundle_sold_individually_context":"product","bundle_item_grouping":"parent","bundle_min_size":"","bundle_max_size":"","bundle_price":{"price":{"min":{"incl_tax":"21.9","excl_tax":"17.95082"},"max":{"incl_tax":"21.9","excl_tax":"17.95082"}},"regular_price":{"min":{"incl_tax":"25.7","excl_tax":"21.065574"},"max":{"incl_tax":"25.7","excl_tax":"21.065574"}}},"bundled_items":[{"bundled_item_id":151,"product_id":25357,"menu_order":0,"quantity_min":1,"quantity_max":1,"quantity_default":1,"priced_individually":false,"shipped_individually":false,"override_title":false,"title":"Insecticide against all types of bed bugs","override_description":false,"description":"Insecticide against all types of bed bugs","optional":false,"hide_thumbnail":false,"discount":"","override_variations":true,"allowed_variations":[23012],"override_default_variation_attributes":false,"default_variation_attributes":[],"single_product_visibility":"visible","cart_visibility":"visible","order_visibility":"visible","single_product_price_visibility":"visible","cart_price_visibility":"visible","order_price_visibility":"visible","stock_status":"in_stock"},{"bundled_item_id":152,"product_id":25416,"menu_order":1,"quantity_min":1,"quantity_max":1,"quantity_default":1,"priced_individually":false,"shipped_individually":false,"override_title":false,"title":"Bio Revanol Anti bedbugs and spiders","override_description":false,"description":"Bio Revanol Anti bedbugs and spiders","optional":false,"hide_thumbnail":false,"discount":"","override_variations":true,"allowed_variations":[23015],"override_default_variation_attributes":false,"default_variation_attributes":[],"single_product_visibility":"visible","cart_visibility":"visible","order_visibility":"visible","single_product_price_visibility":"visible","cart_price_visibility":"visible","order_price_visibility":"visible","stock_status":"in_stock"},{"bundled_item_id":375,"product_id":26384,"menu_order":2,"quantity_min":1,"quantity_max":1,"quantity_default":1,"priced_individually":false,"shipped_individually":false,"override_title":false,"title":"Insecticide Spray for Spiders \u2018Tac\u2019 Ultra","override_description":false,"description":"Insecticide Spray for Spiders \u2018Tac\u2019 Ultra","optional":false,"hide_thumbnail":false,"discount":"","override_variations":true,"allowed_variations":[26490],"override_default_variation_attributes":true,"default_variation_attributes":[{"id":5,"name":"Formato","option":"500ml-en"},{"id":0,"name":"Quantit\u00e0","option":"1pcs"}],"single_product_visibility":"visible","cart_visibility":"visible","order_visibility":"visible","single_product_price_visibility":"visible","cart_price_visibility":"visible","order_price_visibility":"visible","stock_status":"in_stock"}],"bundle_sell_ids":[],"acf":[],"yoast_head":"<!-- This site is optimized with the Yoast SEO plugin v27.3 - https:\/\/yoast.com\/product\/yoast-seo-wordpress\/ -->\n<title>Bugs and spiders, the kit for home and garden - Sandokan<\/title>\n<meta name=\"description\" content=\"\u2018Bedbugs and Spiders\u2019 for home and garden is a kit consisting of an effective range of products specifically designed to get rid of these insects\" \/>\n<meta name=\"robots\" content=\"index, follow, max-snippet:-1, max-image-preview:large, max-video-preview:-1\" \/>\n<link rel=\"canonical\" href=\"https:\/\/sandokan.com\/en\/prodotto\/home-mosquito-kit-copia\/\" \/>\n<meta property=\"og:locale\" content=\"en_US\" \/>\n<meta property=\"og:type\" content=\"article\" \/>\n<meta property=\"og:title\" content=\"Bugs and spiders, the kit for home and garden - Sandokan\" \/>\n<meta property=\"og:description\" content=\"\u2018Bedbugs and Spiders\u2019 for home and garden is a kit consisting of an effective range of products specifically designed to get rid of these insects\" \/>\n<meta property=\"og:url\" content=\"https:\/\/sandokan.com\/en\/prodotto\/home-mosquito-kit-copia\/\" \/>\n<meta property=\"og:site_name\" content=\"Sandokan\" \/>\n<meta property=\"article:publisher\" content=\"https:\/\/www.facebook.com\/zanzareeinsetti\/\" \/>\n<meta property=\"article:modified_time\" content=\"2025-02-11T11:50:10+00:00\" \/>\n<meta property=\"og:image\" content=\"https:\/\/sandokan.com\/wp-content\/uploads\/2024\/12\/7613-kit.jpg\" \/>\n\t<meta property=\"og:image:width\" content=\"1200\" \/>\n\t<meta property=\"og:image:height\" content=\"1200\" \/>\n\t<meta property=\"og:image:type\" content=\"image\/jpeg\" \/>\n<meta name=\"twitter:card\" content=\"summary_large_image\" \/>\n<meta name=\"twitter:site\" content=\"@sandokaninsetti\" \/>\n<meta name=\"twitter:label1\" content=\"Est. reading time\" \/>\n\t<meta name=\"twitter:data1\" content=\"1 minute\" \/>\n<script type=\"application\/ld+json\" class=\"yoast-schema-graph\">{\"@context\":\"https:\\\/\\\/schema.org\",\"@graph\":[{\"@type\":\"WebPage\",\"@id\":\"https:\\\/\\\/sandokan.com\\\/en\\\/prodotto\\\/home-mosquito-kit-copia\\\/\",\"url\":\"https:\\\/\\\/sandokan.com\\\/en\\\/prodotto\\\/home-mosquito-kit-copia\\\/\",\"name\":\"Bugs and spiders, the kit for home and garden - Sandokan\",\"isPartOf\":{\"@id\":\"https:\\\/\\\/sandokan.com\\\/en\\\/#website\"},\"primaryImageOfPage\":{\"@id\":\"https:\\\/\\\/sandokan.com\\\/en\\\/prodotto\\\/home-mosquito-kit-copia\\\/#primaryimage\"},\"image\":{\"@id\":\"https:\\\/\\\/sandokan.com\\\/en\\\/prodotto\\\/home-mosquito-kit-copia\\\/#primaryimage\"},\"thumbnailUrl\":\"https:\\\/\\\/sandokan.com\\\/wp-content\\\/uploads\\\/2024\\\/12\\\/7613-kit.jpg\",\"datePublished\":\"2024-12-03T11:26:13+00:00\",\"dateModified\":\"2025-02-11T11:50:10+00:00\",\"description\":\"\u2018Bedbugs and Spiders\u2019 for home and garden is a kit consisting of an effective range of products specifically designed to get rid of these insects\",\"breadcrumb\":{\"@id\":\"https:\\\/\\\/sandokan.com\\\/en\\\/prodotto\\\/home-mosquito-kit-copia\\\/#breadcrumb\"},\"inLanguage\":\"en-US\",\"potentialAction\":[{\"@type\":\"ReadAction\",\"target\":[\"https:\\\/\\\/sandokan.com\\\/en\\\/prodotto\\\/home-mosquito-kit-copia\\\/\"]}]},{\"@type\":\"ImageObject\",\"inLanguage\":\"en-US\",\"@id\":\"https:\\\/\\\/sandokan.com\\\/en\\\/prodotto\\\/home-mosquito-kit-copia\\\/#primaryimage\",\"url\":\"https:\\\/\\\/sandokan.com\\\/wp-content\\\/uploads\\\/2024\\\/12\\\/7613-kit.jpg\",\"contentUrl\":\"https:\\\/\\\/sandokan.com\\\/wp-content\\\/uploads\\\/2024\\\/12\\\/7613-kit.jpg\",\"width\":1200,\"height\":1200},{\"@type\":\"BreadcrumbList\",\"@id\":\"https:\\\/\\\/sandokan.com\\\/en\\\/prodotto\\\/home-mosquito-kit-copia\\\/#breadcrumb\",\"itemListElement\":[{\"@type\":\"ListItem\",\"position\":1,\"name\":\"Sandokan\",\"item\":\"https:\\\/\\\/sandokan.com\\\/en\\\/\"},{\"@type\":\"ListItem\",\"position\":2,\"name\":\"Shop\",\"item\":\"https:\\\/\\\/sandokan.com\\\/en\\\/shop\\\/\"},{\"@type\":\"ListItem\",\"position\":3,\"name\":\"Bug and spider kits for home and garden\"}]},{\"@type\":\"WebSite\",\"@id\":\"https:\\\/\\\/sandokan.com\\\/en\\\/#website\",\"url\":\"https:\\\/\\\/sandokan.com\\\/en\\\/\",\"name\":\"Sandokan\",\"description\":\"Repellenti e Insetticidi\",\"publisher\":{\"@id\":\"https:\\\/\\\/sandokan.com\\\/en\\\/#organization\"},\"potentialAction\":[{\"@type\":\"SearchAction\",\"target\":{\"@type\":\"EntryPoint\",\"urlTemplate\":\"https:\\\/\\\/sandokan.com\\\/en\\\/?s={search_term_string}\"},\"query-input\":{\"@type\":\"PropertyValueSpecification\",\"valueRequired\":true,\"valueName\":\"search_term_string\"}}],\"inLanguage\":\"en-US\"},{\"@type\":\"Organization\",\"@id\":\"https:\\\/\\\/sandokan.com\\\/en\\\/#organization\",\"name\":\"Sandokan | Repellenti Naturali per Interni ed Esterni\",\"url\":\"https:\\\/\\\/sandokan.com\\\/en\\\/\",\"logo\":{\"@type\":\"ImageObject\",\"inLanguage\":\"en-US\",\"@id\":\"https:\\\/\\\/sandokan.com\\\/en\\\/#\\\/schema\\\/logo\\\/image\\\/\",\"url\":\"https:\\\/\\\/sandokan.com\\\/wp-content\\\/uploads\\\/2022\\\/04\\\/Sandokan-Insetticidi-e-Repellenti-BIO-Mobile.png\",\"contentUrl\":\"https:\\\/\\\/sandokan.com\\\/wp-content\\\/uploads\\\/2022\\\/04\\\/Sandokan-Insetticidi-e-Repellenti-BIO-Mobile.png\",\"width\":350,\"height\":99,\"caption\":\"Sandokan | Repellenti Naturali per Interni ed Esterni\"},\"image\":{\"@id\":\"https:\\\/\\\/sandokan.com\\\/en\\\/#\\\/schema\\\/logo\\\/image\\\/\"},\"sameAs\":[\"https:\\\/\\\/www.facebook.com\\\/zanzareeinsetti\\\/\",\"https:\\\/\\\/x.com\\\/sandokaninsetti\",\"https:\\\/\\\/www.youtube.com\\\/channel\\\/UCMv6YC7WVMIF6KXkcLnuVuw\"]}]}<\/script>\n<!-- \/ Yoast SEO plugin. -->","yoast_head_json":{"title":"Bugs and spiders, the kit for home and garden - Sandokan","description":"\u2018Bedbugs and Spiders\u2019 for home and garden is a kit consisting of an effective range of products specifically designed to get rid of these insects","robots":{"index":"index","follow":"follow","max-snippet":"max-snippet:-1","max-image-preview":"max-image-preview:large","max-video-preview":"max-video-preview:-1"},"canonical":"https:\/\/sandokan.com\/en\/prodotto\/home-mosquito-kit-copia\/","og_locale":"en_US","og_type":"article","og_title":"Bugs and spiders, the kit for home and garden - Sandokan","og_description":"\u2018Bedbugs and Spiders\u2019 for home and garden is a kit consisting of an effective range of products specifically designed to get rid of these insects","og_url":"https:\/\/sandokan.com\/en\/prodotto\/home-mosquito-kit-copia\/","og_site_name":"Sandokan","article_publisher":"https:\/\/www.facebook.com\/zanzareeinsetti\/","article_modified_time":"2025-02-11T11:50:10+00:00","og_image":[{"width":1200,"height":1200,"url":"https:\/\/sandokan.com\/wp-content\/uploads\/2024\/12\/7613-kit.jpg","type":"image\/jpeg"}],"twitter_card":"summary_large_image","twitter_site":"@sandokaninsetti","twitter_misc":{"Est. reading time":"1 minute"},"schema":{"@context":"https:\/\/schema.org","@graph":[{"@type":"WebPage","@id":"https:\/\/sandokan.com\/en\/prodotto\/home-mosquito-kit-copia\/","url":"https:\/\/sandokan.com\/en\/prodotto\/home-mosquito-kit-copia\/","name":"Bugs and spiders, the kit for home and garden - Sandokan","isPartOf":{"@id":"https:\/\/sandokan.com\/en\/#website"},"primaryImageOfPage":{"@id":"https:\/\/sandokan.com\/en\/prodotto\/home-mosquito-kit-copia\/#primaryimage"},"image":{"@id":"https:\/\/sandokan.com\/en\/prodotto\/home-mosquito-kit-copia\/#primaryimage"},"thumbnailUrl":"https:\/\/sandokan.com\/wp-content\/uploads\/2024\/12\/7613-kit.jpg","datePublished":"2024-12-03T11:26:13+00:00","dateModified":"2025-02-11T11:50:10+00:00","description":"\u2018Bedbugs and Spiders\u2019 for home and garden is a kit consisting of an effective range of products specifically designed to get rid of these insects","breadcrumb":{"@id":"https:\/\/sandokan.com\/en\/prodotto\/home-mosquito-kit-copia\/#breadcrumb"},"inLanguage":"en-US","potentialAction":[{"@type":"ReadAction","target":["https:\/\/sandokan.com\/en\/prodotto\/home-mosquito-kit-copia\/"]}]},{"@type":"ImageObject","inLanguage":"en-US","@id":"https:\/\/sandokan.com\/en\/prodotto\/home-mosquito-kit-copia\/#primaryimage","url":"https:\/\/sandokan.com\/wp-content\/uploads\/2024\/12\/7613-kit.jpg","contentUrl":"https:\/\/sandokan.com\/wp-content\/uploads\/2024\/12\/7613-kit.jpg","width":1200,"height":1200},{"@type":"BreadcrumbList","@id":"https:\/\/sandokan.com\/en\/prodotto\/home-mosquito-kit-copia\/#breadcrumb","itemListElement":[{"@type":"ListItem","position":1,"name":"Sandokan","item":"https:\/\/sandokan.com\/en\/"},{"@type":"ListItem","position":2,"name":"Shop","item":"https:\/\/sandokan.com\/en\/shop\/"},{"@type":"ListItem","position":3,"name":"Bug and spider kits for home and garden"}]},{"@type":"WebSite","@id":"https:\/\/sandokan.com\/en\/#website","url":"https:\/\/sandokan.com\/en\/","name":"Sandokan","description":"Repellenti e Insetticidi","publisher":{"@id":"https:\/\/sandokan.com\/en\/#organization"},"potentialAction":[{"@type":"SearchAction","target":{"@type":"EntryPoint","urlTemplate":"https:\/\/sandokan.com\/en\/?s={search_term_string}"},"query-input":{"@type":"PropertyValueSpecification","valueRequired":true,"valueName":"search_term_string"}}],"inLanguage":"en-US"},{"@type":"Organization","@id":"https:\/\/sandokan.com\/en\/#organization","name":"Sandokan | Repellenti Naturali per Interni ed Esterni","url":"https:\/\/sandokan.com\/en\/","logo":{"@type":"ImageObject","inLanguage":"en-US","@id":"https:\/\/sandokan.com\/en\/#\/schema\/logo\/image\/","url":"https:\/\/sandokan.com\/wp-content\/uploads\/2022\/04\/Sandokan-Insetticidi-e-Repellenti-BIO-Mobile.png","contentUrl":"https:\/\/sandokan.com\/wp-content\/uploads\/2022\/04\/Sandokan-Insetticidi-e-Repellenti-BIO-Mobile.png","width":350,"height":99,"caption":"Sandokan | Repellenti Naturali per Interni ed Esterni"},"image":{"@id":"https:\/\/sandokan.com\/en\/#\/schema\/logo\/image\/"},"sameAs":["https:\/\/www.facebook.com\/zanzareeinsetti\/","https:\/\/x.com\/sandokaninsetti","https:\/\/www.youtube.com\/channel\/UCMv6YC7WVMIF6KXkcLnuVuw"]}]}},"_links":{"self":[{"href":"https:\/\/sandokan.com\/en\/wp-json\/wp\/v2\/product\/26340","targetHints":{"allow":["GET"]}}],"collection":[{"href":"https:\/\/sandokan.com\/en\/wp-json\/wp\/v2\/product"}],"about":[{"href":"https:\/\/sandokan.com\/en\/wp-json\/wp\/v2\/types\/product"}],"replies":[{"embeddable":true,"href":"https:\/\/sandokan.com\/en\/wp-json\/wp\/v2\/comments?post=26340"}],"wp:featuredmedia":[{"embeddable":true,"href":"https:\/\/sandokan.com\/en\/wp-json\/wp\/v2\/media\/27161"}],"wp:attachment":[{"href":"https:\/\/sandokan.com\/en\/wp-json\/wp\/v2\/media?parent=26340"}],"wp:term":[{"taxonomy":"product_brand","embeddable":true,"href":"https:\/\/sandokan.com\/en\/wp-json\/wp\/v2\/product_brand?post=26340"},{"taxonomy":"product_cat","embeddable":true,"href":"https:\/\/sandokan.com\/en\/wp-json\/wp\/v2\/product_cat?post=26340"},{"taxonomy":"product_tag","embeddable":true,"href":"https:\/\/sandokan.com\/en\/wp-json\/wp\/v2\/product_tag?post=26340"}],"curies":[{"name":"wp","href":"https:\/\/api.w.org\/{rel}","templated":true}]}}