{"id":30305,"date":"2025-02-24T16:46:34","date_gmt":"2025-02-24T15:46:34","guid":{"rendered":"https:\/\/sandokan.com\/inondations\/"},"modified":"2026-05-07T15:37:10","modified_gmt":"2026-05-07T13:37:10","slug":"inondations","status":"publish","type":"page","link":"https:\/\/sandokan.com\/fr\/inondations\/","title":{"rendered":"Inondations"},"content":{"rendered":"<section class=\"l-section wpb_row height_medium\"><div class=\"l-section-h i-cf\"><div class=\"g-cols vc_row via_grid cols_1 laptops-cols_inherit tablets-cols_inherit mobiles-cols_1 valign_top type_default stacking_default\"><div class=\"wpb_column vc_column_container\"><div class=\"vc_column-inner\"><div class=\"w-video us_custom_213e151c align_none ratio_custom has_border_radius\"><div class=\"w-video-h\" style=\"padding-bottom:68.75%\"><video  preload=\"metadata\" playsinline controls><source type=\"video\/mp4\" src=\"https:\/\/euroequipe.eu\/wp-content\/uploads\/2025\/03\/progetto-venere-euroequipe.mp4\" \/><\/video><\/div><\/div><\/div><\/div><\/div><\/div><\/section><section class=\"l-section wpb_row us_custom_69ad910b height_medium\"><div class=\"l-section-h i-cf\"><div class=\"g-cols vc_row via_grid cols_1 laptops-cols_inherit tablets-cols_inherit mobiles-cols_1 valign_top type_default stacking_default\"><div class=\"wpb_column vc_column_container\"><div class=\"vc_column-inner\"><div class=\"wpb_text_column\"><div class=\"wpb_wrapper\"><h2 style=\"text-align: center;\"><strong>Projet Venus : d&rsquo;une inondation, une opportunit\u00e9<\/strong><\/h2>\n<p style=\"text-align: left;\">Au c\u0153ur d&rsquo;une r\u00e9gion riche en histoire et en traditions, notre entreprise a \u00e9t\u00e9 frapp\u00e9e par un \u00e9v\u00e9nement naturel d\u00e9vastateur : une inondation qui a mis \u00e0 rude \u00e9preuve non seulement nos structures physiques, mais aussi notre esprit et notre communaut\u00e9. Face \u00e0 cette situation d&rsquo;urgence, nous avons d\u00e9couvert la v\u00e9ritable force de notre entreprise : la r\u00e9silience de nos employ\u00e9s et le lien qui nous unit. <\/p>\n<p>Le matin de l&rsquo;inondation, nous avons \u00e9t\u00e9 confront\u00e9s \u00e0 une situation surr\u00e9aliste. Des eaux imp\u00e9tueuses ont envahi nos installations, endommageant les machines et interrompant notre pr\u00e9cieux travail. Mais dans ce moment de d\u00e9sarroi, c&rsquo;est une extraordinaire r\u00e9action collective qui s&rsquo;est manifest\u00e9e. Nos employ\u00e9s, avec une grande d\u00e9termination et un esprit de sacrifice, se sont rassembl\u00e9s pour faire face \u00e0 l&rsquo;urgence.   <\/p>\n<p>Les premi\u00e8res heures qui ont suivi l&rsquo;inondation ont \u00e9t\u00e9 faites de volontaires et de coop\u00e9ration. Ceux qui ont apport\u00e9 de la nourriture et de l&rsquo;eau, ceux qui ont travaill\u00e9 pour sauver ce qui pouvait l&rsquo;\u00eatre, ceux qui ont mis en place des \u00e9quipes de travail pour commencer les op\u00e9rations de nettoyage. Malgr\u00e9 la fatigue et le d\u00e9couragement, tout le monde s&rsquo;est senti appartenir \u00e0 une grande famille, unie par un objectif commun : restaurer notre entreprise, notre fiert\u00e9, et recommencer \u00e0 offrir des services et des produits \u00e0 nos clients.  <\/p>\n<p>Notre r\u00e9silience n&rsquo;a pas \u00e9t\u00e9 qu&rsquo;une r\u00e9action imm\u00e9diate. Dans les jours et les semaines qui ont suivi, nous avons travaill\u00e9 sans rel\u00e2che pour r\u00e9cup\u00e9rer et reconstruire : un processus de r\u00e9novation qui a permis non seulement de restaurer nos installations, mais aussi de renforcer notre engagement en faveur de la durabilit\u00e9 et de l&rsquo;innovation. <\/p>\n<p>Cette exp\u00e9rience nous a appris que la v\u00e9ritable force d&rsquo;une entreprise r\u00e9side dans les personnes qui en font partie. La loyaut\u00e9 et le d\u00e9vouement de nos employ\u00e9s ont \u00e9t\u00e9 une lueur d&rsquo;espoir et une force motrice sur le chemin difficile du redressement. Chaque jour, nous travaillons ensemble avec un enthousiasme renouvel\u00e9, sachant qu&rsquo;ensemble nous pouvons surmonter tous les obstacles.  <\/p>\n<p>Nous sommes reconnaissants \u00e0 tous ceux qui nous ont soutenus dans cette aventure, qu&rsquo;il s&rsquo;agisse de nos employ\u00e9s, qui ont fait preuve d&rsquo;une r\u00e9silience et d&rsquo;un esprit d&rsquo;\u00e9quipe incroyables, ou de nos clients, dont la confiance nous encourage \u00e0 envisager l&rsquo;avenir avec s\u00e9r\u00e9nit\u00e9. Ensemble, nous r\u00e9\u00e9crivons notre histoire, un chapitre \u00e0 la fois. <\/p>\n<p>Notre entreprise est de retour, plus forte que jamais. Et notre engagement en faveur de la qualit\u00e9 et de l&rsquo;innovation continue de nous inciter \u00e0 vouloir nous am\u00e9liorer et \u00e0 nous d\u00e9velopper, toujours ensemble. Merci de faire partie de notre aventure. Renaissons ensemble !<\/p>\n<\/div><\/div><div class=\"w-separator size_medium\"><\/div><h6 class=\"w-text us_custom_c539a581 has_text_color\"><span class=\"w-text-h\"><span class=\"w-text-value\">Nouveau<\/span><\/span><\/h6><h4 class=\"w-text\"><span class=\"w-text-h\"><span class=\"w-text-value\">Promo active<\/span><\/span><\/h4><div class=\"w-separator size_medium\"><\/div><\/div><\/div><\/div><\/div><\/section><section class=\"l-section wpb_row us_custom_1f5f827b height_medium\"><div class=\"l-section-h i-cf\"><div class=\"g-cols vc_row via_grid cols_1 laptops-cols_inherit tablets-cols_inherit mobiles-cols_1 valign_top type_default stacking_default\"><div class=\"wpb_column vc_column_container\"><div class=\"vc_column-inner\"><div class=\"g-cols wpb_row us_custom_8f4c7199 via_grid cols_2 laptops-cols_inherit tablets-cols_inherit mobiles-cols_1 valign_middle type_default stacking_default\" style=\"--columns-gap:0.3rem;\"><div class=\"wpb_column vc_column_container us_custom_8d032b96\"><div class=\"vc_column-inner\"><h2 class=\"w-text\"><span class=\"w-text-h\"><span class=\"w-text-value\">Sale mais bon<\/span><\/span><\/h2><div class=\"wpb_text_column\"><div class=\"wpb_wrapper\"><h4 style=\"font-weight: 500;\">D\u00e9couvrez les produits s\u00e9lectionn\u00e9s et b\u00e9n\u00e9ficiez de remises sp\u00e9cifiques<\/h4>\n<p style=\"font-weight: 500;\"><em>Jusqu&rsquo;\u00e0 \u00e9puisement des stocks<\/em><\/p>\n<\/div><\/div><\/div><\/div><div class=\"wpb_column vc_column_container\"><div class=\"vc_column-inner\"><div class=\"w-image us_custom_f0b3cef4 align_none\"><div class=\"w-image-h\"><img decoding=\"async\" width=\"1024\" height=\"768\" src=\"https:\/\/sandokan.com\/wp-content\/uploads\/2025\/03\/trizan-alluvionato.jpg\" class=\"attachment-full size-full\" alt=\"\" loading=\"lazy\" srcset=\"https:\/\/sandokan.com\/wp-content\/uploads\/2025\/03\/trizan-alluvionato.jpg 1024w, https:\/\/sandokan.com\/wp-content\/uploads\/2025\/03\/trizan-alluvionato-300x225.jpg 300w, https:\/\/sandokan.com\/wp-content\/uploads\/2025\/03\/trizan-alluvionato-467x350.jpg 467w, https:\/\/sandokan.com\/wp-content\/uploads\/2025\/03\/trizan-alluvionato-333x250.jpg 333w, https:\/\/sandokan.com\/wp-content\/uploads\/2025\/03\/trizan-alluvionato-600x450.jpg 600w, https:\/\/sandokan.com\/wp-content\/uploads\/2025\/03\/trizan-alluvionato-800x600.jpg 800w, https:\/\/sandokan.com\/wp-content\/uploads\/2025\/03\/trizan-alluvionato-64x48.jpg 64w\" sizes=\"auto, (max-width: 1024px) 100vw, 1024px\" \/><\/div><\/div><\/div><\/div><\/div><div class=\"w-separator size_medium\"><\/div><h4 class=\"w-text\"><span class=\"w-text-h\"><span class=\"w-text-value\">Produits inond\u00e9s<\/span><\/span><\/h4><div class=\"w-grid us_grid type_grid layout_22633 no_results cols_4 overflow_hidden preload_style_spinner\" id=\"alluvione\" style=\"--columns:4;--gap:1rem;\" data-filterable=\"true\"><style>@media (max-width:1024px){#alluvione{--columns:2!important}}@media (max-width:600px){#alluvione{--columns:1!important}}.layout_22633 .w-grid-item-h{background:var(--color-content-bg);color:var(--color-content-text);border-radius:0.3rem;box-shadow:0 0.03rem 0.06rem rgba(0,0,0,0.1),0 0.1rem 0.3rem rgba(0,0,0,0.1);transition-duration:0.3s}.no-touch .layout_22633 .w-grid-item-h:hover{box-shadow:0 0.1rem 0.2rem rgba(0,0,0,0.1),0 0.33rem 1rem rgba(0,0,0,0.15);z-index:4}.layout_22633 .usg_vwrapper_1{transition-duration:0.2s;transform-origin:50% 50%;transform:scale(1) translate(0%,0%)}.layout_22633 .w-grid-item-h:focus-within .usg_vwrapper_1,.layout_22633 .w-grid-item-h:hover .usg_vwrapper_1{transform:scale(1) translate(0%,-2.4rem);opacity:1}.layout_22633 .usg_add_to_cart_1{transition-duration:0.3s;transform-origin:50% 50%;transform:scale(1) translate(0%,0%);opacity:0}.layout_22633 .w-grid-item-h:focus-within .usg_add_to_cart_1,.layout_22633 .w-grid-item-h:hover .usg_add_to_cart_1{transform:scale(1) translate(0%,0%);opacity:1}.layout_22633 .usg_product_field_1{color:#fff!important;font-size:12px!important;font-weight:700!important;text-transform:uppercase!important;position:absolute!important;top:10px!important;left:10px!important;padding-right:0.8rem!important;padding-left:0.8rem!important;border-radius:2rem!important;background:var(--color-content-primary)!important}.layout_22633 .usg_vwrapper_1{background:inherit!important;padding:1rem 1.2rem 1rem 1.2rem!important}.layout_22633 .usg_post_title_1{color:inherit!important;font-size:1rem!important;margin-bottom:0.3rem!important}.layout_22633 .usg_product_field_2{margin-bottom:0.3rem!important}.layout_22633 .usg_product_field_3{color:#808080!important;font-weight:700!important}.layout_22633 .usg_add_to_cart_1{font-size:0.8rem!important;width:100%!important;border-radius:0!important;position:absolute!important;right:0!important;bottom:0!important;left:0!important}<\/style><div class=\"w-grid-list\"><\/div>\t<div class=\"w-grid-preloader\">\r\n\t\t<div class=\"g-preloader type_1\">\r\n\t\t\t<div><\/div>\r\n\t\t<\/div>\r\n\t<\/div>\r\n\t\t<div class=\"w-grid-json hidden\" onclick='return {&quot;action&quot;:&quot;us_ajax_grid&quot;,&quot;infinite_scroll&quot;:0,&quot;max_num_pages&quot;:0,&quot;pagination&quot;:&quot;none&quot;,&quot;template_vars&quot;:{&quot;columns&quot;:&quot;4&quot;,&quot;exclude_items&quot;:&quot;none&quot;,&quot;img_size&quot;:&quot;default&quot;,&quot;ignore_items_size&quot;:0,&quot;items_layout&quot;:&quot;22633&quot;,&quot;items_offset&quot;:&quot;1&quot;,&quot;load_animation&quot;:&quot;none&quot;,&quot;overriding_link&quot;:&quot;{\\&quot;url\\&quot;:\\&quot;\\&quot;}&quot;,&quot;post_id&quot;:0,&quot;query_args&quot;:{&quot;post_type&quot;:[&quot;product&quot;],&quot;tax_query&quot;:[{&quot;taxonomy&quot;:&quot;product_tag&quot;,&quot;field&quot;:&quot;slug&quot;,&quot;terms&quot;:[&quot;alluvione&quot;]},{&quot;taxonomy&quot;:&quot;product_visibility&quot;,&quot;field&quot;:&quot;slug&quot;,&quot;terms&quot;:[&quot;exclude-from-catalog&quot;],&quot;operator&quot;:&quot;NOT IN&quot;}],&quot;post_status&quot;:[&quot;publish&quot;,&quot;acf-disabled&quot;],&quot;meta_query&quot;:[],&quot;posts_per_page&quot;:&quot;12&quot;},&quot;orderby_query_args&quot;:{&quot;orderby&quot;:{&quot;date&quot;:&quot;DESC&quot;}},&quot;type&quot;:&quot;grid&quot;,&quot;us_grid_post_type&quot;:&quot;product&quot;,&quot;us_grid_ajax_index&quot;:1,&quot;us_grid_filter_query_string&quot;:null,&quot;us_grid_index&quot;:1,&quot;page_args&quot;:[],&quot;lang&quot;:&quot;fr&quot;}}'><\/div>\r\n\t<\/div><div class=\"w-grid-none type_message\">Aucun r\u00e9sultat.<\/div><\/div><\/div><\/div><\/div><\/section><section class=\"l-section wpb_row us_custom_69ad910b height_medium\"><div class=\"l-section-h i-cf\"><div class=\"g-cols vc_row via_grid cols_1 laptops-cols_inherit tablets-cols_inherit mobiles-cols_1 valign_top type_default stacking_default\"><div class=\"wpb_column vc_column_container\"><div class=\"vc_column-inner\"><h3 class=\"w-text us_custom_eb849559\"><span class=\"w-text-h\"><span class=\"w-text-value\">Une initiative durable pour l&#039;environnement<\/span><\/span><\/h3><div class=\"wpb_text_column\"><div class=\"wpb_wrapper\"><p class=\"p1\"><strong><span class=\"s1\">REJOIGNEZ-NOUS !<br \/>\n<\/span><\/strong>Ensemble, nous pouvons transformer le probl\u00e8me des produits inond\u00e9s en une ressource pr\u00e9cieuse pour l&rsquo;avenir, en promouvant des actions vertes et un mode de vie plus durable. Rendons le monde meilleur, un achat \u00e0 la fois. <\/p>\n<p class=\"p2\"><strong>Objectif du projet<br \/>\n<\/strong>Notre objectif est de r\u00e9cup\u00e9rer et de r\u00e9utiliser les biens endommag\u00e9s par les inondations, en leur donnant une seconde vie : nous les remettrons en circulation gr\u00e2ce \u00e0 une s\u00e9lection minutieuse et \u00e0 un processus de r\u00e9paration et de nettoyage.<\/p>\n<\/div><\/div><\/div><\/div><\/div><\/div><\/section><section class=\"l-section wpb_row us_custom_00f0a45b has_text_color height_medium\"><div class=\"l-section-h i-cf\"><div class=\"g-cols vc_row via_grid cols_1 laptops-cols_inherit tablets-cols_inherit mobiles-cols_1 valign_top type_default stacking_default\"><div class=\"wpb_column vc_column_container\"><div class=\"vc_column-inner\"><div class=\"g-cols wpb_row via_grid cols_4 laptops-cols_inherit tablets-cols_inherit mobiles-cols_1 valign_top type_default stacking_default\" style=\"--columns-gap:3rem;\"><div class=\"wpb_column vc_column_container\"><div class=\"vc_column-inner\"><h5 class=\"w-text us_custom_2774bef1\"><span class=\"w-text-h\"><span class=\"w-text-value\">01.<\/span><\/span><\/h5><h5 class=\"w-text us_custom_a07e8ebb\"><span class=\"w-text-h\"><span class=\"w-text-value\">R\u00e9duction des d\u00e9chets<\/span><\/span><\/h5><div class=\"w-separator us_custom_a280f4f5 size_small with_line width_default thick_1 style_solid color_border align_center\"><div class=\"w-separator-h\"><\/div><\/div><div class=\"w-separator size_small\"><\/div><div class=\"wpb_text_column\"><div class=\"wpb_wrapper\"><p class=\"p1\">Au lieu de contribuer \u00e0 la pollution des incin\u00e9rateurs et des d\u00e9charges, cette initiative vise \u00e0 r\u00e9duire la quantit\u00e9 de d\u00e9chets g\u00e9n\u00e9r\u00e9s en recyclant et en r\u00e9utilisant des produits qui seraient autrement mis au rebut.<\/p>\n<\/div><\/div><\/div><\/div><div class=\"wpb_column vc_column_container\"><div class=\"vc_column-inner\"><h5 class=\"w-text us_custom_2774bef1\"><span class=\"w-text-h\"><span class=\"w-text-value\">02.<\/span><\/span><\/h5><h5 class=\"w-text us_custom_a07e8ebb\"><span class=\"w-text-h\"><span class=\"w-text-value\">Sensibilisation \u00e0 l&#039;environnement<\/span><\/span><\/h5><div class=\"w-separator us_custom_a280f4f5 size_small with_line width_default thick_1 style_solid color_border align_center\"><div class=\"w-separator-h\"><\/div><\/div><div class=\"w-separator size_small\"><\/div><div class=\"wpb_text_column\"><div class=\"wpb_wrapper\"><p class=\"p1\">Les produits inond\u00e9s seront propos\u00e9s \u00e0 des prix abordables, ce qui permettra \u00e0 une grande partie de la population d&rsquo;acc\u00e9der \u00e0 des produits de qualit\u00e9 \u00e0 bas prix. Cela permet non seulement d&rsquo;aider les familles dans le besoin, mais aussi d&rsquo;encourager une mentalit\u00e9 de consommation responsable et durable. <\/p>\n<\/div><\/div><\/div><\/div><div class=\"wpb_column vc_column_container\"><div class=\"vc_column-inner\"><h5 class=\"w-text us_custom_2774bef1\"><span class=\"w-text-h\"><span class=\"w-text-value\">03.<\/span><\/span><\/h5><h5 class=\"w-text us_custom_a07e8ebb\"><span class=\"w-text-h\"><span class=\"w-text-value\">Abordabilit\u00e9<\/span><\/span><\/h5><div class=\"w-separator us_custom_a280f4f5 size_small with_line width_default thick_1 style_solid color_border align_center\"><div class=\"w-separator-h\"><\/div><\/div><div class=\"w-separator size_small\"><\/div><div class=\"wpb_text_column\"><div class=\"wpb_wrapper\"><p class=\"p1\">La vente de ces produits sera accompagn\u00e9e de campagnes d&rsquo;information visant \u00e0 sensibiliser le public \u00e0 l&rsquo;importance de la conscience \u00e9cologique. Par le biais d&rsquo;\u00e9v\u00e9nements, de m\u00e9dias sociaux et de mat\u00e9riel d&rsquo;information, nous voulons \u00e9duquer la communaut\u00e9 \u00e0 la durabilit\u00e9 et \u00e0 l&rsquo;importance de la r\u00e9utilisation. <\/p>\n<\/div><\/div><\/div><\/div><div class=\"wpb_column vc_column_container\"><div class=\"vc_column-inner\"><h5 class=\"w-text us_custom_2774bef1\"><span class=\"w-text-h\"><span class=\"w-text-value\">04.<\/span><\/span><\/h5><h5 class=\"w-text us_custom_60c7e42d\"><span class=\"w-text-h\"><span class=\"w-text-value\">Transparence et accessibilit\u00e9<\/span><\/span><\/h5><div class=\"w-separator us_custom_a280f4f5 size_small with_line width_default thick_1 style_solid color_border align_center\"><div class=\"w-separator-h\"><\/div><\/div><div class=\"w-separator size_small\"><\/div><div class=\"wpb_text_column\"><div class=\"wpb_wrapper\"><p class=\"p1\">Nous croyons en la transparence et informerons donc nos clients de l&rsquo;origine des produits, de la mani\u00e8re dont ils sont r\u00e9cup\u00e9r\u00e9s et r\u00e9par\u00e9s. Chaque achat contribuera \u00e0 un plus grand travail de durabilit\u00e9. <\/p>\n<\/div><\/div><\/div><\/div><\/div><\/div><\/div><\/div><\/div><\/section>\n","protected":false},"excerpt":{"rendered":"Projet Venus : d&rsquo;une inondation, une opportunit\u00e9 Au c\u0153ur d&rsquo;une r\u00e9gion riche en histoire et en traditions, notre entreprise a \u00e9t\u00e9 frapp\u00e9e par un \u00e9v\u00e9nement naturel d\u00e9vastateur : une inondation qui a mis \u00e0 rude \u00e9preuve non seulement nos structures physiques, mais aussi notre esprit et notre communaut\u00e9. Face \u00e0 cette situation d&rsquo;urgence, nous avons...","protected":false},"author":455,"featured_media":30306,"parent":0,"menu_order":0,"comment_status":"closed","ping_status":"closed","template":"","meta":{"_acf_changed":false,"inline_featured_image":false,"footnotes":""},"class_list":["post-30305","page","type-page","status-publish","has-post-thumbnail","hentry"],"acf":[],"yoast_head":"<!-- This site is optimized with the Yoast SEO plugin v27.5 - https:\/\/yoast.com\/product\/yoast-seo-wordpress\/ -->\n<title>Inondations - Sandokan<\/title>\n<meta name=\"robots\" content=\"index, follow, max-snippet:-1, max-image-preview:large, max-video-preview:-1\" \/>\n<link rel=\"canonical\" href=\"https:\/\/sandokan.com\/fr\/inondations\/\" \/>\n<meta property=\"og:locale\" content=\"fr_FR\" \/>\n<meta property=\"og:type\" content=\"article\" \/>\n<meta property=\"og:title\" content=\"Inondations - Sandokan\" \/>\n<meta property=\"og:url\" content=\"https:\/\/sandokan.com\/fr\/inondations\/\" \/>\n<meta property=\"og:site_name\" content=\"Sandokan\" \/>\n<meta property=\"article:publisher\" content=\"https:\/\/www.facebook.com\/zanzareeinsetti\/\" \/>\n<meta property=\"article:modified_time\" content=\"2026-05-07T13:37:10+00:00\" \/>\n<meta property=\"og:image\" content=\"https:\/\/sandokan.com\/wp-content\/uploads\/2025\/02\/DSC_3203-1024x768-1.jpg\" \/>\n\t<meta property=\"og:image:width\" content=\"1024\" \/>\n\t<meta property=\"og:image:height\" content=\"768\" \/>\n\t<meta property=\"og:image:type\" content=\"image\/jpeg\" \/>\n<meta name=\"twitter:card\" content=\"summary_large_image\" \/>\n<meta name=\"twitter:site\" content=\"@sandokaninsetti\" \/>\n<meta name=\"twitter:label1\" content=\"Dur\u00e9e de lecture estim\u00e9e\" \/>\n\t<meta name=\"twitter:data1\" content=\"7 minutes\" \/>\n<script type=\"application\/ld+json\" class=\"yoast-schema-graph\">{\"@context\":\"https:\\\/\\\/schema.org\",\"@graph\":[{\"@type\":\"WebPage\",\"@id\":\"https:\\\/\\\/sandokan.com\\\/fr\\\/inondations\\\/\",\"url\":\"https:\\\/\\\/sandokan.com\\\/fr\\\/inondations\\\/\",\"name\":\"Inondations - Sandokan\",\"isPartOf\":{\"@id\":\"https:\\\/\\\/sandokan.com\\\/fr\\\/#website\"},\"primaryImageOfPage\":{\"@id\":\"https:\\\/\\\/sandokan.com\\\/fr\\\/inondations\\\/#primaryimage\"},\"image\":{\"@id\":\"https:\\\/\\\/sandokan.com\\\/fr\\\/inondations\\\/#primaryimage\"},\"thumbnailUrl\":\"https:\\\/\\\/sandokan.com\\\/wp-content\\\/uploads\\\/2025\\\/02\\\/DSC_3203-1024x768-1.jpg\",\"datePublished\":\"2025-02-24T15:46:34+00:00\",\"dateModified\":\"2026-05-07T13:37:10+00:00\",\"breadcrumb\":{\"@id\":\"https:\\\/\\\/sandokan.com\\\/fr\\\/inondations\\\/#breadcrumb\"},\"inLanguage\":\"fr-FR\",\"potentialAction\":[{\"@type\":\"ReadAction\",\"target\":[\"https:\\\/\\\/sandokan.com\\\/fr\\\/inondations\\\/\"]}]},{\"@type\":\"ImageObject\",\"inLanguage\":\"fr-FR\",\"@id\":\"https:\\\/\\\/sandokan.com\\\/fr\\\/inondations\\\/#primaryimage\",\"url\":\"https:\\\/\\\/sandokan.com\\\/wp-content\\\/uploads\\\/2025\\\/02\\\/DSC_3203-1024x768-1.jpg\",\"contentUrl\":\"https:\\\/\\\/sandokan.com\\\/wp-content\\\/uploads\\\/2025\\\/02\\\/DSC_3203-1024x768-1.jpg\",\"width\":1024,\"height\":768},{\"@type\":\"BreadcrumbList\",\"@id\":\"https:\\\/\\\/sandokan.com\\\/fr\\\/inondations\\\/#breadcrumb\",\"itemListElement\":[{\"@type\":\"ListItem\",\"position\":1,\"name\":\"Sandokan\",\"item\":\"https:\\\/\\\/sandokan.com\\\/fr\\\/accueil\\\/\"},{\"@type\":\"ListItem\",\"position\":2,\"name\":\"Inondations\"}]},{\"@type\":\"WebSite\",\"@id\":\"https:\\\/\\\/sandokan.com\\\/fr\\\/#website\",\"url\":\"https:\\\/\\\/sandokan.com\\\/fr\\\/\",\"name\":\"Sandokan\",\"description\":\"Repellenti e Insetticidi\",\"publisher\":{\"@id\":\"https:\\\/\\\/sandokan.com\\\/fr\\\/#organization\"},\"potentialAction\":[{\"@type\":\"SearchAction\",\"target\":{\"@type\":\"EntryPoint\",\"urlTemplate\":\"https:\\\/\\\/sandokan.com\\\/fr\\\/?s={search_term_string}\"},\"query-input\":{\"@type\":\"PropertyValueSpecification\",\"valueRequired\":true,\"valueName\":\"search_term_string\"}}],\"inLanguage\":\"fr-FR\"},{\"@type\":\"Organization\",\"@id\":\"https:\\\/\\\/sandokan.com\\\/fr\\\/#organization\",\"name\":\"Sandokan | Repellenti Naturali per Interni ed Esterni\",\"url\":\"https:\\\/\\\/sandokan.com\\\/fr\\\/\",\"logo\":{\"@type\":\"ImageObject\",\"inLanguage\":\"fr-FR\",\"@id\":\"https:\\\/\\\/sandokan.com\\\/fr\\\/#\\\/schema\\\/logo\\\/image\\\/\",\"url\":\"https:\\\/\\\/sandokan.com\\\/wp-content\\\/uploads\\\/2022\\\/04\\\/Sandokan-Insetticidi-e-Repellenti-BIO-Mobile.png\",\"contentUrl\":\"https:\\\/\\\/sandokan.com\\\/wp-content\\\/uploads\\\/2022\\\/04\\\/Sandokan-Insetticidi-e-Repellenti-BIO-Mobile.png\",\"width\":350,\"height\":99,\"caption\":\"Sandokan | Repellenti Naturali per Interni ed Esterni\"},\"image\":{\"@id\":\"https:\\\/\\\/sandokan.com\\\/fr\\\/#\\\/schema\\\/logo\\\/image\\\/\"},\"sameAs\":[\"https:\\\/\\\/www.facebook.com\\\/zanzareeinsetti\\\/\",\"https:\\\/\\\/x.com\\\/sandokaninsetti\",\"https:\\\/\\\/www.youtube.com\\\/channel\\\/UCMv6YC7WVMIF6KXkcLnuVuw\"]}]}<\/script>\n<!-- \/ Yoast SEO plugin. -->","yoast_head_json":{"title":"Inondations - Sandokan","robots":{"index":"index","follow":"follow","max-snippet":"max-snippet:-1","max-image-preview":"max-image-preview:large","max-video-preview":"max-video-preview:-1"},"canonical":"https:\/\/sandokan.com\/fr\/inondations\/","og_locale":"fr_FR","og_type":"article","og_title":"Inondations - Sandokan","og_url":"https:\/\/sandokan.com\/fr\/inondations\/","og_site_name":"Sandokan","article_publisher":"https:\/\/www.facebook.com\/zanzareeinsetti\/","article_modified_time":"2026-05-07T13:37:10+00:00","og_image":[{"width":1024,"height":768,"url":"https:\/\/sandokan.com\/wp-content\/uploads\/2025\/02\/DSC_3203-1024x768-1.jpg","type":"image\/jpeg"}],"twitter_card":"summary_large_image","twitter_site":"@sandokaninsetti","twitter_misc":{"Dur\u00e9e de lecture estim\u00e9e":"7 minutes"},"schema":{"@context":"https:\/\/schema.org","@graph":[{"@type":"WebPage","@id":"https:\/\/sandokan.com\/fr\/inondations\/","url":"https:\/\/sandokan.com\/fr\/inondations\/","name":"Inondations - Sandokan","isPartOf":{"@id":"https:\/\/sandokan.com\/fr\/#website"},"primaryImageOfPage":{"@id":"https:\/\/sandokan.com\/fr\/inondations\/#primaryimage"},"image":{"@id":"https:\/\/sandokan.com\/fr\/inondations\/#primaryimage"},"thumbnailUrl":"https:\/\/sandokan.com\/wp-content\/uploads\/2025\/02\/DSC_3203-1024x768-1.jpg","datePublished":"2025-02-24T15:46:34+00:00","dateModified":"2026-05-07T13:37:10+00:00","breadcrumb":{"@id":"https:\/\/sandokan.com\/fr\/inondations\/#breadcrumb"},"inLanguage":"fr-FR","potentialAction":[{"@type":"ReadAction","target":["https:\/\/sandokan.com\/fr\/inondations\/"]}]},{"@type":"ImageObject","inLanguage":"fr-FR","@id":"https:\/\/sandokan.com\/fr\/inondations\/#primaryimage","url":"https:\/\/sandokan.com\/wp-content\/uploads\/2025\/02\/DSC_3203-1024x768-1.jpg","contentUrl":"https:\/\/sandokan.com\/wp-content\/uploads\/2025\/02\/DSC_3203-1024x768-1.jpg","width":1024,"height":768},{"@type":"BreadcrumbList","@id":"https:\/\/sandokan.com\/fr\/inondations\/#breadcrumb","itemListElement":[{"@type":"ListItem","position":1,"name":"Sandokan","item":"https:\/\/sandokan.com\/fr\/accueil\/"},{"@type":"ListItem","position":2,"name":"Inondations"}]},{"@type":"WebSite","@id":"https:\/\/sandokan.com\/fr\/#website","url":"https:\/\/sandokan.com\/fr\/","name":"Sandokan","description":"Repellenti e Insetticidi","publisher":{"@id":"https:\/\/sandokan.com\/fr\/#organization"},"potentialAction":[{"@type":"SearchAction","target":{"@type":"EntryPoint","urlTemplate":"https:\/\/sandokan.com\/fr\/?s={search_term_string}"},"query-input":{"@type":"PropertyValueSpecification","valueRequired":true,"valueName":"search_term_string"}}],"inLanguage":"fr-FR"},{"@type":"Organization","@id":"https:\/\/sandokan.com\/fr\/#organization","name":"Sandokan | Repellenti Naturali per Interni ed Esterni","url":"https:\/\/sandokan.com\/fr\/","logo":{"@type":"ImageObject","inLanguage":"fr-FR","@id":"https:\/\/sandokan.com\/fr\/#\/schema\/logo\/image\/","url":"https:\/\/sandokan.com\/wp-content\/uploads\/2022\/04\/Sandokan-Insetticidi-e-Repellenti-BIO-Mobile.png","contentUrl":"https:\/\/sandokan.com\/wp-content\/uploads\/2022\/04\/Sandokan-Insetticidi-e-Repellenti-BIO-Mobile.png","width":350,"height":99,"caption":"Sandokan | Repellenti Naturali per Interni ed Esterni"},"image":{"@id":"https:\/\/sandokan.com\/fr\/#\/schema\/logo\/image\/"},"sameAs":["https:\/\/www.facebook.com\/zanzareeinsetti\/","https:\/\/x.com\/sandokaninsetti","https:\/\/www.youtube.com\/channel\/UCMv6YC7WVMIF6KXkcLnuVuw"]}]}},"_links":{"self":[{"href":"https:\/\/sandokan.com\/fr\/wp-json\/wp\/v2\/pages\/30305","targetHints":{"allow":["GET"]}}],"collection":[{"href":"https:\/\/sandokan.com\/fr\/wp-json\/wp\/v2\/pages"}],"about":[{"href":"https:\/\/sandokan.com\/fr\/wp-json\/wp\/v2\/types\/page"}],"author":[{"embeddable":true,"href":"https:\/\/sandokan.com\/fr\/wp-json\/wp\/v2\/users\/455"}],"replies":[{"embeddable":true,"href":"https:\/\/sandokan.com\/fr\/wp-json\/wp\/v2\/comments?post=30305"}],"version-history":[{"count":1,"href":"https:\/\/sandokan.com\/fr\/wp-json\/wp\/v2\/pages\/30305\/revisions"}],"predecessor-version":[{"id":30312,"href":"https:\/\/sandokan.com\/fr\/wp-json\/wp\/v2\/pages\/30305\/revisions\/30312"}],"wp:featuredmedia":[{"embeddable":true,"href":"https:\/\/sandokan.com\/fr\/wp-json\/wp\/v2\/media\/30306"}],"wp:attachment":[{"href":"https:\/\/sandokan.com\/fr\/wp-json\/wp\/v2\/media?parent=30305"}],"curies":[{"name":"wp","href":"https:\/\/api.w.org\/{rel}","templated":true}]}}