{"id":20845,"date":"2022-04-22T10:32:52","date_gmt":"2022-04-22T08:32:52","guid":{"rendered":"https:\/\/sandokan.com\/?post_type=product&#038;p=20845"},"modified":"2026-04-30T13:08:12","modified_gmt":"2026-04-30T11:08:12","slug":"racchetta-elettroinsetticida-italy","status":"publish","type":"product","link":"https:\/\/sandokan.com\/fr\/prodotto\/racchetta-elettroinsetticida-italy\/","title":{"rendered":"Racchetta antizanzara Sandokan \u00ab\u00a0ITALY\u00a0\u00bb"},"content":{"rendered":"<h3><strong>Racchetta Elettroinsetticida Italy Racchetta Antizanzare<\/strong><\/h3>\n<p data-start=\"291\" data-end=\"664\">La <strong>racchetta antizanzara<\/strong> <strong data-start=\"316\" data-end=\"344\">Italy firmata Sandokan<\/strong> rappresenta la perfetta combinazione tra innovazione, qualit\u00e0 italiana e rispetto per l\u2019ambiente. Totalmente <strong data-start=\"454\" data-end=\"471\">Made in Italy<\/strong> e brevettata, questa racchetta elettroinsetticida \u00e8 progettata per garantire un\u2019azione rapida ed efficace contro zanzare, mosche e altri insetti volanti, senza l\u2019utilizzo di sostanze chimiche.<\/p>\n<p data-start=\"666\" data-end=\"1056\">Dotata di una <strong data-start=\"680\" data-end=\"718\">rete in plastica elettroconduttiva<\/strong> a tre strati, elimina la necessit\u00e0 delle tradizionali reti metalliche, rendendola pi\u00f9 <strong data-start=\"805\" data-end=\"845\">leggera, sicura e semplice da pulire<\/strong>. Il suo design ergonomico e l\u2019ampia superficie d\u2019impatto permettono di eliminare facilmente gli insetti, mentre la <strong data-start=\"961\" data-end=\"990\">scarica elettrica calibrata <\/strong>neutralizza rapidamente il bersaglio in modo efficace e indolore.<\/p>\n<p data-start=\"1058\" data-end=\"1273\">Grazie alla <strong data-start=\"1070\" data-end=\"1109\">bassa corrente di scarica (&lt;0,2 mA)<\/strong> e alla struttura protetta, \u00e8 sicura per l\u2019uso domestico. Funziona con <strong data-start=\"1180\" data-end=\"1211\">2 batterie stilo AA da 1,5V<\/strong>, garantendo un\u2019autonomia eccezionale che pu\u00f2 superare l\u2019anno.<\/p>\n<h5 data-start=\"1280\" data-end=\"1314\"><strong>Caratteristiche Principali<\/strong><\/h5>\n<ul>\n<li data-start=\"1317\" data-end=\"1395\"><strong>Dimensioni ottimali<\/strong>: 47x17cm<\/li>\n<li data-start=\"1398\" data-end=\"1471\"><strong data-start=\"1400\" data-end=\"1443\">Rete in plastica conduttrice a 3 strati<\/strong>, pi\u00f9 leggera ed ecologica<\/li>\n<li data-start=\"1474\" data-end=\"1550\"><strong data-start=\"1476\" data-end=\"1507\">Ampia superficie abbattente<\/strong> per massima efficacia contro gli insetti<\/li>\n<li data-start=\"1553\" data-end=\"1628\"><strong data-start=\"1555\" data-end=\"1579\">Sicura e maneggevole<\/strong>: scarica a bassa corrente, protezione completa<\/li>\n<li data-start=\"1711\" data-end=\"1774\"><strong data-start=\"1713\" data-end=\"1734\">Design ergonomico<\/strong> con pulsante e LED luminoso integrato<\/li>\n<li data-start=\"1777\" data-end=\"1844\"><strong data-start=\"1779\" data-end=\"1817\">Funziona con 2 batterie AA da 1,5V<\/strong> \u2013 lunga durata nel tempo fino ad 1 anno<\/li>\n<li data-start=\"1847\" data-end=\"1915\"><strong data-start=\"1849\" data-end=\"1869\">Facile da pulire<\/strong> e senza necessit\u00e0 di manutenzione complessa<\/li>\n<li><strong data-start=\"1319\" data-end=\"1357\">Prodotto interamente Made in Italy<\/strong>, sinonimo di qualit\u00e0 e affidabilit\u00e0<\/li>\n<li data-start=\"1918\" data-end=\"1950\">Conforme alle <strong data-start=\"1934\" data-end=\"1950\">normative CE<\/strong><\/li>\n<\/ul>\n<h5 data-start=\"1957\" data-end=\"2030\"><strong data-start=\"1961\" data-end=\"2030\">Perch\u00e9 Scegliere la Racchetta Elettroinsetticida Italy Sandokan<\/strong><\/h5>\n<ul>\n<li><strong>Efficacia di cattura<\/strong> grazie alla tripla maglia conduttrice e all&rsquo;ampia superficie abbattente<\/li>\n<li><strong>Tecnologia brevettata<\/strong> da Sandokan in plastica conduttrice per un uso pi\u00f9 sicuro<\/li>\n<li><strong>Design moderno e ricercato<\/strong> impugnatura ergonomica con vano batterie, leggera e maneggevole<\/li>\n<li><strong>Soluzione ecologica<\/strong> la racchetta \u00e8 una alternativa all&rsquo;uso di insetticidi\u00a0 e repellenti chimici<\/li>\n<\/ul>\n<h5 data-start=\"2682\" data-end=\"2701\"><strong data-start=\"2686\" data-end=\"2701\">Come Usare la racchetta antizanzare Sandokan<\/strong><\/h5>\n<ol>\n<li data-start=\"2706\" data-end=\"2831\"><strong data-start=\"2706\" data-end=\"2746\">Inserire 2 batterie stilo AA da 1,5V<\/strong> nel vano batteria, situato sul fondo del manico e protetto da una vite di sicurezza.<\/li>\n<li data-start=\"2835\" data-end=\"2895\">Avvicinare lentamente la racchetta all\u2019insetto da eliminare.<\/li>\n<li data-start=\"2899\" data-end=\"3023\"><strong data-start=\"2899\" data-end=\"2933\">Premere brevemente il pulsante<\/strong> di azionamento durante l\u2019approccio: la scarica elettrica eliminer\u00e0 l\u2019insetto al contatto.<\/li>\n<li data-start=\"3027\" data-end=\"3114\"><strong data-start=\"3027\" data-end=\"3053\">Rilasciare il pulsante<\/strong> subito dopo l\u2019uso per interrompere il passaggio di corrente.<\/li>\n<li data-start=\"3118\" data-end=\"3214\">Pulire la superficie della rete se necessario, con un panno asciutto, evitando l\u2019uso di liquidi.<\/li>\n<\/ol>\n<h5 data-start=\"3221\" data-end=\"3246\"><strong data-start=\"3225\" data-end=\"3246\">Insetti Bersaglio<\/strong><\/h5>\n<p data-start=\"3247\" data-end=\"3306\">Zanzare, Mosche, Tafani, Vespe, Calabroni, Pappataci, Ragni<\/p>\n<h5 data-start=\"3313\" data-end=\"3331\"><strong data-start=\"3317\" data-end=\"3331\">Cosa contiene la confezione<\/strong><\/h5>\n<ul>\n<li data-start=\"3332\" data-end=\"3347\">1 Racchetta elettroinsetticida Sandokan dimensioni 170 mm x 465 mm (battere escluse)<\/li>\n<\/ul>\n<p data-start=\"3332\" data-end=\"3347\">\n","protected":false},"excerpt":{"rendered":"<p><img loading=\"lazy\" decoding=\"async\" class=\"alignnone wp-image-21626\" src=\"https:\/\/sandokan.com\/wp-content\/uploads\/2022\/09\/mosca.png\" alt=\"\" width=\"80\" height=\"80\" srcset=\"https:\/\/sandokan.com\/wp-content\/uploads\/2022\/09\/mosca.png 200w, https:\/\/sandokan.com\/wp-content\/uploads\/2022\/09\/mosca-100x100.png 100w, https:\/\/sandokan.com\/wp-content\/uploads\/2022\/09\/mosca-150x150.png 150w, https:\/\/sandokan.com\/wp-content\/uploads\/2022\/09\/mosca-145x145.png 145w, https:\/\/sandokan.com\/wp-content\/uploads\/2022\/09\/mosca-50x50.png 50w\" sizes=\"auto, (max-width: 80px) 100vw, 80px\" \/><img loading=\"lazy\" decoding=\"async\" class=\"alignnone wp-image-21634\" src=\"https:\/\/sandokan.com\/wp-content\/uploads\/2022\/04\/zanzara-1.png\" alt=\"\" width=\"80\" height=\"80\" srcset=\"https:\/\/sandokan.com\/wp-content\/uploads\/2022\/04\/zanzara-1.png 200w, https:\/\/sandokan.com\/wp-content\/uploads\/2022\/04\/zanzara-1-100x100.png 100w, https:\/\/sandokan.com\/wp-content\/uploads\/2022\/04\/zanzara-1-150x150.png 150w, https:\/\/sandokan.com\/wp-content\/uploads\/2022\/04\/zanzara-1-145x145.png 145w, https:\/\/sandokan.com\/wp-content\/uploads\/2022\/04\/zanzara-1-50x50.png 50w\" sizes=\"auto, (max-width: 80px) 100vw, 80px\" \/><img loading=\"lazy\" decoding=\"async\" class=\"alignnone wp-image-21640\" src=\"https:\/\/sandokan.com\/wp-content\/uploads\/2022\/04\/vespa-1.png\" alt=\"\" width=\"80\" height=\"80\" srcset=\"https:\/\/sandokan.com\/wp-content\/uploads\/2022\/04\/vespa-1.png 200w, https:\/\/sandokan.com\/wp-content\/uploads\/2022\/04\/vespa-1-100x100.png 100w, https:\/\/sandokan.com\/wp-content\/uploads\/2022\/04\/vespa-1-150x150.png 150w, https:\/\/sandokan.com\/wp-content\/uploads\/2022\/04\/vespa-1-145x145.png 145w, https:\/\/sandokan.com\/wp-content\/uploads\/2022\/04\/vespa-1-50x50.png 50w\" sizes=\"auto, (max-width: 80px) 100vw, 80px\" \/><img loading=\"lazy\" decoding=\"async\" class=\"alignnone wp-image-21638\" src=\"https:\/\/sandokan.com\/wp-content\/uploads\/2022\/04\/cimice-1.png\" alt=\"\" width=\"80\" height=\"80\" srcset=\"https:\/\/sandokan.com\/wp-content\/uploads\/2022\/04\/cimice-1.png 200w, https:\/\/sandokan.com\/wp-content\/uploads\/2022\/04\/cimice-1-100x100.png 100w, https:\/\/sandokan.com\/wp-content\/uploads\/2022\/04\/cimice-1-150x150.png 150w, https:\/\/sandokan.com\/wp-content\/uploads\/2022\/04\/cimice-1-145x145.png 145w, https:\/\/sandokan.com\/wp-content\/uploads\/2022\/04\/cimice-1-50x50.png 50w\" sizes=\"auto, (max-width: 80px) 100vw, 80px\" \/><\/p>\n<p>La nuova racchetta \u201cMade in Italy\u201d, brevettata da Sandokan, \u00e8 tra le pi\u00f9 Eco-Friendly sul mercato, grazie alla rete in plastica elettro conduttiva, senza la necessit\u00e0 di utilizzare le obsolete reti metalliche \u00e8 pi\u00f9 sicura, leggera e maneggevole.<\/p>\n","protected":false},"featured_media":21966,"comment_status":"open","ping_status":"closed","template":"","meta":{"_acf_changed":false,"inline_featured_image":false},"product_brand":[],"product_cat":[728,726],"product_tag":[636,188,238,285,287,286,635,264,187],"class_list":{"0":"post-20845","1":"product","2":"type-product","3":"status-publish","4":"has-post-thumbnail","6":"product_cat-a-scarica","7":"product_cat-elettroinsetticidi","8":"product_tag-i7071","9":"product_tag-mosche","10":"product_tag-racchetta","11":"product_tag-racchetta-elettroinsetticida","12":"product_tag-racchetta-elettroinsetticida-italy","13":"product_tag-racchetta-insetticida","14":"product_tag-rachetta-italy","15":"product_tag-vespe-e-calabroni","16":"product_tag-zanzare","18":"first","19":"instock","20":"featured","21":"taxable","22":"shipping-taxable","23":"purchasable","24":"product-type-simple"},"bundled_by":["22985"],"bundle_stock_status":"instock","bundle_stock_quantity":null,"bundle_virtual":false,"bundle_layout":"","bundle_add_to_cart_form_location":"","bundle_editable_in_cart":false,"bundle_sold_individually_context":"","bundle_item_grouping":"","bundle_min_size":"","bundle_max_size":"","bundle_price":[],"bundled_items":[],"bundle_sell_ids":[],"acf":[],"yoast_head":"<!-- This site is optimized with the Yoast SEO plugin v27.5 - https:\/\/yoast.com\/product\/yoast-seo-wordpress\/ -->\n<title>Racchetta antizanzara Sandokan &quot;ITALY&quot; - Sandokan<\/title>\n<meta name=\"description\" content=\"Racchetta antizanzara Sandokan Italy. Elettroinsetticida con tripla maglia di plastica conduttrice di scariche elettriche, leggera, maneggevole, sicura.\" \/>\n<meta name=\"robots\" content=\"index, follow, max-snippet:-1, max-image-preview:large, max-video-preview:-1\" \/>\n<link rel=\"canonical\" href=\"https:\/\/sandokan.com\/fr\/prodotto\/racchetta-elettroinsetticida-italy\/\" \/>\n<meta property=\"og:locale\" content=\"fr_FR\" \/>\n<meta property=\"og:type\" content=\"article\" \/>\n<meta property=\"og:title\" content=\"Racchetta antizanzara Sandokan &quot;ITALY&quot; - Sandokan\" \/>\n<meta property=\"og:description\" content=\"Racchetta antizanzara Sandokan Italy. Elettroinsetticida con tripla maglia di plastica conduttrice di scariche elettriche, leggera, maneggevole, sicura.\" \/>\n<meta property=\"og:url\" content=\"https:\/\/sandokan.com\/fr\/prodotto\/racchetta-elettroinsetticida-italy\/\" \/>\n<meta property=\"og:site_name\" content=\"Sandokan\" \/>\n<meta property=\"article:publisher\" content=\"https:\/\/www.facebook.com\/zanzareeinsetti\/\" \/>\n<meta property=\"article:modified_time\" content=\"2026-04-30T11:08:12+00:00\" \/>\n<meta property=\"og:image\" content=\"https:\/\/sandokan.com\/wp-content\/uploads\/2022\/04\/33629351-8007382070715-P-01.png\" \/>\n\t<meta property=\"og:image:width\" content=\"1200\" \/>\n\t<meta property=\"og:image:height\" content=\"1200\" \/>\n\t<meta property=\"og:image:type\" content=\"image\/png\" \/>\n<meta name=\"twitter:card\" content=\"summary_large_image\" \/>\n<meta name=\"twitter:site\" content=\"@sandokaninsetti\" \/>\n<meta name=\"twitter:label1\" content=\"Dur\u00e9e de lecture estim\u00e9e\" \/>\n\t<meta name=\"twitter:data1\" content=\"3 minutes\" \/>\n<script type=\"application\/ld+json\" class=\"yoast-schema-graph\">{\"@context\":\"https:\\\/\\\/schema.org\",\"@graph\":[{\"@type\":\"WebPage\",\"@id\":\"https:\\\/\\\/sandokan.com\\\/fr\\\/prodotto\\\/racchetta-elettroinsetticida-italy\\\/\",\"url\":\"https:\\\/\\\/sandokan.com\\\/fr\\\/prodotto\\\/racchetta-elettroinsetticida-italy\\\/\",\"name\":\"Racchetta antizanzara Sandokan \\\"ITALY\\\" - Sandokan\",\"isPartOf\":{\"@id\":\"https:\\\/\\\/sandokan.com\\\/fr\\\/#website\"},\"primaryImageOfPage\":{\"@id\":\"https:\\\/\\\/sandokan.com\\\/fr\\\/prodotto\\\/racchetta-elettroinsetticida-italy\\\/#primaryimage\"},\"image\":{\"@id\":\"https:\\\/\\\/sandokan.com\\\/fr\\\/prodotto\\\/racchetta-elettroinsetticida-italy\\\/#primaryimage\"},\"thumbnailUrl\":\"https:\\\/\\\/sandokan.com\\\/wp-content\\\/uploads\\\/2022\\\/04\\\/33629351-8007382070715-P-01.png\",\"datePublished\":\"2022-04-22T08:32:52+00:00\",\"dateModified\":\"2026-04-30T11:08:12+00:00\",\"description\":\"Racchetta antizanzara Sandokan Italy. Elettroinsetticida con tripla maglia di plastica conduttrice di scariche elettriche, leggera, maneggevole, sicura.\",\"breadcrumb\":{\"@id\":\"https:\\\/\\\/sandokan.com\\\/fr\\\/prodotto\\\/racchetta-elettroinsetticida-italy\\\/#breadcrumb\"},\"inLanguage\":\"fr-FR\",\"potentialAction\":[{\"@type\":\"ReadAction\",\"target\":[\"https:\\\/\\\/sandokan.com\\\/fr\\\/prodotto\\\/racchetta-elettroinsetticida-italy\\\/\"]}]},{\"@type\":\"ImageObject\",\"inLanguage\":\"fr-FR\",\"@id\":\"https:\\\/\\\/sandokan.com\\\/fr\\\/prodotto\\\/racchetta-elettroinsetticida-italy\\\/#primaryimage\",\"url\":\"https:\\\/\\\/sandokan.com\\\/wp-content\\\/uploads\\\/2022\\\/04\\\/33629351-8007382070715-P-01.png\",\"contentUrl\":\"https:\\\/\\\/sandokan.com\\\/wp-content\\\/uploads\\\/2022\\\/04\\\/33629351-8007382070715-P-01.png\",\"width\":1200,\"height\":1200,\"caption\":\"Racchetta antizanzara Sandokan \\\"Italy\\\" elettroinsetticida a scarica\"},{\"@type\":\"BreadcrumbList\",\"@id\":\"https:\\\/\\\/sandokan.com\\\/fr\\\/prodotto\\\/racchetta-elettroinsetticida-italy\\\/#breadcrumb\",\"itemListElement\":[{\"@type\":\"ListItem\",\"position\":1,\"name\":\"Sandokan\",\"item\":\"https:\\\/\\\/sandokan.com\\\/fr\\\/\"},{\"@type\":\"ListItem\",\"position\":2,\"name\":\"Shop\",\"item\":\"https:\\\/\\\/sandokan.com\\\/negozio\\\/\"},{\"@type\":\"ListItem\",\"position\":3,\"name\":\"Racchetta antizanzara Sandokan &#8220;ITALY&#8221;\"}]},{\"@type\":\"WebSite\",\"@id\":\"https:\\\/\\\/sandokan.com\\\/fr\\\/#website\",\"url\":\"https:\\\/\\\/sandokan.com\\\/fr\\\/\",\"name\":\"Sandokan\",\"description\":\"Repellenti e Insetticidi\",\"publisher\":{\"@id\":\"https:\\\/\\\/sandokan.com\\\/fr\\\/#organization\"},\"potentialAction\":[{\"@type\":\"SearchAction\",\"target\":{\"@type\":\"EntryPoint\",\"urlTemplate\":\"https:\\\/\\\/sandokan.com\\\/fr\\\/?s={search_term_string}\"},\"query-input\":{\"@type\":\"PropertyValueSpecification\",\"valueRequired\":true,\"valueName\":\"search_term_string\"}}],\"inLanguage\":\"fr-FR\"},{\"@type\":\"Organization\",\"@id\":\"https:\\\/\\\/sandokan.com\\\/fr\\\/#organization\",\"name\":\"Sandokan | Repellenti Naturali per Interni ed Esterni\",\"url\":\"https:\\\/\\\/sandokan.com\\\/fr\\\/\",\"logo\":{\"@type\":\"ImageObject\",\"inLanguage\":\"fr-FR\",\"@id\":\"https:\\\/\\\/sandokan.com\\\/fr\\\/#\\\/schema\\\/logo\\\/image\\\/\",\"url\":\"https:\\\/\\\/sandokan.com\\\/wp-content\\\/uploads\\\/2022\\\/04\\\/Sandokan-Insetticidi-e-Repellenti-BIO-Mobile.png\",\"contentUrl\":\"https:\\\/\\\/sandokan.com\\\/wp-content\\\/uploads\\\/2022\\\/04\\\/Sandokan-Insetticidi-e-Repellenti-BIO-Mobile.png\",\"width\":350,\"height\":99,\"caption\":\"Sandokan | Repellenti Naturali per Interni ed Esterni\"},\"image\":{\"@id\":\"https:\\\/\\\/sandokan.com\\\/fr\\\/#\\\/schema\\\/logo\\\/image\\\/\"},\"sameAs\":[\"https:\\\/\\\/www.facebook.com\\\/zanzareeinsetti\\\/\",\"https:\\\/\\\/x.com\\\/sandokaninsetti\",\"https:\\\/\\\/www.youtube.com\\\/channel\\\/UCMv6YC7WVMIF6KXkcLnuVuw\"]}]}<\/script>\n<!-- \/ Yoast SEO plugin. -->","yoast_head_json":{"title":"Racchetta antizanzara Sandokan \"ITALY\" - Sandokan","description":"Racchetta antizanzara Sandokan Italy. Elettroinsetticida con tripla maglia di plastica conduttrice di scariche elettriche, leggera, maneggevole, sicura.","robots":{"index":"index","follow":"follow","max-snippet":"max-snippet:-1","max-image-preview":"max-image-preview:large","max-video-preview":"max-video-preview:-1"},"canonical":"https:\/\/sandokan.com\/fr\/prodotto\/racchetta-elettroinsetticida-italy\/","og_locale":"fr_FR","og_type":"article","og_title":"Racchetta antizanzara Sandokan \"ITALY\" - Sandokan","og_description":"Racchetta antizanzara Sandokan Italy. Elettroinsetticida con tripla maglia di plastica conduttrice di scariche elettriche, leggera, maneggevole, sicura.","og_url":"https:\/\/sandokan.com\/fr\/prodotto\/racchetta-elettroinsetticida-italy\/","og_site_name":"Sandokan","article_publisher":"https:\/\/www.facebook.com\/zanzareeinsetti\/","article_modified_time":"2026-04-30T11:08:12+00:00","og_image":[{"width":1200,"height":1200,"url":"https:\/\/sandokan.com\/wp-content\/uploads\/2022\/04\/33629351-8007382070715-P-01.png","type":"image\/png"}],"twitter_card":"summary_large_image","twitter_site":"@sandokaninsetti","twitter_misc":{"Dur\u00e9e de lecture estim\u00e9e":"3 minutes"},"schema":{"@context":"https:\/\/schema.org","@graph":[{"@type":"WebPage","@id":"https:\/\/sandokan.com\/fr\/prodotto\/racchetta-elettroinsetticida-italy\/","url":"https:\/\/sandokan.com\/fr\/prodotto\/racchetta-elettroinsetticida-italy\/","name":"Racchetta antizanzara Sandokan \"ITALY\" - Sandokan","isPartOf":{"@id":"https:\/\/sandokan.com\/fr\/#website"},"primaryImageOfPage":{"@id":"https:\/\/sandokan.com\/fr\/prodotto\/racchetta-elettroinsetticida-italy\/#primaryimage"},"image":{"@id":"https:\/\/sandokan.com\/fr\/prodotto\/racchetta-elettroinsetticida-italy\/#primaryimage"},"thumbnailUrl":"https:\/\/sandokan.com\/wp-content\/uploads\/2022\/04\/33629351-8007382070715-P-01.png","datePublished":"2022-04-22T08:32:52+00:00","dateModified":"2026-04-30T11:08:12+00:00","description":"Racchetta antizanzara Sandokan Italy. Elettroinsetticida con tripla maglia di plastica conduttrice di scariche elettriche, leggera, maneggevole, sicura.","breadcrumb":{"@id":"https:\/\/sandokan.com\/fr\/prodotto\/racchetta-elettroinsetticida-italy\/#breadcrumb"},"inLanguage":"fr-FR","potentialAction":[{"@type":"ReadAction","target":["https:\/\/sandokan.com\/fr\/prodotto\/racchetta-elettroinsetticida-italy\/"]}]},{"@type":"ImageObject","inLanguage":"fr-FR","@id":"https:\/\/sandokan.com\/fr\/prodotto\/racchetta-elettroinsetticida-italy\/#primaryimage","url":"https:\/\/sandokan.com\/wp-content\/uploads\/2022\/04\/33629351-8007382070715-P-01.png","contentUrl":"https:\/\/sandokan.com\/wp-content\/uploads\/2022\/04\/33629351-8007382070715-P-01.png","width":1200,"height":1200,"caption":"Racchetta antizanzara Sandokan \"Italy\" elettroinsetticida a scarica"},{"@type":"BreadcrumbList","@id":"https:\/\/sandokan.com\/fr\/prodotto\/racchetta-elettroinsetticida-italy\/#breadcrumb","itemListElement":[{"@type":"ListItem","position":1,"name":"Sandokan","item":"https:\/\/sandokan.com\/fr\/"},{"@type":"ListItem","position":2,"name":"Shop","item":"https:\/\/sandokan.com\/negozio\/"},{"@type":"ListItem","position":3,"name":"Racchetta antizanzara Sandokan &#8220;ITALY&#8221;"}]},{"@type":"WebSite","@id":"https:\/\/sandokan.com\/fr\/#website","url":"https:\/\/sandokan.com\/fr\/","name":"Sandokan","description":"Repellenti e Insetticidi","publisher":{"@id":"https:\/\/sandokan.com\/fr\/#organization"},"potentialAction":[{"@type":"SearchAction","target":{"@type":"EntryPoint","urlTemplate":"https:\/\/sandokan.com\/fr\/?s={search_term_string}"},"query-input":{"@type":"PropertyValueSpecification","valueRequired":true,"valueName":"search_term_string"}}],"inLanguage":"fr-FR"},{"@type":"Organization","@id":"https:\/\/sandokan.com\/fr\/#organization","name":"Sandokan | Repellenti Naturali per Interni ed Esterni","url":"https:\/\/sandokan.com\/fr\/","logo":{"@type":"ImageObject","inLanguage":"fr-FR","@id":"https:\/\/sandokan.com\/fr\/#\/schema\/logo\/image\/","url":"https:\/\/sandokan.com\/wp-content\/uploads\/2022\/04\/Sandokan-Insetticidi-e-Repellenti-BIO-Mobile.png","contentUrl":"https:\/\/sandokan.com\/wp-content\/uploads\/2022\/04\/Sandokan-Insetticidi-e-Repellenti-BIO-Mobile.png","width":350,"height":99,"caption":"Sandokan | Repellenti Naturali per Interni ed Esterni"},"image":{"@id":"https:\/\/sandokan.com\/fr\/#\/schema\/logo\/image\/"},"sameAs":["https:\/\/www.facebook.com\/zanzareeinsetti\/","https:\/\/x.com\/sandokaninsetti","https:\/\/www.youtube.com\/channel\/UCMv6YC7WVMIF6KXkcLnuVuw"]}]}},"_links":{"self":[{"href":"https:\/\/sandokan.com\/fr\/wp-json\/wp\/v2\/product\/20845","targetHints":{"allow":["GET"]}}],"collection":[{"href":"https:\/\/sandokan.com\/fr\/wp-json\/wp\/v2\/product"}],"about":[{"href":"https:\/\/sandokan.com\/fr\/wp-json\/wp\/v2\/types\/product"}],"replies":[{"embeddable":true,"href":"https:\/\/sandokan.com\/fr\/wp-json\/wp\/v2\/comments?post=20845"}],"wp:featuredmedia":[{"embeddable":true,"href":"https:\/\/sandokan.com\/fr\/wp-json\/wp\/v2\/media\/21966"}],"wp:attachment":[{"href":"https:\/\/sandokan.com\/fr\/wp-json\/wp\/v2\/media?parent=20845"}],"wp:term":[{"taxonomy":"product_brand","embeddable":true,"href":"https:\/\/sandokan.com\/fr\/wp-json\/wp\/v2\/product_brand?post=20845"},{"taxonomy":"product_cat","embeddable":true,"href":"https:\/\/sandokan.com\/fr\/wp-json\/wp\/v2\/product_cat?post=20845"},{"taxonomy":"product_tag","embeddable":true,"href":"https:\/\/sandokan.com\/fr\/wp-json\/wp\/v2\/product_tag?post=20845"}],"curies":[{"name":"wp","href":"https:\/\/api.w.org\/{rel}","templated":true}]}}