{"id":26339,"date":"2024-12-03T12:26:13","date_gmt":"2024-12-03T11:26:13","guid":{"rendered":"https:\/\/sandokan.com\/?post_type=product&#038;p=26339"},"modified":"2026-04-30T13:07:52","modified_gmt":"2026-04-30T11:07:52","slug":"kit-cimici-ragni-casa-giardino","status":"publish","type":"product","link":"https:\/\/sandokan.com\/fr\/prodotto\/kit-cimici-ragni-casa-giardino\/","title":{"rendered":"Kit Cimici e Ragni per casa e giardino"},"content":{"rendered":"<h4><strong>Cimici e Ragni, kit per casa e giardino<\/strong><\/h4>\n<p>\u201cCimici e Ragni\u201d \u00e8 un bundle di prodotti Sandokan composto da un\u2019efficace gamma di prodotti studiati appositamente per mantenere gli ambienti domestici liberi da insetti invasivi quali, appunto, cimici e ragni. Una soluzione completa, per l\u2019eliminazione e il controllo degli insetti, utilizzabile sia in ambienti interni che in ambienti esterni.<\/p>\n<h6><strong>COSA CONTIENE IL KIT:<\/strong><\/h6>\n<ul>\n<li><strong>B Revanol anti Cimici e Ragni<\/strong>:<br \/>\nInsetticida\/Acaricida liquido micro incapsulato pronto all&rsquo;uso a largo spettro d&rsquo;azione e lunga persistenza.<span style=\"font-size: 1rem;\">\u00a0Perfetto da utilizzare sul perimetro dei davanzali<\/span><span style=\"font-size: 1rem;\"> delle finestre per eliminare gli insetti presenti. <\/span>Inoltre, B Revanol anti cimici e ragni, crea una barriera protettiva con un effetto fino a 3 settimane! Per maggiori informazioni visita la <a href=\"https:\/\/sandokan.com\/prodotto\/bio-revanol-anti-cimici-e-ragni\/\" target=\"_blank\" rel=\"noopener\">pagina dedicata.<\/a><\/li>\n<li><span class=\"fontstyle2\"><strong>Insetticida contro tutti i tipi di cimici<\/strong>:<br \/>\n<\/span>Insetticida progettato per offrire una difesa completa e duratura, con un&rsquo;azione rapida e immediata in grado di eliminare le cimici presenti nell&rsquo;ambiente. Inoltre, il suo effetto a lungo termine, crea una barriera protettiva che impedisce agli insetti di tornare per una settimana. La facilit\u00e0 d&rsquo;uso di questo insetticida lo rende perfetto per la tua casa, offrendo una protezione affidabile per te e la tua famiglia. Per maggiori informazioni visita la <a href=\"https:\/\/sandokan.com\/prodotto\/insetticida-cimici-300ml\/\" target=\"_blank\" rel=\"noopener\">pagina dedicata.<\/a><\/li>\n<li><strong>Insetticida spray per Ragni \u00ab\u00a0Tac\u00a0\u00bb Ultra<\/strong>:<br \/>\nCon l&rsquo;insetticida spray \u00ab\u00a0Tac\u00a0\u00bb Ultra di Sandokan liberarsi dei ragni indesiderati non \u00e8 mai stato cos\u00ec semplice. Questo prodotto, progettato con una formula innovativa, \u00e8 pensato per eliminare i ragni in modo rapido ed efficace, prevenendo al contempo la formazione di nuove ragnatele. Per maggiori informazioni visita la <a href=\"https:\/\/sandokan.com\/prodotto\/insetticida-spray-per-ragni-tac-ultra\/\" target=\"_blank\" rel=\"noopener\">pagina dedicata.<\/a><\/li>\n<\/ul>\n","protected":false},"excerpt":{"rendered":"<p><img loading=\"lazy\" decoding=\"async\" src=\"https:\/\/sandokan.com\/wp-content\/uploads\/2022\/04\/cimice-1.png\" alt=\"\" width=\"80\" height=\"80\" \/><img loading=\"lazy\" decoding=\"async\" src=\"https:\/\/sandokan.com\/wp-content\/uploads\/2022\/01\/ragno.png\" alt=\"\" width=\"80\" height=\"80\" \/><\/p>\n<p><strong>\u201cCimici e Ragni\u201d<\/strong> \u00e8 un <strong>kit di prodotti Sandokan<\/strong> composto da un\u2019efficace gamma di insetticidi studiati per gli ambienti interni ed esterni.<\/p>\n<p>Una soluzione completa per l\u2019eliminazione e il controllo di insetti come cimici e ragni nelle zone domestiche.<\/p>\n","protected":false},"featured_media":27160,"comment_status":"open","ping_status":"closed","template":"","meta":{"_acf_changed":false,"inline_featured_image":false},"product_brand":[],"product_cat":[731],"product_tag":[190,332,194],"class_list":{"0":"post-26339","1":"product","2":"type-product","3":"status-publish","4":"has-post-thumbnail","6":"product_cat-kit-di-difesa","7":"product_tag-cimici","8":"product_tag-kit","9":"product_tag-ragni","11":"first","12":"instock","13":"sale","14":"featured","15":"virtual","16":"taxable","17":"purchasable","18":"product-type-bundle"},"bundled_by":[],"bundle_stock_status":"instock","bundle_stock_quantity":"","bundle_virtual":false,"bundle_layout":"default","bundle_add_to_cart_form_location":"default","bundle_editable_in_cart":false,"bundle_sold_individually_context":"product","bundle_item_grouping":"parent","bundle_min_size":"","bundle_max_size":"","bundle_price":{"price":{"min":{"incl_tax":"21.9","excl_tax":"17.95082"},"max":{"incl_tax":"21.9","excl_tax":"17.95082"}},"regular_price":{"min":{"incl_tax":"25.7","excl_tax":"21.065574"},"max":{"incl_tax":"25.7","excl_tax":"21.065574"}}},"bundled_items":[{"bundled_item_id":146,"product_id":3183,"menu_order":0,"quantity_min":1,"quantity_max":1,"quantity_default":1,"priced_individually":false,"shipped_individually":false,"override_title":false,"title":"Insetticida Cimici e Pulci","override_description":false,"description":"","optional":false,"hide_thumbnail":false,"discount":"","override_variations":true,"allowed_variations":[23012],"override_default_variation_attributes":false,"default_variation_attributes":[],"single_product_visibility":"visible","cart_visibility":"visible","order_visibility":"visible","single_product_price_visibility":"visible","cart_price_visibility":"visible","order_price_visibility":"visible","stock_status":"in_stock"},{"bundled_item_id":147,"product_id":3244,"menu_order":1,"quantity_min":1,"quantity_max":1,"quantity_default":1,"priced_individually":false,"shipped_individually":false,"override_title":false,"title":"Insetticida Cimici e Ragni RTU","override_description":false,"description":"","optional":false,"hide_thumbnail":false,"discount":"","override_variations":true,"allowed_variations":[23015],"override_default_variation_attributes":false,"default_variation_attributes":[],"single_product_visibility":"visible","cart_visibility":"visible","order_visibility":"visible","single_product_price_visibility":"visible","cart_price_visibility":"visible","order_price_visibility":"visible","stock_status":"in_stock"},{"bundled_item_id":162,"product_id":26382,"menu_order":2,"quantity_min":1,"quantity_max":1,"quantity_default":1,"priced_individually":false,"shipped_individually":false,"override_title":false,"title":"Tac spray Ultra Insetticida Ragni","override_description":false,"description":"","optional":false,"hide_thumbnail":false,"discount":"","override_variations":true,"allowed_variations":[26488],"override_default_variation_attributes":true,"default_variation_attributes":[{"id":5,"name":"Formato","option":"500ml"},{"id":0,"name":"Quantit\u00e0","option":"1pz"}],"single_product_visibility":"visible","cart_visibility":"visible","order_visibility":"visible","single_product_price_visibility":"visible","cart_price_visibility":"visible","order_price_visibility":"visible","stock_status":"in_stock"}],"bundle_sell_ids":[],"acf":[],"yoast_head":"<!-- This site is optimized with the Yoast SEO plugin v27.5 - https:\/\/yoast.com\/product\/yoast-seo-wordpress\/ -->\n<title>Cimici e ragni, il kit per casa e giardino - Sandokan<\/title>\n<meta name=\"description\" content=\"&quot;Cimici e Ragni&quot; per casa e giardino \u00e8 un kit composto da un\u2019efficace gamma di prodotti studiati appositamente per liberarsi da questi insetti\" \/>\n<meta name=\"robots\" content=\"index, follow, max-snippet:-1, max-image-preview:large, max-video-preview:-1\" \/>\n<link rel=\"canonical\" href=\"https:\/\/sandokan.com\/fr\/prodotto\/kit-cimici-ragni-casa-giardino\/\" \/>\n<meta property=\"og:locale\" content=\"fr_FR\" \/>\n<meta property=\"og:type\" content=\"article\" \/>\n<meta property=\"og:title\" content=\"Cimici e ragni, il kit per casa e giardino - Sandokan\" \/>\n<meta property=\"og:description\" content=\"&quot;Cimici e Ragni&quot; per casa e giardino \u00e8 un kit composto da un\u2019efficace gamma di prodotti studiati appositamente per liberarsi da questi insetti\" \/>\n<meta property=\"og:url\" content=\"https:\/\/sandokan.com\/fr\/prodotto\/kit-cimici-ragni-casa-giardino\/\" \/>\n<meta property=\"og:site_name\" content=\"Sandokan\" \/>\n<meta property=\"article:publisher\" content=\"https:\/\/www.facebook.com\/zanzareeinsetti\/\" \/>\n<meta property=\"article:modified_time\" content=\"2026-04-30T11:07:52+00:00\" \/>\n<meta property=\"og:image\" content=\"https:\/\/sandokan.com\/wp-content\/uploads\/2024\/12\/7613-kit.jpg\" \/>\n\t<meta property=\"og:image:width\" content=\"1200\" \/>\n\t<meta property=\"og:image:height\" content=\"1200\" \/>\n\t<meta property=\"og:image:type\" content=\"image\/jpeg\" \/>\n<meta name=\"twitter:card\" content=\"summary_large_image\" \/>\n<meta name=\"twitter:site\" content=\"@sandokaninsetti\" \/>\n<meta name=\"twitter:label1\" content=\"Dur\u00e9e de lecture estim\u00e9e\" \/>\n\t<meta name=\"twitter:data1\" content=\"2 minutes\" \/>\n<script type=\"application\/ld+json\" class=\"yoast-schema-graph\">{\"@context\":\"https:\\\/\\\/schema.org\",\"@graph\":[{\"@type\":\"WebPage\",\"@id\":\"https:\\\/\\\/sandokan.com\\\/fr\\\/prodotto\\\/kit-cimici-ragni-casa-giardino\\\/\",\"url\":\"https:\\\/\\\/sandokan.com\\\/fr\\\/prodotto\\\/kit-cimici-ragni-casa-giardino\\\/\",\"name\":\"Cimici e ragni, il kit per casa e giardino - Sandokan\",\"isPartOf\":{\"@id\":\"https:\\\/\\\/sandokan.com\\\/fr\\\/#website\"},\"primaryImageOfPage\":{\"@id\":\"https:\\\/\\\/sandokan.com\\\/fr\\\/prodotto\\\/kit-cimici-ragni-casa-giardino\\\/#primaryimage\"},\"image\":{\"@id\":\"https:\\\/\\\/sandokan.com\\\/fr\\\/prodotto\\\/kit-cimici-ragni-casa-giardino\\\/#primaryimage\"},\"thumbnailUrl\":\"https:\\\/\\\/sandokan.com\\\/wp-content\\\/uploads\\\/2024\\\/12\\\/7613-kit.jpg\",\"datePublished\":\"2024-12-03T11:26:13+00:00\",\"dateModified\":\"2026-04-30T11:07:52+00:00\",\"description\":\"\\\"Cimici e Ragni\\\" per casa e giardino \u00e8 un kit composto da un\u2019efficace gamma di prodotti studiati appositamente per liberarsi da questi insetti\",\"breadcrumb\":{\"@id\":\"https:\\\/\\\/sandokan.com\\\/fr\\\/prodotto\\\/kit-cimici-ragni-casa-giardino\\\/#breadcrumb\"},\"inLanguage\":\"fr-FR\",\"potentialAction\":[{\"@type\":\"ReadAction\",\"target\":[\"https:\\\/\\\/sandokan.com\\\/fr\\\/prodotto\\\/kit-cimici-ragni-casa-giardino\\\/\"]}]},{\"@type\":\"ImageObject\",\"inLanguage\":\"fr-FR\",\"@id\":\"https:\\\/\\\/sandokan.com\\\/fr\\\/prodotto\\\/kit-cimici-ragni-casa-giardino\\\/#primaryimage\",\"url\":\"https:\\\/\\\/sandokan.com\\\/wp-content\\\/uploads\\\/2024\\\/12\\\/7613-kit.jpg\",\"contentUrl\":\"https:\\\/\\\/sandokan.com\\\/wp-content\\\/uploads\\\/2024\\\/12\\\/7613-kit.jpg\",\"width\":1200,\"height\":1200},{\"@type\":\"BreadcrumbList\",\"@id\":\"https:\\\/\\\/sandokan.com\\\/fr\\\/prodotto\\\/kit-cimici-ragni-casa-giardino\\\/#breadcrumb\",\"itemListElement\":[{\"@type\":\"ListItem\",\"position\":1,\"name\":\"Sandokan\",\"item\":\"https:\\\/\\\/sandokan.com\\\/fr\\\/\"},{\"@type\":\"ListItem\",\"position\":2,\"name\":\"Shop\",\"item\":\"https:\\\/\\\/sandokan.com\\\/negozio\\\/\"},{\"@type\":\"ListItem\",\"position\":3,\"name\":\"Kit Cimici e Ragni per casa e giardino\"}]},{\"@type\":\"WebSite\",\"@id\":\"https:\\\/\\\/sandokan.com\\\/fr\\\/#website\",\"url\":\"https:\\\/\\\/sandokan.com\\\/fr\\\/\",\"name\":\"Sandokan\",\"description\":\"Repellenti e Insetticidi\",\"publisher\":{\"@id\":\"https:\\\/\\\/sandokan.com\\\/fr\\\/#organization\"},\"potentialAction\":[{\"@type\":\"SearchAction\",\"target\":{\"@type\":\"EntryPoint\",\"urlTemplate\":\"https:\\\/\\\/sandokan.com\\\/fr\\\/?s={search_term_string}\"},\"query-input\":{\"@type\":\"PropertyValueSpecification\",\"valueRequired\":true,\"valueName\":\"search_term_string\"}}],\"inLanguage\":\"fr-FR\"},{\"@type\":\"Organization\",\"@id\":\"https:\\\/\\\/sandokan.com\\\/fr\\\/#organization\",\"name\":\"Sandokan | Repellenti Naturali per Interni ed Esterni\",\"url\":\"https:\\\/\\\/sandokan.com\\\/fr\\\/\",\"logo\":{\"@type\":\"ImageObject\",\"inLanguage\":\"fr-FR\",\"@id\":\"https:\\\/\\\/sandokan.com\\\/fr\\\/#\\\/schema\\\/logo\\\/image\\\/\",\"url\":\"https:\\\/\\\/sandokan.com\\\/wp-content\\\/uploads\\\/2022\\\/04\\\/Sandokan-Insetticidi-e-Repellenti-BIO-Mobile.png\",\"contentUrl\":\"https:\\\/\\\/sandokan.com\\\/wp-content\\\/uploads\\\/2022\\\/04\\\/Sandokan-Insetticidi-e-Repellenti-BIO-Mobile.png\",\"width\":350,\"height\":99,\"caption\":\"Sandokan | Repellenti Naturali per Interni ed Esterni\"},\"image\":{\"@id\":\"https:\\\/\\\/sandokan.com\\\/fr\\\/#\\\/schema\\\/logo\\\/image\\\/\"},\"sameAs\":[\"https:\\\/\\\/www.facebook.com\\\/zanzareeinsetti\\\/\",\"https:\\\/\\\/x.com\\\/sandokaninsetti\",\"https:\\\/\\\/www.youtube.com\\\/channel\\\/UCMv6YC7WVMIF6KXkcLnuVuw\"]}]}<\/script>\n<!-- \/ Yoast SEO plugin. -->","yoast_head_json":{"title":"Cimici e ragni, il kit per casa e giardino - Sandokan","description":"\"Cimici e Ragni\" per casa e giardino \u00e8 un kit composto da un\u2019efficace gamma di prodotti studiati appositamente per liberarsi da questi insetti","robots":{"index":"index","follow":"follow","max-snippet":"max-snippet:-1","max-image-preview":"max-image-preview:large","max-video-preview":"max-video-preview:-1"},"canonical":"https:\/\/sandokan.com\/fr\/prodotto\/kit-cimici-ragni-casa-giardino\/","og_locale":"fr_FR","og_type":"article","og_title":"Cimici e ragni, il kit per casa e giardino - Sandokan","og_description":"\"Cimici e Ragni\" per casa e giardino \u00e8 un kit composto da un\u2019efficace gamma di prodotti studiati appositamente per liberarsi da questi insetti","og_url":"https:\/\/sandokan.com\/fr\/prodotto\/kit-cimici-ragni-casa-giardino\/","og_site_name":"Sandokan","article_publisher":"https:\/\/www.facebook.com\/zanzareeinsetti\/","article_modified_time":"2026-04-30T11:07:52+00:00","og_image":[{"width":1200,"height":1200,"url":"https:\/\/sandokan.com\/wp-content\/uploads\/2024\/12\/7613-kit.jpg","type":"image\/jpeg"}],"twitter_card":"summary_large_image","twitter_site":"@sandokaninsetti","twitter_misc":{"Dur\u00e9e de lecture estim\u00e9e":"2 minutes"},"schema":{"@context":"https:\/\/schema.org","@graph":[{"@type":"WebPage","@id":"https:\/\/sandokan.com\/fr\/prodotto\/kit-cimici-ragni-casa-giardino\/","url":"https:\/\/sandokan.com\/fr\/prodotto\/kit-cimici-ragni-casa-giardino\/","name":"Cimici e ragni, il kit per casa e giardino - Sandokan","isPartOf":{"@id":"https:\/\/sandokan.com\/fr\/#website"},"primaryImageOfPage":{"@id":"https:\/\/sandokan.com\/fr\/prodotto\/kit-cimici-ragni-casa-giardino\/#primaryimage"},"image":{"@id":"https:\/\/sandokan.com\/fr\/prodotto\/kit-cimici-ragni-casa-giardino\/#primaryimage"},"thumbnailUrl":"https:\/\/sandokan.com\/wp-content\/uploads\/2024\/12\/7613-kit.jpg","datePublished":"2024-12-03T11:26:13+00:00","dateModified":"2026-04-30T11:07:52+00:00","description":"\"Cimici e Ragni\" per casa e giardino \u00e8 un kit composto da un\u2019efficace gamma di prodotti studiati appositamente per liberarsi da questi insetti","breadcrumb":{"@id":"https:\/\/sandokan.com\/fr\/prodotto\/kit-cimici-ragni-casa-giardino\/#breadcrumb"},"inLanguage":"fr-FR","potentialAction":[{"@type":"ReadAction","target":["https:\/\/sandokan.com\/fr\/prodotto\/kit-cimici-ragni-casa-giardino\/"]}]},{"@type":"ImageObject","inLanguage":"fr-FR","@id":"https:\/\/sandokan.com\/fr\/prodotto\/kit-cimici-ragni-casa-giardino\/#primaryimage","url":"https:\/\/sandokan.com\/wp-content\/uploads\/2024\/12\/7613-kit.jpg","contentUrl":"https:\/\/sandokan.com\/wp-content\/uploads\/2024\/12\/7613-kit.jpg","width":1200,"height":1200},{"@type":"BreadcrumbList","@id":"https:\/\/sandokan.com\/fr\/prodotto\/kit-cimici-ragni-casa-giardino\/#breadcrumb","itemListElement":[{"@type":"ListItem","position":1,"name":"Sandokan","item":"https:\/\/sandokan.com\/fr\/"},{"@type":"ListItem","position":2,"name":"Shop","item":"https:\/\/sandokan.com\/negozio\/"},{"@type":"ListItem","position":3,"name":"Kit Cimici e Ragni per casa e giardino"}]},{"@type":"WebSite","@id":"https:\/\/sandokan.com\/fr\/#website","url":"https:\/\/sandokan.com\/fr\/","name":"Sandokan","description":"Repellenti e Insetticidi","publisher":{"@id":"https:\/\/sandokan.com\/fr\/#organization"},"potentialAction":[{"@type":"SearchAction","target":{"@type":"EntryPoint","urlTemplate":"https:\/\/sandokan.com\/fr\/?s={search_term_string}"},"query-input":{"@type":"PropertyValueSpecification","valueRequired":true,"valueName":"search_term_string"}}],"inLanguage":"fr-FR"},{"@type":"Organization","@id":"https:\/\/sandokan.com\/fr\/#organization","name":"Sandokan | Repellenti Naturali per Interni ed Esterni","url":"https:\/\/sandokan.com\/fr\/","logo":{"@type":"ImageObject","inLanguage":"fr-FR","@id":"https:\/\/sandokan.com\/fr\/#\/schema\/logo\/image\/","url":"https:\/\/sandokan.com\/wp-content\/uploads\/2022\/04\/Sandokan-Insetticidi-e-Repellenti-BIO-Mobile.png","contentUrl":"https:\/\/sandokan.com\/wp-content\/uploads\/2022\/04\/Sandokan-Insetticidi-e-Repellenti-BIO-Mobile.png","width":350,"height":99,"caption":"Sandokan | Repellenti Naturali per Interni ed Esterni"},"image":{"@id":"https:\/\/sandokan.com\/fr\/#\/schema\/logo\/image\/"},"sameAs":["https:\/\/www.facebook.com\/zanzareeinsetti\/","https:\/\/x.com\/sandokaninsetti","https:\/\/www.youtube.com\/channel\/UCMv6YC7WVMIF6KXkcLnuVuw"]}]}},"_links":{"self":[{"href":"https:\/\/sandokan.com\/fr\/wp-json\/wp\/v2\/product\/26339","targetHints":{"allow":["GET"]}}],"collection":[{"href":"https:\/\/sandokan.com\/fr\/wp-json\/wp\/v2\/product"}],"about":[{"href":"https:\/\/sandokan.com\/fr\/wp-json\/wp\/v2\/types\/product"}],"replies":[{"embeddable":true,"href":"https:\/\/sandokan.com\/fr\/wp-json\/wp\/v2\/comments?post=26339"}],"wp:featuredmedia":[{"embeddable":true,"href":"https:\/\/sandokan.com\/fr\/wp-json\/wp\/v2\/media\/27160"}],"wp:attachment":[{"href":"https:\/\/sandokan.com\/fr\/wp-json\/wp\/v2\/media?parent=26339"}],"wp:term":[{"taxonomy":"product_brand","embeddable":true,"href":"https:\/\/sandokan.com\/fr\/wp-json\/wp\/v2\/product_brand?post=26339"},{"taxonomy":"product_cat","embeddable":true,"href":"https:\/\/sandokan.com\/fr\/wp-json\/wp\/v2\/product_cat?post=26339"},{"taxonomy":"product_tag","embeddable":true,"href":"https:\/\/sandokan.com\/fr\/wp-json\/wp\/v2\/product_tag?post=26339"}],"curies":[{"name":"wp","href":"https:\/\/api.w.org\/{rel}","templated":true}]}}