{"id":26665,"date":"2025-02-18T11:46:59","date_gmt":"2025-02-18T10:46:59","guid":{"rendered":"https:\/\/sandokan.com\/?post_type=product&#038;p=26665"},"modified":"2026-04-30T13:08:31","modified_gmt":"2026-04-30T11:08:31","slug":"cubzan-elettroinsetticida-led-a-scarica-alluvione","status":"publish","type":"product","link":"https:\/\/sandokan.com\/fr\/prodotto\/cubzan-elettroinsetticida-led-a-scarica-alluvione\/","title":{"rendered":"\u00ab\u00a0CubZan\u00a0\u00bb Elettroinsetticida LED a scarica &#8211; ALLUVIONE"},"content":{"rendered":"<h5><strong>PRODOTTO ALLUVIONATO<\/strong><\/h5>\n<h6><span class=\"fontstyle1\">Questo Elettroinsetticida Led a scarica \u00ab\u00a0CubZan\u00a0\u00bb <strong>ha le stesse funzionalit\u00e0 del prodotto nuovo<\/strong>. Fa parte del <em>\u00ab\u00a0<strong>Progetto Venere\u00a0\u00bb<\/strong><\/em>, cio\u00e8 <em>\u00e8 stato <strong>recuperato<\/strong> dopo la terribile alluvione da cui siamo stati colpiti<\/em>. <\/span><span style=\"letter-spacing: 0em;\">Le <\/span><strong style=\"letter-spacing: 0em;\">immagini, assolutamente indicative<\/strong><span style=\"letter-spacing: 0em;\">, danno un&rsquo;idea delle <\/span><strong style=\"letter-spacing: 0em;\">condizioni finali del prodotto che arriver\u00e0 al cliente. <\/strong>Questo prodotto \u00e8 completo di scatola, alimentatore, cavo USB e istruzioni.<\/h6>\n<h4>\u00ab\u00a0CUBZAN\u00a0\u00bb Elettroinsetticida LED con scarica<\/h4>\n<p>All\u2019interno di \u201cCUBZAN\u201d Elettroinsetticida \u00e8 presente un generatore di calore integrato per attivare i termo-recettori degli insetti ematofagi (cio\u00e8 che si nutrono del sangue di altri animali, come le zanzare) e una banda cromatica LED ad alta luminosit\u00e0 e a basso consumo energetico, specifica per catturare zanzare ed altri insetti pericolosi che vengono, poi, eliminati da una scarica calibrata per non rilasciare fumo o fiamme.<\/p>\n<p>E\u2019 costituito da<strong> componenti in plastica interamente riciclabili <\/strong>tra cui una griglia trasparente a elettrificazione integrata in policarbonato (materiale autoestinguente e infrangibile), che limita l\u2019accesso ai soli insetti bersaglio, evitando la cattura di insetti utili come le farfalle, e una griglia elettrificata composta da<strong> plastica elettroconduttiva<\/strong>, che sostituisce le obsolete griglie metalliche poco sostenibili, difficilmente riciclabili e pi\u00f9 pesanti.<\/p>\n<p>Il dispositivo si identifica per la conformit\u00e0 alle normative<strong> RoHS e CE<\/strong>, garantendo il rispetto di rigorosi standard ambientali ed europei. Grazie alle nostre innovative soluzioni, ci sono stati concessi brevetti in tutto il mondo, confermando l\u2019originalit\u00e0 e l\u2019impegno nella ricerca e nello sviluppo tecnologico.<\/p>\n<p>Un elemento che contraddistingue \u00ab\u00a0CUBZAN\u201d elettroinsetticida led con scarica \u00e8 l\u2019elevata <strong>sicurezza.<\/strong> Questo perch\u00e9 dispone di un <strong>doppio isolamento galvanico<\/strong>, ovvero un sistema di sicurezza per proteggere gli utenti da eventuali perdite di corrente o scosse elettriche accidentali, salvaguardando l\u2019utente.<\/p>\n<p>Il \u201cCUBZAN\u201d Sandokan<strong> \u00e8 dotato di cavo di alimentazione USB<\/strong> che consente di utilizzarlo attraverso varie fonti di alimentazione, quali Power Bank e adattatori USB per auto e campeggio, garantendo una soluzione efficace per <strong>allontanare gli insetti anche in situazioni di mobilit\u00e0<\/strong>, ad esempio durante un viaggio in auto o un\u2019escursione all\u2019aperto. Pertanto, si adatta a molteplici circostanze, fornendo una protezione affidabile contro gli insetti fastidiosi.<\/p>\n<p>In aggiunta, il dispositivo include un vano dedicato per l\u2019inserimento del dispositivo di monitoraggio, appositamente progettato per aumentare l\u2019efficacia nella cattura di zanzare, imitando gli aromi emessi dai mammiferi. Questa soluzione \u00e8 sicura ed ecologica, in quanto <strong>non fa uso di sostanze chimiche dannose<\/strong>.<\/p>\n<p><em>Posizionamento:<\/em> Collocare l\u2019elettroinsetticida in un luogo dove le zanzare sono solite essere presenti, preferibilmente in un\u2019area buia e senza correnti d\u2019aria. Evita di posizionarlo vicino a te o alle aree in cui passi molto tempo, altrimenti potresti attirare le zanzare nella tua zona.<\/p>\n<p><em>Consiglio:<\/em> Ricorda che gli elettroinsetticidi a scarica possono essere utili nel catturare le zanzare e altri insetti ma \u00e8 importante <strong>adottare anche altre misure preventive<\/strong> per ridurre la presenza di zanzare, come l\u2019utilizzo dei <strong>larvicidi<\/strong> per interrompere il ciclo di vita delle zanzare e ridurre la loro popolazione. Combinare l\u2019uso degli elettroinsetticidi a scarica con larvicidi pu\u00f2 essere un approccio efficace per ridurre la presenza di zanzare adulte e prevenire la loro proliferazione.<\/p>\n<h6><b>PUNTI DI FORZA:<\/b><\/h6>\n<ul>\n<li>Basso consumo, 5V &#8211; 2W<\/li>\n<li>Consigliato per superfici fino a 60 mq<\/li>\n<li>Doppio isolamento galvanico<\/li>\n<li>Senza insetticida, massima sicurezza<\/li>\n<\/ul>\n<p><b>PLUS PRODOTTO<\/b><\/p>\n<ul>\n<li>Consumo ridotto dell&rsquo;80% rispetto al precedente modello<\/li>\n<li>Ideale per ambienti interni<\/li>\n<li>Indicato per un uso 24\/24h<\/li>\n<li>Alimentatore e cavo USB inclusi<\/li>\n<li>Compatibile con dispositivo di monitoraggio<\/li>\n<li>Il design si integra perfettamente con gli ambienti interni<\/li>\n<\/ul>\n<h6><strong>ANIMALI BERSAGLIO:<\/strong><\/h6>\n<p>Zanzare, Mosche<\/p>\n<h6><strong>MADE IN ITALY <\/strong><strong><img loading=\"lazy\" decoding=\"async\" class=\"alignnone\" src=\"https:\/\/images.emojiterra.com\/google\/noto-emoji\/unicode-16.0\/color\/svg\/1f1ee-1f1f9.svg\" alt=\"Google (Noto Color Emoji 16.0)\" width=\"26\" height=\"26\" \/><\/strong><\/h6>\n","protected":false},"excerpt":{"rendered":"<p><img loading=\"lazy\" decoding=\"async\" class=\"alignnone wp-image-21699\" src=\"https:\/\/sandokan.com\/wp-content\/uploads\/2021\/01\/zanzara.png\" alt=\"\" width=\"80\" height=\"80\" srcset=\"https:\/\/sandokan.com\/wp-content\/uploads\/2021\/01\/zanzara.png 200w, https:\/\/sandokan.com\/wp-content\/uploads\/2021\/01\/zanzara-100x100.png 100w, https:\/\/sandokan.com\/wp-content\/uploads\/2021\/01\/zanzara-150x150.png 150w, https:\/\/sandokan.com\/wp-content\/uploads\/2021\/01\/zanzara-145x145.png 145w, https:\/\/sandokan.com\/wp-content\/uploads\/2021\/01\/zanzara-50x50.png 50w\" sizes=\"auto, (max-width: 80px) 100vw, 80px\" \/><img loading=\"lazy\" decoding=\"async\" class=\"alignnone wp-image-21626\" src=\"https:\/\/sandokan.com\/wp-content\/uploads\/2022\/09\/mosca.png\" alt=\"\" width=\"80\" height=\"80\" srcset=\"https:\/\/sandokan.com\/wp-content\/uploads\/2022\/09\/mosca.png 200w, https:\/\/sandokan.com\/wp-content\/uploads\/2022\/09\/mosca-100x100.png 100w, https:\/\/sandokan.com\/wp-content\/uploads\/2022\/09\/mosca-150x150.png 150w, https:\/\/sandokan.com\/wp-content\/uploads\/2022\/09\/mosca-145x145.png 145w, https:\/\/sandokan.com\/wp-content\/uploads\/2022\/09\/mosca-50x50.png 50w\" sizes=\"auto, (max-width: 80px) 100vw, 80px\" \/><\/p>\n","protected":false},"featured_media":26849,"comment_status":"open","ping_status":"closed","template":"","meta":{"_acf_changed":false,"inline_featured_image":false},"product_brand":[],"product_cat":[182],"product_tag":[650],"class_list":{"0":"post-26665","1":"product","2":"type-product","3":"status-publish","4":"has-post-thumbnail","6":"product_cat-elettrici","7":"product_tag-alluvione","9":"first","10":"instock","11":"sale","12":"taxable","13":"shipping-taxable","14":"purchasable","15":"product-type-simple"},"bundled_by":[],"bundle_stock_status":"instock","bundle_stock_quantity":217,"bundle_virtual":false,"bundle_layout":"","bundle_add_to_cart_form_location":"","bundle_editable_in_cart":false,"bundle_sold_individually_context":"","bundle_item_grouping":"","bundle_min_size":"","bundle_max_size":"","bundle_price":[],"bundled_items":[],"bundle_sell_ids":[],"acf":[],"yoast_head":"<!-- This site is optimized with the Yoast SEO plugin v27.5 - https:\/\/yoast.com\/product\/yoast-seo-wordpress\/ -->\n<title>&quot;CubZan&quot; Elettroinsetticida LED a scarica - ALLUVIONE - Sandokan<\/title>\n<meta name=\"description\" content=\"Il &quot;CUBZAN&quot; Elettroinsetticida LED con scarica \u00e8 dotato di cavo di alimentazione USB che consente di utilizzarlo in mobilit\u00e0\" \/>\n<meta name=\"robots\" content=\"index, follow, max-snippet:-1, max-image-preview:large, max-video-preview:-1\" \/>\n<link rel=\"canonical\" href=\"https:\/\/sandokan.com\/fr\/prodotto\/cubzan-elettroinsetticida-led-a-scarica-alluvione\/\" \/>\n<meta property=\"og:locale\" content=\"fr_FR\" \/>\n<meta property=\"og:type\" content=\"article\" \/>\n<meta property=\"og:title\" content=\"&quot;CubZan&quot; Elettroinsetticida LED a scarica - ALLUVIONE - Sandokan\" \/>\n<meta property=\"og:description\" content=\"Il &quot;CUBZAN&quot; Elettroinsetticida LED con scarica \u00e8 dotato di cavo di alimentazione USB che consente di utilizzarlo in mobilit\u00e0\" \/>\n<meta property=\"og:url\" content=\"https:\/\/sandokan.com\/fr\/prodotto\/cubzan-elettroinsetticida-led-a-scarica-alluvione\/\" \/>\n<meta property=\"og:site_name\" content=\"Sandokan\" \/>\n<meta property=\"article:publisher\" content=\"https:\/\/www.facebook.com\/zanzareeinsetti\/\" \/>\n<meta property=\"article:modified_time\" content=\"2026-04-30T11:08:31+00:00\" \/>\n<meta property=\"og:image\" content=\"https:\/\/sandokan.com\/wp-content\/uploads\/2025\/02\/IMG_9401.jpg\" \/>\n\t<meta property=\"og:image:width\" content=\"1536\" \/>\n\t<meta property=\"og:image:height\" content=\"2048\" \/>\n\t<meta property=\"og:image:type\" content=\"image\/jpeg\" \/>\n<meta name=\"twitter:card\" content=\"summary_large_image\" \/>\n<meta name=\"twitter:site\" content=\"@sandokaninsetti\" \/>\n<meta name=\"twitter:label1\" content=\"Dur\u00e9e de lecture estim\u00e9e\" \/>\n\t<meta name=\"twitter:data1\" content=\"4 minutes\" \/>\n<script type=\"application\/ld+json\" class=\"yoast-schema-graph\">{\"@context\":\"https:\\\/\\\/schema.org\",\"@graph\":[{\"@type\":\"WebPage\",\"@id\":\"https:\\\/\\\/sandokan.com\\\/fr\\\/prodotto\\\/cubzan-elettroinsetticida-led-a-scarica-alluvione\\\/\",\"url\":\"https:\\\/\\\/sandokan.com\\\/fr\\\/prodotto\\\/cubzan-elettroinsetticida-led-a-scarica-alluvione\\\/\",\"name\":\"\\\"CubZan\\\" Elettroinsetticida LED a scarica - ALLUVIONE - Sandokan\",\"isPartOf\":{\"@id\":\"https:\\\/\\\/sandokan.com\\\/fr\\\/#website\"},\"primaryImageOfPage\":{\"@id\":\"https:\\\/\\\/sandokan.com\\\/fr\\\/prodotto\\\/cubzan-elettroinsetticida-led-a-scarica-alluvione\\\/#primaryimage\"},\"image\":{\"@id\":\"https:\\\/\\\/sandokan.com\\\/fr\\\/prodotto\\\/cubzan-elettroinsetticida-led-a-scarica-alluvione\\\/#primaryimage\"},\"thumbnailUrl\":\"https:\\\/\\\/sandokan.com\\\/wp-content\\\/uploads\\\/2025\\\/02\\\/IMG_9401.jpg\",\"datePublished\":\"2025-02-18T10:46:59+00:00\",\"dateModified\":\"2026-04-30T11:08:31+00:00\",\"description\":\"Il \\\"CUBZAN\\\" Elettroinsetticida LED con scarica \u00e8 dotato di cavo di alimentazione USB che consente di utilizzarlo in mobilit\u00e0\",\"breadcrumb\":{\"@id\":\"https:\\\/\\\/sandokan.com\\\/fr\\\/prodotto\\\/cubzan-elettroinsetticida-led-a-scarica-alluvione\\\/#breadcrumb\"},\"inLanguage\":\"fr-FR\",\"potentialAction\":[{\"@type\":\"ReadAction\",\"target\":[\"https:\\\/\\\/sandokan.com\\\/fr\\\/prodotto\\\/cubzan-elettroinsetticida-led-a-scarica-alluvione\\\/\"]}]},{\"@type\":\"ImageObject\",\"inLanguage\":\"fr-FR\",\"@id\":\"https:\\\/\\\/sandokan.com\\\/fr\\\/prodotto\\\/cubzan-elettroinsetticida-led-a-scarica-alluvione\\\/#primaryimage\",\"url\":\"https:\\\/\\\/sandokan.com\\\/wp-content\\\/uploads\\\/2025\\\/02\\\/IMG_9401.jpg\",\"contentUrl\":\"https:\\\/\\\/sandokan.com\\\/wp-content\\\/uploads\\\/2025\\\/02\\\/IMG_9401.jpg\",\"width\":1536,\"height\":2048,\"caption\":\"CUBZAN_alluvione\"},{\"@type\":\"BreadcrumbList\",\"@id\":\"https:\\\/\\\/sandokan.com\\\/fr\\\/prodotto\\\/cubzan-elettroinsetticida-led-a-scarica-alluvione\\\/#breadcrumb\",\"itemListElement\":[{\"@type\":\"ListItem\",\"position\":1,\"name\":\"Sandokan\",\"item\":\"https:\\\/\\\/sandokan.com\\\/fr\\\/accueil\\\/\"},{\"@type\":\"ListItem\",\"position\":2,\"name\":\"Boutique\",\"item\":\"https:\\\/\\\/sandokan.com\\\/fr\\\/boutique\\\/\"},{\"@type\":\"ListItem\",\"position\":3,\"name\":\"&#8220;CubZan&#8221; Elettroinsetticida LED a scarica &#8211; ALLUVIONE\"}]},{\"@type\":\"WebSite\",\"@id\":\"https:\\\/\\\/sandokan.com\\\/fr\\\/#website\",\"url\":\"https:\\\/\\\/sandokan.com\\\/fr\\\/\",\"name\":\"Sandokan\",\"description\":\"Repellenti e Insetticidi\",\"publisher\":{\"@id\":\"https:\\\/\\\/sandokan.com\\\/fr\\\/#organization\"},\"potentialAction\":[{\"@type\":\"SearchAction\",\"target\":{\"@type\":\"EntryPoint\",\"urlTemplate\":\"https:\\\/\\\/sandokan.com\\\/fr\\\/?s={search_term_string}\"},\"query-input\":{\"@type\":\"PropertyValueSpecification\",\"valueRequired\":true,\"valueName\":\"search_term_string\"}}],\"inLanguage\":\"fr-FR\"},{\"@type\":\"Organization\",\"@id\":\"https:\\\/\\\/sandokan.com\\\/fr\\\/#organization\",\"name\":\"Sandokan | Repellenti Naturali per Interni ed Esterni\",\"url\":\"https:\\\/\\\/sandokan.com\\\/fr\\\/\",\"logo\":{\"@type\":\"ImageObject\",\"inLanguage\":\"fr-FR\",\"@id\":\"https:\\\/\\\/sandokan.com\\\/fr\\\/#\\\/schema\\\/logo\\\/image\\\/\",\"url\":\"https:\\\/\\\/sandokan.com\\\/wp-content\\\/uploads\\\/2022\\\/04\\\/Sandokan-Insetticidi-e-Repellenti-BIO-Mobile.png\",\"contentUrl\":\"https:\\\/\\\/sandokan.com\\\/wp-content\\\/uploads\\\/2022\\\/04\\\/Sandokan-Insetticidi-e-Repellenti-BIO-Mobile.png\",\"width\":350,\"height\":99,\"caption\":\"Sandokan | Repellenti Naturali per Interni ed Esterni\"},\"image\":{\"@id\":\"https:\\\/\\\/sandokan.com\\\/fr\\\/#\\\/schema\\\/logo\\\/image\\\/\"},\"sameAs\":[\"https:\\\/\\\/www.facebook.com\\\/zanzareeinsetti\\\/\",\"https:\\\/\\\/x.com\\\/sandokaninsetti\",\"https:\\\/\\\/www.youtube.com\\\/channel\\\/UCMv6YC7WVMIF6KXkcLnuVuw\"]}]}<\/script>\n<!-- \/ Yoast SEO plugin. -->","yoast_head_json":{"title":"\"CubZan\" Elettroinsetticida LED a scarica - ALLUVIONE - Sandokan","description":"Il \"CUBZAN\" Elettroinsetticida LED con scarica \u00e8 dotato di cavo di alimentazione USB che consente di utilizzarlo in mobilit\u00e0","robots":{"index":"index","follow":"follow","max-snippet":"max-snippet:-1","max-image-preview":"max-image-preview:large","max-video-preview":"max-video-preview:-1"},"canonical":"https:\/\/sandokan.com\/fr\/prodotto\/cubzan-elettroinsetticida-led-a-scarica-alluvione\/","og_locale":"fr_FR","og_type":"article","og_title":"\"CubZan\" Elettroinsetticida LED a scarica - ALLUVIONE - Sandokan","og_description":"Il \"CUBZAN\" Elettroinsetticida LED con scarica \u00e8 dotato di cavo di alimentazione USB che consente di utilizzarlo in mobilit\u00e0","og_url":"https:\/\/sandokan.com\/fr\/prodotto\/cubzan-elettroinsetticida-led-a-scarica-alluvione\/","og_site_name":"Sandokan","article_publisher":"https:\/\/www.facebook.com\/zanzareeinsetti\/","article_modified_time":"2026-04-30T11:08:31+00:00","og_image":[{"width":1536,"height":2048,"url":"https:\/\/sandokan.com\/wp-content\/uploads\/2025\/02\/IMG_9401.jpg","type":"image\/jpeg"}],"twitter_card":"summary_large_image","twitter_site":"@sandokaninsetti","twitter_misc":{"Dur\u00e9e de lecture estim\u00e9e":"4 minutes"},"schema":{"@context":"https:\/\/schema.org","@graph":[{"@type":"WebPage","@id":"https:\/\/sandokan.com\/fr\/prodotto\/cubzan-elettroinsetticida-led-a-scarica-alluvione\/","url":"https:\/\/sandokan.com\/fr\/prodotto\/cubzan-elettroinsetticida-led-a-scarica-alluvione\/","name":"\"CubZan\" Elettroinsetticida LED a scarica - ALLUVIONE - Sandokan","isPartOf":{"@id":"https:\/\/sandokan.com\/fr\/#website"},"primaryImageOfPage":{"@id":"https:\/\/sandokan.com\/fr\/prodotto\/cubzan-elettroinsetticida-led-a-scarica-alluvione\/#primaryimage"},"image":{"@id":"https:\/\/sandokan.com\/fr\/prodotto\/cubzan-elettroinsetticida-led-a-scarica-alluvione\/#primaryimage"},"thumbnailUrl":"https:\/\/sandokan.com\/wp-content\/uploads\/2025\/02\/IMG_9401.jpg","datePublished":"2025-02-18T10:46:59+00:00","dateModified":"2026-04-30T11:08:31+00:00","description":"Il \"CUBZAN\" Elettroinsetticida LED con scarica \u00e8 dotato di cavo di alimentazione USB che consente di utilizzarlo in mobilit\u00e0","breadcrumb":{"@id":"https:\/\/sandokan.com\/fr\/prodotto\/cubzan-elettroinsetticida-led-a-scarica-alluvione\/#breadcrumb"},"inLanguage":"fr-FR","potentialAction":[{"@type":"ReadAction","target":["https:\/\/sandokan.com\/fr\/prodotto\/cubzan-elettroinsetticida-led-a-scarica-alluvione\/"]}]},{"@type":"ImageObject","inLanguage":"fr-FR","@id":"https:\/\/sandokan.com\/fr\/prodotto\/cubzan-elettroinsetticida-led-a-scarica-alluvione\/#primaryimage","url":"https:\/\/sandokan.com\/wp-content\/uploads\/2025\/02\/IMG_9401.jpg","contentUrl":"https:\/\/sandokan.com\/wp-content\/uploads\/2025\/02\/IMG_9401.jpg","width":1536,"height":2048,"caption":"CUBZAN_alluvione"},{"@type":"BreadcrumbList","@id":"https:\/\/sandokan.com\/fr\/prodotto\/cubzan-elettroinsetticida-led-a-scarica-alluvione\/#breadcrumb","itemListElement":[{"@type":"ListItem","position":1,"name":"Sandokan","item":"https:\/\/sandokan.com\/fr\/accueil\/"},{"@type":"ListItem","position":2,"name":"Boutique","item":"https:\/\/sandokan.com\/fr\/boutique\/"},{"@type":"ListItem","position":3,"name":"&#8220;CubZan&#8221; Elettroinsetticida LED a scarica &#8211; ALLUVIONE"}]},{"@type":"WebSite","@id":"https:\/\/sandokan.com\/fr\/#website","url":"https:\/\/sandokan.com\/fr\/","name":"Sandokan","description":"Repellenti e Insetticidi","publisher":{"@id":"https:\/\/sandokan.com\/fr\/#organization"},"potentialAction":[{"@type":"SearchAction","target":{"@type":"EntryPoint","urlTemplate":"https:\/\/sandokan.com\/fr\/?s={search_term_string}"},"query-input":{"@type":"PropertyValueSpecification","valueRequired":true,"valueName":"search_term_string"}}],"inLanguage":"fr-FR"},{"@type":"Organization","@id":"https:\/\/sandokan.com\/fr\/#organization","name":"Sandokan | Repellenti Naturali per Interni ed Esterni","url":"https:\/\/sandokan.com\/fr\/","logo":{"@type":"ImageObject","inLanguage":"fr-FR","@id":"https:\/\/sandokan.com\/fr\/#\/schema\/logo\/image\/","url":"https:\/\/sandokan.com\/wp-content\/uploads\/2022\/04\/Sandokan-Insetticidi-e-Repellenti-BIO-Mobile.png","contentUrl":"https:\/\/sandokan.com\/wp-content\/uploads\/2022\/04\/Sandokan-Insetticidi-e-Repellenti-BIO-Mobile.png","width":350,"height":99,"caption":"Sandokan | Repellenti Naturali per Interni ed Esterni"},"image":{"@id":"https:\/\/sandokan.com\/fr\/#\/schema\/logo\/image\/"},"sameAs":["https:\/\/www.facebook.com\/zanzareeinsetti\/","https:\/\/x.com\/sandokaninsetti","https:\/\/www.youtube.com\/channel\/UCMv6YC7WVMIF6KXkcLnuVuw"]}]}},"_links":{"self":[{"href":"https:\/\/sandokan.com\/fr\/wp-json\/wp\/v2\/product\/26665","targetHints":{"allow":["GET"]}}],"collection":[{"href":"https:\/\/sandokan.com\/fr\/wp-json\/wp\/v2\/product"}],"about":[{"href":"https:\/\/sandokan.com\/fr\/wp-json\/wp\/v2\/types\/product"}],"replies":[{"embeddable":true,"href":"https:\/\/sandokan.com\/fr\/wp-json\/wp\/v2\/comments?post=26665"}],"wp:featuredmedia":[{"embeddable":true,"href":"https:\/\/sandokan.com\/fr\/wp-json\/wp\/v2\/media\/26849"}],"wp:attachment":[{"href":"https:\/\/sandokan.com\/fr\/wp-json\/wp\/v2\/media?parent=26665"}],"wp:term":[{"taxonomy":"product_brand","embeddable":true,"href":"https:\/\/sandokan.com\/fr\/wp-json\/wp\/v2\/product_brand?post=26665"},{"taxonomy":"product_cat","embeddable":true,"href":"https:\/\/sandokan.com\/fr\/wp-json\/wp\/v2\/product_cat?post=26665"},{"taxonomy":"product_tag","embeddable":true,"href":"https:\/\/sandokan.com\/fr\/wp-json\/wp\/v2\/product_tag?post=26665"}],"curies":[{"name":"wp","href":"https:\/\/api.w.org\/{rel}","templated":true}]}}