{"id":29844,"date":"2026-04-27T12:27:06","date_gmt":"2026-04-27T10:27:06","guid":{"rendered":"https:\/\/sandokan.com\/?post_type=product&#038;p=29844"},"modified":"2026-04-30T13:07:04","modified_gmt":"2026-04-30T11:07:04","slug":"automizer-professional-con-pannello-solare","status":"publish","type":"product","link":"https:\/\/sandokan.com\/fr\/prodotto\/automizer-professional-con-pannello-solare\/","title":{"rendered":"AUTOMIZER PROFESSIONAL CON PANNELLO SOLARE"},"content":{"rendered":"<h3><strong>Sistema Antizanzare Sandokan AUTOMIZER PROFESSIONAL\u00a0 serbatoio da 40 litri DUAL POWER<\/strong><\/h3>\n<p>AUTOMIZER PROFESSIONAL \u00e8 la novit\u00e0 2026 del marchio Sandokan. Efficace, sostenibile e completamente automatizzato, si propone come la soluzione definitiva alla lotta contro le zanzare. Grazie al nuovissimo design brevettato questa versione dell&rsquo;Automizer permette di avere una maggiore autonomia nei trattamenti grazie al serbatoio da 40 litri ed \u00e8 l&rsquo;ideale per trattare ampie aree.<\/p>\n<p>Il sistema ha un&rsquo;elettronica Made in Italy con software dedicato dotato di 14 programmi preimpostati incrementali e 1 programma personalizzabile per rispondere ad esigenza di trattamento diverse. Il kit base dell&rsquo;Automizer Professional Sandokan include: 20 atomizzatori in ottone di alta qualit\u00e0, 66 metri di tubazione e tutto il necessario per un\u2019installazione semplice e veloce.<\/p>\n<p><strong>La versione con pannello solare supporta la doppia alimentazione<\/strong><span>: a 12V (con trasformatore da 230V) e con pannello solare che ricarica la batteria. Questa versione \u00e8 ideale per situazioni in cui non c\u2019\u00e8 la possibilit\u00e0 di attaccarsi alla corrente elettrica oppure si preferisce un approccio pi\u00f9 green.<\/span><\/p>\n<h5><strong>Caratteristiche principali di Automizer 40 litri Dual Power:<\/strong><\/h5>\n<ul>\n<li><strong>Dimensioni:<\/strong> 40x40x60 (lxpxh)<\/li>\n<li><strong>Elevata copertura<\/strong>: 400m\u00b2 base, espandibili fino a 2000m\u00b2 con 3 kit aggiuntivi<\/li>\n<li><strong>Serbatoio capiente<\/strong>: 40 litri con miscelatore integrato<\/li>\n<li><strong>Alimentazione<\/strong>: <span>comprensivo di alimentatore 230V e pannello solare integrato<\/span><\/li>\n<li><strong>Alta efficienza<\/strong>: pompa ad alte prestazioni, in grado di alimentare fino a 50 atomizzatori Sandokan<\/li>\n<li><strong>Allarmi integrati<\/strong>: allarme di preavviso nebulizzazione, serbatoio vuoto, temperature critiche<\/li>\n<li><strong>Erogazione<\/strong>: atomizzata e precisa<\/li>\n<li><strong>Innovazione esclusiva<\/strong>: prodotto con domanda di brevetto internazionale<\/li>\n<li><strong>Eccellenza italiana<\/strong>: qualit\u00e0 senza confronti con produzioni asiatiche<\/li>\n<li>Design Registrato<\/li>\n<li><strong data-start=\"2045\" data-end=\"2082\">Display con tasti touch (captive)<\/strong> per programmazione intuitiva<\/li>\n<li>Conforme alle normative RoHS e CE<\/li>\n<\/ul>\n<h5><strong>Perch\u00e9 scegliere AUTOMIZER Professional DUAL POWER con pannello solare<\/strong><\/h5>\n<ul>\n<li><strong>Made in Italy<\/strong>: tecnologia e qualit\u00e0 progettata e prodotta in Italia e con domanda di brevetto internazionale<\/li>\n<li><strong>Sistema professionale antizanzare <\/strong>automatizzato e modulabile per uso domestico, professionale e pubblico<\/li>\n<li><strong>Erogazione precisa<\/strong>: dosaggio misurato di insetticida o repellente, senza sprechi e con massima resa<\/li>\n<li><strong>Facile installazione<\/strong>: semplice e veloce grazie al kit di montaggio per installare tubazione e nebulizzatori dove serve<\/li>\n<li><strong>Versatilit\u00e0 d\u2019uso<\/strong>: ideale per privati, ristoranti, strutture ricettive, aree verdi<\/li>\n<li><strong>Soluzione definitiva<\/strong><span>\u00a0<\/span>al problema delle zanzare<\/li>\n<li><strong>Silenzioso e discreto<\/strong>: ideale per ogni ambiente<\/li>\n<li><strong>Rapporto qualit\u00e0 prezzo<\/strong><span>\u00a0<\/span>ineguagliabile<\/li>\n<li><strong>Sostenibilit\u00e0 ambientale<\/strong>, grazie al ciclo notturno ecologico<\/li>\n<li><strong>Design<\/strong><span>\u00a0<\/span>registrato, moderno e ricercato<\/li>\n<li><b>Assistenza<span>\u00a0<\/span><\/b>Customer service dedicata<\/li>\n<li>2 anni di garanzia<\/li>\n<\/ul>\n<h5><strong>Come usare AUTOMIZER Sandokan Nebulizzatore Antizanzare da Giardino<\/strong><\/h5>\n<ul>\n<li><strong>Posizionare i micro-nebulizzatori<\/strong> nei punti strategici del giardino o area da trattare<\/li>\n<li><strong>Collegare il dispositivo alla corrente<\/strong> oppure posizionarlo in una zona soleggiata ma non a sole pieno nelle ore pi\u00f9 calde, per utilizzarlo con ricarica solare<\/li>\n<li><strong>Riempire il serbatoio da 40L<\/strong> con il formulato Sandokan diluito seguendo le istruzioni in etichetta (ATTENZIONE: utilizzare solo i prodotti <a href=\"https:\/\/sandokan.com\/prodotto\/insetticida-liquido-zanzare-sistemi-automatici\/\" target=\"_blank\" rel=\"noopener\">insetticida antizanzare<\/a> e <a href=\"https:\/\/sandokan.com\/prodotto\/insetto-repellente-bl-flower-per-sistemi-automatici\/\" target=\"_blank\" rel=\"noopener\">repellente<\/a> indicati)<\/li>\n<li>Impostare cicli e orari di erogazione tramite il pannello di controllo con tasti touch.<\/li>\n<li><strong>Usare insetticida di notte<\/strong> (azione disinfestante) e <strong data-start=\"3214\" data-end=\"3238\">repellente di giorno<\/strong> (azione protettiva)<\/li>\n<li><strong>Verificare periodicamente il livello del serbatoio<\/strong> e lo stato degli ugelli<\/li>\n<\/ul>\n<h5><strong>Punti di forza<\/strong><\/h5>\n<ul>\n<li><b>Automazione completa <\/b>gestisci la protezione senza alcuno sforzo<\/li>\n<li><strong>Economico<\/strong> senza nessuna manutenzione o canone mensile<\/li>\n<li><strong>Alta efficienza<\/strong> erogazione precisa e ottimale.<\/li>\n<li><strong>Facile manutenzione<\/strong> lunga autonomia grazie al serbatoio da 40 litri<\/li>\n<li><strong>Versatilit\u00e0 d&rsquo;uso<\/strong> perfetto per ogni tipologia di spazio esterno privato o commerciale e scelta di utilizzare insetticidi o repellenti<\/li>\n<\/ul>\n<h5><strong>Cosa contiene la confezione<\/strong><\/h5>\n<ul>\n<li>1x sistema Automizer Professional da 40 litri Dual Power<\/li>\n<li>1 trasformatore 12v da 230V<\/li>\n<li>1 batteria al litio per ricarica solare da 12V<\/li>\n<li>66 metri lineari di tubazione<\/li>\n<li>KIT Nebulizzatori: 20 nebulizzatori, 2 raccordo a T, 4 tappini<\/li>\n<li>50x fascette d&rsquo;ancoraggio<\/li>\n<li>20x ganci di fissaggio<\/li>\n<\/ul>\n<p>\u26a0\ufe0f Per risultati ottimali, si consiglia l\u2019uso combinato con <strong>larvicidi<\/strong> e <strong>elettroinsetticidi<\/strong> come parte di un <strong>sistema di lotta integrata alle zanzare<\/strong>.<\/p>\n<h5><span class=\"fontstyle2\"><strong>Insetti Bersaglio<\/strong><\/span><\/h5>\n<p><span class=\"fontstyle0\">zanzare, zanzare tigre, flebotomi, cimici, pulci, zecche<\/span><\/p>\n","protected":false},"excerpt":{"rendered":"<p><img loading=\"lazy\" decoding=\"async\" class=\"alignnone wp-image-21662\" src=\"https:\/\/sandokan.com\/wp-content\/uploads\/2021\/04\/zanzara.png\" alt=\"\" width=\"80\" height=\"80\" srcset=\"https:\/\/sandokan.com\/wp-content\/uploads\/2021\/04\/zanzara.png 200w, https:\/\/sandokan.com\/wp-content\/uploads\/2021\/04\/zanzara-100x100.png 100w, https:\/\/sandokan.com\/wp-content\/uploads\/2021\/04\/zanzara-150x150.png 150w, https:\/\/sandokan.com\/wp-content\/uploads\/2021\/04\/zanzara-145x145.png 145w, https:\/\/sandokan.com\/wp-content\/uploads\/2021\/04\/zanzara-50x50.png 50w\" sizes=\"auto, (max-width: 80px) 100vw, 80px\" \/><img loading=\"lazy\" decoding=\"async\" class=\"alignnone wp-image-21626\" src=\"https:\/\/sandokan.com\/wp-content\/uploads\/2022\/09\/mosca.png\" alt=\"\" width=\"80\" height=\"80\" srcset=\"https:\/\/sandokan.com\/wp-content\/uploads\/2022\/09\/mosca.png 200w, https:\/\/sandokan.com\/wp-content\/uploads\/2022\/09\/mosca-100x100.png 100w, https:\/\/sandokan.com\/wp-content\/uploads\/2022\/09\/mosca-150x150.png 150w, https:\/\/sandokan.com\/wp-content\/uploads\/2022\/09\/mosca-145x145.png 145w, https:\/\/sandokan.com\/wp-content\/uploads\/2022\/09\/mosca-50x50.png 50w\" sizes=\"auto, (max-width: 80px) 100vw, 80px\" \/><img loading=\"lazy\" decoding=\"async\" class=\"alignnone wp-image-21638\" src=\"https:\/\/sandokan.com\/wp-content\/uploads\/2022\/04\/cimice-1.png\" alt=\"\" width=\"80\" height=\"80\" srcset=\"https:\/\/sandokan.com\/wp-content\/uploads\/2022\/04\/cimice-1.png 200w, https:\/\/sandokan.com\/wp-content\/uploads\/2022\/04\/cimice-1-100x100.png 100w, https:\/\/sandokan.com\/wp-content\/uploads\/2022\/04\/cimice-1-150x150.png 150w, https:\/\/sandokan.com\/wp-content\/uploads\/2022\/04\/cimice-1-145x145.png 145w, https:\/\/sandokan.com\/wp-content\/uploads\/2022\/04\/cimice-1-50x50.png 50w\" sizes=\"auto, (max-width: 80px) 100vw, 80px\" \/><img loading=\"lazy\" decoding=\"async\" class=\"alignnone wp-image-28342 size-full\" src=\"https:\/\/sandokan.com\/wp-content\/uploads\/2025\/05\/zecca-2.png\" alt=\"\" width=\"60\" height=\"60\" srcset=\"https:\/\/sandokan.com\/wp-content\/uploads\/2025\/05\/zecca-2.png 60w, https:\/\/sandokan.com\/wp-content\/uploads\/2025\/05\/zecca-2-50x50.png 50w, https:\/\/sandokan.com\/wp-content\/uploads\/2025\/05\/zecca-2-32x32.png 32w\" sizes=\"auto, (max-width: 60px) 100vw, 60px\" \/><img loading=\"lazy\" decoding=\"async\" class=\"alignnone wp-image-28340 size-full\" src=\"https:\/\/sandokan.com\/wp-content\/uploads\/2025\/05\/pulce-2.jpg\" alt=\"\" width=\"60\" height=\"60\" srcset=\"https:\/\/sandokan.com\/wp-content\/uploads\/2025\/05\/pulce-2.jpg 60w, https:\/\/sandokan.com\/wp-content\/uploads\/2025\/05\/pulce-2-50x50.jpg 50w, https:\/\/sandokan.com\/wp-content\/uploads\/2025\/05\/pulce-2-32x32.jpg 32w\" sizes=\"auto, (max-width: 60px) 100vw, 60px\" \/><\/p>\n<p>Automizer Professional <strong>Dual Power con Pannello Solare<\/strong> e <strong>serbatoio da 40 litri<\/strong> \u00e8 ideale per coprire aree fino a <strong>2000mq<\/strong>. Comprensivo di <strong>66 metri<\/strong> lineari di tubazione e <strong>20 ugelli<\/strong> nebulizzatori. La copertura base parte da 400mq e pu\u00f2 essere ampliata grazie ai <strong>kit di espansione<\/strong> fino a<strong> 2000mq con 150 metri lineari di tubo<\/strong>. Utilizzabile sia con <strong>Repellenti<\/strong> che con <strong>insetticidi Sandokan<\/strong> dedicati.<\/p>\n","protected":false},"featured_media":29851,"comment_status":"closed","ping_status":"closed","template":"","meta":{"_acf_changed":false,"inline_featured_image":false},"product_brand":[],"product_cat":[714,729],"product_tag":[792,663,661,787,662,393,660,187],"class_list":{"0":"post-29844","1":"product","2":"type-product","3":"status-publish","4":"has-post-thumbnail","6":"product_cat-automizer","7":"product_cat-erogatori","8":"product_tag-792","9":"product_tag-automatico","10":"product_tag-automizer","11":"product_tag-automizer-professional","12":"product_tag-insetticida","13":"product_tag-repellente","14":"product_tag-sistemi-automatici","15":"product_tag-zanzare","17":"first","18":"instock","19":"featured","20":"taxable","21":"shipping-taxable","22":"purchasable","23":"product-type-simple"},"bundled_by":[],"bundle_stock_status":"instock","bundle_stock_quantity":null,"bundle_virtual":false,"bundle_layout":"","bundle_add_to_cart_form_location":"","bundle_editable_in_cart":false,"bundle_sold_individually_context":"","bundle_item_grouping":"","bundle_min_size":"","bundle_max_size":"","bundle_price":[],"bundled_items":[],"bundle_sell_ids":[],"acf":[],"yoast_head":"<!-- This site is optimized with the Yoast SEO plugin v27.5 - https:\/\/yoast.com\/product\/yoast-seo-wordpress\/ -->\n<title>Automizer Professional 40l Dual Power Sistema antizanzare - Sandokan<\/title>\n<meta name=\"description\" content=\"Automizer Professional 40 litri Dual Power, funzionamento a corrente e con pannello solare. Sistema Automatico contro le zanzare in giardino.\" \/>\n<meta name=\"robots\" content=\"index, follow, max-snippet:-1, max-image-preview:large, max-video-preview:-1\" \/>\n<link rel=\"canonical\" href=\"https:\/\/sandokan.com\/fr\/prodotto\/automizer-professional-con-pannello-solare\/\" \/>\n<meta property=\"og:locale\" content=\"fr_FR\" \/>\n<meta property=\"og:type\" content=\"article\" \/>\n<meta property=\"og:title\" content=\"Automizer Professional 40l Dual Power Sistema antizanzare - Sandokan\" \/>\n<meta property=\"og:description\" content=\"Automizer Professional 40 litri Dual Power, funzionamento a corrente e con pannello solare. Sistema Automatico contro le zanzare in giardino.\" \/>\n<meta property=\"og:url\" content=\"https:\/\/sandokan.com\/fr\/prodotto\/automizer-professional-con-pannello-solare\/\" \/>\n<meta property=\"og:site_name\" content=\"Sandokan\" \/>\n<meta property=\"article:publisher\" content=\"https:\/\/www.facebook.com\/zanzareeinsetti\/\" \/>\n<meta property=\"article:modified_time\" content=\"2026-04-30T11:07:04+00:00\" \/>\n<meta property=\"og:image\" content=\"https:\/\/sandokan.com\/wp-content\/uploads\/2026\/04\/AUTOMIZER_DUAL-POWER-40LITRI-copia.jpg\" \/>\n\t<meta property=\"og:image:width\" content=\"1600\" \/>\n\t<meta property=\"og:image:height\" content=\"1600\" \/>\n\t<meta property=\"og:image:type\" content=\"image\/jpeg\" \/>\n<meta name=\"twitter:card\" content=\"summary_large_image\" \/>\n<meta name=\"twitter:site\" content=\"@sandokaninsetti\" \/>\n<meta name=\"twitter:label1\" content=\"Dur\u00e9e de lecture estim\u00e9e\" \/>\n\t<meta name=\"twitter:data1\" content=\"4 minutes\" \/>\n<script type=\"application\/ld+json\" class=\"yoast-schema-graph\">{\"@context\":\"https:\\\/\\\/schema.org\",\"@graph\":[{\"@type\":\"WebPage\",\"@id\":\"https:\\\/\\\/sandokan.com\\\/fr\\\/prodotto\\\/automizer-professional-con-pannello-solare\\\/\",\"url\":\"https:\\\/\\\/sandokan.com\\\/fr\\\/prodotto\\\/automizer-professional-con-pannello-solare\\\/\",\"name\":\"Automizer Professional 40l Dual Power Sistema antizanzare - Sandokan\",\"isPartOf\":{\"@id\":\"https:\\\/\\\/sandokan.com\\\/fr\\\/#website\"},\"primaryImageOfPage\":{\"@id\":\"https:\\\/\\\/sandokan.com\\\/fr\\\/prodotto\\\/automizer-professional-con-pannello-solare\\\/#primaryimage\"},\"image\":{\"@id\":\"https:\\\/\\\/sandokan.com\\\/fr\\\/prodotto\\\/automizer-professional-con-pannello-solare\\\/#primaryimage\"},\"thumbnailUrl\":\"https:\\\/\\\/sandokan.com\\\/wp-content\\\/uploads\\\/2026\\\/04\\\/AUTOMIZER_DUAL-POWER-40LITRI-copia.jpg\",\"datePublished\":\"2026-04-27T10:27:06+00:00\",\"dateModified\":\"2026-04-30T11:07:04+00:00\",\"description\":\"Automizer Professional 40 litri Dual Power, funzionamento a corrente e con pannello solare. Sistema Automatico contro le zanzare in giardino.\",\"breadcrumb\":{\"@id\":\"https:\\\/\\\/sandokan.com\\\/fr\\\/prodotto\\\/automizer-professional-con-pannello-solare\\\/#breadcrumb\"},\"inLanguage\":\"fr-FR\",\"potentialAction\":[{\"@type\":\"ReadAction\",\"target\":[\"https:\\\/\\\/sandokan.com\\\/fr\\\/prodotto\\\/automizer-professional-con-pannello-solare\\\/\"]}]},{\"@type\":\"ImageObject\",\"inLanguage\":\"fr-FR\",\"@id\":\"https:\\\/\\\/sandokan.com\\\/fr\\\/prodotto\\\/automizer-professional-con-pannello-solare\\\/#primaryimage\",\"url\":\"https:\\\/\\\/sandokan.com\\\/wp-content\\\/uploads\\\/2026\\\/04\\\/AUTOMIZER_DUAL-POWER-40LITRI-copia.jpg\",\"contentUrl\":\"https:\\\/\\\/sandokan.com\\\/wp-content\\\/uploads\\\/2026\\\/04\\\/AUTOMIZER_DUAL-POWER-40LITRI-copia.jpg\",\"width\":1600,\"height\":1600,\"caption\":\"Automizer Professional 40 litri dual Power\"},{\"@type\":\"BreadcrumbList\",\"@id\":\"https:\\\/\\\/sandokan.com\\\/fr\\\/prodotto\\\/automizer-professional-con-pannello-solare\\\/#breadcrumb\",\"itemListElement\":[{\"@type\":\"ListItem\",\"position\":1,\"name\":\"Sandokan\",\"item\":\"https:\\\/\\\/sandokan.com\\\/fr\\\/accueil\\\/\"},{\"@type\":\"ListItem\",\"position\":2,\"name\":\"Boutique\",\"item\":\"https:\\\/\\\/sandokan.com\\\/fr\\\/boutique\\\/\"},{\"@type\":\"ListItem\",\"position\":3,\"name\":\"AUTOMIZER PROFESSIONAL CON PANNELLO SOLARE\"}]},{\"@type\":\"WebSite\",\"@id\":\"https:\\\/\\\/sandokan.com\\\/fr\\\/#website\",\"url\":\"https:\\\/\\\/sandokan.com\\\/fr\\\/\",\"name\":\"Sandokan\",\"description\":\"Repellenti e Insetticidi\",\"publisher\":{\"@id\":\"https:\\\/\\\/sandokan.com\\\/fr\\\/#organization\"},\"potentialAction\":[{\"@type\":\"SearchAction\",\"target\":{\"@type\":\"EntryPoint\",\"urlTemplate\":\"https:\\\/\\\/sandokan.com\\\/fr\\\/?s={search_term_string}\"},\"query-input\":{\"@type\":\"PropertyValueSpecification\",\"valueRequired\":true,\"valueName\":\"search_term_string\"}}],\"inLanguage\":\"fr-FR\"},{\"@type\":\"Organization\",\"@id\":\"https:\\\/\\\/sandokan.com\\\/fr\\\/#organization\",\"name\":\"Sandokan | Repellenti Naturali per Interni ed Esterni\",\"url\":\"https:\\\/\\\/sandokan.com\\\/fr\\\/\",\"logo\":{\"@type\":\"ImageObject\",\"inLanguage\":\"fr-FR\",\"@id\":\"https:\\\/\\\/sandokan.com\\\/fr\\\/#\\\/schema\\\/logo\\\/image\\\/\",\"url\":\"https:\\\/\\\/sandokan.com\\\/wp-content\\\/uploads\\\/2022\\\/04\\\/Sandokan-Insetticidi-e-Repellenti-BIO-Mobile.png\",\"contentUrl\":\"https:\\\/\\\/sandokan.com\\\/wp-content\\\/uploads\\\/2022\\\/04\\\/Sandokan-Insetticidi-e-Repellenti-BIO-Mobile.png\",\"width\":350,\"height\":99,\"caption\":\"Sandokan | Repellenti Naturali per Interni ed Esterni\"},\"image\":{\"@id\":\"https:\\\/\\\/sandokan.com\\\/fr\\\/#\\\/schema\\\/logo\\\/image\\\/\"},\"sameAs\":[\"https:\\\/\\\/www.facebook.com\\\/zanzareeinsetti\\\/\",\"https:\\\/\\\/x.com\\\/sandokaninsetti\",\"https:\\\/\\\/www.youtube.com\\\/channel\\\/UCMv6YC7WVMIF6KXkcLnuVuw\"]}]}<\/script>\n<!-- \/ Yoast SEO plugin. -->","yoast_head_json":{"title":"Automizer Professional 40l Dual Power Sistema antizanzare - Sandokan","description":"Automizer Professional 40 litri Dual Power, funzionamento a corrente e con pannello solare. Sistema Automatico contro le zanzare in giardino.","robots":{"index":"index","follow":"follow","max-snippet":"max-snippet:-1","max-image-preview":"max-image-preview:large","max-video-preview":"max-video-preview:-1"},"canonical":"https:\/\/sandokan.com\/fr\/prodotto\/automizer-professional-con-pannello-solare\/","og_locale":"fr_FR","og_type":"article","og_title":"Automizer Professional 40l Dual Power Sistema antizanzare - Sandokan","og_description":"Automizer Professional 40 litri Dual Power, funzionamento a corrente e con pannello solare. Sistema Automatico contro le zanzare in giardino.","og_url":"https:\/\/sandokan.com\/fr\/prodotto\/automizer-professional-con-pannello-solare\/","og_site_name":"Sandokan","article_publisher":"https:\/\/www.facebook.com\/zanzareeinsetti\/","article_modified_time":"2026-04-30T11:07:04+00:00","og_image":[{"width":1600,"height":1600,"url":"https:\/\/sandokan.com\/wp-content\/uploads\/2026\/04\/AUTOMIZER_DUAL-POWER-40LITRI-copia.jpg","type":"image\/jpeg"}],"twitter_card":"summary_large_image","twitter_site":"@sandokaninsetti","twitter_misc":{"Dur\u00e9e de lecture estim\u00e9e":"4 minutes"},"schema":{"@context":"https:\/\/schema.org","@graph":[{"@type":"WebPage","@id":"https:\/\/sandokan.com\/fr\/prodotto\/automizer-professional-con-pannello-solare\/","url":"https:\/\/sandokan.com\/fr\/prodotto\/automizer-professional-con-pannello-solare\/","name":"Automizer Professional 40l Dual Power Sistema antizanzare - Sandokan","isPartOf":{"@id":"https:\/\/sandokan.com\/fr\/#website"},"primaryImageOfPage":{"@id":"https:\/\/sandokan.com\/fr\/prodotto\/automizer-professional-con-pannello-solare\/#primaryimage"},"image":{"@id":"https:\/\/sandokan.com\/fr\/prodotto\/automizer-professional-con-pannello-solare\/#primaryimage"},"thumbnailUrl":"https:\/\/sandokan.com\/wp-content\/uploads\/2026\/04\/AUTOMIZER_DUAL-POWER-40LITRI-copia.jpg","datePublished":"2026-04-27T10:27:06+00:00","dateModified":"2026-04-30T11:07:04+00:00","description":"Automizer Professional 40 litri Dual Power, funzionamento a corrente e con pannello solare. Sistema Automatico contro le zanzare in giardino.","breadcrumb":{"@id":"https:\/\/sandokan.com\/fr\/prodotto\/automizer-professional-con-pannello-solare\/#breadcrumb"},"inLanguage":"fr-FR","potentialAction":[{"@type":"ReadAction","target":["https:\/\/sandokan.com\/fr\/prodotto\/automizer-professional-con-pannello-solare\/"]}]},{"@type":"ImageObject","inLanguage":"fr-FR","@id":"https:\/\/sandokan.com\/fr\/prodotto\/automizer-professional-con-pannello-solare\/#primaryimage","url":"https:\/\/sandokan.com\/wp-content\/uploads\/2026\/04\/AUTOMIZER_DUAL-POWER-40LITRI-copia.jpg","contentUrl":"https:\/\/sandokan.com\/wp-content\/uploads\/2026\/04\/AUTOMIZER_DUAL-POWER-40LITRI-copia.jpg","width":1600,"height":1600,"caption":"Automizer Professional 40 litri dual Power"},{"@type":"BreadcrumbList","@id":"https:\/\/sandokan.com\/fr\/prodotto\/automizer-professional-con-pannello-solare\/#breadcrumb","itemListElement":[{"@type":"ListItem","position":1,"name":"Sandokan","item":"https:\/\/sandokan.com\/fr\/accueil\/"},{"@type":"ListItem","position":2,"name":"Boutique","item":"https:\/\/sandokan.com\/fr\/boutique\/"},{"@type":"ListItem","position":3,"name":"AUTOMIZER PROFESSIONAL CON PANNELLO SOLARE"}]},{"@type":"WebSite","@id":"https:\/\/sandokan.com\/fr\/#website","url":"https:\/\/sandokan.com\/fr\/","name":"Sandokan","description":"Repellenti e Insetticidi","publisher":{"@id":"https:\/\/sandokan.com\/fr\/#organization"},"potentialAction":[{"@type":"SearchAction","target":{"@type":"EntryPoint","urlTemplate":"https:\/\/sandokan.com\/fr\/?s={search_term_string}"},"query-input":{"@type":"PropertyValueSpecification","valueRequired":true,"valueName":"search_term_string"}}],"inLanguage":"fr-FR"},{"@type":"Organization","@id":"https:\/\/sandokan.com\/fr\/#organization","name":"Sandokan | Repellenti Naturali per Interni ed Esterni","url":"https:\/\/sandokan.com\/fr\/","logo":{"@type":"ImageObject","inLanguage":"fr-FR","@id":"https:\/\/sandokan.com\/fr\/#\/schema\/logo\/image\/","url":"https:\/\/sandokan.com\/wp-content\/uploads\/2022\/04\/Sandokan-Insetticidi-e-Repellenti-BIO-Mobile.png","contentUrl":"https:\/\/sandokan.com\/wp-content\/uploads\/2022\/04\/Sandokan-Insetticidi-e-Repellenti-BIO-Mobile.png","width":350,"height":99,"caption":"Sandokan | Repellenti Naturali per Interni ed Esterni"},"image":{"@id":"https:\/\/sandokan.com\/fr\/#\/schema\/logo\/image\/"},"sameAs":["https:\/\/www.facebook.com\/zanzareeinsetti\/","https:\/\/x.com\/sandokaninsetti","https:\/\/www.youtube.com\/channel\/UCMv6YC7WVMIF6KXkcLnuVuw"]}]}},"_links":{"self":[{"href":"https:\/\/sandokan.com\/fr\/wp-json\/wp\/v2\/product\/29844","targetHints":{"allow":["GET"]}}],"collection":[{"href":"https:\/\/sandokan.com\/fr\/wp-json\/wp\/v2\/product"}],"about":[{"href":"https:\/\/sandokan.com\/fr\/wp-json\/wp\/v2\/types\/product"}],"replies":[{"embeddable":true,"href":"https:\/\/sandokan.com\/fr\/wp-json\/wp\/v2\/comments?post=29844"}],"wp:featuredmedia":[{"embeddable":true,"href":"https:\/\/sandokan.com\/fr\/wp-json\/wp\/v2\/media\/29851"}],"wp:attachment":[{"href":"https:\/\/sandokan.com\/fr\/wp-json\/wp\/v2\/media?parent=29844"}],"wp:term":[{"taxonomy":"product_brand","embeddable":true,"href":"https:\/\/sandokan.com\/fr\/wp-json\/wp\/v2\/product_brand?post=29844"},{"taxonomy":"product_cat","embeddable":true,"href":"https:\/\/sandokan.com\/fr\/wp-json\/wp\/v2\/product_cat?post=29844"},{"taxonomy":"product_tag","embeddable":true,"href":"https:\/\/sandokan.com\/fr\/wp-json\/wp\/v2\/product_tag?post=29844"}],"curies":[{"name":"wp","href":"https:\/\/api.w.org\/{rel}","templated":true}]}}