{"id":30146,"date":"2026-03-06T17:20:30","date_gmt":"2026-03-06T16:20:30","guid":{"rendered":"https:\/\/sandokan.com\/prodotto\/kit-automizer-de-400-a-900m2\/"},"modified":"2026-03-06T17:20:30","modified_gmt":"2026-03-06T16:20:30","slug":"kit-automizer-de-400-a-900m2","status":"publish","type":"product","link":"https:\/\/sandokan.com\/fr\/prodotto\/kit-automizer-de-400-a-900m2\/","title":{"rendered":"Kit Automizer de 400 \u00e0 900m2"},"content":{"rendered":"<h3><span><strong>Kit Automizer pour jardins de 400 \u00e0 900m2 avec insecticide Mosquito<\/strong><\/span><\/h3>\n<h6><strong>Kit pour la d\u00e9fense int\u00e9gr\u00e9e de votre jardin contre les moustiques<\/strong><\/h6>\n<p>Chez Sandokan, nous avons mis au point un syst\u00e8me <strong>int\u00e9gr\u00e9<\/strong> de <strong>lutte contre les parasites<\/strong> pour prot\u00e9ger votre jardin des moustiques. Un seul syst\u00e8me de d\u00e9fense peut ne pas suffire. Contrairement \u00e0 tous les autres syst\u00e8mes, Sandokan vous propose une <strong>solution compl\u00e8te pour<\/strong> vous <strong>prot\u00e9ger<\/strong>, ainsi que votre famille et vos animaux domestiques <strong>, contre les moustiques<\/strong> et les <strong>maladies dangereuses<\/strong> qu&rsquo;ils peuvent transmettre. C&rsquo;est pourquoi nous avons con\u00e7u des kits de d\u00e9fense adapt\u00e9s \u00e0 vos besoins.   <\/p>\n<h5><strong>Ce kit Automizer de 400 \u00e0 900 m\u00e8tres carr\u00e9s avec insecticide est id\u00e9al pour prot\u00e9ger les petites surfaces et les zones p\u00e9rim\u00e9triques.<\/strong><\/h5>\n<h5><strong>La d\u00e9fense Sandokan en 4 coups :<\/strong><\/h5>\n<ul>\n<li><strong>Action pr\u00e9ventive<\/strong> avec des larvicides dans les \u00e9tangs, les soucoupes, les goutti\u00e8res, etc.<\/li>\n<li><strong>Action ABBACTIVE <\/strong> automatis\u00e9e avec Automizer par pulv\u00e9risation d&rsquo;insecticide<\/li>\n<li><strong>Effet BARRIER<\/strong> avec pulv\u00e9risation de r\u00e9pulsif via Automizer dans les zones de vie<\/li>\n<li><strong>Protection ACTIVE<\/strong> et CONTINUE avec Insect Killer<\/li>\n<\/ul>\n<h5><strong>Contenu du kit :<\/strong><\/h5>\n<ul>\n<li>1x <strong>AUTOMIZER<\/strong> Sun Tech Dual Power <strong>Nebulizer<\/strong> System (alimentation \u00e9lectrique et panneau solaire)<\/li>\n<li><span data-teams=\"true\"><strong>Accessoires d&rsquo;installation<\/strong> (le kit comprend 33 m\u00e8tres de tuyau + 10 buses de pulv\u00e9risation + 2 capuchons + 1 raccord + 50 colliers de serrage + 20 clips de fixation)<\/span><\/li>\n<li><strong>2x<\/strong> <span data-teams=\"true\"> Kit d&rsquo;<\/span> <strong>extension<\/strong> <span data-teams=\"true\">(le kit comprend 33 m\u00e8tres de tuyau + 10 buses de pulv\u00e9risation + 2 capuchons + 1 raccord + 50 colliers + 20 clips de fixation)<\/span><\/li>\n<li>1x bouteille de 500 ml d&rsquo;<strong>insecticide concentr\u00e9<\/strong> Zatox<\/li>\n<li><span data-teams=\"true\">1x Manuel de l&rsquo;utilisateur<\/span><\/li>\n<li>50x <strong>comprim\u00e9s Larvicide<\/strong> d&rsquo;une valeur de \u20ac14.99 &#8211; <span style=\"color: #8b0000;\"><strong>HOMAGE<\/strong><\/span><\/li>\n<li><strong>Insecticide CUB-ZAN<\/strong> (d\u00e9charge \u00e9lectro-insecticide. Dimensions <strong>(HxLxP) :<\/strong><span> 27cm x 12cm x 12cm<\/span>) d&rsquo;une valeur de \u20ac29.90 &#8211; <span style=\"color: #8b0000;\"><strong>HOMAGE<\/strong><\/span> <\/li>\n<li>1 tuyau d&rsquo;arrosage &#8211; <span style=\"color: #8b0000;\"><strong>HOMAGE<\/strong><\/span><\/li>\n<\/ul>\n<h5><strong>Principales caract\u00e9ristiques de l&rsquo;atomiseur automatique Automizer :<\/strong><\/h5>\n<ul>\n<li><strong>Sans danger<\/strong> pour les personnes, les animaux et l&rsquo;environnement gr\u00e2ce \u00e0 la possibilit\u00e9 de pulv\u00e9risation nocturne dans les zones p\u00e9rim\u00e9triques et \u00e0 la mati\u00e8re active photolabile.<\/li>\n<li>Automizer avec <strong>double alimentation<\/strong>: batterie lithium 12V rechargeable par \u00e9lectricit\u00e9 ou panneau solaire int\u00e9gr\u00e9<\/li>\n<li><strong>Couverture de<\/strong> 400 \u00e0 900 m\u00b2 avec 99 m\u00e8tres lin\u00e9aires de tuyauterie<\/li>\n<li><strong>Grand r\u00e9servoir de<\/strong> 20 litres avec m\u00e9langeur pour une pulv\u00e9risation toujours efficace<\/li>\n<li><strong>Pulv\u00e9risateur automatique<\/strong> avec 14 programmes pr\u00e9r\u00e9gl\u00e9s et un programme personnalisable : de 1 pulv\u00e9risation par semaine \u00e0 8 par jour + contr\u00f4le manuel<\/li>\n<li><strong>Alarmes int\u00e9gr\u00e9es<\/strong> pour le r\u00e9servoir vide, la temp\u00e9rature critique et le d\u00e9but de la distribution<\/li>\n<li>Une <strong>installation simple<\/strong> qui peut \u00eatre r\u00e9alis\u00e9e de mani\u00e8re autonome et sans \u00e9quipement sp\u00e9cial<\/li>\n<li><strong>\u00c9CONOMIQUE<\/strong>, sans frais de maintenance ni d&rsquo;abonnement<\/li>\n<li>Fabriqu\u00e9 en Italie par Sandokan avec un brevet international<\/li>\n<li>Conformit\u00e9 CE RoHS<\/li>\n<\/ul>\n<h5><strong>Comment utiliser le syst\u00e8me anti-moustique AUTOMIZER pour le jardin Sandokan ?<\/strong><\/h5>\n<ul>\n<li><strong>Placez des micro-pulv\u00e9risateurs<\/strong> \u00e0 des endroits strat\u00e9giques du jardin ou de la zone \u00e0 traiter.<\/li>\n<li><strong>Branchez l&rsquo;appareil sur le secteur<\/strong> via le transformateur ou dans un endroit bien \u00e9clair\u00e9 pour profiter de la charge du panneau solaire (\u00e9vitez les endroits directement expos\u00e9s au soleil pour ne pas faire surchauffer le syst\u00e8me).<\/li>\n<li><strong>Remplissez le r\u00e9servoir de 20 litres<\/strong> avec la formulation dilu\u00e9e de Sandokan conform\u00e9ment aux instructions figurant sur l&rsquo;\u00e9tiquette.<\/li>\n<li><strong>R\u00e9glez les cycles et les dur\u00e9es de distribution<\/strong> via le panneau de commande \u00e0 touches tactiles.<\/li>\n<li><b>Activez la distribution manuelle du r\u00e9pulsif <\/b>si n\u00e9cessaire<\/li>\n<li><strong>V\u00e9rifiez p\u00e9riodiquement le niveau du r\u00e9servoir<\/strong> et l&rsquo;\u00e9tat des buses.<\/li>\n<\/ul>\n<h5><strong>Insectes cibles<\/strong><\/h5>\n<p>moustiques, moustiques tigres, phl\u00e9botomes, punaises, puces, tiques<\/p>\n","protected":false},"excerpt":{"rendered":"<table border=\"1\" cellspacing=\"0\" cellpadding=\"8\">\n<tbody>\n<tr>\n<th>Taille de l&rsquo;Automizer<\/th>\n<td>40x40x40<\/td>\n<\/tr>\n<tr>\n<th>Couverture<\/th>\n<td>400 \u00e0 900 m\u00e8tres carr\u00e9s<\/td>\n<\/tr>\n<tr>\n<th>M\u00e8tres lin\u00e9aires de tuyaux<\/th>\n<td>99 m\u00e8tres<\/td>\n<\/tr>\n<tr>\n<th>Buses<\/th>\n<td>30<\/td>\n<\/tr>\n<\/tbody>\n<\/table>\n<p><strong>LE CONTENU DU KIT :<\/strong><\/p>\n<ul>\n<li>1x <strong>AUTOMIZER Sun Tech Dual Power Spray<\/strong> System <strong>R\u00e9servoir de 20 litres<\/strong> (panneau solaire et 12v)<\/li>\n<li><strong>2x<\/strong> <strong>kit d&rsquo;extension<\/strong><\/li>\n<li><strong>Accessoires d&rsquo;installation<\/strong><\/li>\n<li>1x bouteille de 500 ml d&rsquo;<strong>insecticide concentr\u00e9<\/strong> Zatox<\/li>\n<li><span data-teams=\"true\">1x Manuel de l&rsquo;utilisateur<\/span><\/li>\n<li>50x <strong>comprim\u00e9s Larvicide<\/strong> d&rsquo;une valeur de \u20ac14.99 &#8211; <span style=\"color: #8b0000;\"><strong>HOMAGE<\/strong><\/span><\/li>\n<li><strong>Electro-insecticide de d\u00e9charge<\/strong> CUB-ZAN d&rsquo;une valeur de \u20ac29.90 &#8211; <span style=\"color: #8b0000;\"><strong>HOMAGE<\/strong><\/span><\/li>\n<li>1 tuyau d&rsquo;arrosage &#8211; <span style=\"color: #8b0000;\"><strong>HOMAGE<\/strong><\/span><\/li>\n<\/ul>\n<p>Pour nous, chaque produit a une valeur : c&rsquo;est pourquoi nous avons choisi de redonner vie \u00e0 des produits pr\u00e9sentant de petites imperfections esth\u00e9tiques, mais en <strong>parfait \u00e9tat de fonctionnement<\/strong>. D\u00e9sormais, nous incluons dans le kit notre <strong>\u00e9lectro-insecticide CUB ZAN<\/strong> et un <strong>tuyau d&rsquo;arrosage de la ligne Idroeasy<\/strong>, \u00e9galement totalement Made in Italy. Nous sommes heureux de transformer ce qui serait un d\u00e9chet en une ressource. C&rsquo;est un choix responsable et \u00e9cologique qui, nous l&rsquo;esp\u00e9rons, sera appr\u00e9ci\u00e9.   <\/p>\n<p><strong><span style=\"color: #8b0000;\">OFFRE NON CUMULABLE AVEC D&rsquo;AUTRES R\u00c9DUCTIONS<\/span><\/strong><\/p>\n","protected":false},"featured_media":30149,"comment_status":"closed","ping_status":"closed","template":"","meta":{"_acf_changed":false,"inline_featured_image":false},"product_brand":[],"product_cat":[810,811,809,808],"product_tag":[815,817,816,813,812,814],"class_list":{"0":"post-30146","1":"product","2":"type-product","3":"status-publish","4":"has-post-thumbnail","6":"product_cat-automizer","7":"product_cat-distributeurs","8":"product_cat-kit","9":"product_cat-larvicides","10":"product_tag-automate","11":"product_tag-automatique","12":"product_tag-insecticide","13":"product_tag-kit","14":"product_tag-moustiques","15":"product_tag-systemes-automatises","17":"first","18":"instock","19":"featured","20":"taxable","21":"shipping-taxable","22":"purchasable","23":"product-type-bundle"},"bundled_by":[],"bundle_stock_status":"instock","bundle_stock_quantity":"","bundle_virtual":false,"bundle_layout":"default","bundle_add_to_cart_form_location":"default","bundle_editable_in_cart":false,"bundle_sold_individually_context":"product","bundle_item_grouping":"parent","bundle_min_size":"","bundle_max_size":"","bundle_price":{"price":{"min":{"incl_tax":"510","excl_tax":"418.032787"},"max":{"incl_tax":"510","excl_tax":"418.032787"}},"regular_price":{"min":{"incl_tax":"510","excl_tax":"418.032787"},"max":{"incl_tax":"510","excl_tax":"418.032787"}}},"bundled_items":[{"bundled_item_id":582,"product_id":30449,"menu_order":0,"quantity_min":1,"quantity_max":1,"quantity_default":1,"priced_individually":false,"shipped_individually":false,"override_title":false,"title":"AUTOMIZER Sun Tech Sandokan con Doppia alimentazione e Pannello Solare","override_description":false,"description":"","optional":false,"hide_thumbnail":false,"discount":"","override_variations":false,"allowed_variations":[],"override_default_variation_attributes":false,"default_variation_attributes":[],"single_product_visibility":"hidden","cart_visibility":"visible","order_visibility":"visible","single_product_price_visibility":"visible","cart_price_visibility":"visible","order_price_visibility":"visible","stock_status":"in_stock"},{"bundled_item_id":581,"product_id":30462,"menu_order":1,"quantity_min":2,"quantity_max":2,"quantity_default":2,"priced_individually":false,"shipped_individually":false,"override_title":false,"title":"KIT ESPANSIONE per AUTOMIZER Sandokan","override_description":false,"description":"","optional":false,"hide_thumbnail":false,"discount":"","override_variations":false,"allowed_variations":[],"override_default_variation_attributes":false,"default_variation_attributes":[],"single_product_visibility":"hidden","cart_visibility":"visible","order_visibility":"visible","single_product_price_visibility":"visible","cart_price_visibility":"visible","order_price_visibility":"visible","stock_status":"in_stock"},{"bundled_item_id":580,"product_id":30424,"menu_order":2,"quantity_min":1,"quantity_max":1,"quantity_default":1,"priced_individually":false,"shipped_individually":false,"override_title":false,"title":"Insetticida per zanzare Concentrato Liquido per Sistemi Automatici","override_description":false,"description":"","optional":false,"hide_thumbnail":false,"discount":"","override_variations":true,"allowed_variations":[27438],"override_default_variation_attributes":true,"default_variation_attributes":[{"id":0,"name":"Formato","option":"500ml"}],"single_product_visibility":"hidden","cart_visibility":"visible","order_visibility":"visible","single_product_price_visibility":"visible","cart_price_visibility":"visible","order_price_visibility":"visible","stock_status":"in_stock"},{"bundled_item_id":579,"product_id":30407,"menu_order":3,"quantity_min":1,"quantity_max":1,"quantity_default":1,"priced_individually":false,"shipped_individually":false,"override_title":false,"title":"Proxilar Compresse Pastiglie Larvicide per Zanzare","override_description":false,"description":"","optional":false,"hide_thumbnail":false,"discount":"","override_variations":false,"allowed_variations":[],"override_default_variation_attributes":false,"default_variation_attributes":[],"single_product_visibility":"hidden","cart_visibility":"visible","order_visibility":"visible","single_product_price_visibility":"visible","cart_price_visibility":"visible","order_price_visibility":"visible","stock_status":"in_stock"},{"bundled_item_id":583,"product_id":30502,"menu_order":4,"quantity_min":1,"quantity_max":1,"quantity_default":1,"priced_individually":false,"shipped_individually":false,"override_title":false,"title":"CUB-ZAN Elettroinsetticida LED con scarica","override_description":false,"description":"","optional":false,"hide_thumbnail":false,"discount":"","override_variations":false,"allowed_variations":[],"override_default_variation_attributes":false,"default_variation_attributes":[],"single_product_visibility":"hidden","cart_visibility":"visible","order_visibility":"visible","single_product_price_visibility":"visible","cart_price_visibility":"visible","order_price_visibility":"visible","stock_status":"in_stock"},{"bundled_item_id":584,"product_id":30465,"menu_order":5,"quantity_min":1,"quantity_max":1,"quantity_default":1,"priced_individually":false,"shipped_individually":false,"override_title":false,"title":"Tubo OMAGGIO modello casuale","override_description":false,"description":"","optional":false,"hide_thumbnail":false,"discount":"","override_variations":false,"allowed_variations":[],"override_default_variation_attributes":false,"default_variation_attributes":[],"single_product_visibility":"hidden","cart_visibility":"visible","order_visibility":"visible","single_product_price_visibility":"visible","cart_price_visibility":"visible","order_price_visibility":"visible","stock_status":"in_stock"}],"bundle_sell_ids":[],"acf":[],"yoast_head":"<!-- This site is optimized with the Yoast SEO plugin v27.5 - https:\/\/yoast.com\/product\/yoast-seo-wordpress\/ -->\n<title>Kit Sandokan de lutte int\u00e9gr\u00e9e contre les parasites pour les jardins de 400 \u00e0 900 m\u00e8tres carr\u00e9s - Sandokan<\/title>\n<meta name=\"description\" content=\"Kit de d\u00e9fense int\u00e9gr\u00e9, sans danger pour les personnes et les animaux domestiques, pour les jardins de 400 \u00e0 900 m\u00e8tres carr\u00e9s. Sandokan AUTOMIZER la solution ultime contre les moustiques.\" \/>\n<meta name=\"robots\" content=\"index, follow, max-snippet:-1, max-image-preview:large, max-video-preview:-1\" \/>\n<link rel=\"canonical\" href=\"https:\/\/sandokan.com\/fr\/prodotto\/kit-automizer-de-400-a-900m2\/\" \/>\n<meta property=\"og:locale\" content=\"fr_FR\" \/>\n<meta property=\"og:type\" content=\"article\" \/>\n<meta property=\"og:title\" content=\"Kit Sandokan de lutte int\u00e9gr\u00e9e contre les parasites pour les jardins de 400 \u00e0 900 m\u00e8tres carr\u00e9s - Sandokan\" \/>\n<meta property=\"og:description\" content=\"Kit de d\u00e9fense int\u00e9gr\u00e9, sans danger pour les personnes et les animaux domestiques, pour les jardins de 400 \u00e0 900 m\u00e8tres carr\u00e9s. Sandokan AUTOMIZER la solution ultime contre les moustiques.\" \/>\n<meta property=\"og:url\" content=\"https:\/\/sandokan.com\/fr\/prodotto\/kit-automizer-de-400-a-900m2\/\" \/>\n<meta property=\"og:site_name\" content=\"Sandokan\" \/>\n<meta property=\"article:publisher\" content=\"https:\/\/www.facebook.com\/zanzareeinsetti\/\" \/>\n<meta property=\"og:image\" content=\"https:\/\/sandokan.com\/wp-content\/uploads\/2026\/03\/k2090Z-1.jpg\" \/>\n\t<meta property=\"og:image:width\" content=\"1280\" \/>\n\t<meta property=\"og:image:height\" content=\"1280\" \/>\n\t<meta property=\"og:image:type\" content=\"image\/jpeg\" \/>\n<meta name=\"twitter:card\" content=\"summary_large_image\" \/>\n<meta name=\"twitter:site\" content=\"@sandokaninsetti\" \/>\n<meta name=\"twitter:label1\" content=\"Dur\u00e9e de lecture estim\u00e9e\" \/>\n\t<meta name=\"twitter:data1\" content=\"3 minutes\" \/>\n<script type=\"application\/ld+json\" class=\"yoast-schema-graph\">{\"@context\":\"https:\\\/\\\/schema.org\",\"@graph\":[{\"@type\":\"WebPage\",\"@id\":\"https:\\\/\\\/sandokan.com\\\/fr\\\/prodotto\\\/kit-automizer-de-400-a-900m2\\\/\",\"url\":\"https:\\\/\\\/sandokan.com\\\/fr\\\/prodotto\\\/kit-automizer-de-400-a-900m2\\\/\",\"name\":\"Kit Sandokan de lutte int\u00e9gr\u00e9e contre les parasites pour les jardins de 400 \u00e0 900 m\u00e8tres carr\u00e9s - Sandokan\",\"isPartOf\":{\"@id\":\"https:\\\/\\\/sandokan.com\\\/fr\\\/#website\"},\"primaryImageOfPage\":{\"@id\":\"https:\\\/\\\/sandokan.com\\\/fr\\\/prodotto\\\/kit-automizer-de-400-a-900m2\\\/#primaryimage\"},\"image\":{\"@id\":\"https:\\\/\\\/sandokan.com\\\/fr\\\/prodotto\\\/kit-automizer-de-400-a-900m2\\\/#primaryimage\"},\"thumbnailUrl\":\"https:\\\/\\\/sandokan.com\\\/wp-content\\\/uploads\\\/2026\\\/03\\\/k2090Z-1.jpg\",\"datePublished\":\"2026-03-06T16:20:30+00:00\",\"description\":\"Kit de d\u00e9fense int\u00e9gr\u00e9, sans danger pour les personnes et les animaux domestiques, pour les jardins de 400 \u00e0 900 m\u00e8tres carr\u00e9s. Sandokan AUTOMIZER la solution ultime contre les moustiques.\",\"breadcrumb\":{\"@id\":\"https:\\\/\\\/sandokan.com\\\/fr\\\/prodotto\\\/kit-automizer-de-400-a-900m2\\\/#breadcrumb\"},\"inLanguage\":\"fr-FR\",\"potentialAction\":[{\"@type\":\"ReadAction\",\"target\":[\"https:\\\/\\\/sandokan.com\\\/fr\\\/prodotto\\\/kit-automizer-de-400-a-900m2\\\/\"]}]},{\"@type\":\"ImageObject\",\"inLanguage\":\"fr-FR\",\"@id\":\"https:\\\/\\\/sandokan.com\\\/fr\\\/prodotto\\\/kit-automizer-de-400-a-900m2\\\/#primaryimage\",\"url\":\"https:\\\/\\\/sandokan.com\\\/wp-content\\\/uploads\\\/2026\\\/03\\\/k2090Z-1.jpg\",\"contentUrl\":\"https:\\\/\\\/sandokan.com\\\/wp-content\\\/uploads\\\/2026\\\/03\\\/k2090Z-1.jpg\",\"width\":1280,\"height\":1280,\"caption\":\"Pacchetto Automizer 400-900 mq\"},{\"@type\":\"BreadcrumbList\",\"@id\":\"https:\\\/\\\/sandokan.com\\\/fr\\\/prodotto\\\/kit-automizer-de-400-a-900m2\\\/#breadcrumb\",\"itemListElement\":[{\"@type\":\"ListItem\",\"position\":1,\"name\":\"Sandokan\",\"item\":\"https:\\\/\\\/sandokan.com\\\/fr\\\/accueil\\\/\"},{\"@type\":\"ListItem\",\"position\":2,\"name\":\"Boutique\",\"item\":\"https:\\\/\\\/sandokan.com\\\/fr\\\/boutique\\\/\"},{\"@type\":\"ListItem\",\"position\":3,\"name\":\"Kit Automizer de 400 \u00e0 900m2\"}]},{\"@type\":\"WebSite\",\"@id\":\"https:\\\/\\\/sandokan.com\\\/fr\\\/#website\",\"url\":\"https:\\\/\\\/sandokan.com\\\/fr\\\/\",\"name\":\"Sandokan\",\"description\":\"Repellenti e Insetticidi\",\"publisher\":{\"@id\":\"https:\\\/\\\/sandokan.com\\\/fr\\\/#organization\"},\"potentialAction\":[{\"@type\":\"SearchAction\",\"target\":{\"@type\":\"EntryPoint\",\"urlTemplate\":\"https:\\\/\\\/sandokan.com\\\/fr\\\/?s={search_term_string}\"},\"query-input\":{\"@type\":\"PropertyValueSpecification\",\"valueRequired\":true,\"valueName\":\"search_term_string\"}}],\"inLanguage\":\"fr-FR\"},{\"@type\":\"Organization\",\"@id\":\"https:\\\/\\\/sandokan.com\\\/fr\\\/#organization\",\"name\":\"Sandokan | Repellenti Naturali per Interni ed Esterni\",\"url\":\"https:\\\/\\\/sandokan.com\\\/fr\\\/\",\"logo\":{\"@type\":\"ImageObject\",\"inLanguage\":\"fr-FR\",\"@id\":\"https:\\\/\\\/sandokan.com\\\/fr\\\/#\\\/schema\\\/logo\\\/image\\\/\",\"url\":\"https:\\\/\\\/sandokan.com\\\/wp-content\\\/uploads\\\/2022\\\/04\\\/Sandokan-Insetticidi-e-Repellenti-BIO-Mobile.png\",\"contentUrl\":\"https:\\\/\\\/sandokan.com\\\/wp-content\\\/uploads\\\/2022\\\/04\\\/Sandokan-Insetticidi-e-Repellenti-BIO-Mobile.png\",\"width\":350,\"height\":99,\"caption\":\"Sandokan | Repellenti Naturali per Interni ed Esterni\"},\"image\":{\"@id\":\"https:\\\/\\\/sandokan.com\\\/fr\\\/#\\\/schema\\\/logo\\\/image\\\/\"},\"sameAs\":[\"https:\\\/\\\/www.facebook.com\\\/zanzareeinsetti\\\/\",\"https:\\\/\\\/x.com\\\/sandokaninsetti\",\"https:\\\/\\\/www.youtube.com\\\/channel\\\/UCMv6YC7WVMIF6KXkcLnuVuw\"]}]}<\/script>\n<!-- \/ Yoast SEO plugin. -->","yoast_head_json":{"title":"Kit Sandokan de lutte int\u00e9gr\u00e9e contre les parasites pour les jardins de 400 \u00e0 900 m\u00e8tres carr\u00e9s - Sandokan","description":"Kit de d\u00e9fense int\u00e9gr\u00e9, sans danger pour les personnes et les animaux domestiques, pour les jardins de 400 \u00e0 900 m\u00e8tres carr\u00e9s. Sandokan AUTOMIZER la solution ultime contre les moustiques.","robots":{"index":"index","follow":"follow","max-snippet":"max-snippet:-1","max-image-preview":"max-image-preview:large","max-video-preview":"max-video-preview:-1"},"canonical":"https:\/\/sandokan.com\/fr\/prodotto\/kit-automizer-de-400-a-900m2\/","og_locale":"fr_FR","og_type":"article","og_title":"Kit Sandokan de lutte int\u00e9gr\u00e9e contre les parasites pour les jardins de 400 \u00e0 900 m\u00e8tres carr\u00e9s - Sandokan","og_description":"Kit de d\u00e9fense int\u00e9gr\u00e9, sans danger pour les personnes et les animaux domestiques, pour les jardins de 400 \u00e0 900 m\u00e8tres carr\u00e9s. Sandokan AUTOMIZER la solution ultime contre les moustiques.","og_url":"https:\/\/sandokan.com\/fr\/prodotto\/kit-automizer-de-400-a-900m2\/","og_site_name":"Sandokan","article_publisher":"https:\/\/www.facebook.com\/zanzareeinsetti\/","og_image":[{"width":1280,"height":1280,"url":"https:\/\/sandokan.com\/wp-content\/uploads\/2026\/03\/k2090Z-1.jpg","type":"image\/jpeg"}],"twitter_card":"summary_large_image","twitter_site":"@sandokaninsetti","twitter_misc":{"Dur\u00e9e de lecture estim\u00e9e":"3 minutes"},"schema":{"@context":"https:\/\/schema.org","@graph":[{"@type":"WebPage","@id":"https:\/\/sandokan.com\/fr\/prodotto\/kit-automizer-de-400-a-900m2\/","url":"https:\/\/sandokan.com\/fr\/prodotto\/kit-automizer-de-400-a-900m2\/","name":"Kit Sandokan de lutte int\u00e9gr\u00e9e contre les parasites pour les jardins de 400 \u00e0 900 m\u00e8tres carr\u00e9s - Sandokan","isPartOf":{"@id":"https:\/\/sandokan.com\/fr\/#website"},"primaryImageOfPage":{"@id":"https:\/\/sandokan.com\/fr\/prodotto\/kit-automizer-de-400-a-900m2\/#primaryimage"},"image":{"@id":"https:\/\/sandokan.com\/fr\/prodotto\/kit-automizer-de-400-a-900m2\/#primaryimage"},"thumbnailUrl":"https:\/\/sandokan.com\/wp-content\/uploads\/2026\/03\/k2090Z-1.jpg","datePublished":"2026-03-06T16:20:30+00:00","description":"Kit de d\u00e9fense int\u00e9gr\u00e9, sans danger pour les personnes et les animaux domestiques, pour les jardins de 400 \u00e0 900 m\u00e8tres carr\u00e9s. Sandokan AUTOMIZER la solution ultime contre les moustiques.","breadcrumb":{"@id":"https:\/\/sandokan.com\/fr\/prodotto\/kit-automizer-de-400-a-900m2\/#breadcrumb"},"inLanguage":"fr-FR","potentialAction":[{"@type":"ReadAction","target":["https:\/\/sandokan.com\/fr\/prodotto\/kit-automizer-de-400-a-900m2\/"]}]},{"@type":"ImageObject","inLanguage":"fr-FR","@id":"https:\/\/sandokan.com\/fr\/prodotto\/kit-automizer-de-400-a-900m2\/#primaryimage","url":"https:\/\/sandokan.com\/wp-content\/uploads\/2026\/03\/k2090Z-1.jpg","contentUrl":"https:\/\/sandokan.com\/wp-content\/uploads\/2026\/03\/k2090Z-1.jpg","width":1280,"height":1280,"caption":"Pacchetto Automizer 400-900 mq"},{"@type":"BreadcrumbList","@id":"https:\/\/sandokan.com\/fr\/prodotto\/kit-automizer-de-400-a-900m2\/#breadcrumb","itemListElement":[{"@type":"ListItem","position":1,"name":"Sandokan","item":"https:\/\/sandokan.com\/fr\/accueil\/"},{"@type":"ListItem","position":2,"name":"Boutique","item":"https:\/\/sandokan.com\/fr\/boutique\/"},{"@type":"ListItem","position":3,"name":"Kit Automizer de 400 \u00e0 900m2"}]},{"@type":"WebSite","@id":"https:\/\/sandokan.com\/fr\/#website","url":"https:\/\/sandokan.com\/fr\/","name":"Sandokan","description":"Repellenti e Insetticidi","publisher":{"@id":"https:\/\/sandokan.com\/fr\/#organization"},"potentialAction":[{"@type":"SearchAction","target":{"@type":"EntryPoint","urlTemplate":"https:\/\/sandokan.com\/fr\/?s={search_term_string}"},"query-input":{"@type":"PropertyValueSpecification","valueRequired":true,"valueName":"search_term_string"}}],"inLanguage":"fr-FR"},{"@type":"Organization","@id":"https:\/\/sandokan.com\/fr\/#organization","name":"Sandokan | Repellenti Naturali per Interni ed Esterni","url":"https:\/\/sandokan.com\/fr\/","logo":{"@type":"ImageObject","inLanguage":"fr-FR","@id":"https:\/\/sandokan.com\/fr\/#\/schema\/logo\/image\/","url":"https:\/\/sandokan.com\/wp-content\/uploads\/2022\/04\/Sandokan-Insetticidi-e-Repellenti-BIO-Mobile.png","contentUrl":"https:\/\/sandokan.com\/wp-content\/uploads\/2022\/04\/Sandokan-Insetticidi-e-Repellenti-BIO-Mobile.png","width":350,"height":99,"caption":"Sandokan | Repellenti Naturali per Interni ed Esterni"},"image":{"@id":"https:\/\/sandokan.com\/fr\/#\/schema\/logo\/image\/"},"sameAs":["https:\/\/www.facebook.com\/zanzareeinsetti\/","https:\/\/x.com\/sandokaninsetti","https:\/\/www.youtube.com\/channel\/UCMv6YC7WVMIF6KXkcLnuVuw"]}]}},"_links":{"self":[{"href":"https:\/\/sandokan.com\/fr\/wp-json\/wp\/v2\/product\/30146","targetHints":{"allow":["GET"]}}],"collection":[{"href":"https:\/\/sandokan.com\/fr\/wp-json\/wp\/v2\/product"}],"about":[{"href":"https:\/\/sandokan.com\/fr\/wp-json\/wp\/v2\/types\/product"}],"replies":[{"embeddable":true,"href":"https:\/\/sandokan.com\/fr\/wp-json\/wp\/v2\/comments?post=30146"}],"wp:featuredmedia":[{"embeddable":true,"href":"https:\/\/sandokan.com\/fr\/wp-json\/wp\/v2\/media\/30149"}],"wp:attachment":[{"href":"https:\/\/sandokan.com\/fr\/wp-json\/wp\/v2\/media?parent=30146"}],"wp:term":[{"taxonomy":"product_brand","embeddable":true,"href":"https:\/\/sandokan.com\/fr\/wp-json\/wp\/v2\/product_brand?post=30146"},{"taxonomy":"product_cat","embeddable":true,"href":"https:\/\/sandokan.com\/fr\/wp-json\/wp\/v2\/product_cat?post=30146"},{"taxonomy":"product_tag","embeddable":true,"href":"https:\/\/sandokan.com\/fr\/wp-json\/wp\/v2\/product_tag?post=30146"}],"curies":[{"name":"wp","href":"https:\/\/api.w.org\/{rel}","templated":true}]}}