{"id":30159,"date":"2026-03-09T10:40:33","date_gmt":"2026-03-09T09:40:33","guid":{"rendered":"https:\/\/sandokan.com\/prodotto\/kit-automizer-de-1200-a-2000m2\/"},"modified":"2026-03-09T10:40:33","modified_gmt":"2026-03-09T09:40:33","slug":"kit-automizer-de-1200-a-2000m2","status":"publish","type":"product","link":"https:\/\/sandokan.com\/fr\/prodotto\/kit-automizer-de-1200-a-2000m2\/","title":{"rendered":"Kit Automizer de 1200 \u00e0 2000m2"},"content":{"rendered":"<h3><span><strong>Kit Automizer pour jardins de 1200 \u00e0 2000m2 avec Insecticide Moustique<\/strong><\/span><\/h3>\n<h6><strong>Kit pour la d\u00e9fense int\u00e9gr\u00e9e de votre jardin contre les moustiques<\/strong><\/h6>\n<p>Chez Sandokan, nous avons mis au point un syst\u00e8me <strong>int\u00e9gr\u00e9<\/strong> de <strong>lutte contre les parasites<\/strong> pour prot\u00e9ger votre jardin des moustiques. Un seul syst\u00e8me de d\u00e9fense peut ne pas suffire. Contrairement \u00e0 tous les autres syst\u00e8mes, Sandokan vous propose une <strong>solution compl\u00e8te pour<\/strong> vous <strong>prot\u00e9ger<\/strong>, ainsi que votre famille et vos animaux domestiques <strong>, contre les moustiques<\/strong> et les <strong>maladies dangereuses<\/strong> qu&rsquo;ils peuvent transmettre. C&rsquo;est pourquoi nous avons con\u00e7u des kits de d\u00e9fense adapt\u00e9s \u00e0 vos besoins.   <\/p>\n<h5><strong>Ce kit Automizer de 1200 \u00e0 2000 m\u00e8tres carr\u00e9s avec insecticide est id\u00e9al pour prot\u00e9ger les grandes surfaces et les zones p\u00e9rim\u00e9triques.<\/strong><\/h5>\n<h5><strong>La d\u00e9fense Sandokan en 4 coups :<\/strong><\/h5>\n<ul>\n<li><strong>Action pr\u00e9ventive<\/strong> avec des larvicides dans les \u00e9tangs, les soucoupes, les goutti\u00e8res, etc.<\/li>\n<li><strong>Action ABBACTIVE <\/strong> automatis\u00e9e avec Automizer par pulv\u00e9risation d&rsquo;insecticide<\/li>\n<li><strong>Effet BARRIER<\/strong> avec pulv\u00e9risation de r\u00e9pulsif via Automizer dans les zones de vie<\/li>\n<li><strong>Protection ACTIVE<\/strong> et CONTINUE avec Insect Killer<\/li>\n<\/ul>\n<h5><strong>Contenu du kit :<\/strong><\/h5>\n<ul>\n<li>1x Syst\u00e8me de <strong>n\u00e9bulisation AUTOMIZER de 40 litres aliment\u00e9 par 12 volts<\/strong><\/li>\n<li><span data-teams=\"true\"><strong>Accessoires d&rsquo;installation<\/strong> (le kit comprend 66 m\u00e8tres de tuyau + 20 buses de pulv\u00e9risation + 4 capuchons + 2 t\u00e9s + 100 colliers de serrage + 40 clips de fixation)<\/span><\/li>\n<li><strong>3x<\/strong> <span data-teams=\"true\"> Kit d&rsquo;<\/span> <strong>extension<\/strong> <span data-teams=\"true\">(le kit comprend 33 m\u00e8tres de tuyau + 10 buses de pulv\u00e9risation + 2 capuchons + 1 connecteur en T + 50 colliers + 20 clips de fixation)<\/span><\/li>\n<li>1x bouteille de 1 litre d&rsquo;<strong>insecticide concentr\u00e9<\/strong> Zatox<\/li>\n<li><span data-teams=\"true\">1x Manuel de l&rsquo;utilisateur<\/span><\/li>\n<li>50x <strong>comprim\u00e9s Larvicide<\/strong> d&rsquo;une valeur de \u20ac14.99 &#8211; <span style=\"color: #8b0000;\"><strong>HOMAGE<\/strong><\/span><\/li>\n<li><strong>Insect Killer STAR ZAN<\/strong> (aspirateur \u00e9lectro-insecticide. Dimensions<strong>(HxLxP)<\/strong><span>: 57cm x 31cm x 31cm<\/span>) d&rsquo;une valeur de \u20ac199.90 &#8211; <span style=\"color: #8b0000;\"><strong>HOMAGE<\/strong><\/span> <\/li>\n<\/ul>\n<h5><strong>Principales caract\u00e9ristiques de l&rsquo;atomiseur automatique Automizer :<\/strong><\/h5>\n<ul>\n<li><strong>Sans danger<\/strong> pour les personnes, les animaux et l&rsquo;environnement gr\u00e2ce \u00e0 la possibilit\u00e9 de pulv\u00e9riser la nuit dans les zones p\u00e9rim\u00e9triques et gr\u00e2ce \u00e0 la substance active photolabile de l&rsquo;insecticide.<\/li>\n<li>Alimentation <strong>12V <\/strong>avec transformateur 230V inclus<\/li>\n<li><strong>Couverture<\/strong> jusqu&rsquo;\u00e0 2000m\u00b2 avec 150 m\u00e8tres lin\u00e9aires de tuyauterie<\/li>\n<li><strong>Grand r\u00e9servoir de<\/strong> 40 litres avec m\u00e9langeur pour une pulv\u00e9risation toujours efficace<\/li>\n<li><strong>Pulv\u00e9risateur automatique<\/strong> avec 14 programmes pr\u00e9r\u00e9gl\u00e9s et un programme personnalisable : de 1 pulv\u00e9risation par semaine \u00e0 8 par jour + contr\u00f4le manuel<\/li>\n<li><strong>Alarmes int\u00e9gr\u00e9es<\/strong> pour le r\u00e9servoir vide, la temp\u00e9rature critique et le d\u00e9but de la distribution<\/li>\n<li>Une <strong>installation simple<\/strong> qui peut \u00eatre r\u00e9alis\u00e9e de mani\u00e8re autonome et sans \u00e9quipement sp\u00e9cial<\/li>\n<li><strong>\u00c9CONOMIQUE<\/strong>, sans frais de maintenance ni d&rsquo;abonnement<\/li>\n<li>Fabriqu\u00e9 en Italie par Sandokan avec un brevet international<\/li>\n<li>Conformit\u00e9 CE RoHS<\/li>\n<\/ul>\n<h5><strong>Comment utiliser le syst\u00e8me anti-moustique AUTOMIZER pour le jardin Sandokan ?<\/strong><\/h5>\n<ul>\n<li><strong>Placez des micro-pulv\u00e9risateurs<\/strong> \u00e0 des endroits strat\u00e9giques du jardin ou de la zone \u00e0 traiter.<\/li>\n<li><strong>Connectez l&rsquo;appareil \u00e0 l&rsquo;alimentation<\/strong> via le transformateur IPX4.<\/li>\n<li><strong>Remplissez le r\u00e9servoir de 40 litres<\/strong> avec la formulation dilu\u00e9e de Sandokan conform\u00e9ment aux instructions figurant sur l&rsquo;\u00e9tiquette.<\/li>\n<li><strong>R\u00e9glez les cycles et les dur\u00e9es de distribution<\/strong> via le panneau de commande \u00e0 touches tactiles.<\/li>\n<li><b>Activez la distribution manuelle du r\u00e9pulsif <\/b>si n\u00e9cessaire<\/li>\n<li><strong>V\u00e9rifiez p\u00e9riodiquement le niveau du r\u00e9servoir<\/strong> et l&rsquo;\u00e9tat des buses.<\/li>\n<\/ul>\n<h5><strong>Insectes cibles<\/strong><\/h5>\n<p>moustiques, moustiques tigres, phl\u00e9botomes, punaises, puces, tiques<\/p>\n","protected":false},"excerpt":{"rendered":"<table border=\"1\" cellspacing=\"0\" cellpadding=\"8\">\n<tbody>\n<tr>\n<th>Taille de l&rsquo;Automizer<\/th>\n<td>40x40x60 (lxlxh)<\/td>\n<\/tr>\n<tr>\n<th>Couverture<\/th>\n<td>De 1200 \u00e0 2000m2<\/td>\n<\/tr>\n<tr>\n<th>M\u00e8tres lin\u00e9aires de tuyaux<\/th>\n<td>150 m\u00e8tres<\/td>\n<\/tr>\n<tr>\n<th>Buses<\/th>\n<td>50<\/td>\n<\/tr>\n<\/tbody>\n<\/table>\n<p><strong>LE CONTENU DU KIT :<\/strong><\/p>\n<ul>\n<li>1x <strong>AUTOMIZER<\/strong> Syst\u00e8me de <strong>pulv\u00e9risation de 40 litres avec transformateur 12v pour la connexion \u00e9lectrique<\/strong><\/li>\n<li><strong>3x<\/strong> <strong>kit d&rsquo;extension<\/strong><\/li>\n<li><strong>Accessoires d&rsquo;installation<\/strong><\/li>\n<li>1x bouteille de 1 litre d&rsquo;<strong>insecticide concentr\u00e9<\/strong> Zatox<\/li>\n<li><span data-teams=\"true\">1x Manuel de l&rsquo;utilisateur<\/span><\/li>\n<li>50x <strong>comprim\u00e9s Larvicide<\/strong> d&rsquo;une valeur de \u20ac14.99 &#8211; <span style=\"color: #8b0000;\"><strong>HOMAGE<\/strong><\/span><\/li>\n<li>STAR-ZAN <strong>aspirateur \u00e9lectro-insecticide<\/strong> d&rsquo;une valeur de \u20ac 199.90 &#8211; <span style=\"color: #8b0000;\"><strong>HOMAGE<\/strong><\/span><\/li>\n<\/ul>\n","protected":false},"featured_media":30160,"comment_status":"closed","ping_status":"closed","template":"","meta":{"_acf_changed":false,"inline_featured_image":false},"product_brand":[],"product_cat":[810,811,809,808],"product_tag":[815,817,816,813,812,814],"class_list":{"0":"post-30159","1":"product","2":"type-product","3":"status-publish","4":"has-post-thumbnail","6":"product_cat-automizer","7":"product_cat-distributeurs","8":"product_cat-kit","9":"product_cat-larvicides","10":"product_tag-automate","11":"product_tag-automatique","12":"product_tag-insecticide","13":"product_tag-kit","14":"product_tag-moustiques","15":"product_tag-systemes-automatises","17":"first","18":"instock","19":"featured","20":"taxable","21":"shipping-taxable","22":"purchasable","23":"product-type-bundle"},"bundled_by":[],"bundle_stock_status":"instock","bundle_stock_quantity":"","bundle_virtual":false,"bundle_layout":"default","bundle_add_to_cart_form_location":"default","bundle_editable_in_cart":false,"bundle_sold_individually_context":"product","bundle_item_grouping":"parent","bundle_min_size":"","bundle_max_size":"","bundle_price":{"price":{"min":{"incl_tax":"630","excl_tax":"516.393443"},"max":{"incl_tax":"630","excl_tax":"516.393443"}},"regular_price":{"min":{"incl_tax":"630","excl_tax":"516.393443"},"max":{"incl_tax":"630","excl_tax":"516.393443"}}},"bundled_items":[{"bundled_item_id":620,"product_id":30426,"menu_order":0,"quantity_min":1,"quantity_max":1,"quantity_default":1,"priced_individually":false,"shipped_individually":false,"override_title":false,"title":"AUTOMIZER PROFESSIONAL 12V Sandokan","override_description":false,"description":"","optional":false,"hide_thumbnail":false,"discount":"","override_variations":false,"allowed_variations":[],"override_default_variation_attributes":false,"default_variation_attributes":[],"single_product_visibility":"hidden","cart_visibility":"visible","order_visibility":"visible","single_product_price_visibility":"visible","cart_price_visibility":"visible","order_price_visibility":"visible","stock_status":"in_stock"},{"bundled_item_id":621,"product_id":30462,"menu_order":1,"quantity_min":3,"quantity_max":3,"quantity_default":3,"priced_individually":false,"shipped_individually":false,"override_title":false,"title":"KIT ESPANSIONE per AUTOMIZER Sandokan","override_description":false,"description":"","optional":false,"hide_thumbnail":false,"discount":"","override_variations":false,"allowed_variations":[],"override_default_variation_attributes":false,"default_variation_attributes":[],"single_product_visibility":"hidden","cart_visibility":"visible","order_visibility":"visible","single_product_price_visibility":"visible","cart_price_visibility":"visible","order_price_visibility":"visible","stock_status":"in_stock"},{"bundled_item_id":622,"product_id":30424,"menu_order":2,"quantity_min":1,"quantity_max":1,"quantity_default":1,"priced_individually":false,"shipped_individually":false,"override_title":false,"title":"Insetticida per zanzare Concentrato Liquido per Sistemi Automatici","override_description":false,"description":"","optional":false,"hide_thumbnail":false,"discount":"","override_variations":true,"allowed_variations":[27439],"override_default_variation_attributes":true,"default_variation_attributes":[{"id":0,"name":"Formato","option":"1L"}],"single_product_visibility":"hidden","cart_visibility":"visible","order_visibility":"visible","single_product_price_visibility":"visible","cart_price_visibility":"visible","order_price_visibility":"visible","stock_status":"in_stock"},{"bundled_item_id":623,"product_id":30407,"menu_order":3,"quantity_min":1,"quantity_max":1,"quantity_default":1,"priced_individually":false,"shipped_individually":false,"override_title":false,"title":"Proxilar Compresse Pastiglie Larvicide per Zanzare","override_description":false,"description":"","optional":false,"hide_thumbnail":false,"discount":"","override_variations":false,"allowed_variations":[],"override_default_variation_attributes":false,"default_variation_attributes":[],"single_product_visibility":"hidden","cart_visibility":"visible","order_visibility":"visible","single_product_price_visibility":"visible","cart_price_visibility":"visible","order_price_visibility":"visible","stock_status":"in_stock"},{"bundled_item_id":624,"product_id":30512,"menu_order":4,"quantity_min":1,"quantity_max":1,"quantity_default":1,"priced_individually":false,"shipped_individually":false,"override_title":false,"title":"Star-Zan 4.0 Elettroinsetticida ad aspirazione","override_description":false,"description":"","optional":false,"hide_thumbnail":false,"discount":"","override_variations":false,"allowed_variations":[],"override_default_variation_attributes":false,"default_variation_attributes":[],"single_product_visibility":"hidden","cart_visibility":"visible","order_visibility":"visible","single_product_price_visibility":"visible","cart_price_visibility":"visible","order_price_visibility":"visible","stock_status":"in_stock"}],"bundle_sell_ids":[],"acf":[],"yoast_head":"<!-- This site is optimized with the Yoast SEO plugin v27.5 - https:\/\/yoast.com\/product\/yoast-seo-wordpress\/ -->\n<title>Kit Sandokan de lutte int\u00e9gr\u00e9e contre les parasites pour les jardins de 1200 \u00e0 2000m2 - Sandokan<\/title>\n<meta name=\"description\" content=\"Kit de d\u00e9fense int\u00e9gr\u00e9 sans danger pour les personnes et les animaux domestiques, pour les jardins de 1200 \u00e0 2000m2. Sandokan AUTOMIZER la solution ultime contre les moustiques.\" \/>\n<meta name=\"robots\" content=\"index, follow, max-snippet:-1, max-image-preview:large, max-video-preview:-1\" \/>\n<link rel=\"canonical\" href=\"https:\/\/sandokan.com\/fr\/prodotto\/kit-automizer-de-1200-a-2000m2\/\" \/>\n<meta property=\"og:locale\" content=\"fr_FR\" \/>\n<meta property=\"og:type\" content=\"article\" \/>\n<meta property=\"og:title\" content=\"Kit Sandokan de lutte int\u00e9gr\u00e9e contre les parasites pour les jardins de 1200 \u00e0 2000m2 - Sandokan\" \/>\n<meta property=\"og:description\" content=\"Kit de d\u00e9fense int\u00e9gr\u00e9 sans danger pour les personnes et les animaux domestiques, pour les jardins de 1200 \u00e0 2000m2. Sandokan AUTOMIZER la solution ultime contre les moustiques.\" \/>\n<meta property=\"og:url\" content=\"https:\/\/sandokan.com\/fr\/prodotto\/kit-automizer-de-1200-a-2000m2\/\" \/>\n<meta property=\"og:site_name\" content=\"Sandokan\" \/>\n<meta property=\"article:publisher\" content=\"https:\/\/www.facebook.com\/zanzareeinsetti\/\" \/>\n<meta property=\"og:image\" content=\"https:\/\/sandokan.com\/wp-content\/uploads\/2026\/03\/K40150-1.jpg\" \/>\n\t<meta property=\"og:image:width\" content=\"1536\" \/>\n\t<meta property=\"og:image:height\" content=\"1536\" \/>\n\t<meta property=\"og:image:type\" content=\"image\/jpeg\" \/>\n<meta name=\"twitter:card\" content=\"summary_large_image\" \/>\n<meta name=\"twitter:site\" content=\"@sandokaninsetti\" \/>\n<meta name=\"twitter:label1\" content=\"Dur\u00e9e de lecture estim\u00e9e\" \/>\n\t<meta name=\"twitter:data1\" content=\"3 minutes\" \/>\n<script type=\"application\/ld+json\" class=\"yoast-schema-graph\">{\"@context\":\"https:\\\/\\\/schema.org\",\"@graph\":[{\"@type\":\"WebPage\",\"@id\":\"https:\\\/\\\/sandokan.com\\\/fr\\\/prodotto\\\/kit-automizer-de-1200-a-2000m2\\\/\",\"url\":\"https:\\\/\\\/sandokan.com\\\/fr\\\/prodotto\\\/kit-automizer-de-1200-a-2000m2\\\/\",\"name\":\"Kit Sandokan de lutte int\u00e9gr\u00e9e contre les parasites pour les jardins de 1200 \u00e0 2000m2 - Sandokan\",\"isPartOf\":{\"@id\":\"https:\\\/\\\/sandokan.com\\\/fr\\\/#website\"},\"primaryImageOfPage\":{\"@id\":\"https:\\\/\\\/sandokan.com\\\/fr\\\/prodotto\\\/kit-automizer-de-1200-a-2000m2\\\/#primaryimage\"},\"image\":{\"@id\":\"https:\\\/\\\/sandokan.com\\\/fr\\\/prodotto\\\/kit-automizer-de-1200-a-2000m2\\\/#primaryimage\"},\"thumbnailUrl\":\"https:\\\/\\\/sandokan.com\\\/wp-content\\\/uploads\\\/2026\\\/03\\\/K40150-1.jpg\",\"datePublished\":\"2026-03-09T09:40:33+00:00\",\"description\":\"Kit de d\u00e9fense int\u00e9gr\u00e9 sans danger pour les personnes et les animaux domestiques, pour les jardins de 1200 \u00e0 2000m2. Sandokan AUTOMIZER la solution ultime contre les moustiques.\",\"breadcrumb\":{\"@id\":\"https:\\\/\\\/sandokan.com\\\/fr\\\/prodotto\\\/kit-automizer-de-1200-a-2000m2\\\/#breadcrumb\"},\"inLanguage\":\"fr-FR\",\"potentialAction\":[{\"@type\":\"ReadAction\",\"target\":[\"https:\\\/\\\/sandokan.com\\\/fr\\\/prodotto\\\/kit-automizer-de-1200-a-2000m2\\\/\"]}]},{\"@type\":\"ImageObject\",\"inLanguage\":\"fr-FR\",\"@id\":\"https:\\\/\\\/sandokan.com\\\/fr\\\/prodotto\\\/kit-automizer-de-1200-a-2000m2\\\/#primaryimage\",\"url\":\"https:\\\/\\\/sandokan.com\\\/wp-content\\\/uploads\\\/2026\\\/03\\\/K40150-1.jpg\",\"contentUrl\":\"https:\\\/\\\/sandokan.com\\\/wp-content\\\/uploads\\\/2026\\\/03\\\/K40150-1.jpg\",\"width\":1536,\"height\":1536},{\"@type\":\"BreadcrumbList\",\"@id\":\"https:\\\/\\\/sandokan.com\\\/fr\\\/prodotto\\\/kit-automizer-de-1200-a-2000m2\\\/#breadcrumb\",\"itemListElement\":[{\"@type\":\"ListItem\",\"position\":1,\"name\":\"Sandokan\",\"item\":\"https:\\\/\\\/sandokan.com\\\/fr\\\/accueil\\\/\"},{\"@type\":\"ListItem\",\"position\":2,\"name\":\"Boutique\",\"item\":\"https:\\\/\\\/sandokan.com\\\/fr\\\/boutique\\\/\"},{\"@type\":\"ListItem\",\"position\":3,\"name\":\"Kit Automizer de 1200 \u00e0 2000m2\"}]},{\"@type\":\"WebSite\",\"@id\":\"https:\\\/\\\/sandokan.com\\\/fr\\\/#website\",\"url\":\"https:\\\/\\\/sandokan.com\\\/fr\\\/\",\"name\":\"Sandokan\",\"description\":\"Repellenti e Insetticidi\",\"publisher\":{\"@id\":\"https:\\\/\\\/sandokan.com\\\/fr\\\/#organization\"},\"potentialAction\":[{\"@type\":\"SearchAction\",\"target\":{\"@type\":\"EntryPoint\",\"urlTemplate\":\"https:\\\/\\\/sandokan.com\\\/fr\\\/?s={search_term_string}\"},\"query-input\":{\"@type\":\"PropertyValueSpecification\",\"valueRequired\":true,\"valueName\":\"search_term_string\"}}],\"inLanguage\":\"fr-FR\"},{\"@type\":\"Organization\",\"@id\":\"https:\\\/\\\/sandokan.com\\\/fr\\\/#organization\",\"name\":\"Sandokan | Repellenti Naturali per Interni ed Esterni\",\"url\":\"https:\\\/\\\/sandokan.com\\\/fr\\\/\",\"logo\":{\"@type\":\"ImageObject\",\"inLanguage\":\"fr-FR\",\"@id\":\"https:\\\/\\\/sandokan.com\\\/fr\\\/#\\\/schema\\\/logo\\\/image\\\/\",\"url\":\"https:\\\/\\\/sandokan.com\\\/wp-content\\\/uploads\\\/2022\\\/04\\\/Sandokan-Insetticidi-e-Repellenti-BIO-Mobile.png\",\"contentUrl\":\"https:\\\/\\\/sandokan.com\\\/wp-content\\\/uploads\\\/2022\\\/04\\\/Sandokan-Insetticidi-e-Repellenti-BIO-Mobile.png\",\"width\":350,\"height\":99,\"caption\":\"Sandokan | Repellenti Naturali per Interni ed Esterni\"},\"image\":{\"@id\":\"https:\\\/\\\/sandokan.com\\\/fr\\\/#\\\/schema\\\/logo\\\/image\\\/\"},\"sameAs\":[\"https:\\\/\\\/www.facebook.com\\\/zanzareeinsetti\\\/\",\"https:\\\/\\\/x.com\\\/sandokaninsetti\",\"https:\\\/\\\/www.youtube.com\\\/channel\\\/UCMv6YC7WVMIF6KXkcLnuVuw\"]}]}<\/script>\n<!-- \/ Yoast SEO plugin. -->","yoast_head_json":{"title":"Kit Sandokan de lutte int\u00e9gr\u00e9e contre les parasites pour les jardins de 1200 \u00e0 2000m2 - Sandokan","description":"Kit de d\u00e9fense int\u00e9gr\u00e9 sans danger pour les personnes et les animaux domestiques, pour les jardins de 1200 \u00e0 2000m2. Sandokan AUTOMIZER la solution ultime contre les moustiques.","robots":{"index":"index","follow":"follow","max-snippet":"max-snippet:-1","max-image-preview":"max-image-preview:large","max-video-preview":"max-video-preview:-1"},"canonical":"https:\/\/sandokan.com\/fr\/prodotto\/kit-automizer-de-1200-a-2000m2\/","og_locale":"fr_FR","og_type":"article","og_title":"Kit Sandokan de lutte int\u00e9gr\u00e9e contre les parasites pour les jardins de 1200 \u00e0 2000m2 - Sandokan","og_description":"Kit de d\u00e9fense int\u00e9gr\u00e9 sans danger pour les personnes et les animaux domestiques, pour les jardins de 1200 \u00e0 2000m2. Sandokan AUTOMIZER la solution ultime contre les moustiques.","og_url":"https:\/\/sandokan.com\/fr\/prodotto\/kit-automizer-de-1200-a-2000m2\/","og_site_name":"Sandokan","article_publisher":"https:\/\/www.facebook.com\/zanzareeinsetti\/","og_image":[{"width":1536,"height":1536,"url":"https:\/\/sandokan.com\/wp-content\/uploads\/2026\/03\/K40150-1.jpg","type":"image\/jpeg"}],"twitter_card":"summary_large_image","twitter_site":"@sandokaninsetti","twitter_misc":{"Dur\u00e9e de lecture estim\u00e9e":"3 minutes"},"schema":{"@context":"https:\/\/schema.org","@graph":[{"@type":"WebPage","@id":"https:\/\/sandokan.com\/fr\/prodotto\/kit-automizer-de-1200-a-2000m2\/","url":"https:\/\/sandokan.com\/fr\/prodotto\/kit-automizer-de-1200-a-2000m2\/","name":"Kit Sandokan de lutte int\u00e9gr\u00e9e contre les parasites pour les jardins de 1200 \u00e0 2000m2 - Sandokan","isPartOf":{"@id":"https:\/\/sandokan.com\/fr\/#website"},"primaryImageOfPage":{"@id":"https:\/\/sandokan.com\/fr\/prodotto\/kit-automizer-de-1200-a-2000m2\/#primaryimage"},"image":{"@id":"https:\/\/sandokan.com\/fr\/prodotto\/kit-automizer-de-1200-a-2000m2\/#primaryimage"},"thumbnailUrl":"https:\/\/sandokan.com\/wp-content\/uploads\/2026\/03\/K40150-1.jpg","datePublished":"2026-03-09T09:40:33+00:00","description":"Kit de d\u00e9fense int\u00e9gr\u00e9 sans danger pour les personnes et les animaux domestiques, pour les jardins de 1200 \u00e0 2000m2. Sandokan AUTOMIZER la solution ultime contre les moustiques.","breadcrumb":{"@id":"https:\/\/sandokan.com\/fr\/prodotto\/kit-automizer-de-1200-a-2000m2\/#breadcrumb"},"inLanguage":"fr-FR","potentialAction":[{"@type":"ReadAction","target":["https:\/\/sandokan.com\/fr\/prodotto\/kit-automizer-de-1200-a-2000m2\/"]}]},{"@type":"ImageObject","inLanguage":"fr-FR","@id":"https:\/\/sandokan.com\/fr\/prodotto\/kit-automizer-de-1200-a-2000m2\/#primaryimage","url":"https:\/\/sandokan.com\/wp-content\/uploads\/2026\/03\/K40150-1.jpg","contentUrl":"https:\/\/sandokan.com\/wp-content\/uploads\/2026\/03\/K40150-1.jpg","width":1536,"height":1536},{"@type":"BreadcrumbList","@id":"https:\/\/sandokan.com\/fr\/prodotto\/kit-automizer-de-1200-a-2000m2\/#breadcrumb","itemListElement":[{"@type":"ListItem","position":1,"name":"Sandokan","item":"https:\/\/sandokan.com\/fr\/accueil\/"},{"@type":"ListItem","position":2,"name":"Boutique","item":"https:\/\/sandokan.com\/fr\/boutique\/"},{"@type":"ListItem","position":3,"name":"Kit Automizer de 1200 \u00e0 2000m2"}]},{"@type":"WebSite","@id":"https:\/\/sandokan.com\/fr\/#website","url":"https:\/\/sandokan.com\/fr\/","name":"Sandokan","description":"Repellenti e Insetticidi","publisher":{"@id":"https:\/\/sandokan.com\/fr\/#organization"},"potentialAction":[{"@type":"SearchAction","target":{"@type":"EntryPoint","urlTemplate":"https:\/\/sandokan.com\/fr\/?s={search_term_string}"},"query-input":{"@type":"PropertyValueSpecification","valueRequired":true,"valueName":"search_term_string"}}],"inLanguage":"fr-FR"},{"@type":"Organization","@id":"https:\/\/sandokan.com\/fr\/#organization","name":"Sandokan | Repellenti Naturali per Interni ed Esterni","url":"https:\/\/sandokan.com\/fr\/","logo":{"@type":"ImageObject","inLanguage":"fr-FR","@id":"https:\/\/sandokan.com\/fr\/#\/schema\/logo\/image\/","url":"https:\/\/sandokan.com\/wp-content\/uploads\/2022\/04\/Sandokan-Insetticidi-e-Repellenti-BIO-Mobile.png","contentUrl":"https:\/\/sandokan.com\/wp-content\/uploads\/2022\/04\/Sandokan-Insetticidi-e-Repellenti-BIO-Mobile.png","width":350,"height":99,"caption":"Sandokan | Repellenti Naturali per Interni ed Esterni"},"image":{"@id":"https:\/\/sandokan.com\/fr\/#\/schema\/logo\/image\/"},"sameAs":["https:\/\/www.facebook.com\/zanzareeinsetti\/","https:\/\/x.com\/sandokaninsetti","https:\/\/www.youtube.com\/channel\/UCMv6YC7WVMIF6KXkcLnuVuw"]}]}},"_links":{"self":[{"href":"https:\/\/sandokan.com\/fr\/wp-json\/wp\/v2\/product\/30159","targetHints":{"allow":["GET"]}}],"collection":[{"href":"https:\/\/sandokan.com\/fr\/wp-json\/wp\/v2\/product"}],"about":[{"href":"https:\/\/sandokan.com\/fr\/wp-json\/wp\/v2\/types\/product"}],"replies":[{"embeddable":true,"href":"https:\/\/sandokan.com\/fr\/wp-json\/wp\/v2\/comments?post=30159"}],"wp:featuredmedia":[{"embeddable":true,"href":"https:\/\/sandokan.com\/fr\/wp-json\/wp\/v2\/media\/30160"}],"wp:attachment":[{"href":"https:\/\/sandokan.com\/fr\/wp-json\/wp\/v2\/media?parent=30159"}],"wp:term":[{"taxonomy":"product_brand","embeddable":true,"href":"https:\/\/sandokan.com\/fr\/wp-json\/wp\/v2\/product_brand?post=30159"},{"taxonomy":"product_cat","embeddable":true,"href":"https:\/\/sandokan.com\/fr\/wp-json\/wp\/v2\/product_cat?post=30159"},{"taxonomy":"product_tag","embeddable":true,"href":"https:\/\/sandokan.com\/fr\/wp-json\/wp\/v2\/product_tag?post=30159"}],"curies":[{"name":"wp","href":"https:\/\/api.w.org\/{rel}","templated":true}]}}