{"id":30406,"date":"2025-03-21T09:55:04","date_gmt":"2025-03-21T08:55:04","guid":{"rendered":"https:\/\/sandokan.com\/prodotto\/bl-flower-insect-repellent-pour-les-systemes-automatiques\/"},"modified":"2025-03-21T09:55:04","modified_gmt":"2025-03-21T08:55:04","slug":"bl-flower-insect-repellent-pour-les-systemes-automatiques","status":"publish","type":"product","link":"https:\/\/sandokan.com\/fr\/prodotto\/bl-flower-insect-repellent-pour-les-systemes-automatiques\/","title":{"rendered":"BL Flower Insect Repellent pour les syst\u00e8mes automatiques"},"content":{"rendered":"<h3><strong>Insecticide concentr\u00e9 pour syst\u00e8mes automatiques \u00e0 base naturelle<\/strong><\/h3>\n<p>L<strong>&lsquo;insectifuge concentr\u00e9 pour syst\u00e8mes automatiques de 1 litre de Sandokan <\/strong>est la solution id\u00e9ale pour \u00e9loigner les <strong>moustiques<\/strong> et les insectes des jardins, des terrasses et des espaces int\u00e9rieurs et ext\u00e9rieurs. Son principe actif, d\u00e9riv\u00e9 de l&rsquo;huile d&rsquo;eucalyptus citriodora, est enrichi de mol\u00e9cules de citronnelle qui renforcent l&rsquo;effet r\u00e9pulsif. Gr\u00e2ce \u00e0 sa formulation, l&rsquo;action anti-moustique est efficace jusqu&rsquo;\u00e0 24 heures apr\u00e8s le traitement. Sp\u00e9cialement formul\u00e9 pour \u00eatre utilis\u00e9 avec les syst\u00e8mes anti-moustiques automatiques <strong>AUTOMIZER Sandokan<\/strong>, il garantit une<strong>action r\u00e9pulsive rapide et durable contre les moustiques communs et les moustiques tigres<\/strong>.   <\/p>\n<p>Parfait pour les <strong>espaces verts et les zones d&rsquo;habitation<\/strong>, BL FLOWER en micro\u00e9mulsion peut \u00eatre utilis\u00e9 dans les domaines d&rsquo;application suivants :<\/p>\n<ul>\n<li>Logements, \u00e9tablissements publics, magasins, \u00e9coles, casernes, bureaux, cin\u00e9mas, th\u00e9\u00e2tres, biblioth\u00e8ques, communaut\u00e9s, entrep\u00f4ts, locaux publics en g\u00e9n\u00e9ral<\/li>\n<li>Espaces verts, jardins, piscines, parcs, haies, buissons, v\u00e9randas, etc.<\/li>\n<li>Centres de vacances, fermes, h\u00f4tels, campings, installations sportives et r\u00e9cr\u00e9atives, etc.<\/li>\n<li>Zones portuaires et a\u00e9roportuaires, moyens de transport (bus, bateaux, trains, voitures, etc.) \u00e0 l&rsquo;exclusion des avions<\/li>\n<li>Zones industrielles, entrep\u00f4ts, zones de stockage<\/li>\n<\/ul>\n<p>BL FLOWER 10E doit \u00eatre dilu\u00e9 dans l&rsquo;eau au moment de l&rsquo;utilisation selon les doses indiqu\u00e9es ci-dessous. Pour les traitements en int\u00e9rieur, il est recommand\u00e9 d&rsquo;utiliser des pompes manuelles ou \u00e9lectriques \u00e0 basse pression. Pour les traitements en ext\u00e9rieur, il est recommand\u00e9 d&rsquo;utiliser des pompes manuelles ou \u00e9lectriques \u00e0 basse pression, des pulv\u00e9risateurs \u00e0 moteur, des syst\u00e8mes fixes de pulv\u00e9risation automatique (Automizer Sandokan). Dans tous les cas, pour les traitements dans les espaces verts, il est recommand\u00e9 de mouiller uniform\u00e9ment la v\u00e9g\u00e9tation, en \u00e9vitant les gouttes.  <\/p>\n<h5><strong>Caract\u00e9ristiques principales<\/strong><\/h5>\n<ul>\n<li><strong>Concentr\u00e9 de 1 litre<\/strong> &#8211; Rendement \u00e9lev\u00e9 pour les traitements prolong\u00e9s et r\u00e9p\u00e9t\u00e9s, diluable de 3 % \u00e0 4 %.<\/li>\n<li><strong>Compatible avec<\/strong> les <strong>AUTOMATEURS<\/strong> &#8211; Con\u00e7u pour \u00eatre utilis\u00e9 avec les syst\u00e8mes d&rsquo;atomisation automatique Sandokan.<\/li>\n<li>Pour <strong>l&rsquo;int\u00e9rieur et l&rsquo;ext\u00e9rieur<\/strong> &#8211; Sans danger pour les haies, les pelouses, les terrasses et les int\u00e9rieurs.<\/li>\n<li><strong>Action r\u00e9pulsive efficace<\/strong> &#8211; \u00c9loigne les moustiques, y compris le moustique tigre, pendant 24 heures apr\u00e8s le traitement.<\/li>\n<li><strong>Sans insecticide <\/strong>, avec un ingr\u00e9dient actif d\u00e9riv\u00e9 de l&rsquo;huile d&rsquo;eucalyptus citriodora.<\/li>\n<li><strong>Qualit\u00e9 Made in Italy<\/strong> &#8211; Produit professionnel, approuv\u00e9 pour un usage environnemental, dispositif m\u00e9dical chirurgical<\/li>\n<\/ul>\n<h5><strong>Pourquoi choisir notre r\u00e9pulsif naturel contre les moustiques ?<\/strong><\/h5>\n<ul>\n<li><strong>Formule naturelle :<\/strong> sans insecticides chimiques, avec des extraits d&rsquo;eucalyptus citriodora et de citronnelle.<\/li>\n<li><strong>Formule puissante et s\u00fbre<\/strong> &#8211; Prot\u00e8ge sans endommager les plantes ou les surfaces<\/li>\n<li><strong>Facile \u00e0 utiliser<\/strong> &#8211; Il suffit de diluer et de placer dans le r\u00e9servoir du syst\u00e8me AUTOMIZER ou de vaporiser avec un autre syst\u00e8me.<\/li>\n<li><strong>R\u00e9sultats rapides et durables<\/strong> &#8211; Action r\u00e9pulsive persistante contre les moustiques jusqu&rsquo;\u00e0 24 heures<\/li>\n<li><strong>Convient \u00e0 tous les contextes<\/strong> &#8211; jardins priv\u00e9s, installations touristiques, bars, h\u00f4tels, fermes<\/li>\n<li><strong>Durabilit\u00e9<\/strong> &#8211; Dosage cibl\u00e9, moins de d\u00e9chets et r\u00e9duction de l&rsquo;impact sur l&rsquo;environnement<\/li>\n<li><strong>\u00c9conomique<\/strong> &#8211; quelques ml de produit suffisent pour traiter de grandes surfaces<\/li>\n<\/ul>\n<h5><strong>M\u00e9thode d&rsquo;utilisation<\/strong><\/h5>\n<ol>\n<li><strong>Agitez bien le flacon avant utilisation.<\/strong><\/li>\n<li>Diluez <strong>le produit<\/strong> selon les instructions figurant sur l&rsquo;\u00e9tiquette : contre le moustique commun \u00e0 l&rsquo;int\u00e9rieur, diluez \u00e0 3% (30ml de produit par litre d&rsquo;eau) en utilisant 1 litre de solution pour traiter 60 m\u00e8tres carr\u00e9s ; contre le moustique tigre \u00e0 l&rsquo;ext\u00e9rieur : diluez \u00e0 4% (40ml de produit par litre d&rsquo;eau) en utilisant 1 litre de solution pour traiter 60 m\u00e8tres carr\u00e9s.<\/li>\n<li><strong>Versez dans le r\u00e9servoir<\/strong> du syst\u00e8me 12V AUTOMIZER ou du panneau solaire ou de l&rsquo;atomiseur manuel.<\/li>\n<li><strong>Lancez le programme de<\/strong> pulv\u00e9risation <strong>automatique<\/strong>.<\/li>\n<li><strong>R\u00e9p\u00e9tez l&rsquo;op\u00e9ration<\/strong> en fonction du degr\u00e9 d&rsquo;infestation.<\/li>\n<\/ol>\n<h5><strong>Insectes cibles<\/strong><\/h5>\n<p>Moustiques, moustiques tigres<\/p>\n<h5><strong>Ce que contient le paquet<\/strong><\/h5>\n<ul>\n<li>1 bouteille de 1 litre de r\u00e9pulsif concentr\u00e9 contre les insectes BLFLOWER 10E<\/li>\n<\/ul>\n<p><strong>MADE IN ITALY  <\/strong><strong><img loading=\"lazy\" decoding=\"async\" class=\"alignnone\" src=\"https:\/\/images.emojiterra.com\/google\/noto-emoji\/unicode-16.0\/color\/svg\/1f1ee-1f1f9.svg\" alt=\"Google (Noto Color Emoji 16.0)\" width=\"26\" height=\"26\"><\/strong><\/p>\n","protected":false},"excerpt":{"rendered":"<p><img loading=\"lazy\" decoding=\"async\" class=\"alignnone wp-image-21717\" src=\"https:\/\/sandokan.com\/wp-content\/uploads\/2021\/01\/zanzara-1.png\" alt=\"\" width=\"75\" height=\"75\" srcset=\"https:\/\/sandokan.com\/wp-content\/uploads\/2021\/01\/zanzara-1.png 200w, https:\/\/sandokan.com\/wp-content\/uploads\/2021\/01\/zanzara-1-100x100.png 100w, https:\/\/sandokan.com\/wp-content\/uploads\/2021\/01\/zanzara-1-150x150.png 150w, https:\/\/sandokan.com\/wp-content\/uploads\/2021\/01\/zanzara-1-145x145.png 145w, https:\/\/sandokan.com\/wp-content\/uploads\/2021\/01\/zanzara-1-50x50.png 50w\" sizes=\"auto, (max-width: 75px) 100vw, 75px\" \/><\/p>\n<p>R\u00e9pulsif liquide concentr\u00e9 contre les moustiques pour les traitements environnementaux. Il exerce une action r\u00e9pulsive contre les moustiques dans les zones trait\u00e9es, tant \u00e0 l&rsquo;int\u00e9rieur qu&rsquo;\u00e0 l&rsquo;ext\u00e9rieur, et dans les espaces semi-ouverts tels que les porches, les couloirs, les tonnelles, les auvents et les abords des b\u00e2timents. Ingr\u00e9dient actif d\u00e9riv\u00e9 de l&rsquo;huile d&rsquo;Eucalyptus citriodora, qui diffuse un parfum agr\u00e9able dans les zones trait\u00e9es.  <\/p>\n","protected":false},"featured_media":30128,"comment_status":"open","ping_status":"closed","template":"","meta":{"_acf_changed":false,"inline_featured_image":false},"product_brand":[],"product_cat":[810,818,827,825],"product_tag":[812,829,830],"class_list":{"0":"post-30406","1":"product","2":"type-product","3":"status-publish","4":"has-post-thumbnail","6":"product_cat-automizer","7":"product_cat-repulsifs","8":"product_cat-repulsifs-concentres","9":"product_cat-repulsifs-pour-automizer","10":"product_tag-moustiques","11":"product_tag-repulsif","12":"product_tag-repulsifs","14":"first","15":"instock","16":"featured","17":"taxable","18":"shipping-taxable","19":"purchasable","20":"product-type-simple"},"bundled_by":["30126","30134"],"bundle_stock_status":"instock","bundle_stock_quantity":null,"bundle_virtual":false,"bundle_layout":"","bundle_add_to_cart_form_location":"","bundle_editable_in_cart":false,"bundle_sold_individually_context":"","bundle_item_grouping":"","bundle_min_size":"","bundle_max_size":"","bundle_price":[],"bundled_items":[],"bundle_sell_ids":[],"acf":[],"yoast_head":"<!-- This site is optimized with the Yoast SEO plugin v27.5 - https:\/\/yoast.com\/product\/yoast-seo-wordpress\/ -->\n<title>R\u00e9pulsif naturel concentr\u00e9 contre les moustiques 1 litre - Sandokan<\/title>\n<meta name=\"description\" content=\"Ce r\u00e9pulsif naturel concentr\u00e9 \u00e9loigne les moustiques jusqu&#039;\u00e0 24 heures apr\u00e8s le traitement. Dilution 3\/4 ml pour 1 litre d&#039;eau. Acheter chez Sandokan\" \/>\n<meta name=\"robots\" content=\"index, follow, max-snippet:-1, max-image-preview:large, max-video-preview:-1\" \/>\n<link rel=\"canonical\" href=\"https:\/\/sandokan.com\/fr\/prodotto\/bl-flower-insect-repellent-pour-les-systemes-automatiques\/\" \/>\n<meta property=\"og:locale\" content=\"fr_FR\" \/>\n<meta property=\"og:type\" content=\"article\" \/>\n<meta property=\"og:title\" content=\"R\u00e9pulsif naturel concentr\u00e9 contre les moustiques 1 litre - Sandokan\" \/>\n<meta property=\"og:description\" content=\"Ce r\u00e9pulsif naturel concentr\u00e9 \u00e9loigne les moustiques jusqu&#039;\u00e0 24 heures apr\u00e8s le traitement. Dilution 3\/4 ml pour 1 litre d&#039;eau. Acheter chez Sandokan\" \/>\n<meta property=\"og:url\" content=\"https:\/\/sandokan.com\/fr\/prodotto\/bl-flower-insect-repellent-pour-les-systemes-automatiques\/\" \/>\n<meta property=\"og:site_name\" content=\"Sandokan\" \/>\n<meta property=\"article:publisher\" content=\"https:\/\/www.facebook.com\/zanzareeinsetti\/\" \/>\n<meta property=\"og:image\" content=\"https:\/\/sandokan.com\/wp-content\/uploads\/2026\/01\/blflower-repellente-zanzare.jpg\" \/>\n\t<meta property=\"og:image:width\" content=\"1024\" \/>\n\t<meta property=\"og:image:height\" content=\"1024\" \/>\n\t<meta property=\"og:image:type\" content=\"image\/jpeg\" \/>\n<meta name=\"twitter:card\" content=\"summary_large_image\" \/>\n<meta name=\"twitter:site\" content=\"@sandokaninsetti\" \/>\n<meta name=\"twitter:label1\" content=\"Dur\u00e9e de lecture estim\u00e9e\" \/>\n\t<meta name=\"twitter:data1\" content=\"3 minutes\" \/>\n<script type=\"application\/ld+json\" class=\"yoast-schema-graph\">{\"@context\":\"https:\\\/\\\/schema.org\",\"@graph\":[{\"@type\":\"WebPage\",\"@id\":\"https:\\\/\\\/sandokan.com\\\/fr\\\/prodotto\\\/bl-flower-insect-repellent-pour-les-systemes-automatiques\\\/\",\"url\":\"https:\\\/\\\/sandokan.com\\\/fr\\\/prodotto\\\/bl-flower-insect-repellent-pour-les-systemes-automatiques\\\/\",\"name\":\"R\u00e9pulsif naturel concentr\u00e9 contre les moustiques 1 litre - Sandokan\",\"isPartOf\":{\"@id\":\"https:\\\/\\\/sandokan.com\\\/fr\\\/#website\"},\"primaryImageOfPage\":{\"@id\":\"https:\\\/\\\/sandokan.com\\\/fr\\\/prodotto\\\/bl-flower-insect-repellent-pour-les-systemes-automatiques\\\/#primaryimage\"},\"image\":{\"@id\":\"https:\\\/\\\/sandokan.com\\\/fr\\\/prodotto\\\/bl-flower-insect-repellent-pour-les-systemes-automatiques\\\/#primaryimage\"},\"thumbnailUrl\":\"https:\\\/\\\/sandokan.com\\\/wp-content\\\/uploads\\\/2026\\\/01\\\/blflower-repellente-zanzare.jpg\",\"datePublished\":\"2025-03-21T08:55:04+00:00\",\"description\":\"Ce r\u00e9pulsif naturel concentr\u00e9 \u00e9loigne les moustiques jusqu'\u00e0 24 heures apr\u00e8s le traitement. Dilution 3\\\/4 ml pour 1 litre d'eau. Acheter chez Sandokan\",\"breadcrumb\":{\"@id\":\"https:\\\/\\\/sandokan.com\\\/fr\\\/prodotto\\\/bl-flower-insect-repellent-pour-les-systemes-automatiques\\\/#breadcrumb\"},\"inLanguage\":\"fr-FR\",\"potentialAction\":[{\"@type\":\"ReadAction\",\"target\":[\"https:\\\/\\\/sandokan.com\\\/fr\\\/prodotto\\\/bl-flower-insect-repellent-pour-les-systemes-automatiques\\\/\"]}]},{\"@type\":\"ImageObject\",\"inLanguage\":\"fr-FR\",\"@id\":\"https:\\\/\\\/sandokan.com\\\/fr\\\/prodotto\\\/bl-flower-insect-repellent-pour-les-systemes-automatiques\\\/#primaryimage\",\"url\":\"https:\\\/\\\/sandokan.com\\\/wp-content\\\/uploads\\\/2026\\\/01\\\/blflower-repellente-zanzare.jpg\",\"contentUrl\":\"https:\\\/\\\/sandokan.com\\\/wp-content\\\/uploads\\\/2026\\\/01\\\/blflower-repellente-zanzare.jpg\",\"width\":1024,\"height\":1024,\"caption\":\"r\u00e9pulsif concentr\u00e9 contre les moustiques\"},{\"@type\":\"BreadcrumbList\",\"@id\":\"https:\\\/\\\/sandokan.com\\\/fr\\\/prodotto\\\/bl-flower-insect-repellent-pour-les-systemes-automatiques\\\/#breadcrumb\",\"itemListElement\":[{\"@type\":\"ListItem\",\"position\":1,\"name\":\"Sandokan\",\"item\":\"https:\\\/\\\/sandokan.com\\\/fr\\\/accueil\\\/\"},{\"@type\":\"ListItem\",\"position\":2,\"name\":\"Boutique\",\"item\":\"https:\\\/\\\/sandokan.com\\\/fr\\\/boutique\\\/\"},{\"@type\":\"ListItem\",\"position\":3,\"name\":\"BL Flower Insect Repellent pour les syst\u00e8mes automatiques\"}]},{\"@type\":\"WebSite\",\"@id\":\"https:\\\/\\\/sandokan.com\\\/fr\\\/#website\",\"url\":\"https:\\\/\\\/sandokan.com\\\/fr\\\/\",\"name\":\"Sandokan\",\"description\":\"Repellenti e Insetticidi\",\"publisher\":{\"@id\":\"https:\\\/\\\/sandokan.com\\\/fr\\\/#organization\"},\"potentialAction\":[{\"@type\":\"SearchAction\",\"target\":{\"@type\":\"EntryPoint\",\"urlTemplate\":\"https:\\\/\\\/sandokan.com\\\/fr\\\/?s={search_term_string}\"},\"query-input\":{\"@type\":\"PropertyValueSpecification\",\"valueRequired\":true,\"valueName\":\"search_term_string\"}}],\"inLanguage\":\"fr-FR\"},{\"@type\":\"Organization\",\"@id\":\"https:\\\/\\\/sandokan.com\\\/fr\\\/#organization\",\"name\":\"Sandokan | Repellenti Naturali per Interni ed Esterni\",\"url\":\"https:\\\/\\\/sandokan.com\\\/fr\\\/\",\"logo\":{\"@type\":\"ImageObject\",\"inLanguage\":\"fr-FR\",\"@id\":\"https:\\\/\\\/sandokan.com\\\/fr\\\/#\\\/schema\\\/logo\\\/image\\\/\",\"url\":\"https:\\\/\\\/sandokan.com\\\/wp-content\\\/uploads\\\/2022\\\/04\\\/Sandokan-Insetticidi-e-Repellenti-BIO-Mobile.png\",\"contentUrl\":\"https:\\\/\\\/sandokan.com\\\/wp-content\\\/uploads\\\/2022\\\/04\\\/Sandokan-Insetticidi-e-Repellenti-BIO-Mobile.png\",\"width\":350,\"height\":99,\"caption\":\"Sandokan | Repellenti Naturali per Interni ed Esterni\"},\"image\":{\"@id\":\"https:\\\/\\\/sandokan.com\\\/fr\\\/#\\\/schema\\\/logo\\\/image\\\/\"},\"sameAs\":[\"https:\\\/\\\/www.facebook.com\\\/zanzareeinsetti\\\/\",\"https:\\\/\\\/x.com\\\/sandokaninsetti\",\"https:\\\/\\\/www.youtube.com\\\/channel\\\/UCMv6YC7WVMIF6KXkcLnuVuw\"]}]}<\/script>\n<!-- \/ Yoast SEO plugin. -->","yoast_head_json":{"title":"R\u00e9pulsif naturel concentr\u00e9 contre les moustiques 1 litre - Sandokan","description":"Ce r\u00e9pulsif naturel concentr\u00e9 \u00e9loigne les moustiques jusqu'\u00e0 24 heures apr\u00e8s le traitement. Dilution 3\/4 ml pour 1 litre d'eau. Acheter chez Sandokan","robots":{"index":"index","follow":"follow","max-snippet":"max-snippet:-1","max-image-preview":"max-image-preview:large","max-video-preview":"max-video-preview:-1"},"canonical":"https:\/\/sandokan.com\/fr\/prodotto\/bl-flower-insect-repellent-pour-les-systemes-automatiques\/","og_locale":"fr_FR","og_type":"article","og_title":"R\u00e9pulsif naturel concentr\u00e9 contre les moustiques 1 litre - Sandokan","og_description":"Ce r\u00e9pulsif naturel concentr\u00e9 \u00e9loigne les moustiques jusqu'\u00e0 24 heures apr\u00e8s le traitement. Dilution 3\/4 ml pour 1 litre d'eau. Acheter chez Sandokan","og_url":"https:\/\/sandokan.com\/fr\/prodotto\/bl-flower-insect-repellent-pour-les-systemes-automatiques\/","og_site_name":"Sandokan","article_publisher":"https:\/\/www.facebook.com\/zanzareeinsetti\/","og_image":[{"width":1024,"height":1024,"url":"https:\/\/sandokan.com\/wp-content\/uploads\/2026\/01\/blflower-repellente-zanzare.jpg","type":"image\/jpeg"}],"twitter_card":"summary_large_image","twitter_site":"@sandokaninsetti","twitter_misc":{"Dur\u00e9e de lecture estim\u00e9e":"3 minutes"},"schema":{"@context":"https:\/\/schema.org","@graph":[{"@type":"WebPage","@id":"https:\/\/sandokan.com\/fr\/prodotto\/bl-flower-insect-repellent-pour-les-systemes-automatiques\/","url":"https:\/\/sandokan.com\/fr\/prodotto\/bl-flower-insect-repellent-pour-les-systemes-automatiques\/","name":"R\u00e9pulsif naturel concentr\u00e9 contre les moustiques 1 litre - Sandokan","isPartOf":{"@id":"https:\/\/sandokan.com\/fr\/#website"},"primaryImageOfPage":{"@id":"https:\/\/sandokan.com\/fr\/prodotto\/bl-flower-insect-repellent-pour-les-systemes-automatiques\/#primaryimage"},"image":{"@id":"https:\/\/sandokan.com\/fr\/prodotto\/bl-flower-insect-repellent-pour-les-systemes-automatiques\/#primaryimage"},"thumbnailUrl":"https:\/\/sandokan.com\/wp-content\/uploads\/2026\/01\/blflower-repellente-zanzare.jpg","datePublished":"2025-03-21T08:55:04+00:00","description":"Ce r\u00e9pulsif naturel concentr\u00e9 \u00e9loigne les moustiques jusqu'\u00e0 24 heures apr\u00e8s le traitement. Dilution 3\/4 ml pour 1 litre d'eau. Acheter chez Sandokan","breadcrumb":{"@id":"https:\/\/sandokan.com\/fr\/prodotto\/bl-flower-insect-repellent-pour-les-systemes-automatiques\/#breadcrumb"},"inLanguage":"fr-FR","potentialAction":[{"@type":"ReadAction","target":["https:\/\/sandokan.com\/fr\/prodotto\/bl-flower-insect-repellent-pour-les-systemes-automatiques\/"]}]},{"@type":"ImageObject","inLanguage":"fr-FR","@id":"https:\/\/sandokan.com\/fr\/prodotto\/bl-flower-insect-repellent-pour-les-systemes-automatiques\/#primaryimage","url":"https:\/\/sandokan.com\/wp-content\/uploads\/2026\/01\/blflower-repellente-zanzare.jpg","contentUrl":"https:\/\/sandokan.com\/wp-content\/uploads\/2026\/01\/blflower-repellente-zanzare.jpg","width":1024,"height":1024,"caption":"r\u00e9pulsif concentr\u00e9 contre les moustiques"},{"@type":"BreadcrumbList","@id":"https:\/\/sandokan.com\/fr\/prodotto\/bl-flower-insect-repellent-pour-les-systemes-automatiques\/#breadcrumb","itemListElement":[{"@type":"ListItem","position":1,"name":"Sandokan","item":"https:\/\/sandokan.com\/fr\/accueil\/"},{"@type":"ListItem","position":2,"name":"Boutique","item":"https:\/\/sandokan.com\/fr\/boutique\/"},{"@type":"ListItem","position":3,"name":"BL Flower Insect Repellent pour les syst\u00e8mes automatiques"}]},{"@type":"WebSite","@id":"https:\/\/sandokan.com\/fr\/#website","url":"https:\/\/sandokan.com\/fr\/","name":"Sandokan","description":"Repellenti e Insetticidi","publisher":{"@id":"https:\/\/sandokan.com\/fr\/#organization"},"potentialAction":[{"@type":"SearchAction","target":{"@type":"EntryPoint","urlTemplate":"https:\/\/sandokan.com\/fr\/?s={search_term_string}"},"query-input":{"@type":"PropertyValueSpecification","valueRequired":true,"valueName":"search_term_string"}}],"inLanguage":"fr-FR"},{"@type":"Organization","@id":"https:\/\/sandokan.com\/fr\/#organization","name":"Sandokan | Repellenti Naturali per Interni ed Esterni","url":"https:\/\/sandokan.com\/fr\/","logo":{"@type":"ImageObject","inLanguage":"fr-FR","@id":"https:\/\/sandokan.com\/fr\/#\/schema\/logo\/image\/","url":"https:\/\/sandokan.com\/wp-content\/uploads\/2022\/04\/Sandokan-Insetticidi-e-Repellenti-BIO-Mobile.png","contentUrl":"https:\/\/sandokan.com\/wp-content\/uploads\/2022\/04\/Sandokan-Insetticidi-e-Repellenti-BIO-Mobile.png","width":350,"height":99,"caption":"Sandokan | Repellenti Naturali per Interni ed Esterni"},"image":{"@id":"https:\/\/sandokan.com\/fr\/#\/schema\/logo\/image\/"},"sameAs":["https:\/\/www.facebook.com\/zanzareeinsetti\/","https:\/\/x.com\/sandokaninsetti","https:\/\/www.youtube.com\/channel\/UCMv6YC7WVMIF6KXkcLnuVuw"]}]}},"_links":{"self":[{"href":"https:\/\/sandokan.com\/fr\/wp-json\/wp\/v2\/product\/30406","targetHints":{"allow":["GET"]}}],"collection":[{"href":"https:\/\/sandokan.com\/fr\/wp-json\/wp\/v2\/product"}],"about":[{"href":"https:\/\/sandokan.com\/fr\/wp-json\/wp\/v2\/types\/product"}],"replies":[{"embeddable":true,"href":"https:\/\/sandokan.com\/fr\/wp-json\/wp\/v2\/comments?post=30406"}],"wp:featuredmedia":[{"embeddable":true,"href":"https:\/\/sandokan.com\/fr\/wp-json\/wp\/v2\/media\/30128"}],"wp:attachment":[{"href":"https:\/\/sandokan.com\/fr\/wp-json\/wp\/v2\/media?parent=30406"}],"wp:term":[{"taxonomy":"product_brand","embeddable":true,"href":"https:\/\/sandokan.com\/fr\/wp-json\/wp\/v2\/product_brand?post=30406"},{"taxonomy":"product_cat","embeddable":true,"href":"https:\/\/sandokan.com\/fr\/wp-json\/wp\/v2\/product_cat?post=30406"},{"taxonomy":"product_tag","embeddable":true,"href":"https:\/\/sandokan.com\/fr\/wp-json\/wp\/v2\/product_tag?post=30406"}],"curies":[{"name":"wp","href":"https:\/\/api.w.org\/{rel}","templated":true}]}}