{"id":30407,"date":"2022-04-19T16:51:07","date_gmt":"2022-04-19T14:51:07","guid":{"rendered":"https:\/\/sandokan.com\/prodotto\/proxilar-tablets-larvicide-tablets-for-mosquitoes-comprimes-larvicides-pour-moustiques\/"},"modified":"2022-04-19T16:51:07","modified_gmt":"2022-04-19T14:51:07","slug":"proxilar-tablets-larvicide-tablets-for-mosquitoes-comprimes-larvicides-pour-moustiques","status":"publish","type":"product","link":"https:\/\/sandokan.com\/fr\/prodotto\/proxilar-tablets-larvicide-tablets-for-mosquitoes-comprimes-larvicides-pour-moustiques\/","title":{"rendered":"Proxilar Tablets Larvicide Tablets for Mosquitoes (comprim\u00e9s larvicides pour moustiques)"},"content":{"rendered":"<h3><strong>Comprim\u00e9s larvicides Proxilar pour moustiques<\/strong><\/h3>\n<p><strong>Proxilar comprim\u00e9s 50 1g<\/strong> est le larvicide id\u00e9al en comprim\u00e9s effervescents pour \u00e9liminer les <strong>larves de moustiques<\/strong> avant qu&rsquo;elles ne se d\u00e9veloppent en adultes. Sa formule \u00e0 base de <strong>Pyriproxyf\u00e8ne<\/strong>, un r\u00e9gulateur de croissance des insectes, agit de mani\u00e8re cibl\u00e9e en emp\u00eachant les larves de vaciller et en contribuant \u00e0 <strong>interrompre le cycle de reproduction des<\/strong> moustiques qui, ne pouvant devenir adultes, ne peuvent se reproduire. <\/p>\n<p>Gr\u00e2ce \u00e0 son <strong>format de comprim\u00e9s pr\u00eats \u00e0 l&#8217;emploi<\/strong>, il est parfait pour effectuer un <strong>traitement larvicide contre les<\/strong> moustiques dans les zones d&rsquo;eau stagnante telles que les bouches d&rsquo;\u00e9gout <strong>, les puisards, les soucoupes ou les goutti\u00e8res<\/strong>, emp\u00eachant ainsi la prolif\u00e9ration des moustiques.<\/p>\n<h5><strong>Caract\u00e9ristiques principales :<\/strong><\/h5>\n<ul>\n<li><strong>Ingr\u00e9dient actif Pyriproxyfen<\/strong>: bloque le d\u00e9veloppement des larves<\/li>\n<li>Comprim\u00e9s <strong>effervescents de 1g<\/strong>: comprim\u00e9s larvicides faciles \u00e0 doser et \u00e0 dissoudre<\/li>\n<li><strong>Effet prolong\u00e9<\/strong>: traitement larvicide anti-moustiques jusqu&rsquo;\u00e0 4 semaines<\/li>\n<li><b>\u00c9tablissement m\u00e9dico-chirurgical<\/b><\/li>\n<\/ul>\n<h5><strong>Pourquoi choisir Proxilar Comprim\u00e9s :<\/strong><\/h5>\n<ul>\n<li>Dur\u00e9e du traitement larvicide jusqu&rsquo;\u00e0 4 semaines<\/li>\n<li><strong>Emp\u00eache le d\u00e9veloppement des moustiques adultes<\/strong>, r\u00e9duisant ainsi les nuisances et les risques pour la sant\u00e9.<\/li>\n<li><strong>Convient \u00e0 tous les endroits o\u00f9 il y a des eaux stagnantes<\/strong>, m\u00eame en pr\u00e9sence de mati\u00e8res organiques.<\/li>\n<li><strong>Formule respectueuse de l&rsquo;environnement<\/strong> si elle est utilis\u00e9e correctement<\/li>\n<li>Id\u00e9al pour <strong>un usage domestique et professionnel<\/strong><\/li>\n<li>Contribue \u00e0 r\u00e9duire l&rsquo;utilisation d&rsquo;insecticides adulticides<\/li>\n<\/ul>\n<h5><strong>Comment l&rsquo;utiliser ?<\/strong><\/h5>\n<ol>\n<li><strong>Utilisez 1 comprim\u00e9 de 1g dans des \u00e9tangs d&rsquo;environ 20 litres.<\/strong><\/li>\n<li><strong>R\u00e9p\u00e9tez le traitement larvicide toutes les 3-4 semaines<\/strong>, en fonction de la temp\u00e9rature, de la pluie et de la propret\u00e9 de l&rsquo;eau.<\/li>\n<li><strong>Traitez r\u00e9guli\u00e8rement de mars \u00e0 octobre<\/strong>, p\u00e9riode o\u00f9 la pr\u00e9sence des larves est la plus importante.<\/li>\n<\/ol>\n<h5><strong>Insectes cibles :<\/strong><\/h5>\n<p>larves de moustiques<\/p>\n<h5><strong>Ce que le paquet contient :<\/strong><\/h5>\n<ul>\n<li>1 bo\u00eete de 50 comprim\u00e9s de 1 g de Proxilar<\/li>\n<\/ul>\n","protected":false},"excerpt":{"rendered":"<p><img loading=\"lazy\" decoding=\"async\" class=\"alignnone wp-image-21646\" src=\"https:\/\/sandokan.com\/wp-content\/uploads\/2022\/04\/zanzara-2.png\" alt=\"\" width=\"80\" height=\"80\" srcset=\"https:\/\/sandokan.com\/wp-content\/uploads\/2022\/04\/zanzara-2.png 200w, https:\/\/sandokan.com\/wp-content\/uploads\/2022\/04\/zanzara-2-100x100.png 100w, https:\/\/sandokan.com\/wp-content\/uploads\/2022\/04\/zanzara-2-150x150.png 150w, https:\/\/sandokan.com\/wp-content\/uploads\/2022\/04\/zanzara-2-145x145.png 145w, https:\/\/sandokan.com\/wp-content\/uploads\/2022\/04\/zanzara-2-50x50.png 50w\" sizes=\"auto, (max-width: 80px) 100vw, 80px\" \/><\/p>\n<p><strong>Comprim\u00e9s<\/strong> Proxilar : <strong>50 comprim\u00e9s larvicides<\/strong> pour moustiques, id\u00e9aux pour le traitement larvicide des moustiques communs et des moustiques tigres. Dur\u00e9e de traitement jusqu&rsquo;\u00e0 4 semaines. Fabriqu\u00e9 en Italie  <\/p>\n","protected":false},"featured_media":30130,"comment_status":"open","ping_status":"closed","template":"","meta":{"_acf_changed":false,"inline_featured_image":false},"product_brand":[],"product_cat":[808],"product_tag":[823,821,820,819,822,812],"class_list":{"0":"post-30407","1":"product","2":"type-product","3":"status-publish","4":"has-post-thumbnail","6":"product_cat-larvicides","7":"product_tag-823","8":"product_tag-larvcide","9":"product_tag-larves-de-mouches","10":"product_tag-larves-de-moustiques","11":"product_tag-larvicides","12":"product_tag-moustiques","14":"first","15":"instock","16":"taxable","17":"shipping-taxable","18":"purchasable","19":"product-type-simple"},"bundled_by":["30126","30134","30141","30144","30146","30156","30150","30159"],"bundle_stock_status":"instock","bundle_stock_quantity":null,"bundle_virtual":false,"bundle_layout":"","bundle_add_to_cart_form_location":"","bundle_editable_in_cart":false,"bundle_sold_individually_context":"","bundle_item_grouping":"","bundle_min_size":"","bundle_max_size":"","bundle_price":[],"bundled_items":[],"bundle_sell_ids":[],"acf":[],"yoast_head":"<!-- This site is optimized with the Yoast SEO plugin v27.5 - https:\/\/yoast.com\/product\/yoast-seo-wordpress\/ -->\n<title>Proxilar Comprim\u00e9s - Comprim\u00e9s larvicides pour moustiques - Sandokan.<\/title>\n<meta name=\"description\" content=\"Comprim\u00e9s larvicides pour moustiques, id\u00e9aux pour le traitement larvicide des moustiques communs et des moustiques tigres. Dur\u00e9e de traitement jusqu&#039;\u00e0 4 semaines. D\u00e9couvrez-le ici\" \/>\n<meta name=\"robots\" content=\"index, follow, max-snippet:-1, max-image-preview:large, max-video-preview:-1\" \/>\n<link rel=\"canonical\" href=\"https:\/\/sandokan.com\/fr\/prodotto\/proxilar-tablets-larvicide-tablets-for-mosquitoes-comprimes-larvicides-pour-moustiques\/\" \/>\n<meta property=\"og:locale\" content=\"fr_FR\" \/>\n<meta property=\"og:type\" content=\"article\" \/>\n<meta property=\"og:title\" content=\"Proxilar Comprim\u00e9s - Comprim\u00e9s larvicides pour moustiques - Sandokan.\" \/>\n<meta property=\"og:description\" content=\"Comprim\u00e9s larvicides pour moustiques, id\u00e9aux pour le traitement larvicide des moustiques communs et des moustiques tigres. Dur\u00e9e de traitement jusqu&#039;\u00e0 4 semaines. D\u00e9couvrez-le ici\" \/>\n<meta property=\"og:url\" content=\"https:\/\/sandokan.com\/fr\/prodotto\/proxilar-tablets-larvicide-tablets-for-mosquitoes-comprimes-larvicides-pour-moustiques\/\" \/>\n<meta property=\"og:site_name\" content=\"Sandokan\" \/>\n<meta property=\"article:publisher\" content=\"https:\/\/www.facebook.com\/zanzareeinsetti\/\" \/>\n<meta property=\"og:image\" content=\"https:\/\/sandokan.com\/wp-content\/uploads\/2022\/04\/7310_proxilar_compresse.jpg\" \/>\n\t<meta property=\"og:image:width\" content=\"800\" \/>\n\t<meta property=\"og:image:height\" content=\"745\" \/>\n\t<meta property=\"og:image:type\" content=\"image\/jpeg\" \/>\n<meta name=\"twitter:card\" content=\"summary_large_image\" \/>\n<meta name=\"twitter:site\" content=\"@sandokaninsetti\" \/>\n<meta name=\"twitter:label1\" content=\"Dur\u00e9e de lecture estim\u00e9e\" \/>\n\t<meta name=\"twitter:data1\" content=\"2 minutes\" \/>\n<script type=\"application\/ld+json\" class=\"yoast-schema-graph\">{\"@context\":\"https:\\\/\\\/schema.org\",\"@graph\":[{\"@type\":\"WebPage\",\"@id\":\"https:\\\/\\\/sandokan.com\\\/fr\\\/prodotto\\\/proxilar-tablets-larvicide-tablets-for-mosquitoes-comprimes-larvicides-pour-moustiques\\\/\",\"url\":\"https:\\\/\\\/sandokan.com\\\/fr\\\/prodotto\\\/proxilar-tablets-larvicide-tablets-for-mosquitoes-comprimes-larvicides-pour-moustiques\\\/\",\"name\":\"Proxilar Comprim\u00e9s - Comprim\u00e9s larvicides pour moustiques - Sandokan.\",\"isPartOf\":{\"@id\":\"https:\\\/\\\/sandokan.com\\\/fr\\\/#website\"},\"primaryImageOfPage\":{\"@id\":\"https:\\\/\\\/sandokan.com\\\/fr\\\/prodotto\\\/proxilar-tablets-larvicide-tablets-for-mosquitoes-comprimes-larvicides-pour-moustiques\\\/#primaryimage\"},\"image\":{\"@id\":\"https:\\\/\\\/sandokan.com\\\/fr\\\/prodotto\\\/proxilar-tablets-larvicide-tablets-for-mosquitoes-comprimes-larvicides-pour-moustiques\\\/#primaryimage\"},\"thumbnailUrl\":\"https:\\\/\\\/sandokan.com\\\/wp-content\\\/uploads\\\/2022\\\/04\\\/7310_proxilar_compresse.jpg\",\"datePublished\":\"2022-04-19T14:51:07+00:00\",\"description\":\"Comprim\u00e9s larvicides pour moustiques, id\u00e9aux pour le traitement larvicide des moustiques communs et des moustiques tigres. Dur\u00e9e de traitement jusqu'\u00e0 4 semaines. D\u00e9couvrez-le ici\",\"breadcrumb\":{\"@id\":\"https:\\\/\\\/sandokan.com\\\/fr\\\/prodotto\\\/proxilar-tablets-larvicide-tablets-for-mosquitoes-comprimes-larvicides-pour-moustiques\\\/#breadcrumb\"},\"inLanguage\":\"fr-FR\",\"potentialAction\":[{\"@type\":\"ReadAction\",\"target\":[\"https:\\\/\\\/sandokan.com\\\/fr\\\/prodotto\\\/proxilar-tablets-larvicide-tablets-for-mosquitoes-comprimes-larvicides-pour-moustiques\\\/\"]}]},{\"@type\":\"ImageObject\",\"inLanguage\":\"fr-FR\",\"@id\":\"https:\\\/\\\/sandokan.com\\\/fr\\\/prodotto\\\/proxilar-tablets-larvicide-tablets-for-mosquitoes-comprimes-larvicides-pour-moustiques\\\/#primaryimage\",\"url\":\"https:\\\/\\\/sandokan.com\\\/wp-content\\\/uploads\\\/2022\\\/04\\\/7310_proxilar_compresse.jpg\",\"contentUrl\":\"https:\\\/\\\/sandokan.com\\\/wp-content\\\/uploads\\\/2022\\\/04\\\/7310_proxilar_compresse.jpg\",\"width\":800,\"height\":745},{\"@type\":\"BreadcrumbList\",\"@id\":\"https:\\\/\\\/sandokan.com\\\/fr\\\/prodotto\\\/proxilar-tablets-larvicide-tablets-for-mosquitoes-comprimes-larvicides-pour-moustiques\\\/#breadcrumb\",\"itemListElement\":[{\"@type\":\"ListItem\",\"position\":1,\"name\":\"Sandokan\",\"item\":\"https:\\\/\\\/sandokan.com\\\/fr\\\/accueil\\\/\"},{\"@type\":\"ListItem\",\"position\":2,\"name\":\"Boutique\",\"item\":\"https:\\\/\\\/sandokan.com\\\/fr\\\/boutique\\\/\"},{\"@type\":\"ListItem\",\"position\":3,\"name\":\"Proxilar Tablets Larvicide Tablets for Mosquitoes (comprim\u00e9s larvicides pour moustiques)\"}]},{\"@type\":\"WebSite\",\"@id\":\"https:\\\/\\\/sandokan.com\\\/fr\\\/#website\",\"url\":\"https:\\\/\\\/sandokan.com\\\/fr\\\/\",\"name\":\"Sandokan\",\"description\":\"Repellenti e Insetticidi\",\"publisher\":{\"@id\":\"https:\\\/\\\/sandokan.com\\\/fr\\\/#organization\"},\"potentialAction\":[{\"@type\":\"SearchAction\",\"target\":{\"@type\":\"EntryPoint\",\"urlTemplate\":\"https:\\\/\\\/sandokan.com\\\/fr\\\/?s={search_term_string}\"},\"query-input\":{\"@type\":\"PropertyValueSpecification\",\"valueRequired\":true,\"valueName\":\"search_term_string\"}}],\"inLanguage\":\"fr-FR\"},{\"@type\":\"Organization\",\"@id\":\"https:\\\/\\\/sandokan.com\\\/fr\\\/#organization\",\"name\":\"Sandokan | Repellenti Naturali per Interni ed Esterni\",\"url\":\"https:\\\/\\\/sandokan.com\\\/fr\\\/\",\"logo\":{\"@type\":\"ImageObject\",\"inLanguage\":\"fr-FR\",\"@id\":\"https:\\\/\\\/sandokan.com\\\/fr\\\/#\\\/schema\\\/logo\\\/image\\\/\",\"url\":\"https:\\\/\\\/sandokan.com\\\/wp-content\\\/uploads\\\/2022\\\/04\\\/Sandokan-Insetticidi-e-Repellenti-BIO-Mobile.png\",\"contentUrl\":\"https:\\\/\\\/sandokan.com\\\/wp-content\\\/uploads\\\/2022\\\/04\\\/Sandokan-Insetticidi-e-Repellenti-BIO-Mobile.png\",\"width\":350,\"height\":99,\"caption\":\"Sandokan | Repellenti Naturali per Interni ed Esterni\"},\"image\":{\"@id\":\"https:\\\/\\\/sandokan.com\\\/fr\\\/#\\\/schema\\\/logo\\\/image\\\/\"},\"sameAs\":[\"https:\\\/\\\/www.facebook.com\\\/zanzareeinsetti\\\/\",\"https:\\\/\\\/x.com\\\/sandokaninsetti\",\"https:\\\/\\\/www.youtube.com\\\/channel\\\/UCMv6YC7WVMIF6KXkcLnuVuw\"]}]}<\/script>\n<!-- \/ Yoast SEO plugin. -->","yoast_head_json":{"title":"Proxilar Comprim\u00e9s - Comprim\u00e9s larvicides pour moustiques - Sandokan.","description":"Comprim\u00e9s larvicides pour moustiques, id\u00e9aux pour le traitement larvicide des moustiques communs et des moustiques tigres. Dur\u00e9e de traitement jusqu'\u00e0 4 semaines. D\u00e9couvrez-le ici","robots":{"index":"index","follow":"follow","max-snippet":"max-snippet:-1","max-image-preview":"max-image-preview:large","max-video-preview":"max-video-preview:-1"},"canonical":"https:\/\/sandokan.com\/fr\/prodotto\/proxilar-tablets-larvicide-tablets-for-mosquitoes-comprimes-larvicides-pour-moustiques\/","og_locale":"fr_FR","og_type":"article","og_title":"Proxilar Comprim\u00e9s - Comprim\u00e9s larvicides pour moustiques - Sandokan.","og_description":"Comprim\u00e9s larvicides pour moustiques, id\u00e9aux pour le traitement larvicide des moustiques communs et des moustiques tigres. Dur\u00e9e de traitement jusqu'\u00e0 4 semaines. D\u00e9couvrez-le ici","og_url":"https:\/\/sandokan.com\/fr\/prodotto\/proxilar-tablets-larvicide-tablets-for-mosquitoes-comprimes-larvicides-pour-moustiques\/","og_site_name":"Sandokan","article_publisher":"https:\/\/www.facebook.com\/zanzareeinsetti\/","og_image":[{"width":800,"height":745,"url":"https:\/\/sandokan.com\/wp-content\/uploads\/2022\/04\/7310_proxilar_compresse.jpg","type":"image\/jpeg"}],"twitter_card":"summary_large_image","twitter_site":"@sandokaninsetti","twitter_misc":{"Dur\u00e9e de lecture estim\u00e9e":"2 minutes"},"schema":{"@context":"https:\/\/schema.org","@graph":[{"@type":"WebPage","@id":"https:\/\/sandokan.com\/fr\/prodotto\/proxilar-tablets-larvicide-tablets-for-mosquitoes-comprimes-larvicides-pour-moustiques\/","url":"https:\/\/sandokan.com\/fr\/prodotto\/proxilar-tablets-larvicide-tablets-for-mosquitoes-comprimes-larvicides-pour-moustiques\/","name":"Proxilar Comprim\u00e9s - Comprim\u00e9s larvicides pour moustiques - Sandokan.","isPartOf":{"@id":"https:\/\/sandokan.com\/fr\/#website"},"primaryImageOfPage":{"@id":"https:\/\/sandokan.com\/fr\/prodotto\/proxilar-tablets-larvicide-tablets-for-mosquitoes-comprimes-larvicides-pour-moustiques\/#primaryimage"},"image":{"@id":"https:\/\/sandokan.com\/fr\/prodotto\/proxilar-tablets-larvicide-tablets-for-mosquitoes-comprimes-larvicides-pour-moustiques\/#primaryimage"},"thumbnailUrl":"https:\/\/sandokan.com\/wp-content\/uploads\/2022\/04\/7310_proxilar_compresse.jpg","datePublished":"2022-04-19T14:51:07+00:00","description":"Comprim\u00e9s larvicides pour moustiques, id\u00e9aux pour le traitement larvicide des moustiques communs et des moustiques tigres. Dur\u00e9e de traitement jusqu'\u00e0 4 semaines. D\u00e9couvrez-le ici","breadcrumb":{"@id":"https:\/\/sandokan.com\/fr\/prodotto\/proxilar-tablets-larvicide-tablets-for-mosquitoes-comprimes-larvicides-pour-moustiques\/#breadcrumb"},"inLanguage":"fr-FR","potentialAction":[{"@type":"ReadAction","target":["https:\/\/sandokan.com\/fr\/prodotto\/proxilar-tablets-larvicide-tablets-for-mosquitoes-comprimes-larvicides-pour-moustiques\/"]}]},{"@type":"ImageObject","inLanguage":"fr-FR","@id":"https:\/\/sandokan.com\/fr\/prodotto\/proxilar-tablets-larvicide-tablets-for-mosquitoes-comprimes-larvicides-pour-moustiques\/#primaryimage","url":"https:\/\/sandokan.com\/wp-content\/uploads\/2022\/04\/7310_proxilar_compresse.jpg","contentUrl":"https:\/\/sandokan.com\/wp-content\/uploads\/2022\/04\/7310_proxilar_compresse.jpg","width":800,"height":745},{"@type":"BreadcrumbList","@id":"https:\/\/sandokan.com\/fr\/prodotto\/proxilar-tablets-larvicide-tablets-for-mosquitoes-comprimes-larvicides-pour-moustiques\/#breadcrumb","itemListElement":[{"@type":"ListItem","position":1,"name":"Sandokan","item":"https:\/\/sandokan.com\/fr\/accueil\/"},{"@type":"ListItem","position":2,"name":"Boutique","item":"https:\/\/sandokan.com\/fr\/boutique\/"},{"@type":"ListItem","position":3,"name":"Proxilar Tablets Larvicide Tablets for Mosquitoes (comprim\u00e9s larvicides pour moustiques)"}]},{"@type":"WebSite","@id":"https:\/\/sandokan.com\/fr\/#website","url":"https:\/\/sandokan.com\/fr\/","name":"Sandokan","description":"Repellenti e Insetticidi","publisher":{"@id":"https:\/\/sandokan.com\/fr\/#organization"},"potentialAction":[{"@type":"SearchAction","target":{"@type":"EntryPoint","urlTemplate":"https:\/\/sandokan.com\/fr\/?s={search_term_string}"},"query-input":{"@type":"PropertyValueSpecification","valueRequired":true,"valueName":"search_term_string"}}],"inLanguage":"fr-FR"},{"@type":"Organization","@id":"https:\/\/sandokan.com\/fr\/#organization","name":"Sandokan | Repellenti Naturali per Interni ed Esterni","url":"https:\/\/sandokan.com\/fr\/","logo":{"@type":"ImageObject","inLanguage":"fr-FR","@id":"https:\/\/sandokan.com\/fr\/#\/schema\/logo\/image\/","url":"https:\/\/sandokan.com\/wp-content\/uploads\/2022\/04\/Sandokan-Insetticidi-e-Repellenti-BIO-Mobile.png","contentUrl":"https:\/\/sandokan.com\/wp-content\/uploads\/2022\/04\/Sandokan-Insetticidi-e-Repellenti-BIO-Mobile.png","width":350,"height":99,"caption":"Sandokan | Repellenti Naturali per Interni ed Esterni"},"image":{"@id":"https:\/\/sandokan.com\/fr\/#\/schema\/logo\/image\/"},"sameAs":["https:\/\/www.facebook.com\/zanzareeinsetti\/","https:\/\/x.com\/sandokaninsetti","https:\/\/www.youtube.com\/channel\/UCMv6YC7WVMIF6KXkcLnuVuw"]}]}},"_links":{"self":[{"href":"https:\/\/sandokan.com\/fr\/wp-json\/wp\/v2\/product\/30407","targetHints":{"allow":["GET"]}}],"collection":[{"href":"https:\/\/sandokan.com\/fr\/wp-json\/wp\/v2\/product"}],"about":[{"href":"https:\/\/sandokan.com\/fr\/wp-json\/wp\/v2\/types\/product"}],"replies":[{"embeddable":true,"href":"https:\/\/sandokan.com\/fr\/wp-json\/wp\/v2\/comments?post=30407"}],"wp:featuredmedia":[{"embeddable":true,"href":"https:\/\/sandokan.com\/fr\/wp-json\/wp\/v2\/media\/30130"}],"wp:attachment":[{"href":"https:\/\/sandokan.com\/fr\/wp-json\/wp\/v2\/media?parent=30407"}],"wp:term":[{"taxonomy":"product_brand","embeddable":true,"href":"https:\/\/sandokan.com\/fr\/wp-json\/wp\/v2\/product_brand?post=30407"},{"taxonomy":"product_cat","embeddable":true,"href":"https:\/\/sandokan.com\/fr\/wp-json\/wp\/v2\/product_cat?post=30407"},{"taxonomy":"product_tag","embeddable":true,"href":"https:\/\/sandokan.com\/fr\/wp-json\/wp\/v2\/product_tag?post=30407"}],"curies":[{"name":"wp","href":"https:\/\/api.w.org\/{rel}","templated":true}]}}