{"id":30426,"date":"2026-03-09T09:05:02","date_gmt":"2026-03-09T08:05:02","guid":{"rendered":"https:\/\/sandokan.com\/prodotto\/automiseur-professionnel-12v-sandokan\/"},"modified":"2026-03-09T09:05:02","modified_gmt":"2026-03-09T08:05:02","slug":"automiseur-professionnel-12v-sandokan","status":"publish","type":"product","link":"https:\/\/sandokan.com\/fr\/prodotto\/automiseur-professionnel-12v-sandokan\/","title":{"rendered":"AUTOMISEUR PROFESSIONNEL 12V Sandokan"},"content":{"rendered":"<h3><strong>Sandokan AUTOMIZER PROFESSIONAL syst\u00e8me anti-moustique r\u00e9servoir de 40 litres alimentation 12V<\/strong><\/h3>\n<p>AUTOMIZER PROFESSIONAL est la nouveaut\u00e9 2026 de la marque Sandokan. Efficace, durable et enti\u00e8rement automatis\u00e9, c&rsquo;est la solution ultime pour la lutte contre les moustiques. Gr\u00e2ce \u00e0 son tout nouveau design brevet\u00e9, cette version de l&rsquo;Automizer permet une plus grande autonomie de traitement gr\u00e2ce \u00e0 son r\u00e9servoir de 40 litres et est id\u00e9ale pour traiter de grandes surfaces.  <\/p>\n<p>Le syst\u00e8me est dot\u00e9 d&rsquo;une \u00e9lectronique Made in Italy et d&rsquo;un logiciel d\u00e9di\u00e9 comprenant 14 programmes incr\u00e9mentaux pr\u00e9r\u00e9gl\u00e9s et un programme personnalisable pour r\u00e9pondre aux diff\u00e9rents besoins de traitement. Le kit de base du Sandokan Professional Automizer comprend : 20 atomiseurs en laiton de haute qualit\u00e9, 66 m\u00e8tres de tuyau et tout ce qui est n\u00e9cessaire pour une installation rapide et facile. <\/p>\n<p>L&rsquo;Automizer Professional 40 litres est aliment\u00e9 par 12V (avec transformateur 230V) et est id\u00e9al pour les situations o\u00f9 il est possible de se raccorder \u00e0 l&rsquo;\u00e9lectricit\u00e9 afin de garantir une fiabilit\u00e9 constante et des performances maximales sans avoir \u00e0 se soucier de la recharge de la batterie.<\/p>\n<h5><strong>Caract\u00e9ristiques principales de l&rsquo;Automizer 40 litres 12v :<\/strong><\/h5>\n<ul>\n<li><strong>Dimensions :<\/strong> 40x40x60 (lxlxh)<\/li>\n<li><strong>Couverture \u00e9lev\u00e9e<\/strong>: 400m\u00b2 de base, extensible \u00e0 2000m\u00b2 avec 3 kits suppl\u00e9mentaires<\/li>\n<li><strong>Grand r\u00e9servoir<\/strong>: 40 litres avec m\u00e9langeur int\u00e9gr\u00e9<\/li>\n<li><strong>Alimentation<\/strong>: avec bloc d&rsquo;alimentation 230V<\/li>\n<li><strong>Rendement<\/strong> \u00e9lev\u00e9 : pompe haute performance capable d&rsquo;alimenter jusqu&rsquo;\u00e0 50 pulv\u00e9risateurs Sandokan<\/li>\n<li><strong>Alarmes int\u00e9gr\u00e9es<\/strong>: alarme de pulv\u00e9risation, r\u00e9servoir vide, temp\u00e9ratures critiques<\/li>\n<li><strong>Distribution<\/strong>: atomis\u00e9e et pr\u00e9cise<\/li>\n<li><strong>Innovation exclusive<\/strong>: produit ayant fait l&rsquo;objet d&rsquo;une demande de brevet international<\/li>\n<li>L&rsquo;<strong>excellence italienne<\/strong>: une qualit\u00e9 sans comparaison avec les productions asiatiques<\/li>\n<li>Mod\u00e8le d\u00e9pos\u00e9<\/li>\n<li><strong data-start=\"2045\" data-end=\"2082\">\u00c9cran avec touches tactiles (captives)<\/strong> pour une programmation intuitive<\/li>\n<li>Conformit\u00e9 RoHS et CE<\/li>\n<\/ul>\n<h5><strong>Pourquoi choisir AUTOMIZER Professional 12v Sandokan<\/strong><\/h5>\n<ul>\n<li><strong>Made in Italy<\/strong>: technologie et qualit\u00e9 con\u00e7ues et fabriqu\u00e9es en Italie et ayant fait l&rsquo;objet d&rsquo;une demande de brevet international.<\/li>\n<li><strong>Syst\u00e8me professionnel <\/strong>automatis\u00e9 et modulaire <strong>de lutte contre les moustiques <\/strong>pour un usage domestique, professionnel et public<\/li>\n<li><strong>Distribution pr\u00e9cise<\/strong>: dosage mesur\u00e9 de l&rsquo;insecticide ou du r\u00e9pulsif, sans gaspillage et avec un rendement maximal.<\/li>\n<li><strong>Installation facile<\/strong>: le kit de montage permet d&rsquo;installer rapidement et facilement la tuyauterie et les atomiseurs \u00e0 l&rsquo;endroit voulu.<\/li>\n<li><strong>Polyvalence d&rsquo;utilisation<\/strong>: id\u00e9al pour les particuliers, les restaurants, les \u00e9tablissements d&rsquo;accueil, les espaces verts<\/li>\n<li><strong>Solution d\u00e9finitive<\/strong><span> <\/span>au probl\u00e8me des moustiques<\/li>\n<li><strong>Silencieux et discret<\/strong>: id\u00e9al pour tout environnement<\/li>\n<li><strong>Rapport qualit\u00e9-prix<\/strong><span> <\/span>in\u00e9gal\u00e9<\/li>\n<li><strong>Durabilit\u00e9 environnementale<\/strong>, gr\u00e2ce au cycle \u00e9cologique de la nuit<\/li>\n<li><strong>Design<\/strong><span> <\/span>enregistr\u00e9, moderne et sophistiqu\u00e9<\/li>\n<li><b>Assistance<span> <\/span><\/b>Service client\u00e8le d\u00e9di\u00e9<\/li>\n<li>Garantie de 2 ans<\/li>\n<\/ul>\n<h5><strong>Comment utiliser le brumisateur AUTOMIZER Sandokan Garden Mosquito Mist Sprayer ?<\/strong><\/h5>\n<ul>\n<li><strong>Placez des micro-pulv\u00e9risateurs<\/strong> \u00e0 des endroits strat\u00e9giques du jardin ou de la zone \u00e0 traiter.<\/li>\n<li><strong>Connectez l&rsquo;appareil \u00e0 l&rsquo;alimentation<\/strong> via le transformateur IPX4.<\/li>\n<li><strong>Remplissez le r\u00e9servoir de 40 litres<\/strong> avec la formulation dilu\u00e9e de Sandokan conform\u00e9ment aux instructions figurant sur l&rsquo;\u00e9tiquette (ATTENTION : n&rsquo;utilisez que les produits <a href=\"https:\/\/sandokan.com\/fr\/prodotto\/bl-flower-insect-repellent-pour-les-systemes-automatiques\/\" target=\"_blank\" rel=\"noopener\">anti-moustiques<\/a> et <a href=\"https:\/\/sandokan.com\/fr\/prodotto\/insecticide-anti-moustiques-liquide-concentre-pour-systemes-automatiques\/\" target=\"_blank\" rel=\"noopener\">insecticides<\/a> indiqu\u00e9s).<\/li>\n<li>R\u00e9glez les cycles et les temps de distribution \u00e0 l&rsquo;aide du panneau de commande \u00e0 touches tactiles.<\/li>\n<li><strong>Utilisez un insecticide la nuit<\/strong> (action antiparasitaire) et un <strong data-start=\"3214\" data-end=\"3238\">r\u00e9pulsif le jour<\/strong> (action protectrice).<\/li>\n<li><strong>V\u00e9rifiez p\u00e9riodiquement le niveau du r\u00e9servoir<\/strong> et l&rsquo;\u00e9tat des buses.<\/li>\n<\/ul>\n<h5><strong>Points forts<\/strong><\/h5>\n<ul>\n<li><b>Automatisation compl\u00e8te <\/b>g\u00e9rer la protection sans effort<\/li>\n<li><strong>\u00c9conomique<\/strong>, sans entretien ni frais mensuels<\/li>\n<li>Distribution pr\u00e9cise et optimale \u00e0 <strong>haute efficacit\u00e9<\/strong>.<\/li>\n<li><strong>Facilit\u00e9 d&rsquo;entretien et<\/strong> grande autonomie gr\u00e2ce au r\u00e9servoir de 40 litres<\/li>\n<li>La <strong>polyvalence d&rsquo;utilisation<\/strong> est parfaite pour tout type d&rsquo;espace ext\u00e9rieur priv\u00e9 ou commercial et le choix d&rsquo;utiliser des insecticides ou des r\u00e9pulsifs.<\/li>\n<\/ul>\n<h5><strong>Ce que contient le paquet<\/strong><\/h5>\n<ul>\n<li>1x 40 litres Automizer Professional syst\u00e8me aliment\u00e9 par l&rsquo;\u00e9lectricit\u00e9<\/li>\n<li>1 transformateur 230V 12v<\/li>\n<li>66 m\u00e8tres lin\u00e9aires de pipeline<\/li>\n<li>KIT N\u00e9buliseur : 20 n\u00e9buliseurs, 2 connecteurs en T, 4 bouchons<\/li>\n<li>50x pinces d&rsquo;ancrage<\/li>\n<li>20x crochets de fixation<\/li>\n<\/ul>\n<p>\u26a0\ufe0f Pour des r\u00e9sultats optimaux, nous recommandons l&rsquo;utilisation combin\u00e9e de <strong>larvicides<\/strong> et d&rsquo;<strong>\u00e9lectro-insecticides<\/strong> dans le cadre d&rsquo;un <strong>syst\u00e8me int\u00e9gr\u00e9 de lutte contre les moustiques<\/strong>.<\/p>\n<h5><span class=\"fontstyle2\"><strong>Insectes cibles<\/strong><\/span><\/h5>\n<p><span class=\"fontstyle0\">moustiques, moustiques tigres, phl\u00e9botomes, punaises, puces, tiques<\/span><\/p>\n","protected":false},"excerpt":{"rendered":"<p><img loading=\"lazy\" decoding=\"async\" class=\"alignnone wp-image-21662\" src=\"https:\/\/sandokan.com\/wp-content\/uploads\/2021\/04\/zanzara.png\" alt=\"\" width=\"80\" height=\"80\" srcset=\"https:\/\/sandokan.com\/wp-content\/uploads\/2021\/04\/zanzara.png 200w, https:\/\/sandokan.com\/wp-content\/uploads\/2021\/04\/zanzara-100x100.png 100w, https:\/\/sandokan.com\/wp-content\/uploads\/2021\/04\/zanzara-150x150.png 150w, https:\/\/sandokan.com\/wp-content\/uploads\/2021\/04\/zanzara-145x145.png 145w, https:\/\/sandokan.com\/wp-content\/uploads\/2021\/04\/zanzara-50x50.png 50w\" sizes=\"auto, (max-width: 80px) 100vw, 80px\" \/><img loading=\"lazy\" decoding=\"async\" class=\"alignnone wp-image-21626\" src=\"https:\/\/sandokan.com\/wp-content\/uploads\/2022\/09\/mosca.png\" alt=\"\" width=\"80\" height=\"80\" srcset=\"https:\/\/sandokan.com\/wp-content\/uploads\/2022\/09\/mosca.png 200w, https:\/\/sandokan.com\/wp-content\/uploads\/2022\/09\/mosca-100x100.png 100w, https:\/\/sandokan.com\/wp-content\/uploads\/2022\/09\/mosca-150x150.png 150w, https:\/\/sandokan.com\/wp-content\/uploads\/2022\/09\/mosca-145x145.png 145w, https:\/\/sandokan.com\/wp-content\/uploads\/2022\/09\/mosca-50x50.png 50w\" sizes=\"auto, (max-width: 80px) 100vw, 80px\" \/><img loading=\"lazy\" decoding=\"async\" class=\"alignnone wp-image-21638\" src=\"https:\/\/sandokan.com\/wp-content\/uploads\/2022\/04\/cimice-1.png\" alt=\"\" width=\"80\" height=\"80\" srcset=\"https:\/\/sandokan.com\/wp-content\/uploads\/2022\/04\/cimice-1.png 200w, https:\/\/sandokan.com\/wp-content\/uploads\/2022\/04\/cimice-1-100x100.png 100w, https:\/\/sandokan.com\/wp-content\/uploads\/2022\/04\/cimice-1-150x150.png 150w, https:\/\/sandokan.com\/wp-content\/uploads\/2022\/04\/cimice-1-145x145.png 145w, https:\/\/sandokan.com\/wp-content\/uploads\/2022\/04\/cimice-1-50x50.png 50w\" sizes=\"auto, (max-width: 80px) 100vw, 80px\" \/><img loading=\"lazy\" decoding=\"async\" class=\"alignnone wp-image-28342 size-full\" src=\"https:\/\/sandokan.com\/wp-content\/uploads\/2025\/05\/zecca-2.png\" alt=\"\" width=\"60\" height=\"60\" srcset=\"https:\/\/sandokan.com\/wp-content\/uploads\/2025\/05\/zecca-2.png 60w, https:\/\/sandokan.com\/wp-content\/uploads\/2025\/05\/zecca-2-50x50.png 50w, https:\/\/sandokan.com\/wp-content\/uploads\/2025\/05\/zecca-2-32x32.png 32w\" sizes=\"auto, (max-width: 60px) 100vw, 60px\" \/><img loading=\"lazy\" decoding=\"async\" class=\"alignnone wp-image-28340 size-full\" src=\"https:\/\/sandokan.com\/wp-content\/uploads\/2025\/05\/pulce-2.jpg\" alt=\"\" width=\"60\" height=\"60\" srcset=\"https:\/\/sandokan.com\/wp-content\/uploads\/2025\/05\/pulce-2.jpg 60w, https:\/\/sandokan.com\/wp-content\/uploads\/2025\/05\/pulce-2-50x50.jpg 50w, https:\/\/sandokan.com\/wp-content\/uploads\/2025\/05\/pulce-2-32x32.jpg 32w\" sizes=\"auto, (max-width: 60px) 100vw, 60px\" \/><\/p>\n<p>L&rsquo;Automizer Professional <strong>12 volts<\/strong> avec <strong>r\u00e9servoir de 40 litres<\/strong> est id\u00e9al pour couvrir des surfaces jusqu&rsquo;\u00e0 <strong>2000 m\u00e8tres carr\u00e9s<\/strong>. Il comprend <strong>66 m\u00e8tres<\/strong> lin\u00e9aires de tuyaux et <strong>20 buses de<\/strong> pulv\u00e9risation. La couverture de base commence \u00e0 400 m\u00e8tres carr\u00e9s et peut \u00eatre \u00e9tendue avec des <strong>kits d&rsquo;extension<\/strong> jusqu&rsquo;\u00e0<strong> 2000 m\u00e8tres carr\u00e9s avec 150 m\u00e8tres lin\u00e9aires de tuyau<\/strong>. Peut \u00eatre utilis\u00e9 avec les <strong>r\u00e9pulsifs<\/strong> et les <strong>insecticides Sandokan<\/strong>.   <\/p>\n","protected":false},"featured_media":30152,"comment_status":"closed","ping_status":"closed","template":"","meta":{"_acf_changed":false,"inline_featured_image":false},"product_brand":[],"product_cat":[810,811],"product_tag":[832,815,817,831,816,812,829,814],"class_list":{"0":"post-30426","1":"product","2":"type-product","3":"status-publish","4":"has-post-thumbnail","6":"product_cat-automizer","7":"product_cat-distributeurs","8":"product_tag-832","9":"product_tag-automate","10":"product_tag-automatique","11":"product_tag-automizer-professional","12":"product_tag-insecticide","13":"product_tag-moustiques","14":"product_tag-repulsif","15":"product_tag-systemes-automatises","17":"first","18":"instock","19":"featured","20":"taxable","21":"shipping-taxable","22":"purchasable","23":"product-type-simple"},"bundled_by":["30156","30150","30159"],"bundle_stock_status":"instock","bundle_stock_quantity":null,"bundle_virtual":false,"bundle_layout":"","bundle_add_to_cart_form_location":"","bundle_editable_in_cart":false,"bundle_sold_individually_context":"","bundle_item_grouping":"","bundle_min_size":"","bundle_max_size":"","bundle_price":[],"bundled_items":[],"bundle_sell_ids":[],"acf":[],"yoast_head":"<!-- This site is optimized with the Yoast SEO plugin v27.5 - https:\/\/yoast.com\/product\/yoast-seo-wordpress\/ -->\n<title>Automizer Professional 40l 12 volt Mosquito repellent system - Sandokan%.<\/title>\n<meta name=\"description\" content=\"Automizer Professional 40 litres 12 v Sandokan est le syst\u00e8me anti-moustique enti\u00e8rement automatique pour prot\u00e9ger les espaces ext\u00e9rieurs contre les moustiques.\" \/>\n<meta name=\"robots\" content=\"index, follow, max-snippet:-1, max-image-preview:large, max-video-preview:-1\" \/>\n<link rel=\"canonical\" href=\"https:\/\/sandokan.com\/fr\/prodotto\/automiseur-professionnel-12v-sandokan\/\" \/>\n<meta property=\"og:locale\" content=\"fr_FR\" \/>\n<meta property=\"og:type\" content=\"article\" \/>\n<meta property=\"og:title\" content=\"Automizer Professional 40l 12 volt Mosquito repellent system - Sandokan%.\" \/>\n<meta property=\"og:description\" content=\"Automizer Professional 40 litres 12 v Sandokan est le syst\u00e8me anti-moustique enti\u00e8rement automatique pour prot\u00e9ger les espaces ext\u00e9rieurs contre les moustiques.\" \/>\n<meta property=\"og:url\" content=\"https:\/\/sandokan.com\/fr\/prodotto\/automiseur-professionnel-12v-sandokan\/\" \/>\n<meta property=\"og:site_name\" content=\"Sandokan\" \/>\n<meta property=\"article:publisher\" content=\"https:\/\/www.facebook.com\/zanzareeinsetti\/\" \/>\n<meta property=\"og:image\" content=\"https:\/\/sandokan.com\/wp-content\/uploads\/2026\/03\/7540_automizer-professional-12v.jpg\" \/>\n\t<meta property=\"og:image:width\" content=\"1000\" \/>\n\t<meta property=\"og:image:height\" content=\"1000\" \/>\n\t<meta property=\"og:image:type\" content=\"image\/jpeg\" \/>\n<meta name=\"twitter:card\" content=\"summary_large_image\" \/>\n<meta name=\"twitter:site\" content=\"@sandokaninsetti\" \/>\n<meta name=\"twitter:label1\" content=\"Dur\u00e9e de lecture estim\u00e9e\" \/>\n\t<meta name=\"twitter:data1\" content=\"3 minutes\" \/>\n<script type=\"application\/ld+json\" class=\"yoast-schema-graph\">{\"@context\":\"https:\\\/\\\/schema.org\",\"@graph\":[{\"@type\":\"WebPage\",\"@id\":\"https:\\\/\\\/sandokan.com\\\/fr\\\/prodotto\\\/automiseur-professionnel-12v-sandokan\\\/\",\"url\":\"https:\\\/\\\/sandokan.com\\\/fr\\\/prodotto\\\/automiseur-professionnel-12v-sandokan\\\/\",\"name\":\"Automizer Professional 40l 12 volt Mosquito repellent system - Sandokan%.\",\"isPartOf\":{\"@id\":\"https:\\\/\\\/sandokan.com\\\/fr\\\/#website\"},\"primaryImageOfPage\":{\"@id\":\"https:\\\/\\\/sandokan.com\\\/fr\\\/prodotto\\\/automiseur-professionnel-12v-sandokan\\\/#primaryimage\"},\"image\":{\"@id\":\"https:\\\/\\\/sandokan.com\\\/fr\\\/prodotto\\\/automiseur-professionnel-12v-sandokan\\\/#primaryimage\"},\"thumbnailUrl\":\"https:\\\/\\\/sandokan.com\\\/wp-content\\\/uploads\\\/2026\\\/03\\\/7540_automizer-professional-12v.jpg\",\"datePublished\":\"2026-03-09T08:05:02+00:00\",\"description\":\"Automizer Professional 40 litres 12 v Sandokan est le syst\u00e8me anti-moustique enti\u00e8rement automatique pour prot\u00e9ger les espaces ext\u00e9rieurs contre les moustiques.\",\"breadcrumb\":{\"@id\":\"https:\\\/\\\/sandokan.com\\\/fr\\\/prodotto\\\/automiseur-professionnel-12v-sandokan\\\/#breadcrumb\"},\"inLanguage\":\"fr-FR\",\"potentialAction\":[{\"@type\":\"ReadAction\",\"target\":[\"https:\\\/\\\/sandokan.com\\\/fr\\\/prodotto\\\/automiseur-professionnel-12v-sandokan\\\/\"]}]},{\"@type\":\"ImageObject\",\"inLanguage\":\"fr-FR\",\"@id\":\"https:\\\/\\\/sandokan.com\\\/fr\\\/prodotto\\\/automiseur-professionnel-12v-sandokan\\\/#primaryimage\",\"url\":\"https:\\\/\\\/sandokan.com\\\/wp-content\\\/uploads\\\/2026\\\/03\\\/7540_automizer-professional-12v.jpg\",\"contentUrl\":\"https:\\\/\\\/sandokan.com\\\/wp-content\\\/uploads\\\/2026\\\/03\\\/7540_automizer-professional-12v.jpg\",\"width\":1000,\"height\":1000,\"caption\":\"Automizer Professional 40 litre 12v syst\u00e8me anti-moustique\"},{\"@type\":\"BreadcrumbList\",\"@id\":\"https:\\\/\\\/sandokan.com\\\/fr\\\/prodotto\\\/automiseur-professionnel-12v-sandokan\\\/#breadcrumb\",\"itemListElement\":[{\"@type\":\"ListItem\",\"position\":1,\"name\":\"Sandokan\",\"item\":\"https:\\\/\\\/sandokan.com\\\/fr\\\/accueil\\\/\"},{\"@type\":\"ListItem\",\"position\":2,\"name\":\"Boutique\",\"item\":\"https:\\\/\\\/sandokan.com\\\/fr\\\/boutique\\\/\"},{\"@type\":\"ListItem\",\"position\":3,\"name\":\"AUTOMISEUR PROFESSIONNEL 12V Sandokan\"}]},{\"@type\":\"WebSite\",\"@id\":\"https:\\\/\\\/sandokan.com\\\/fr\\\/#website\",\"url\":\"https:\\\/\\\/sandokan.com\\\/fr\\\/\",\"name\":\"Sandokan\",\"description\":\"Repellenti e Insetticidi\",\"publisher\":{\"@id\":\"https:\\\/\\\/sandokan.com\\\/fr\\\/#organization\"},\"potentialAction\":[{\"@type\":\"SearchAction\",\"target\":{\"@type\":\"EntryPoint\",\"urlTemplate\":\"https:\\\/\\\/sandokan.com\\\/fr\\\/?s={search_term_string}\"},\"query-input\":{\"@type\":\"PropertyValueSpecification\",\"valueRequired\":true,\"valueName\":\"search_term_string\"}}],\"inLanguage\":\"fr-FR\"},{\"@type\":\"Organization\",\"@id\":\"https:\\\/\\\/sandokan.com\\\/fr\\\/#organization\",\"name\":\"Sandokan | Repellenti Naturali per Interni ed Esterni\",\"url\":\"https:\\\/\\\/sandokan.com\\\/fr\\\/\",\"logo\":{\"@type\":\"ImageObject\",\"inLanguage\":\"fr-FR\",\"@id\":\"https:\\\/\\\/sandokan.com\\\/fr\\\/#\\\/schema\\\/logo\\\/image\\\/\",\"url\":\"https:\\\/\\\/sandokan.com\\\/wp-content\\\/uploads\\\/2022\\\/04\\\/Sandokan-Insetticidi-e-Repellenti-BIO-Mobile.png\",\"contentUrl\":\"https:\\\/\\\/sandokan.com\\\/wp-content\\\/uploads\\\/2022\\\/04\\\/Sandokan-Insetticidi-e-Repellenti-BIO-Mobile.png\",\"width\":350,\"height\":99,\"caption\":\"Sandokan | Repellenti Naturali per Interni ed Esterni\"},\"image\":{\"@id\":\"https:\\\/\\\/sandokan.com\\\/fr\\\/#\\\/schema\\\/logo\\\/image\\\/\"},\"sameAs\":[\"https:\\\/\\\/www.facebook.com\\\/zanzareeinsetti\\\/\",\"https:\\\/\\\/x.com\\\/sandokaninsetti\",\"https:\\\/\\\/www.youtube.com\\\/channel\\\/UCMv6YC7WVMIF6KXkcLnuVuw\"]}]}<\/script>\n<!-- \/ Yoast SEO plugin. -->","yoast_head_json":{"title":"Automizer Professional 40l 12 volt Mosquito repellent system - Sandokan%.","description":"Automizer Professional 40 litres 12 v Sandokan est le syst\u00e8me anti-moustique enti\u00e8rement automatique pour prot\u00e9ger les espaces ext\u00e9rieurs contre les moustiques.","robots":{"index":"index","follow":"follow","max-snippet":"max-snippet:-1","max-image-preview":"max-image-preview:large","max-video-preview":"max-video-preview:-1"},"canonical":"https:\/\/sandokan.com\/fr\/prodotto\/automiseur-professionnel-12v-sandokan\/","og_locale":"fr_FR","og_type":"article","og_title":"Automizer Professional 40l 12 volt Mosquito repellent system - Sandokan%.","og_description":"Automizer Professional 40 litres 12 v Sandokan est le syst\u00e8me anti-moustique enti\u00e8rement automatique pour prot\u00e9ger les espaces ext\u00e9rieurs contre les moustiques.","og_url":"https:\/\/sandokan.com\/fr\/prodotto\/automiseur-professionnel-12v-sandokan\/","og_site_name":"Sandokan","article_publisher":"https:\/\/www.facebook.com\/zanzareeinsetti\/","og_image":[{"width":1000,"height":1000,"url":"https:\/\/sandokan.com\/wp-content\/uploads\/2026\/03\/7540_automizer-professional-12v.jpg","type":"image\/jpeg"}],"twitter_card":"summary_large_image","twitter_site":"@sandokaninsetti","twitter_misc":{"Dur\u00e9e de lecture estim\u00e9e":"3 minutes"},"schema":{"@context":"https:\/\/schema.org","@graph":[{"@type":"WebPage","@id":"https:\/\/sandokan.com\/fr\/prodotto\/automiseur-professionnel-12v-sandokan\/","url":"https:\/\/sandokan.com\/fr\/prodotto\/automiseur-professionnel-12v-sandokan\/","name":"Automizer Professional 40l 12 volt Mosquito repellent system - Sandokan%.","isPartOf":{"@id":"https:\/\/sandokan.com\/fr\/#website"},"primaryImageOfPage":{"@id":"https:\/\/sandokan.com\/fr\/prodotto\/automiseur-professionnel-12v-sandokan\/#primaryimage"},"image":{"@id":"https:\/\/sandokan.com\/fr\/prodotto\/automiseur-professionnel-12v-sandokan\/#primaryimage"},"thumbnailUrl":"https:\/\/sandokan.com\/wp-content\/uploads\/2026\/03\/7540_automizer-professional-12v.jpg","datePublished":"2026-03-09T08:05:02+00:00","description":"Automizer Professional 40 litres 12 v Sandokan est le syst\u00e8me anti-moustique enti\u00e8rement automatique pour prot\u00e9ger les espaces ext\u00e9rieurs contre les moustiques.","breadcrumb":{"@id":"https:\/\/sandokan.com\/fr\/prodotto\/automiseur-professionnel-12v-sandokan\/#breadcrumb"},"inLanguage":"fr-FR","potentialAction":[{"@type":"ReadAction","target":["https:\/\/sandokan.com\/fr\/prodotto\/automiseur-professionnel-12v-sandokan\/"]}]},{"@type":"ImageObject","inLanguage":"fr-FR","@id":"https:\/\/sandokan.com\/fr\/prodotto\/automiseur-professionnel-12v-sandokan\/#primaryimage","url":"https:\/\/sandokan.com\/wp-content\/uploads\/2026\/03\/7540_automizer-professional-12v.jpg","contentUrl":"https:\/\/sandokan.com\/wp-content\/uploads\/2026\/03\/7540_automizer-professional-12v.jpg","width":1000,"height":1000,"caption":"Automizer Professional 40 litre 12v syst\u00e8me anti-moustique"},{"@type":"BreadcrumbList","@id":"https:\/\/sandokan.com\/fr\/prodotto\/automiseur-professionnel-12v-sandokan\/#breadcrumb","itemListElement":[{"@type":"ListItem","position":1,"name":"Sandokan","item":"https:\/\/sandokan.com\/fr\/accueil\/"},{"@type":"ListItem","position":2,"name":"Boutique","item":"https:\/\/sandokan.com\/fr\/boutique\/"},{"@type":"ListItem","position":3,"name":"AUTOMISEUR PROFESSIONNEL 12V Sandokan"}]},{"@type":"WebSite","@id":"https:\/\/sandokan.com\/fr\/#website","url":"https:\/\/sandokan.com\/fr\/","name":"Sandokan","description":"Repellenti e Insetticidi","publisher":{"@id":"https:\/\/sandokan.com\/fr\/#organization"},"potentialAction":[{"@type":"SearchAction","target":{"@type":"EntryPoint","urlTemplate":"https:\/\/sandokan.com\/fr\/?s={search_term_string}"},"query-input":{"@type":"PropertyValueSpecification","valueRequired":true,"valueName":"search_term_string"}}],"inLanguage":"fr-FR"},{"@type":"Organization","@id":"https:\/\/sandokan.com\/fr\/#organization","name":"Sandokan | Repellenti Naturali per Interni ed Esterni","url":"https:\/\/sandokan.com\/fr\/","logo":{"@type":"ImageObject","inLanguage":"fr-FR","@id":"https:\/\/sandokan.com\/fr\/#\/schema\/logo\/image\/","url":"https:\/\/sandokan.com\/wp-content\/uploads\/2022\/04\/Sandokan-Insetticidi-e-Repellenti-BIO-Mobile.png","contentUrl":"https:\/\/sandokan.com\/wp-content\/uploads\/2022\/04\/Sandokan-Insetticidi-e-Repellenti-BIO-Mobile.png","width":350,"height":99,"caption":"Sandokan | Repellenti Naturali per Interni ed Esterni"},"image":{"@id":"https:\/\/sandokan.com\/fr\/#\/schema\/logo\/image\/"},"sameAs":["https:\/\/www.facebook.com\/zanzareeinsetti\/","https:\/\/x.com\/sandokaninsetti","https:\/\/www.youtube.com\/channel\/UCMv6YC7WVMIF6KXkcLnuVuw"]}]}},"_links":{"self":[{"href":"https:\/\/sandokan.com\/fr\/wp-json\/wp\/v2\/product\/30426","targetHints":{"allow":["GET"]}}],"collection":[{"href":"https:\/\/sandokan.com\/fr\/wp-json\/wp\/v2\/product"}],"about":[{"href":"https:\/\/sandokan.com\/fr\/wp-json\/wp\/v2\/types\/product"}],"replies":[{"embeddable":true,"href":"https:\/\/sandokan.com\/fr\/wp-json\/wp\/v2\/comments?post=30426"}],"wp:featuredmedia":[{"embeddable":true,"href":"https:\/\/sandokan.com\/fr\/wp-json\/wp\/v2\/media\/30152"}],"wp:attachment":[{"href":"https:\/\/sandokan.com\/fr\/wp-json\/wp\/v2\/media?parent=30426"}],"wp:term":[{"taxonomy":"product_brand","embeddable":true,"href":"https:\/\/sandokan.com\/fr\/wp-json\/wp\/v2\/product_brand?post=30426"},{"taxonomy":"product_cat","embeddable":true,"href":"https:\/\/sandokan.com\/fr\/wp-json\/wp\/v2\/product_cat?post=30426"},{"taxonomy":"product_tag","embeddable":true,"href":"https:\/\/sandokan.com\/fr\/wp-json\/wp\/v2\/product_tag?post=30426"}],"curies":[{"name":"wp","href":"https:\/\/api.w.org\/{rel}","templated":true}]}}