{"id":30449,"date":"2026-03-12T16:00:02","date_gmt":"2026-03-12T15:00:02","guid":{"rendered":"https:\/\/sandokan.com\/prodotto\/automiseur-sun-tech-sandokan-avec-double-alimentation-et-panneau-solaire\/"},"modified":"2026-03-12T16:00:02","modified_gmt":"2026-03-12T15:00:02","slug":"automiseur-sun-tech-sandokan-avec-double-alimentation-et-panneau-solaire","status":"publish","type":"product","link":"https:\/\/sandokan.com\/fr\/prodotto\/automiseur-sun-tech-sandokan-avec-double-alimentation-et-panneau-solaire\/","title":{"rendered":"AUTOMISEUR Sun Tech Sandokan avec double alimentation et panneau solaire"},"content":{"rendered":"<h3>Brumisateur automatique anti-moustiques pour jardins et espaces ext\u00e9rieurs avec double alimentation : 12v et panneau solaire<\/h3>\n<p><strong>Automizer Sun-Tech<\/strong><span> est la solution <\/span><strong>solution ultime contre les moustiques<\/strong><span>L&rsquo;Automizer Sun-Tech, efficace, durable et enti\u00e8rement automatis\u00e9, est id\u00e9al pour tous les environnements ext\u00e9rieurs. Automizer Sun-Tech est \u00e9quip\u00e9 d&rsquo;une \u00e9lectronique Made in Italy et d&rsquo;un logiciel d\u00e9di\u00e9 offrant <strong>14 programmes pr\u00e9r\u00e9gl\u00e9s<\/strong> et un <strong>programme<\/strong> enti\u00e8rement personnalisable pour r\u00e9pondre \u00e0 tous les besoins. La version <strong>Sun-Tech de l&rsquo;Automizer<\/strong> est con\u00e7ue pour ceux qui n&rsquo;ont pas de prises externes \u00e0 proximit\u00e9 imm\u00e9diate de l&rsquo;appareil ou qui pr\u00e9f\u00e8rent simplement une approche plus \u00e9cologique. Cette version est cependant \u00e9quip\u00e9e d&rsquo;une <strong>batterie au lithium de 12V<\/strong> avec la possibilit\u00e9 de la <strong>raccorder<\/strong> au r\u00e9seau \u00e9lectrique, avec la possibilit\u00e9 de l&rsquo;alimenter dans les deux modes (courant ou <strong>recharge par panneau solaire<\/strong>).   <\/span><\/p>\n<p><span>Le kit de base comprend 10 atomiseurs en laiton, 33 m\u00e8tres de tuyau et tout le n\u00e9cessaire pour fixer le syst\u00e8me. L<strong>&lsquo;installation est simple<\/strong>, <strong>rapide<\/strong> et <strong>modulable<\/strong> \u00e0 souhait : en effet, en plus des atomiseurs, le kit comprend un connecteur en T pour configurer au mieux le p\u00e9rim\u00e8tre d&rsquo;atomisation.   <\/span><\/p>\n<h5><strong>Caract\u00e9ristiques principales<\/strong><\/h5>\n<ul>\n<li><strong>Dimensions :<\/strong> 40x40x40 (lxlxh)<\/li>\n<li><strong>Couverture \u00e9lev\u00e9e<\/strong>: 300m\u00b2 avec le kit de base et possibilit\u00e9 d&rsquo;extension jusqu&rsquo;\u00e0 1000m\u00b2 avec 2 <a href=\"https:\/\/sandokan.com\/fr\/prodotto\/kit-dexpansion-pour-sandokan-automizer\/\" target=\"_blank\" rel=\"noopener\">kits d&rsquo;extension<\/a><\/li>\n<li><strong>R\u00e9servoir de grande capacit\u00e9<\/strong>: 20 litres<\/li>\n<li><strong>Double alimentation<\/strong>: la batterie au lithium peut \u00eatre recharg\u00e9e par un panneau solaire ou par l&rsquo;\u00e9lectricit\u00e9.<\/li>\n<li><strong>Distribution pr\u00e9cise<\/strong>: dosage mesur\u00e9 de l&rsquo;insecticide ou du r\u00e9pulsif, sans gaspillage et avec un rendement maximal.<\/li>\n<li>Installation <strong>facile<\/strong>: 10 micro-n\u00e9buliseurs en laiton \u00e0 tr\u00e8s haute efficacit\u00e9 et 33 m\u00e8tres de tuyau d\u00e9j\u00e0 inclus, avec kit de montage.<\/li>\n<li><strong>Alarmes int\u00e9gr\u00e9es<\/strong>: avertissement de d\u00e9but de pulv\u00e9risation, r\u00e9servoir vide, pr\u00e9-pulv\u00e9risation, temp\u00e9ratures critiques<\/li>\n<li><strong>Polyvalence d&rsquo;utilisation<\/strong>: id\u00e9al pour les particuliers, les restaurants, les \u00e9tablissements d&rsquo;accueil, les espaces verts<\/li>\n<li>L&rsquo;<strong>excellence<\/strong> italienne : la qualit\u00e9 italienne sans comparaison avec les productions asiatiques<\/li>\n<li><strong>Innovation exclusive<\/strong>: produit ayant fait l&rsquo;objet d&rsquo;une demande de brevet international et d&rsquo;un dessin ou mod\u00e8le enregistr\u00e9<\/li>\n<li><strong>Certifi\u00e9<\/strong>: conforme aux normes RoHS et CE<\/li>\n<li><strong>Respect de l&rsquo;environnement<\/strong>: pulv\u00e9risations cibl\u00e9es et horaires programmables pour ne pas g\u00eaner les insectes pollinisateurs.<\/li>\n<\/ul>\n<h5>Pourquoi choisir Automizer Sun-Tech :<\/h5>\n<ul>\n<li><strong>Solution d\u00e9finitive<\/strong><span> <\/span>au probl\u00e8me des moustiques<\/li>\n<li><strong>Installation simple<\/strong><span> <\/span>et rapide avec le kit de montage inclus<\/li>\n<li><strong>Rapport qualit\u00e9-prix<\/strong><span> <\/span>in\u00e9gal\u00e9<\/li>\n<li><strong>Automatisation totale<\/strong>: programmation personnalisable, cycles de pulv\u00e9risation automatiques<\/li>\n<li><strong>Couverture \u00e9lev\u00e9e<\/strong>: prot\u00e8ge des zones d&rsquo;environ 300m\u00b2, extensible jusqu&rsquo;\u00e0 1000m\u00b2 avec un kit suppl\u00e9mentaire<\/li>\n<li><strong>Grand r\u00e9servoir<\/strong>: 20 litres avec m\u00e9langeur int\u00e9gr\u00e9 pour une autonomie allant jusqu&rsquo;\u00e0 3 mois (variable en fonction du programme d\u00e9fini)<\/li>\n<li><strong>Silencieux et discret<\/strong>: id\u00e9al pour toutes les situations<\/li>\n<li><b>Assistance<span> <\/span><\/b>Service client\u00e8le d\u00e9di\u00e9<\/li>\n<li>Garantie de 2 ans<\/li>\n<\/ul>\n<h5><strong>Comment utiliser le syst\u00e8me anti-moustique AUTOMIZER ?<\/strong><\/h5>\n<ol>\n<li><strong>Position AUTOMIZER :<\/strong> choisissez un endroit non expos\u00e9 \u00e0 la lumi\u00e8re directe du soleil afin de ne pas surchauffer le syst\u00e8me.<\/li>\n<li><strong>Installation facile :<\/strong> fixez les <strong>10 micro-pulv\u00e9risateurs<\/strong> \u00e0 des endroits strat\u00e9giques de votre espace (jardin, cour, parc, etc.) et raccordez le <strong>tuyau de 33 m\u00e8tres.<\/strong><\/li>\n<li><strong>Remplissage du r\u00e9servoir :<\/strong> remplissez le <strong>r\u00e9servoir de 20 litres<\/strong> avec la solution insecticide ou r\u00e9pulsive choisie, en suivant les instructions figurant sur l&rsquo;\u00e9tiquette.<\/li>\n<li><strong>Programmation des cycles :<\/strong> Utilisez l&rsquo;<strong>\u00e9cran \u00e0 touches captives<\/strong> pour d\u00e9finir les cycles de pulv\u00e9risation, en choisissant la <strong>dur\u00e9e<\/strong> et le <strong>nombre de<\/strong> pulv\u00e9risations quotidiennes, et en programmant l&rsquo;heure exacte (m\u00eame la nuit, pour prot\u00e9ger l&rsquo;environnement et les insectes utiles).<\/li>\n<li><strong>D\u00e9but du cycle :<\/strong> une fois configur\u00e9, l&rsquo;AUTOMIZER commence automatiquement \u00e0 pulv\u00e9riser. Il vous avertit par un <strong>signal sonore 60 secondes avant la pulv\u00e9risation<\/strong> afin que vous puissiez \u00e9loigner les personnes ou les animaux. <\/li>\n<li><strong>Surveillance et entretien :<\/strong> v\u00e9rifiez p\u00e9riodiquement le niveau du r\u00e9servoir et assurez-vous que le syst\u00e8me fonctionne correctement.<\/li>\n<\/ol>\n<h5><strong>Sp\u00e9cifications techniques<\/strong><\/h5>\n<ul>\n<li><strong>Batterie lithium double puissance<\/strong> recharg\u00e9e par panneau solaire ou \u00e9lectricit\u00e9<\/li>\n<li><strong>R\u00e9servoir de 20 litres<\/strong> avec m\u00e9langeur interne<\/li>\n<li><strong>Pompe haute performance<\/strong> pour alimenter jusqu&rsquo;\u00e0 30 micro-n\u00e9buliseurs<\/li>\n<li><strong>Cycles programmables<\/strong> de 8 fois par jour \u00e0 1 fois par semaine<\/li>\n<li><strong>Afficheur avec touches captives<\/strong> et alarmes de s\u00e9curit\u00e9<\/li>\n<li><strong>Mat\u00e9riau<\/strong>: Haute qualit\u00e9 <strong>Fabriqu\u00e9 en Italie<\/strong><\/li>\n<li><strong>Pulv\u00e9risation cibl\u00e9e<\/strong> d&rsquo;insecticide ou de r\u00e9pulsif<\/li>\n<\/ul>\n<h5><strong>Ce que contient le paquet<\/strong><\/h5>\n<ul>\n<li>1x syst\u00e8me Automizer Sun Tech couleur ROCK WHITE<\/li>\n<li>1x batterie lithium rechargeable avec double alimentation \u00e9lectrique<\/li>\n<li>33 m\u00e8tres lin\u00e9aires de tuyauterie<\/li>\n<li>KIT pulv\u00e9risateur : 10 buses de pulv\u00e9risation, 1 raccord en T, 2 bouchons<\/li>\n<li>50x pinces d&rsquo;ancrage<\/li>\n<li>20x crochets de fixation<\/li>\n<\/ul>\n<p>&nbsp;<\/p>\n","protected":false},"excerpt":{"rendered":"<p><span>L&rsquo;<strong>Automizer Sun Tech<\/strong> est con\u00e7u pour ceux qui ne disposent pas de prises externes \u00e0 proximit\u00e9 imm\u00e9diate de l&rsquo;appareil ou qui pr\u00e9f\u00e8rent simplement une approche plus \u00e9cologique. Cette version est \u00e9quip\u00e9e d&rsquo;une <strong>batterie au lithium de 12 V<\/strong> qui peut \u00eatre recharg\u00e9e par l&rsquo;interm\u00e9diaire de l&rsquo;\u00e9lectricit\u00e9 ou d&rsquo;un <strong>panneau solaire int\u00e9gr\u00e9<\/strong>.) <\/span> <strong>Couverture de base 33 m\u00e8tres lin\u00e9aires extensible jusqu&rsquo;\u00e0 99 m\u00e8tres lin\u00e9aires avec 2 kits d&rsquo;extension pour des jardins jusqu&rsquo;\u00e0 1000 m\u00e8tres carr\u00e9s.<\/strong><\/p>\n","protected":false},"featured_media":30451,"comment_status":"closed","ping_status":"closed","template":"","meta":{"_acf_changed":false,"inline_featured_image":false},"product_brand":[],"product_cat":[810,811],"product_tag":[815,817,812,814],"class_list":{"0":"post-30449","1":"product","2":"type-product","3":"status-publish","4":"has-post-thumbnail","6":"product_cat-automizer","7":"product_cat-distributeurs","8":"product_tag-automate","9":"product_tag-automatique","10":"product_tag-moustiques","11":"product_tag-systemes-automatises","13":"first","14":"instock","15":"featured","16":"taxable","17":"shipping-taxable","18":"purchasable","19":"product-type-simple"},"bundled_by":["30146"],"bundle_stock_status":"instock","bundle_stock_quantity":null,"bundle_virtual":false,"bundle_layout":"","bundle_add_to_cart_form_location":"","bundle_editable_in_cart":false,"bundle_sold_individually_context":"","bundle_item_grouping":"","bundle_min_size":"","bundle_max_size":"","bundle_price":[],"bundled_items":[],"bundle_sell_ids":[],"acf":[],"yoast_head":"<!-- This site is optimized with the Yoast SEO plugin v27.5 - https:\/\/yoast.com\/product\/yoast-seo-wordpress\/ -->\n<title>AUTOMISEUR Sandokan Sun Tech avec panneau solaire - Sandokan.<\/title>\n<meta name=\"description\" content=\"Syst\u00e8me de moustique de jardin \u00e0 double alimentation. Batterie avec chargement par \u00e9lectricit\u00e9 ou panneau solaire, pour un syst\u00e8me plus \u00e9cologique.\" \/>\n<meta name=\"robots\" content=\"index, follow, max-snippet:-1, max-image-preview:large, max-video-preview:-1\" \/>\n<link rel=\"canonical\" href=\"https:\/\/sandokan.com\/fr\/prodotto\/automiseur-sun-tech-sandokan-avec-double-alimentation-et-panneau-solaire\/\" \/>\n<meta property=\"og:locale\" content=\"fr_FR\" \/>\n<meta property=\"og:type\" content=\"article\" \/>\n<meta property=\"og:title\" content=\"AUTOMISEUR Sandokan Sun Tech avec panneau solaire - Sandokan.\" \/>\n<meta property=\"og:description\" content=\"Syst\u00e8me de moustique de jardin \u00e0 double alimentation. Batterie avec chargement par \u00e9lectricit\u00e9 ou panneau solaire, pour un syst\u00e8me plus \u00e9cologique.\" \/>\n<meta property=\"og:url\" content=\"https:\/\/sandokan.com\/fr\/prodotto\/automiseur-sun-tech-sandokan-avec-double-alimentation-et-panneau-solaire\/\" \/>\n<meta property=\"og:site_name\" content=\"Sandokan\" \/>\n<meta property=\"article:publisher\" content=\"https:\/\/www.facebook.com\/zanzareeinsetti\/\" \/>\n<meta property=\"og:image\" content=\"https:\/\/sandokan.com\/wp-content\/uploads\/2026\/03\/7530_automizer-suntech.jpg\" \/>\n\t<meta property=\"og:image:width\" content=\"800\" \/>\n\t<meta property=\"og:image:height\" content=\"800\" \/>\n\t<meta property=\"og:image:type\" content=\"image\/jpeg\" \/>\n<meta name=\"twitter:card\" content=\"summary_large_image\" \/>\n<meta name=\"twitter:site\" content=\"@sandokaninsetti\" \/>\n<meta name=\"twitter:label1\" content=\"Dur\u00e9e de lecture estim\u00e9e\" \/>\n\t<meta name=\"twitter:data1\" content=\"4 minutes\" \/>\n<script type=\"application\/ld+json\" class=\"yoast-schema-graph\">{\"@context\":\"https:\\\/\\\/schema.org\",\"@graph\":[{\"@type\":\"WebPage\",\"@id\":\"https:\\\/\\\/sandokan.com\\\/fr\\\/prodotto\\\/automiseur-sun-tech-sandokan-avec-double-alimentation-et-panneau-solaire\\\/\",\"url\":\"https:\\\/\\\/sandokan.com\\\/fr\\\/prodotto\\\/automiseur-sun-tech-sandokan-avec-double-alimentation-et-panneau-solaire\\\/\",\"name\":\"AUTOMISEUR Sandokan Sun Tech avec panneau solaire - Sandokan.\",\"isPartOf\":{\"@id\":\"https:\\\/\\\/sandokan.com\\\/fr\\\/#website\"},\"primaryImageOfPage\":{\"@id\":\"https:\\\/\\\/sandokan.com\\\/fr\\\/prodotto\\\/automiseur-sun-tech-sandokan-avec-double-alimentation-et-panneau-solaire\\\/#primaryimage\"},\"image\":{\"@id\":\"https:\\\/\\\/sandokan.com\\\/fr\\\/prodotto\\\/automiseur-sun-tech-sandokan-avec-double-alimentation-et-panneau-solaire\\\/#primaryimage\"},\"thumbnailUrl\":\"https:\\\/\\\/sandokan.com\\\/wp-content\\\/uploads\\\/2026\\\/03\\\/7530_automizer-suntech.jpg\",\"datePublished\":\"2026-03-12T15:00:02+00:00\",\"description\":\"Syst\u00e8me de moustique de jardin \u00e0 double alimentation. Batterie avec chargement par \u00e9lectricit\u00e9 ou panneau solaire, pour un syst\u00e8me plus \u00e9cologique.\",\"breadcrumb\":{\"@id\":\"https:\\\/\\\/sandokan.com\\\/fr\\\/prodotto\\\/automiseur-sun-tech-sandokan-avec-double-alimentation-et-panneau-solaire\\\/#breadcrumb\"},\"inLanguage\":\"fr-FR\",\"potentialAction\":[{\"@type\":\"ReadAction\",\"target\":[\"https:\\\/\\\/sandokan.com\\\/fr\\\/prodotto\\\/automiseur-sun-tech-sandokan-avec-double-alimentation-et-panneau-solaire\\\/\"]}]},{\"@type\":\"ImageObject\",\"inLanguage\":\"fr-FR\",\"@id\":\"https:\\\/\\\/sandokan.com\\\/fr\\\/prodotto\\\/automiseur-sun-tech-sandokan-avec-double-alimentation-et-panneau-solaire\\\/#primaryimage\",\"url\":\"https:\\\/\\\/sandokan.com\\\/wp-content\\\/uploads\\\/2026\\\/03\\\/7530_automizer-suntech.jpg\",\"contentUrl\":\"https:\\\/\\\/sandokan.com\\\/wp-content\\\/uploads\\\/2026\\\/03\\\/7530_automizer-suntech.jpg\",\"width\":800,\"height\":800,\"caption\":\"Automizer Sun Tech Pannello Solare\"},{\"@type\":\"BreadcrumbList\",\"@id\":\"https:\\\/\\\/sandokan.com\\\/fr\\\/prodotto\\\/automiseur-sun-tech-sandokan-avec-double-alimentation-et-panneau-solaire\\\/#breadcrumb\",\"itemListElement\":[{\"@type\":\"ListItem\",\"position\":1,\"name\":\"Sandokan\",\"item\":\"https:\\\/\\\/sandokan.com\\\/fr\\\/accueil\\\/\"},{\"@type\":\"ListItem\",\"position\":2,\"name\":\"Boutique\",\"item\":\"https:\\\/\\\/sandokan.com\\\/fr\\\/boutique\\\/\"},{\"@type\":\"ListItem\",\"position\":3,\"name\":\"AUTOMISEUR Sun Tech Sandokan avec double alimentation et panneau solaire\"}]},{\"@type\":\"WebSite\",\"@id\":\"https:\\\/\\\/sandokan.com\\\/fr\\\/#website\",\"url\":\"https:\\\/\\\/sandokan.com\\\/fr\\\/\",\"name\":\"Sandokan\",\"description\":\"Repellenti e Insetticidi\",\"publisher\":{\"@id\":\"https:\\\/\\\/sandokan.com\\\/fr\\\/#organization\"},\"potentialAction\":[{\"@type\":\"SearchAction\",\"target\":{\"@type\":\"EntryPoint\",\"urlTemplate\":\"https:\\\/\\\/sandokan.com\\\/fr\\\/?s={search_term_string}\"},\"query-input\":{\"@type\":\"PropertyValueSpecification\",\"valueRequired\":true,\"valueName\":\"search_term_string\"}}],\"inLanguage\":\"fr-FR\"},{\"@type\":\"Organization\",\"@id\":\"https:\\\/\\\/sandokan.com\\\/fr\\\/#organization\",\"name\":\"Sandokan | Repellenti Naturali per Interni ed Esterni\",\"url\":\"https:\\\/\\\/sandokan.com\\\/fr\\\/\",\"logo\":{\"@type\":\"ImageObject\",\"inLanguage\":\"fr-FR\",\"@id\":\"https:\\\/\\\/sandokan.com\\\/fr\\\/#\\\/schema\\\/logo\\\/image\\\/\",\"url\":\"https:\\\/\\\/sandokan.com\\\/wp-content\\\/uploads\\\/2022\\\/04\\\/Sandokan-Insetticidi-e-Repellenti-BIO-Mobile.png\",\"contentUrl\":\"https:\\\/\\\/sandokan.com\\\/wp-content\\\/uploads\\\/2022\\\/04\\\/Sandokan-Insetticidi-e-Repellenti-BIO-Mobile.png\",\"width\":350,\"height\":99,\"caption\":\"Sandokan | Repellenti Naturali per Interni ed Esterni\"},\"image\":{\"@id\":\"https:\\\/\\\/sandokan.com\\\/fr\\\/#\\\/schema\\\/logo\\\/image\\\/\"},\"sameAs\":[\"https:\\\/\\\/www.facebook.com\\\/zanzareeinsetti\\\/\",\"https:\\\/\\\/x.com\\\/sandokaninsetti\",\"https:\\\/\\\/www.youtube.com\\\/channel\\\/UCMv6YC7WVMIF6KXkcLnuVuw\"]}]}<\/script>\n<!-- \/ Yoast SEO plugin. -->","yoast_head_json":{"title":"AUTOMISEUR Sandokan Sun Tech avec panneau solaire - Sandokan.","description":"Syst\u00e8me de moustique de jardin \u00e0 double alimentation. Batterie avec chargement par \u00e9lectricit\u00e9 ou panneau solaire, pour un syst\u00e8me plus \u00e9cologique.","robots":{"index":"index","follow":"follow","max-snippet":"max-snippet:-1","max-image-preview":"max-image-preview:large","max-video-preview":"max-video-preview:-1"},"canonical":"https:\/\/sandokan.com\/fr\/prodotto\/automiseur-sun-tech-sandokan-avec-double-alimentation-et-panneau-solaire\/","og_locale":"fr_FR","og_type":"article","og_title":"AUTOMISEUR Sandokan Sun Tech avec panneau solaire - Sandokan.","og_description":"Syst\u00e8me de moustique de jardin \u00e0 double alimentation. Batterie avec chargement par \u00e9lectricit\u00e9 ou panneau solaire, pour un syst\u00e8me plus \u00e9cologique.","og_url":"https:\/\/sandokan.com\/fr\/prodotto\/automiseur-sun-tech-sandokan-avec-double-alimentation-et-panneau-solaire\/","og_site_name":"Sandokan","article_publisher":"https:\/\/www.facebook.com\/zanzareeinsetti\/","og_image":[{"width":800,"height":800,"url":"https:\/\/sandokan.com\/wp-content\/uploads\/2026\/03\/7530_automizer-suntech.jpg","type":"image\/jpeg"}],"twitter_card":"summary_large_image","twitter_site":"@sandokaninsetti","twitter_misc":{"Dur\u00e9e de lecture estim\u00e9e":"4 minutes"},"schema":{"@context":"https:\/\/schema.org","@graph":[{"@type":"WebPage","@id":"https:\/\/sandokan.com\/fr\/prodotto\/automiseur-sun-tech-sandokan-avec-double-alimentation-et-panneau-solaire\/","url":"https:\/\/sandokan.com\/fr\/prodotto\/automiseur-sun-tech-sandokan-avec-double-alimentation-et-panneau-solaire\/","name":"AUTOMISEUR Sandokan Sun Tech avec panneau solaire - Sandokan.","isPartOf":{"@id":"https:\/\/sandokan.com\/fr\/#website"},"primaryImageOfPage":{"@id":"https:\/\/sandokan.com\/fr\/prodotto\/automiseur-sun-tech-sandokan-avec-double-alimentation-et-panneau-solaire\/#primaryimage"},"image":{"@id":"https:\/\/sandokan.com\/fr\/prodotto\/automiseur-sun-tech-sandokan-avec-double-alimentation-et-panneau-solaire\/#primaryimage"},"thumbnailUrl":"https:\/\/sandokan.com\/wp-content\/uploads\/2026\/03\/7530_automizer-suntech.jpg","datePublished":"2026-03-12T15:00:02+00:00","description":"Syst\u00e8me de moustique de jardin \u00e0 double alimentation. Batterie avec chargement par \u00e9lectricit\u00e9 ou panneau solaire, pour un syst\u00e8me plus \u00e9cologique.","breadcrumb":{"@id":"https:\/\/sandokan.com\/fr\/prodotto\/automiseur-sun-tech-sandokan-avec-double-alimentation-et-panneau-solaire\/#breadcrumb"},"inLanguage":"fr-FR","potentialAction":[{"@type":"ReadAction","target":["https:\/\/sandokan.com\/fr\/prodotto\/automiseur-sun-tech-sandokan-avec-double-alimentation-et-panneau-solaire\/"]}]},{"@type":"ImageObject","inLanguage":"fr-FR","@id":"https:\/\/sandokan.com\/fr\/prodotto\/automiseur-sun-tech-sandokan-avec-double-alimentation-et-panneau-solaire\/#primaryimage","url":"https:\/\/sandokan.com\/wp-content\/uploads\/2026\/03\/7530_automizer-suntech.jpg","contentUrl":"https:\/\/sandokan.com\/wp-content\/uploads\/2026\/03\/7530_automizer-suntech.jpg","width":800,"height":800,"caption":"Automizer Sun Tech Pannello Solare"},{"@type":"BreadcrumbList","@id":"https:\/\/sandokan.com\/fr\/prodotto\/automiseur-sun-tech-sandokan-avec-double-alimentation-et-panneau-solaire\/#breadcrumb","itemListElement":[{"@type":"ListItem","position":1,"name":"Sandokan","item":"https:\/\/sandokan.com\/fr\/accueil\/"},{"@type":"ListItem","position":2,"name":"Boutique","item":"https:\/\/sandokan.com\/fr\/boutique\/"},{"@type":"ListItem","position":3,"name":"AUTOMISEUR Sun Tech Sandokan avec double alimentation et panneau solaire"}]},{"@type":"WebSite","@id":"https:\/\/sandokan.com\/fr\/#website","url":"https:\/\/sandokan.com\/fr\/","name":"Sandokan","description":"Repellenti e Insetticidi","publisher":{"@id":"https:\/\/sandokan.com\/fr\/#organization"},"potentialAction":[{"@type":"SearchAction","target":{"@type":"EntryPoint","urlTemplate":"https:\/\/sandokan.com\/fr\/?s={search_term_string}"},"query-input":{"@type":"PropertyValueSpecification","valueRequired":true,"valueName":"search_term_string"}}],"inLanguage":"fr-FR"},{"@type":"Organization","@id":"https:\/\/sandokan.com\/fr\/#organization","name":"Sandokan | Repellenti Naturali per Interni ed Esterni","url":"https:\/\/sandokan.com\/fr\/","logo":{"@type":"ImageObject","inLanguage":"fr-FR","@id":"https:\/\/sandokan.com\/fr\/#\/schema\/logo\/image\/","url":"https:\/\/sandokan.com\/wp-content\/uploads\/2022\/04\/Sandokan-Insetticidi-e-Repellenti-BIO-Mobile.png","contentUrl":"https:\/\/sandokan.com\/wp-content\/uploads\/2022\/04\/Sandokan-Insetticidi-e-Repellenti-BIO-Mobile.png","width":350,"height":99,"caption":"Sandokan | Repellenti Naturali per Interni ed Esterni"},"image":{"@id":"https:\/\/sandokan.com\/fr\/#\/schema\/logo\/image\/"},"sameAs":["https:\/\/www.facebook.com\/zanzareeinsetti\/","https:\/\/x.com\/sandokaninsetti","https:\/\/www.youtube.com\/channel\/UCMv6YC7WVMIF6KXkcLnuVuw"]}]}},"_links":{"self":[{"href":"https:\/\/sandokan.com\/fr\/wp-json\/wp\/v2\/product\/30449","targetHints":{"allow":["GET"]}}],"collection":[{"href":"https:\/\/sandokan.com\/fr\/wp-json\/wp\/v2\/product"}],"about":[{"href":"https:\/\/sandokan.com\/fr\/wp-json\/wp\/v2\/types\/product"}],"replies":[{"embeddable":true,"href":"https:\/\/sandokan.com\/fr\/wp-json\/wp\/v2\/comments?post=30449"}],"wp:featuredmedia":[{"embeddable":true,"href":"https:\/\/sandokan.com\/fr\/wp-json\/wp\/v2\/media\/30451"}],"wp:attachment":[{"href":"https:\/\/sandokan.com\/fr\/wp-json\/wp\/v2\/media?parent=30449"}],"wp:term":[{"taxonomy":"product_brand","embeddable":true,"href":"https:\/\/sandokan.com\/fr\/wp-json\/wp\/v2\/product_brand?post=30449"},{"taxonomy":"product_cat","embeddable":true,"href":"https:\/\/sandokan.com\/fr\/wp-json\/wp\/v2\/product_cat?post=30449"},{"taxonomy":"product_tag","embeddable":true,"href":"https:\/\/sandokan.com\/fr\/wp-json\/wp\/v2\/product_tag?post=30449"}],"curies":[{"name":"wp","href":"https:\/\/api.w.org\/{rel}","templated":true}]}}