{"id":30474,"date":"2021-01-22T12:01:50","date_gmt":"2021-01-22T11:01:50","guid":{"rendered":"https:\/\/sandokan.com\/prodotto\/mosquito-zan-insecticide-led-par-aspiration\/"},"modified":"2021-01-22T12:01:50","modified_gmt":"2021-01-22T11:01:50","slug":"mosquito-zan-insecticide-led-par-aspiration","status":"publish","type":"product","link":"https:\/\/sandokan.com\/fr\/prodotto\/mosquito-zan-insecticide-led-par-aspiration\/","title":{"rendered":"Mosquito-Zan Insecticide LED par aspiration"},"content":{"rendered":"<h3><strong>Mosquito-Zan LED Electroinsecticide avec aspiration efficace<\/strong><\/h3>\n<p data-start=\"317\" data-end=\"671\"><strong>Mosquito-Zan<\/strong> est un \u00e9lectro-insecticide \u00e0 succion innovant et respectueux de l&rsquo;environnement, con\u00e7u pour offrir une protection efficace contre les <strong data-start=\"438\" data-end=\"458\">moustiques et les mouches<\/strong>, sans utiliser de produits chimiques. Il utilise une <strong data-start=\"507\" data-end=\"538\">lumi\u00e8re LED \u00e0 haute luminosit\u00e9<\/strong> pour attirer les insectes et un <strong data-start=\"570\" data-end=\"601\">ventilateur silencieux et s\u00fbr<\/strong> pour les aspirer dans un compartiment filtrant, o\u00f9 ils meurent de d\u00e9shydratation. Mosquito-Zan est bien plus qu&rsquo;une<strong> lampe<\/strong> anti-moustiques d<strong> &lsquo;ext\u00e9rieur<\/strong>, c&rsquo;est un v\u00e9ritable alli\u00e9 contre les moustiques. Gr\u00e2ce \u00e0 sa fabrication durable et r\u00e9sistante \u00e0 l&rsquo;eau (IP63CW), c&rsquo;est un alli\u00e9 id\u00e9al pour la protection contre les moustiques dans le jardin, sur la v\u00e9randa, sur la terrasse et dans les espaces ouverts. De plus, si vous cherchez une <strong>lampe \u00e0 insectes certifi\u00e9e HACCP<\/strong>, Mosquito-Zan est celle qu&rsquo;il vous faut. Vous pouvez l&rsquo;utiliser en toute s\u00e9curit\u00e9 dans votre restaurant, votre h\u00f4tel, votre cuisine, votre bar et dans tous les endroits o\u00f9 vous devez veiller \u00e0 ce qu&rsquo;il n&rsquo;y ait pas d&rsquo;insectes.     <\/p>\n<p data-start=\"673\" data-end=\"999\">Con\u00e7u pour \u00eatre <strong data-start=\"784\" data-end=\"822\">puissant, s\u00fbr et \u00e9cologique<\/strong>. Il est id\u00e9al pour les environnements ext\u00e9rieurs et int\u00e9rieurs, gr\u00e2ce \u00e0 sa <strong data-start=\"877\" data-end=\"904\">couverture allant jusqu&rsquo;\u00e0 500 m\u00b2.<\/strong> <\/p>\n<h5><strong>Caract\u00e9ristiques principales<\/strong><\/h5>\n<ul>\n<li><strong>Dimensions (HxLxP)<\/strong> 40cm x 27cm x 26cm<\/li>\n<li data-start=\"1043\" data-end=\"1105\"><strong data-start=\"1043\" data-end=\"1064\">Technologie LED UV<\/strong> \u00e0 faible consommation d&rsquo;\u00e9nergie, active 24 heures sur 24 et 7 jours sur 7<\/li>\n<li data-start=\"1108\" data-end=\"1186\"><strong data-start=\"1108\" data-end=\"1145\">Syst\u00e8me d&rsquo;aspiration silencieux<\/strong> avec grille de protection en polycarbonate<\/li>\n<li data-start=\"1189\" data-end=\"1252\"><strong data-start=\"1189\" data-end=\"1215\">Filtre de confinement<\/strong> pour la d\u00e9shydratation des insectes<\/li>\n<li data-start=\"1255\" data-end=\"1342\">Comprend un <strong data-start=\"1263\" data-end=\"1305\">compartiment pour l&rsquo;<a href=\"https:\/\/sandokan.com\/prodotto\/dispositivo-di-monitoraggio\/\" target=\"_blank\" rel=\"noopener\">attractif Sandokan <\/a><\/strong>(facultatif, mais am\u00e9liore la capture).<\/li>\n<li data-start=\"1345\" data-end=\"1426\"><strong data-start=\"1345\" data-end=\"1372\">Couverture jusqu&rsquo;\u00e0 500 m\u00b2<\/strong> &#8211; parfait pour les jardins, les campings, les ext\u00e9rieurs domestiques<\/li>\n<li data-start=\"1429\" data-end=\"1503\"><strong data-start=\"1429\" data-end=\"1450\">Compatibilit\u00e9 USB<\/strong>: fonctionne avec les banques d&rsquo;alimentation, les prises de voiture et les blocs d&rsquo;alimentation.<\/li>\n<li data-start=\"1506\" data-end=\"1575\"><strong data-start=\"1506\" data-end=\"1532\">Structure \u00e9cologique<\/strong> en plastique recyclable et conforme aux normes CE\/RoHS<\/li>\n<li data-start=\"1578\" data-end=\"1642\"><strong data-start=\"1578\" data-end=\"1599\">Certificat HACCP<\/strong>: peut \u00e9galement \u00eatre utilis\u00e9 dans les entreprises alimentaires<\/li>\n<li data-start=\"1645\" data-end=\"1722\"><strong data-start=\"1645\" data-end=\"1677\">C\u00e2ble d&rsquo;extension de 10 m\u00e8tres inclus<\/strong> pour une plus grande flexibilit\u00e9 de positionnement<\/li>\n<li data-start=\"1725\" data-end=\"1781\"><strong data-start=\"1725\" data-end=\"1742\">Fabriqu\u00e9 en Italie<\/strong> et brevet\u00e9 au niveau international<\/li>\n<\/ul>\n<h5 data-start=\"2336\" data-end=\"2368\"><strong>Comment utiliser la lampe \u00e0 insectes Mosquito-Zan HACCP ?<\/strong><\/h5>\n<ol>\n<li data-start=\"2373\" data-end=\"2486\"><strong data-start=\"2373\" data-end=\"2391\">Positionnement<\/strong>: placez l&rsquo;appareil dans un endroit ombrag\u00e9, \u00e0 l&rsquo;\u00e9cart des personnes, en \u00e9vitant les courants d&rsquo;air.<\/li>\n<li data-start=\"2490\" data-end=\"2615\"><strong data-start=\"2490\" data-end=\"2506\">Connexion<\/strong>: alimentez l&rsquo;appareil \u00e0 l&rsquo;aide du c\u00e2ble USB fourni. Vous pouvez utiliser des banques d&rsquo;alimentation ou des prises de courant standard. <\/li>\n<li data-start=\"2619\" data-end=\"2709\"><strong data-start=\"2619\" data-end=\"2645\">Fonctionnement continu<\/strong>: il est laiss\u00e9 en marche 24 heures sur 24 pour maintenir un niveau \u00e9lev\u00e9 de capture.<\/li>\n<li data-start=\"2713\" data-end=\"2804\"><strong data-start=\"2713\" data-end=\"2729\">Entretien<\/strong>: videz le compartiment collecteur tous les 10 \u00e0 15 jours. Aucun outil n&rsquo;est n\u00e9cessaire. <\/li>\n<\/ol>\n<h5><strong>Ce que contient le paquet<\/strong><\/h5>\n<ul>\n<li><span class=\"fontstyle2\">1x Mosquito-Zan \u00e9lectro-insecticide<br \/>\n<\/span><\/li>\n<li>1x c\u00e2ble USB<\/li>\n<li>1x bloc d&rsquo;alimentation<\/li>\n<\/ul>\n<p>&nbsp;<\/p>\n<p>&nbsp;<\/p>\n","protected":false},"excerpt":{"rendered":"<p><img loading=\"lazy\" decoding=\"async\" class=\"alignnone wp-image-21699\" src=\"https:\/\/sandokan.com\/wp-content\/uploads\/2021\/01\/zanzara.png\" alt=\"\" width=\"80\" height=\"80\" srcset=\"https:\/\/sandokan.com\/wp-content\/uploads\/2021\/01\/zanzara.png 200w, https:\/\/sandokan.com\/wp-content\/uploads\/2021\/01\/zanzara-100x100.png 100w, https:\/\/sandokan.com\/wp-content\/uploads\/2021\/01\/zanzara-150x150.png 150w, https:\/\/sandokan.com\/wp-content\/uploads\/2021\/01\/zanzara-145x145.png 145w, https:\/\/sandokan.com\/wp-content\/uploads\/2021\/01\/zanzara-50x50.png 50w\" sizes=\"auto, (max-width: 80px) 100vw, 80px\" \/><img loading=\"lazy\" decoding=\"async\" class=\"alignnone wp-image-21626\" src=\"https:\/\/sandokan.com\/wp-content\/uploads\/2022\/09\/mosca.png\" alt=\"\" width=\"80\" height=\"80\" srcset=\"https:\/\/sandokan.com\/wp-content\/uploads\/2022\/09\/mosca.png 200w, https:\/\/sandokan.com\/wp-content\/uploads\/2022\/09\/mosca-100x100.png 100w, https:\/\/sandokan.com\/wp-content\/uploads\/2022\/09\/mosca-150x150.png 150w, https:\/\/sandokan.com\/wp-content\/uploads\/2022\/09\/mosca-145x145.png 145w, https:\/\/sandokan.com\/wp-content\/uploads\/2022\/09\/mosca-50x50.png 50w\" sizes=\"auto, (max-width: 80px) 100vw, 80px\" \/><\/p>\n<p>Mosquito-Zan est un insecticide \u00e9lectrique \u00e0 succion. Il est bien plus qu&rsquo;une lampe \u00e0 insectes, car il capture les insectes discr\u00e8tement, sans odeur et en toute s\u00e9curit\u00e9. L&rsquo;\u00e9lectro-insecticide est certifi\u00e9 HACCP, il est \u00e9conome en \u00e9nergie et permet de couvrir jusqu&rsquo;\u00e0 500 m\u00e8tres carr\u00e9s. La lampe anti-moustiques d&rsquo;ext\u00e9rieur est aliment\u00e9e par une connexion USB.   <\/p>\n","protected":false},"featured_media":30483,"comment_status":"open","ping_status":"closed","template":"","meta":{"_acf_changed":false,"inline_featured_image":false},"product_brand":[],"product_cat":[843,842],"product_tag":[844,845,812],"class_list":{"0":"post-30474","1":"product","2":"type-product","3":"status-publish","4":"has-post-thumbnail","6":"product_cat-aspiration","7":"product_cat-electro-insecticides","8":"product_tag-electro-insecticide","9":"product_tag-electro-insecticide-par-aspiration","10":"product_tag-moustiques","12":"first","13":"instock","14":"featured","15":"taxable","16":"shipping-taxable","17":"purchasable","18":"product-type-simple"},"bundled_by":["30156"],"bundle_stock_status":"instock","bundle_stock_quantity":null,"bundle_virtual":false,"bundle_layout":"","bundle_add_to_cart_form_location":"","bundle_editable_in_cart":false,"bundle_sold_individually_context":"","bundle_item_grouping":"","bundle_min_size":"","bundle_max_size":"","bundle_price":[],"bundled_items":[],"bundle_sell_ids":[],"acf":[],"yoast_head":"<!-- This site is optimized with the Yoast SEO plugin v27.5 - https:\/\/yoast.com\/product\/yoast-seo-wordpress\/ -->\n<title>Mosquito-Zan lampe pour insectes et moustiques d&#039;ext\u00e9rieur HACCP - Sandokan.<\/title>\n<meta name=\"description\" content=\"Mosquito-Zan est un insecticide \u00e9lectrique \u00e0 succion pour l&#039;ext\u00e9rieur. Cette lampe capture les insectes et les moustiques et est certifi\u00e9e HACCP. Achetez maintenant !\" \/>\n<meta name=\"robots\" content=\"index, follow, max-snippet:-1, max-image-preview:large, max-video-preview:-1\" \/>\n<link rel=\"canonical\" href=\"https:\/\/sandokan.com\/fr\/prodotto\/mosquito-zan-insecticide-led-par-aspiration\/\" \/>\n<meta property=\"og:locale\" content=\"fr_FR\" \/>\n<meta property=\"og:type\" content=\"article\" \/>\n<meta property=\"og:title\" content=\"Mosquito-Zan lampe pour insectes et moustiques d&#039;ext\u00e9rieur HACCP - Sandokan.\" \/>\n<meta property=\"og:description\" content=\"Mosquito-Zan est un insecticide \u00e9lectrique \u00e0 succion pour l&#039;ext\u00e9rieur. Cette lampe capture les insectes et les moustiques et est certifi\u00e9e HACCP. Achetez maintenant !\" \/>\n<meta property=\"og:url\" content=\"https:\/\/sandokan.com\/fr\/prodotto\/mosquito-zan-insecticide-led-par-aspiration\/\" \/>\n<meta property=\"og:site_name\" content=\"Sandokan\" \/>\n<meta property=\"article:publisher\" content=\"https:\/\/www.facebook.com\/zanzareeinsetti\/\" \/>\n<meta property=\"og:image\" content=\"https:\/\/sandokan.com\/wp-content\/uploads\/2021\/01\/34129333-8007382073853-P-01-1.png\" \/>\n\t<meta property=\"og:image:width\" content=\"1200\" \/>\n\t<meta property=\"og:image:height\" content=\"1200\" \/>\n\t<meta property=\"og:image:type\" content=\"image\/png\" \/>\n<meta name=\"twitter:card\" content=\"summary_large_image\" \/>\n<meta name=\"twitter:site\" content=\"@sandokaninsetti\" \/>\n<meta name=\"twitter:label1\" content=\"Dur\u00e9e de lecture estim\u00e9e\" \/>\n\t<meta name=\"twitter:data1\" content=\"2 minutes\" \/>\n<script type=\"application\/ld+json\" class=\"yoast-schema-graph\">{\"@context\":\"https:\\\/\\\/schema.org\",\"@graph\":[{\"@type\":\"WebPage\",\"@id\":\"https:\\\/\\\/sandokan.com\\\/fr\\\/prodotto\\\/mosquito-zan-insecticide-led-par-aspiration\\\/\",\"url\":\"https:\\\/\\\/sandokan.com\\\/fr\\\/prodotto\\\/mosquito-zan-insecticide-led-par-aspiration\\\/\",\"name\":\"Mosquito-Zan lampe pour insectes et moustiques d'ext\u00e9rieur HACCP - Sandokan.\",\"isPartOf\":{\"@id\":\"https:\\\/\\\/sandokan.com\\\/fr\\\/#website\"},\"primaryImageOfPage\":{\"@id\":\"https:\\\/\\\/sandokan.com\\\/fr\\\/prodotto\\\/mosquito-zan-insecticide-led-par-aspiration\\\/#primaryimage\"},\"image\":{\"@id\":\"https:\\\/\\\/sandokan.com\\\/fr\\\/prodotto\\\/mosquito-zan-insecticide-led-par-aspiration\\\/#primaryimage\"},\"thumbnailUrl\":\"https:\\\/\\\/sandokan.com\\\/wp-content\\\/uploads\\\/2021\\\/01\\\/34129333-8007382073853-P-01-1.png\",\"datePublished\":\"2021-01-22T11:01:50+00:00\",\"description\":\"Mosquito-Zan est un insecticide \u00e9lectrique \u00e0 succion pour l'ext\u00e9rieur. Cette lampe capture les insectes et les moustiques et est certifi\u00e9e HACCP. Achetez maintenant !\",\"breadcrumb\":{\"@id\":\"https:\\\/\\\/sandokan.com\\\/fr\\\/prodotto\\\/mosquito-zan-insecticide-led-par-aspiration\\\/#breadcrumb\"},\"inLanguage\":\"fr-FR\",\"potentialAction\":[{\"@type\":\"ReadAction\",\"target\":[\"https:\\\/\\\/sandokan.com\\\/fr\\\/prodotto\\\/mosquito-zan-insecticide-led-par-aspiration\\\/\"]}]},{\"@type\":\"ImageObject\",\"inLanguage\":\"fr-FR\",\"@id\":\"https:\\\/\\\/sandokan.com\\\/fr\\\/prodotto\\\/mosquito-zan-insecticide-led-par-aspiration\\\/#primaryimage\",\"url\":\"https:\\\/\\\/sandokan.com\\\/wp-content\\\/uploads\\\/2021\\\/01\\\/34129333-8007382073853-P-01-1.png\",\"contentUrl\":\"https:\\\/\\\/sandokan.com\\\/wp-content\\\/uploads\\\/2021\\\/01\\\/34129333-8007382073853-P-01-1.png\",\"width\":1200,\"height\":1200,\"caption\":\"\\\"Mosquito-Zan\\\" elettroinsetticida LED\"},{\"@type\":\"BreadcrumbList\",\"@id\":\"https:\\\/\\\/sandokan.com\\\/fr\\\/prodotto\\\/mosquito-zan-insecticide-led-par-aspiration\\\/#breadcrumb\",\"itemListElement\":[{\"@type\":\"ListItem\",\"position\":1,\"name\":\"Sandokan\",\"item\":\"https:\\\/\\\/sandokan.com\\\/fr\\\/accueil\\\/\"},{\"@type\":\"ListItem\",\"position\":2,\"name\":\"Boutique\",\"item\":\"https:\\\/\\\/sandokan.com\\\/fr\\\/boutique\\\/\"},{\"@type\":\"ListItem\",\"position\":3,\"name\":\"Mosquito-Zan Insecticide LED par aspiration\"}]},{\"@type\":\"WebSite\",\"@id\":\"https:\\\/\\\/sandokan.com\\\/fr\\\/#website\",\"url\":\"https:\\\/\\\/sandokan.com\\\/fr\\\/\",\"name\":\"Sandokan\",\"description\":\"Repellenti e Insetticidi\",\"publisher\":{\"@id\":\"https:\\\/\\\/sandokan.com\\\/fr\\\/#organization\"},\"potentialAction\":[{\"@type\":\"SearchAction\",\"target\":{\"@type\":\"EntryPoint\",\"urlTemplate\":\"https:\\\/\\\/sandokan.com\\\/fr\\\/?s={search_term_string}\"},\"query-input\":{\"@type\":\"PropertyValueSpecification\",\"valueRequired\":true,\"valueName\":\"search_term_string\"}}],\"inLanguage\":\"fr-FR\"},{\"@type\":\"Organization\",\"@id\":\"https:\\\/\\\/sandokan.com\\\/fr\\\/#organization\",\"name\":\"Sandokan | Repellenti Naturali per Interni ed Esterni\",\"url\":\"https:\\\/\\\/sandokan.com\\\/fr\\\/\",\"logo\":{\"@type\":\"ImageObject\",\"inLanguage\":\"fr-FR\",\"@id\":\"https:\\\/\\\/sandokan.com\\\/fr\\\/#\\\/schema\\\/logo\\\/image\\\/\",\"url\":\"https:\\\/\\\/sandokan.com\\\/wp-content\\\/uploads\\\/2022\\\/04\\\/Sandokan-Insetticidi-e-Repellenti-BIO-Mobile.png\",\"contentUrl\":\"https:\\\/\\\/sandokan.com\\\/wp-content\\\/uploads\\\/2022\\\/04\\\/Sandokan-Insetticidi-e-Repellenti-BIO-Mobile.png\",\"width\":350,\"height\":99,\"caption\":\"Sandokan | Repellenti Naturali per Interni ed Esterni\"},\"image\":{\"@id\":\"https:\\\/\\\/sandokan.com\\\/fr\\\/#\\\/schema\\\/logo\\\/image\\\/\"},\"sameAs\":[\"https:\\\/\\\/www.facebook.com\\\/zanzareeinsetti\\\/\",\"https:\\\/\\\/x.com\\\/sandokaninsetti\",\"https:\\\/\\\/www.youtube.com\\\/channel\\\/UCMv6YC7WVMIF6KXkcLnuVuw\"]}]}<\/script>\n<!-- \/ Yoast SEO plugin. -->","yoast_head_json":{"title":"Mosquito-Zan lampe pour insectes et moustiques d'ext\u00e9rieur HACCP - Sandokan.","description":"Mosquito-Zan est un insecticide \u00e9lectrique \u00e0 succion pour l'ext\u00e9rieur. Cette lampe capture les insectes et les moustiques et est certifi\u00e9e HACCP. Achetez maintenant !","robots":{"index":"index","follow":"follow","max-snippet":"max-snippet:-1","max-image-preview":"max-image-preview:large","max-video-preview":"max-video-preview:-1"},"canonical":"https:\/\/sandokan.com\/fr\/prodotto\/mosquito-zan-insecticide-led-par-aspiration\/","og_locale":"fr_FR","og_type":"article","og_title":"Mosquito-Zan lampe pour insectes et moustiques d'ext\u00e9rieur HACCP - Sandokan.","og_description":"Mosquito-Zan est un insecticide \u00e9lectrique \u00e0 succion pour l'ext\u00e9rieur. Cette lampe capture les insectes et les moustiques et est certifi\u00e9e HACCP. Achetez maintenant !","og_url":"https:\/\/sandokan.com\/fr\/prodotto\/mosquito-zan-insecticide-led-par-aspiration\/","og_site_name":"Sandokan","article_publisher":"https:\/\/www.facebook.com\/zanzareeinsetti\/","og_image":[{"width":1200,"height":1200,"url":"https:\/\/sandokan.com\/wp-content\/uploads\/2021\/01\/34129333-8007382073853-P-01-1.png","type":"image\/png"}],"twitter_card":"summary_large_image","twitter_site":"@sandokaninsetti","twitter_misc":{"Dur\u00e9e de lecture estim\u00e9e":"2 minutes"},"schema":{"@context":"https:\/\/schema.org","@graph":[{"@type":"WebPage","@id":"https:\/\/sandokan.com\/fr\/prodotto\/mosquito-zan-insecticide-led-par-aspiration\/","url":"https:\/\/sandokan.com\/fr\/prodotto\/mosquito-zan-insecticide-led-par-aspiration\/","name":"Mosquito-Zan lampe pour insectes et moustiques d'ext\u00e9rieur HACCP - Sandokan.","isPartOf":{"@id":"https:\/\/sandokan.com\/fr\/#website"},"primaryImageOfPage":{"@id":"https:\/\/sandokan.com\/fr\/prodotto\/mosquito-zan-insecticide-led-par-aspiration\/#primaryimage"},"image":{"@id":"https:\/\/sandokan.com\/fr\/prodotto\/mosquito-zan-insecticide-led-par-aspiration\/#primaryimage"},"thumbnailUrl":"https:\/\/sandokan.com\/wp-content\/uploads\/2021\/01\/34129333-8007382073853-P-01-1.png","datePublished":"2021-01-22T11:01:50+00:00","description":"Mosquito-Zan est un insecticide \u00e9lectrique \u00e0 succion pour l'ext\u00e9rieur. Cette lampe capture les insectes et les moustiques et est certifi\u00e9e HACCP. Achetez maintenant !","breadcrumb":{"@id":"https:\/\/sandokan.com\/fr\/prodotto\/mosquito-zan-insecticide-led-par-aspiration\/#breadcrumb"},"inLanguage":"fr-FR","potentialAction":[{"@type":"ReadAction","target":["https:\/\/sandokan.com\/fr\/prodotto\/mosquito-zan-insecticide-led-par-aspiration\/"]}]},{"@type":"ImageObject","inLanguage":"fr-FR","@id":"https:\/\/sandokan.com\/fr\/prodotto\/mosquito-zan-insecticide-led-par-aspiration\/#primaryimage","url":"https:\/\/sandokan.com\/wp-content\/uploads\/2021\/01\/34129333-8007382073853-P-01-1.png","contentUrl":"https:\/\/sandokan.com\/wp-content\/uploads\/2021\/01\/34129333-8007382073853-P-01-1.png","width":1200,"height":1200,"caption":"\"Mosquito-Zan\" elettroinsetticida LED"},{"@type":"BreadcrumbList","@id":"https:\/\/sandokan.com\/fr\/prodotto\/mosquito-zan-insecticide-led-par-aspiration\/#breadcrumb","itemListElement":[{"@type":"ListItem","position":1,"name":"Sandokan","item":"https:\/\/sandokan.com\/fr\/accueil\/"},{"@type":"ListItem","position":2,"name":"Boutique","item":"https:\/\/sandokan.com\/fr\/boutique\/"},{"@type":"ListItem","position":3,"name":"Mosquito-Zan Insecticide LED par aspiration"}]},{"@type":"WebSite","@id":"https:\/\/sandokan.com\/fr\/#website","url":"https:\/\/sandokan.com\/fr\/","name":"Sandokan","description":"Repellenti e Insetticidi","publisher":{"@id":"https:\/\/sandokan.com\/fr\/#organization"},"potentialAction":[{"@type":"SearchAction","target":{"@type":"EntryPoint","urlTemplate":"https:\/\/sandokan.com\/fr\/?s={search_term_string}"},"query-input":{"@type":"PropertyValueSpecification","valueRequired":true,"valueName":"search_term_string"}}],"inLanguage":"fr-FR"},{"@type":"Organization","@id":"https:\/\/sandokan.com\/fr\/#organization","name":"Sandokan | Repellenti Naturali per Interni ed Esterni","url":"https:\/\/sandokan.com\/fr\/","logo":{"@type":"ImageObject","inLanguage":"fr-FR","@id":"https:\/\/sandokan.com\/fr\/#\/schema\/logo\/image\/","url":"https:\/\/sandokan.com\/wp-content\/uploads\/2022\/04\/Sandokan-Insetticidi-e-Repellenti-BIO-Mobile.png","contentUrl":"https:\/\/sandokan.com\/wp-content\/uploads\/2022\/04\/Sandokan-Insetticidi-e-Repellenti-BIO-Mobile.png","width":350,"height":99,"caption":"Sandokan | Repellenti Naturali per Interni ed Esterni"},"image":{"@id":"https:\/\/sandokan.com\/fr\/#\/schema\/logo\/image\/"},"sameAs":["https:\/\/www.facebook.com\/zanzareeinsetti\/","https:\/\/x.com\/sandokaninsetti","https:\/\/www.youtube.com\/channel\/UCMv6YC7WVMIF6KXkcLnuVuw"]}]}},"_links":{"self":[{"href":"https:\/\/sandokan.com\/fr\/wp-json\/wp\/v2\/product\/30474","targetHints":{"allow":["GET"]}}],"collection":[{"href":"https:\/\/sandokan.com\/fr\/wp-json\/wp\/v2\/product"}],"about":[{"href":"https:\/\/sandokan.com\/fr\/wp-json\/wp\/v2\/types\/product"}],"replies":[{"embeddable":true,"href":"https:\/\/sandokan.com\/fr\/wp-json\/wp\/v2\/comments?post=30474"}],"wp:featuredmedia":[{"embeddable":true,"href":"https:\/\/sandokan.com\/fr\/wp-json\/wp\/v2\/media\/30483"}],"wp:attachment":[{"href":"https:\/\/sandokan.com\/fr\/wp-json\/wp\/v2\/media?parent=30474"}],"wp:term":[{"taxonomy":"product_brand","embeddable":true,"href":"https:\/\/sandokan.com\/fr\/wp-json\/wp\/v2\/product_brand?post=30474"},{"taxonomy":"product_cat","embeddable":true,"href":"https:\/\/sandokan.com\/fr\/wp-json\/wp\/v2\/product_cat?post=30474"},{"taxonomy":"product_tag","embeddable":true,"href":"https:\/\/sandokan.com\/fr\/wp-json\/wp\/v2\/product_tag?post=30474"}],"curies":[{"name":"wp","href":"https:\/\/api.w.org\/{rel}","templated":true}]}}