{"id":30485,"date":"2021-04-02T08:22:38","date_gmt":"2021-04-02T06:22:38","guid":{"rendered":"https:\/\/sandokan.com\/prodotto\/lampe-electro-insecticide-a-led-tri-zan-avec-decharge\/"},"modified":"2021-04-02T08:22:38","modified_gmt":"2021-04-02T06:22:38","slug":"lampe-electro-insecticide-a-led-tri-zan-avec-decharge","status":"publish","type":"product","link":"https:\/\/sandokan.com\/fr\/prodotto\/lampe-electro-insecticide-a-led-tri-zan-avec-decharge\/","title":{"rendered":"Lampe \u00e9lectro-insecticide \u00e0 LED Tri-Zan avec d\u00e9charge"},"content":{"rendered":"<h4><strong>Tri-Zan &#8211; Electroinsecticide LED avec d\u00e9charge \u00e9lectrique &#8211; Moustiquaire \u00e9lectrique silencieuse et puissante pour l&rsquo;int\u00e9rieur et l&rsquo;ext\u00e9rieur<\/strong><\/h4>\n<p data-start=\"363\" data-end=\"806\">L&rsquo;<strong data-start=\"365\" data-end=\"418\">\u00e9lectro-insecticide TRI-ZAN LED \u00e0 d\u00e9charge \u00e9lectrique<\/strong> est la solution technologique ultime contre les moustiques, les mouches et les insectes volants nuisibles. Id\u00e9al pour l&rsquo;int\u00e9rieur et l&rsquo;ext\u00e9rieur jusqu&rsquo;\u00e0 180 m\u00e8tres carr\u00e9s, il agit comme une <strong>moustiquaire \u00e9lectrique<\/strong> qui capture les moustiques. . Dot\u00e9 d&rsquo;un <strong data-start=\"570\" data-end=\"604\">g\u00e9n\u00e9rateur de chaleur int\u00e9gr\u00e9<\/strong> qui active les thermor\u00e9cepteurs des insectes h\u00e9matophages et d&rsquo;un <strong data-start=\"667\" data-end=\"696\">bandeau LED \u00e0 haute efficacit\u00e9 \u00e9nerg\u00e9tique<\/strong>, il attire et neutralise les insectes par une <strong data-start=\"750\" data-end=\"771\">d\u00e9charge calibr\u00e9e<\/strong>, sans \u00e9mission de fum\u00e9e ni de flamme et en toute s\u00e9curit\u00e9 pour les enfants.<\/p>\n<p data-start=\"808\" data-end=\"1192\">La structure est compos\u00e9e de <strong data-start=\"835\" data-end=\"881\">mat\u00e9riaux plastiques enti\u00e8rement recyclables<\/strong>, dont une <strong data-start=\"895\" data-end=\"966\">grille transparente en polycarbonate autoextinguible et incassable<\/strong>, qui ne s\u00e9lectionne que les insectes cibles, \u00e9vitant ainsi la capture d&rsquo;esp\u00e8ces utiles telles que les papillons. La <strong data-start=\"1067\" data-end=\"1115\">grille en plastique conducteur \u00e9lectrifi\u00e9<\/strong> est une innovation durable qui remplace les grilles m\u00e9talliques obsol\u00e8tes et qui est totalement s\u00fbre au cas o\u00f9 un objet m\u00e9tallique serait accidentellement plac\u00e9 \u00e0 l&rsquo;int\u00e9rieur. <\/p>\n<p data-start=\"1194\" data-end=\"1507\"><strong data-start=\"1206\" data-end=\"1230\">Conforme aux normes CE et RoHS<\/strong> et dot\u00e9 de <strong data-start=\"1236\" data-end=\"1263\">brevets internationaux<\/strong>, l&rsquo;appareil garantit la s\u00e9curit\u00e9, la qualit\u00e9 et l&rsquo;efficacit\u00e9, m\u00eame dans les environnements sensibles, puisqu&rsquo;il est \u00e9galement <strong>certifi\u00e9 HACCP<\/strong>. Il est aliment\u00e9 par un <strong data-start=\"1375\" data-end=\"1387\">c\u00e2ble USB<\/strong> (inclus) compatible avec les banques d&rsquo;alimentation et les adaptateurs de voiture, ce qui le rend parfait pour les voyages, la randonn\u00e9e ou le camping. <\/p>\n<h5 data-start=\"1021\" data-end=\"1053\"><strong>Caract\u00e9ristiques principales :<\/strong><\/h5>\n<ul>\n<li><strong>Dimensions (HxLxP)<\/strong>: 27cm x 37cm x 12cm<\/li>\n<li><strong data-start=\"2893\" data-end=\"2919\">Couverture<\/strong>: jusqu&rsquo;\u00e0 180 m\u00b2.<\/li>\n<li data-start=\"1057\" data-end=\"1103\"><strong data-start=\"1060\" data-end=\"1097\">Technologie LED UV de faible puissance<\/strong> (4W)<\/li>\n<li data-start=\"1106\" data-end=\"1180\"><strong data-start=\"1108\" data-end=\"1139\">D\u00e9charge \u00e9lectrique calibr\u00e9e<\/strong> pour une \u00e9limination imm\u00e9diate des insectes sans danger pour les personnes<\/li>\n<li data-start=\"1183\" data-end=\"1255\"><strong data-start=\"1186\" data-end=\"1220\">G\u00e9n\u00e9rateur de chaleur int\u00e9gr\u00e9<\/strong> pour attirer les moustiques qui se nourrissent de sang<\/li>\n<li data-start=\"1258\" data-end=\"1333\"><strong data-start=\"1261\" data-end=\"1290\">Sans insecticides chimiques<\/strong> &#8211; respectueux de l&rsquo;environnement et sans danger pour les personnes et les animaux<\/li>\n<li data-start=\"1336\" data-end=\"1430\"><strong data-start=\"1339\" data-end=\"1360\">Alimentation USB<\/strong> &#8211; utilisable avec les banques d&rsquo;alimentation et les adaptateurs (alimentation et c\u00e2ble USB inclus)<\/li>\n<li data-start=\"1433\" data-end=\"1492\"><strong data-start=\"1436\" data-end=\"1449\">Portable<\/strong> &#8211; id\u00e9al pour le camping, les voyages et les voitures<\/li>\n<li data-start=\"1495\" data-end=\"1564\"><strong data-start=\"1498\" data-end=\"1529\">Double isolation galvanique<\/strong> pour une s\u00e9curit\u00e9 \u00e9lectrique maximale<\/li>\n<li data-start=\"1567\" data-end=\"1651\"><strong data-start=\"1570\" data-end=\"1627\">Grille conductrice d&rsquo;\u00e9lectricit\u00e9 en plastique autoextinguible<\/strong> &#8211; sans m\u00e9taux lourds<\/li>\n<li data-start=\"1654\" data-end=\"1724\"><strong data-start=\"1657\" data-end=\"1688\">Bande de couleur optimis\u00e9e<\/strong> pour attirer uniquement les insectes cibl\u00e9s<\/li>\n<li data-start=\"1727\" data-end=\"1778\"><strong data-start=\"1730\" data-end=\"1758\">N&rsquo;attire pas les insectes utiles<\/strong> tels que les papillons et les abeilles.<\/li>\n<li data-start=\"1781\" data-end=\"1828\"><strong data-start=\"1784\" data-end=\"1804\">Facile \u00e0 nettoyer<\/strong> &#8211; un simple jet d&rsquo;air suffit<\/li>\n<li data-start=\"1831\" data-end=\"1874\"><strong data-start=\"1834\" data-end=\"1858\">Ancrage int\u00e9gr\u00e9<\/strong> pour utilisation en suspension<\/li>\n<li data-start=\"1877\" data-end=\"1912\">Conformit\u00e9 <strong data-start=\"1899\" data-end=\"1912\">RoHS et CE<\/strong><\/li>\n<li>Lampe \u00e9lectrique avec <strong>certification HACCP<\/strong><\/li>\n<\/ul>\n<h5 data-start=\"1514\" data-end=\"1556\"><strong>Pourquoi choisir Tri-Zan :<\/strong><\/h5>\n<ul>\n<li data-start=\"1560\" data-end=\"1624\"><strong data-start=\"1563\" data-end=\"1591\">Consommation r\u00e9duite de 80 %<\/strong> par rapport au mod\u00e8le pr\u00e9c\u00e9dent<\/li>\n<li data-start=\"1627\" data-end=\"1700\"><strong data-start=\"1630\" data-end=\"1661\">Double isolation galvanique<\/strong> pour une s\u00e9curit\u00e9 maximale de l&rsquo;utilisateur<\/li>\n<li><strong data-start=\"2123\" data-end=\"2147\">Certification HACCP<\/strong>: parfaite \u00e9galement dans les environnements professionnels et alimentaires<\/li>\n<li data-start=\"1703\" data-end=\"1787\"><strong data-start=\"1706\" data-end=\"1735\">Sans insecticides chimiques<\/strong> &#8211; respectueux de l&rsquo;environnement, sans danger pour les adultes, les enfants et les animaux<\/li>\n<li data-start=\"1790\" data-end=\"1861\"><strong data-start=\"1793\" data-end=\"1833\">Silencieux et id\u00e9al pour une utilisation nocturne<\/strong>, m\u00eame dans la chambre \u00e0 coucher<\/li>\n<li data-start=\"1864\" data-end=\"1937\"><strong data-start=\"1867\" data-end=\"1909\">Compatible avec le module de surveillance<\/strong> pour augmenter l&rsquo;efficacit\u00e9, disponible <a href=\"https:\/\/sandokan.com\/prodotto\/dispositivo-di-monitoraggio\/\">ICI<\/a><\/li>\n<li data-start=\"1940\" data-end=\"1999\"><strong data-start=\"1943\" data-end=\"1966\">Peut \u00eatre utilis\u00e9 24 heures sur 24 \u00e0<\/strong> l&rsquo;int\u00e9rieur et \u00e0 l&rsquo;ext\u00e9rieur<\/li>\n<li data-start=\"2002\" data-end=\"2065\"><strong data-start=\"2006\" data-end=\"2065\">Mat\u00e9riaux recyclables et design brevet\u00e9 Made in Italy<\/strong><\/li>\n<\/ul>\n<h5 data-start=\"2072\" data-end=\"2090\"><strong>Comment utiliser efficacement Tri-Zan :<\/strong><\/h5>\n<ol>\n<li>Placez <strong data-start=\"2095\" data-end=\"2125\">Tri-Zan dans des endroits sp\u00e9cifiques<\/strong>: placez l&rsquo;insecticide \u00e9lectrique dans un <strong data-start=\"2163\" data-end=\"2200\">endroit sombre, \u00e0 l&rsquo;abri des courants d&rsquo;air<\/strong>, loin de l&rsquo;endroit o\u00f9 vous vous trouvez, afin d&rsquo;\u00e9viter d&rsquo;attirer les insectes vers vous.<\/li>\n<li><strong data-start=\"2276\" data-end=\"2293\">Alimentation de l&rsquo;appareil :<\/strong> connectez l&rsquo;appareil via un <strong data-start=\"2326\" data-end=\"2338\">c\u00e2ble USB<\/strong> \u00e0 une banque d&rsquo;alimentation, \u00e0 un adaptateur de voiture ou \u00e0 une prise \u00e9lectrique.<\/li>\n<li data-start=\"2397\" data-end=\"2524\"><strong data-start=\"2397\" data-end=\"2411\">Allumage<\/strong>: une fois allum\u00e9e, la LED haute luminosit\u00e9 et le g\u00e9n\u00e9rateur de chaleur commencent \u00e0 attirer les moustiques et les mouches.<\/li>\n<li data-start=\"2528\" data-end=\"2622\"><strong data-start=\"2528\" data-end=\"2549\">Mode continu<\/strong>: peut \u00e9galement \u00eatre laiss\u00e9 allum\u00e9 <strong data-start=\"2584\" data-end=\"2600\">24 heures sur 24<\/strong>, en toute s\u00e9curit\u00e9.<\/li>\n<li><strong data-start=\"2911\" data-end=\"2922\">Nettoyage<\/strong>: enlevez la poussi\u00e8re ou les r\u00e9sidus avec un jet d&rsquo;air. <strong>N&rsquo;utilisez pas d&rsquo;eau<\/strong><\/li>\n<\/ol>\n<p data-start=\"2989\" data-end=\"3164\">\ud83d\udc49 <strong data-start=\"2992\" data-end=\"3013\">Conseils d&rsquo;experts<\/strong>:<\/p>\n<ul>\n<li style=\"list-style-type: none;\">\n<ul>\n<li>pour augmenter l&rsquo;efficacit\u00e9 de capture de la moustiquaire \u00e9lectrique, vous pouvez ins\u00e9rer un attractant biologique brevet\u00e9 Sandokan dans l&rsquo;insecticide \u00e9lectrique, disponible <a href=\"https:\/\/sandokan.com\/prodotto\/dispositivo-di-monitoraggio\/\">ICI<\/a><\/li>\n<li data-start=\"2989\" data-end=\"3164\">pour une action combin\u00e9e, utilisez AIR ZAN avec des larvicides dans les zones d&rsquo;eau stagnante. Vous combattrez ainsi \u00e0 la fois les moustiques adultes et les larves. Vous trouverez des larvicides <a href=\"https:\/\/sandokan.com\/fr\/categoria-prodotto\/larvicides\/\">ICI<\/a>  <\/li>\n<\/ul>\n<\/li>\n<\/ul>\n<h5 data-start=\"2787\" data-end=\"2819\"><strong>Insectes cibles :<\/strong><\/h5>\n<p data-start=\"2822\" data-end=\"2843\"><span class=\"fontstyle0\">Moustiques, mouches et autres insectes nuisibles<\/span><\/p>\n<h5 data-start=\"2440\" data-end=\"2481\"><strong>Le paquet contient :<\/strong><\/h5>\n<ul>\n<li>\u00c9lectro-insecticide Tri-Zan<\/li>\n<li>Alimentation \u00e9lectrique<\/li>\n<li>C\u00e2ble USB<\/li>\n<\/ul>\n<h6><strong>MADE IN ITALY  <\/strong><strong><img loading=\"lazy\" decoding=\"async\" class=\"alignnone\" src=\"https:\/\/images.emojiterra.com\/google\/noto-emoji\/unicode-16.0\/color\/svg\/1f1ee-1f1f9.svg\" alt=\"Google (Noto Color Emoji 16.0)\" width=\"26\" height=\"26\"><\/strong><\/h6>\n","protected":false},"excerpt":{"rendered":"<p><img loading=\"lazy\" decoding=\"async\" class=\"alignnone wp-image-21662\" src=\"https:\/\/sandokan.com\/wp-content\/uploads\/2021\/04\/zanzara.png\" alt=\"\" width=\"80\" height=\"80\" srcset=\"https:\/\/sandokan.com\/wp-content\/uploads\/2021\/04\/zanzara.png 200w, https:\/\/sandokan.com\/wp-content\/uploads\/2021\/04\/zanzara-100x100.png 100w, https:\/\/sandokan.com\/wp-content\/uploads\/2021\/04\/zanzara-150x150.png 150w, https:\/\/sandokan.com\/wp-content\/uploads\/2021\/04\/zanzara-145x145.png 145w, https:\/\/sandokan.com\/wp-content\/uploads\/2021\/04\/zanzara-50x50.png 50w\" sizes=\"auto, (max-width: 80px) 100vw, 80px\" \/><img loading=\"lazy\" decoding=\"async\" class=\"alignnone wp-image-21626\" src=\"https:\/\/sandokan.com\/wp-content\/uploads\/2022\/09\/mosca.png\" alt=\"\" width=\"80\" height=\"80\" srcset=\"https:\/\/sandokan.com\/wp-content\/uploads\/2022\/09\/mosca.png 200w, https:\/\/sandokan.com\/wp-content\/uploads\/2022\/09\/mosca-100x100.png 100w, https:\/\/sandokan.com\/wp-content\/uploads\/2022\/09\/mosca-150x150.png 150w, https:\/\/sandokan.com\/wp-content\/uploads\/2022\/09\/mosca-145x145.png 145w, https:\/\/sandokan.com\/wp-content\/uploads\/2022\/09\/mosca-50x50.png 50w\" sizes=\"auto, (max-width: 80px) 100vw, 80px\" \/><img loading=\"lazy\" decoding=\"async\" class=\"alignnone wp-image-21638\" src=\"https:\/\/sandokan.com\/wp-content\/uploads\/2022\/04\/cimice-1.png\" alt=\"\" width=\"80\" height=\"80\" srcset=\"https:\/\/sandokan.com\/wp-content\/uploads\/2022\/04\/cimice-1.png 200w, https:\/\/sandokan.com\/wp-content\/uploads\/2022\/04\/cimice-1-100x100.png 100w, https:\/\/sandokan.com\/wp-content\/uploads\/2022\/04\/cimice-1-150x150.png 150w, https:\/\/sandokan.com\/wp-content\/uploads\/2022\/04\/cimice-1-145x145.png 145w, https:\/\/sandokan.com\/wp-content\/uploads\/2022\/04\/cimice-1-50x50.png 50w\" sizes=\"auto, (max-width: 80px) 100vw, 80px\" \/><\/p>\n<p>Tri-Zan est un \u00e9lectro-insecticide innovant qui agit comme une moustiquaire \u00e9lectrique pour attraper les moustiques et les insectes volants nuisibles. Sans danger pour les insectes utiles, sans danger pour l&rsquo;homme et sans danger pour l&rsquo;environnement car il ne contient pas d&rsquo;insecticides chimiques. <\/p>\n","protected":false},"featured_media":30492,"comment_status":"open","ping_status":"closed","template":"","meta":{"_acf_changed":false,"inline_featured_image":false},"product_brand":[],"product_cat":[846,842],"product_tag":[847,844,812],"class_list":{"0":"post-30485","1":"product","2":"type-product","3":"status-publish","4":"has-post-thumbnail","6":"product_cat-decharge","7":"product_cat-electro-insecticides","8":"product_tag-decharge-delectro-insecticide","9":"product_tag-electro-insecticide","10":"product_tag-moustiques","12":"first","13":"instock","14":"featured","15":"taxable","16":"shipping-taxable","17":"purchasable","18":"product-type-simple"},"bundled_by":["30150"],"bundle_stock_status":"instock","bundle_stock_quantity":null,"bundle_virtual":false,"bundle_layout":"","bundle_add_to_cart_form_location":"","bundle_editable_in_cart":false,"bundle_sold_individually_context":"","bundle_item_grouping":"","bundle_min_size":"","bundle_max_size":"","bundle_price":[],"bundled_items":[],"bundle_sell_ids":[],"acf":[],"yoast_head":"<!-- This site is optimized with the Yoast SEO plugin v27.5 - https:\/\/yoast.com\/product\/yoast-seo-wordpress\/ -->\n<title>TRI-ZAN LED lampe \u00e0 effet moustiquaire \u00e9lectrique - Sandokan.<\/title>\n<meta name=\"description\" content=\"L&#039;insecticide \u00e9lectrique TRI-ZAN LED avec d\u00e9charge est sans danger pour toute la famille. Il fonctionne comme une moustiquaire \u00e9lectrique et est certifi\u00e9 HACCP.\" \/>\n<meta name=\"robots\" content=\"index, follow, max-snippet:-1, max-image-preview:large, max-video-preview:-1\" \/>\n<link rel=\"canonical\" href=\"https:\/\/sandokan.com\/fr\/prodotto\/lampe-electro-insecticide-a-led-tri-zan-avec-decharge\/\" \/>\n<meta property=\"og:locale\" content=\"fr_FR\" \/>\n<meta property=\"og:type\" content=\"article\" \/>\n<meta property=\"og:title\" content=\"TRI-ZAN LED lampe \u00e0 effet moustiquaire \u00e9lectrique - Sandokan.\" \/>\n<meta property=\"og:description\" content=\"L&#039;insecticide \u00e9lectrique TRI-ZAN LED avec d\u00e9charge est sans danger pour toute la famille. Il fonctionne comme une moustiquaire \u00e9lectrique et est certifi\u00e9 HACCP.\" \/>\n<meta property=\"og:url\" content=\"https:\/\/sandokan.com\/fr\/prodotto\/lampe-electro-insecticide-a-led-tri-zan-avec-decharge\/\" \/>\n<meta property=\"og:site_name\" content=\"Sandokan\" \/>\n<meta property=\"article:publisher\" content=\"https:\/\/www.facebook.com\/zanzareeinsetti\/\" \/>\n<meta property=\"og:image\" content=\"https:\/\/sandokan.com\/wp-content\/uploads\/2021\/04\/83000232-8007382973900-P-01.png\" \/>\n\t<meta property=\"og:image:width\" content=\"1200\" \/>\n\t<meta property=\"og:image:height\" content=\"1200\" \/>\n\t<meta property=\"og:image:type\" content=\"image\/png\" \/>\n<meta name=\"twitter:card\" content=\"summary_large_image\" \/>\n<meta name=\"twitter:site\" content=\"@sandokaninsetti\" \/>\n<meta name=\"twitter:label1\" content=\"Dur\u00e9e de lecture estim\u00e9e\" \/>\n\t<meta name=\"twitter:data1\" content=\"4 minutes\" \/>\n<script type=\"application\/ld+json\" class=\"yoast-schema-graph\">{\"@context\":\"https:\\\/\\\/schema.org\",\"@graph\":[{\"@type\":\"WebPage\",\"@id\":\"https:\\\/\\\/sandokan.com\\\/fr\\\/prodotto\\\/lampe-electro-insecticide-a-led-tri-zan-avec-decharge\\\/\",\"url\":\"https:\\\/\\\/sandokan.com\\\/fr\\\/prodotto\\\/lampe-electro-insecticide-a-led-tri-zan-avec-decharge\\\/\",\"name\":\"TRI-ZAN LED lampe \u00e0 effet moustiquaire \u00e9lectrique - Sandokan.\",\"isPartOf\":{\"@id\":\"https:\\\/\\\/sandokan.com\\\/fr\\\/#website\"},\"primaryImageOfPage\":{\"@id\":\"https:\\\/\\\/sandokan.com\\\/fr\\\/prodotto\\\/lampe-electro-insecticide-a-led-tri-zan-avec-decharge\\\/#primaryimage\"},\"image\":{\"@id\":\"https:\\\/\\\/sandokan.com\\\/fr\\\/prodotto\\\/lampe-electro-insecticide-a-led-tri-zan-avec-decharge\\\/#primaryimage\"},\"thumbnailUrl\":\"https:\\\/\\\/sandokan.com\\\/wp-content\\\/uploads\\\/2021\\\/04\\\/83000232-8007382973900-P-01.png\",\"datePublished\":\"2021-04-02T06:22:38+00:00\",\"description\":\"L'insecticide \u00e9lectrique TRI-ZAN LED avec d\u00e9charge est sans danger pour toute la famille. Il fonctionne comme une moustiquaire \u00e9lectrique et est certifi\u00e9 HACCP.\",\"breadcrumb\":{\"@id\":\"https:\\\/\\\/sandokan.com\\\/fr\\\/prodotto\\\/lampe-electro-insecticide-a-led-tri-zan-avec-decharge\\\/#breadcrumb\"},\"inLanguage\":\"fr-FR\",\"potentialAction\":[{\"@type\":\"ReadAction\",\"target\":[\"https:\\\/\\\/sandokan.com\\\/fr\\\/prodotto\\\/lampe-electro-insecticide-a-led-tri-zan-avec-decharge\\\/\"]}]},{\"@type\":\"ImageObject\",\"inLanguage\":\"fr-FR\",\"@id\":\"https:\\\/\\\/sandokan.com\\\/fr\\\/prodotto\\\/lampe-electro-insecticide-a-led-tri-zan-avec-decharge\\\/#primaryimage\",\"url\":\"https:\\\/\\\/sandokan.com\\\/wp-content\\\/uploads\\\/2021\\\/04\\\/83000232-8007382973900-P-01.png\",\"contentUrl\":\"https:\\\/\\\/sandokan.com\\\/wp-content\\\/uploads\\\/2021\\\/04\\\/83000232-8007382973900-P-01.png\",\"width\":1200,\"height\":1200,\"caption\":\"Zanzariera elettrica usb TRI ZAN\"},{\"@type\":\"BreadcrumbList\",\"@id\":\"https:\\\/\\\/sandokan.com\\\/fr\\\/prodotto\\\/lampe-electro-insecticide-a-led-tri-zan-avec-decharge\\\/#breadcrumb\",\"itemListElement\":[{\"@type\":\"ListItem\",\"position\":1,\"name\":\"Sandokan\",\"item\":\"https:\\\/\\\/sandokan.com\\\/fr\\\/accueil\\\/\"},{\"@type\":\"ListItem\",\"position\":2,\"name\":\"Boutique\",\"item\":\"https:\\\/\\\/sandokan.com\\\/fr\\\/boutique\\\/\"},{\"@type\":\"ListItem\",\"position\":3,\"name\":\"Lampe \u00e9lectro-insecticide \u00e0 LED Tri-Zan avec d\u00e9charge\"}]},{\"@type\":\"WebSite\",\"@id\":\"https:\\\/\\\/sandokan.com\\\/fr\\\/#website\",\"url\":\"https:\\\/\\\/sandokan.com\\\/fr\\\/\",\"name\":\"Sandokan\",\"description\":\"Repellenti e Insetticidi\",\"publisher\":{\"@id\":\"https:\\\/\\\/sandokan.com\\\/fr\\\/#organization\"},\"potentialAction\":[{\"@type\":\"SearchAction\",\"target\":{\"@type\":\"EntryPoint\",\"urlTemplate\":\"https:\\\/\\\/sandokan.com\\\/fr\\\/?s={search_term_string}\"},\"query-input\":{\"@type\":\"PropertyValueSpecification\",\"valueRequired\":true,\"valueName\":\"search_term_string\"}}],\"inLanguage\":\"fr-FR\"},{\"@type\":\"Organization\",\"@id\":\"https:\\\/\\\/sandokan.com\\\/fr\\\/#organization\",\"name\":\"Sandokan | Repellenti Naturali per Interni ed Esterni\",\"url\":\"https:\\\/\\\/sandokan.com\\\/fr\\\/\",\"logo\":{\"@type\":\"ImageObject\",\"inLanguage\":\"fr-FR\",\"@id\":\"https:\\\/\\\/sandokan.com\\\/fr\\\/#\\\/schema\\\/logo\\\/image\\\/\",\"url\":\"https:\\\/\\\/sandokan.com\\\/wp-content\\\/uploads\\\/2022\\\/04\\\/Sandokan-Insetticidi-e-Repellenti-BIO-Mobile.png\",\"contentUrl\":\"https:\\\/\\\/sandokan.com\\\/wp-content\\\/uploads\\\/2022\\\/04\\\/Sandokan-Insetticidi-e-Repellenti-BIO-Mobile.png\",\"width\":350,\"height\":99,\"caption\":\"Sandokan | Repellenti Naturali per Interni ed Esterni\"},\"image\":{\"@id\":\"https:\\\/\\\/sandokan.com\\\/fr\\\/#\\\/schema\\\/logo\\\/image\\\/\"},\"sameAs\":[\"https:\\\/\\\/www.facebook.com\\\/zanzareeinsetti\\\/\",\"https:\\\/\\\/x.com\\\/sandokaninsetti\",\"https:\\\/\\\/www.youtube.com\\\/channel\\\/UCMv6YC7WVMIF6KXkcLnuVuw\"]}]}<\/script>\n<!-- \/ Yoast SEO plugin. -->","yoast_head_json":{"title":"TRI-ZAN LED lampe \u00e0 effet moustiquaire \u00e9lectrique - Sandokan.","description":"L'insecticide \u00e9lectrique TRI-ZAN LED avec d\u00e9charge est sans danger pour toute la famille. Il fonctionne comme une moustiquaire \u00e9lectrique et est certifi\u00e9 HACCP.","robots":{"index":"index","follow":"follow","max-snippet":"max-snippet:-1","max-image-preview":"max-image-preview:large","max-video-preview":"max-video-preview:-1"},"canonical":"https:\/\/sandokan.com\/fr\/prodotto\/lampe-electro-insecticide-a-led-tri-zan-avec-decharge\/","og_locale":"fr_FR","og_type":"article","og_title":"TRI-ZAN LED lampe \u00e0 effet moustiquaire \u00e9lectrique - Sandokan.","og_description":"L'insecticide \u00e9lectrique TRI-ZAN LED avec d\u00e9charge est sans danger pour toute la famille. Il fonctionne comme une moustiquaire \u00e9lectrique et est certifi\u00e9 HACCP.","og_url":"https:\/\/sandokan.com\/fr\/prodotto\/lampe-electro-insecticide-a-led-tri-zan-avec-decharge\/","og_site_name":"Sandokan","article_publisher":"https:\/\/www.facebook.com\/zanzareeinsetti\/","og_image":[{"width":1200,"height":1200,"url":"https:\/\/sandokan.com\/wp-content\/uploads\/2021\/04\/83000232-8007382973900-P-01.png","type":"image\/png"}],"twitter_card":"summary_large_image","twitter_site":"@sandokaninsetti","twitter_misc":{"Dur\u00e9e de lecture estim\u00e9e":"4 minutes"},"schema":{"@context":"https:\/\/schema.org","@graph":[{"@type":"WebPage","@id":"https:\/\/sandokan.com\/fr\/prodotto\/lampe-electro-insecticide-a-led-tri-zan-avec-decharge\/","url":"https:\/\/sandokan.com\/fr\/prodotto\/lampe-electro-insecticide-a-led-tri-zan-avec-decharge\/","name":"TRI-ZAN LED lampe \u00e0 effet moustiquaire \u00e9lectrique - Sandokan.","isPartOf":{"@id":"https:\/\/sandokan.com\/fr\/#website"},"primaryImageOfPage":{"@id":"https:\/\/sandokan.com\/fr\/prodotto\/lampe-electro-insecticide-a-led-tri-zan-avec-decharge\/#primaryimage"},"image":{"@id":"https:\/\/sandokan.com\/fr\/prodotto\/lampe-electro-insecticide-a-led-tri-zan-avec-decharge\/#primaryimage"},"thumbnailUrl":"https:\/\/sandokan.com\/wp-content\/uploads\/2021\/04\/83000232-8007382973900-P-01.png","datePublished":"2021-04-02T06:22:38+00:00","description":"L'insecticide \u00e9lectrique TRI-ZAN LED avec d\u00e9charge est sans danger pour toute la famille. Il fonctionne comme une moustiquaire \u00e9lectrique et est certifi\u00e9 HACCP.","breadcrumb":{"@id":"https:\/\/sandokan.com\/fr\/prodotto\/lampe-electro-insecticide-a-led-tri-zan-avec-decharge\/#breadcrumb"},"inLanguage":"fr-FR","potentialAction":[{"@type":"ReadAction","target":["https:\/\/sandokan.com\/fr\/prodotto\/lampe-electro-insecticide-a-led-tri-zan-avec-decharge\/"]}]},{"@type":"ImageObject","inLanguage":"fr-FR","@id":"https:\/\/sandokan.com\/fr\/prodotto\/lampe-electro-insecticide-a-led-tri-zan-avec-decharge\/#primaryimage","url":"https:\/\/sandokan.com\/wp-content\/uploads\/2021\/04\/83000232-8007382973900-P-01.png","contentUrl":"https:\/\/sandokan.com\/wp-content\/uploads\/2021\/04\/83000232-8007382973900-P-01.png","width":1200,"height":1200,"caption":"Zanzariera elettrica usb TRI ZAN"},{"@type":"BreadcrumbList","@id":"https:\/\/sandokan.com\/fr\/prodotto\/lampe-electro-insecticide-a-led-tri-zan-avec-decharge\/#breadcrumb","itemListElement":[{"@type":"ListItem","position":1,"name":"Sandokan","item":"https:\/\/sandokan.com\/fr\/accueil\/"},{"@type":"ListItem","position":2,"name":"Boutique","item":"https:\/\/sandokan.com\/fr\/boutique\/"},{"@type":"ListItem","position":3,"name":"Lampe \u00e9lectro-insecticide \u00e0 LED Tri-Zan avec d\u00e9charge"}]},{"@type":"WebSite","@id":"https:\/\/sandokan.com\/fr\/#website","url":"https:\/\/sandokan.com\/fr\/","name":"Sandokan","description":"Repellenti e Insetticidi","publisher":{"@id":"https:\/\/sandokan.com\/fr\/#organization"},"potentialAction":[{"@type":"SearchAction","target":{"@type":"EntryPoint","urlTemplate":"https:\/\/sandokan.com\/fr\/?s={search_term_string}"},"query-input":{"@type":"PropertyValueSpecification","valueRequired":true,"valueName":"search_term_string"}}],"inLanguage":"fr-FR"},{"@type":"Organization","@id":"https:\/\/sandokan.com\/fr\/#organization","name":"Sandokan | Repellenti Naturali per Interni ed Esterni","url":"https:\/\/sandokan.com\/fr\/","logo":{"@type":"ImageObject","inLanguage":"fr-FR","@id":"https:\/\/sandokan.com\/fr\/#\/schema\/logo\/image\/","url":"https:\/\/sandokan.com\/wp-content\/uploads\/2022\/04\/Sandokan-Insetticidi-e-Repellenti-BIO-Mobile.png","contentUrl":"https:\/\/sandokan.com\/wp-content\/uploads\/2022\/04\/Sandokan-Insetticidi-e-Repellenti-BIO-Mobile.png","width":350,"height":99,"caption":"Sandokan | Repellenti Naturali per Interni ed Esterni"},"image":{"@id":"https:\/\/sandokan.com\/fr\/#\/schema\/logo\/image\/"},"sameAs":["https:\/\/www.facebook.com\/zanzareeinsetti\/","https:\/\/x.com\/sandokaninsetti","https:\/\/www.youtube.com\/channel\/UCMv6YC7WVMIF6KXkcLnuVuw"]}]}},"_links":{"self":[{"href":"https:\/\/sandokan.com\/fr\/wp-json\/wp\/v2\/product\/30485","targetHints":{"allow":["GET"]}}],"collection":[{"href":"https:\/\/sandokan.com\/fr\/wp-json\/wp\/v2\/product"}],"about":[{"href":"https:\/\/sandokan.com\/fr\/wp-json\/wp\/v2\/types\/product"}],"replies":[{"embeddable":true,"href":"https:\/\/sandokan.com\/fr\/wp-json\/wp\/v2\/comments?post=30485"}],"wp:featuredmedia":[{"embeddable":true,"href":"https:\/\/sandokan.com\/fr\/wp-json\/wp\/v2\/media\/30492"}],"wp:attachment":[{"href":"https:\/\/sandokan.com\/fr\/wp-json\/wp\/v2\/media?parent=30485"}],"wp:term":[{"taxonomy":"product_brand","embeddable":true,"href":"https:\/\/sandokan.com\/fr\/wp-json\/wp\/v2\/product_brand?post=30485"},{"taxonomy":"product_cat","embeddable":true,"href":"https:\/\/sandokan.com\/fr\/wp-json\/wp\/v2\/product_cat?post=30485"},{"taxonomy":"product_tag","embeddable":true,"href":"https:\/\/sandokan.com\/fr\/wp-json\/wp\/v2\/product_tag?post=30485"}],"curies":[{"name":"wp","href":"https:\/\/api.w.org\/{rel}","templated":true}]}}