{"id":30494,"date":"2021-04-02T07:51:11","date_gmt":"2021-04-02T05:51:11","guid":{"rendered":"https:\/\/sandokan.com\/prodotto\/led-zan-lampe-electro-insecticide-a-decharge-a-led\/"},"modified":"2021-04-02T07:51:11","modified_gmt":"2021-04-02T05:51:11","slug":"led-zan-lampe-electro-insecticide-a-decharge-a-led","status":"publish","type":"product","link":"https:\/\/sandokan.com\/fr\/prodotto\/led-zan-lampe-electro-insecticide-a-decharge-a-led\/","title":{"rendered":"LED-ZAN Lampe \u00e9lectro-insecticide \u00e0 d\u00e9charge \u00e0 LED"},"content":{"rendered":"<h3><strong><span class=\"fontstyle0\">LED-ZAN &#8211; Lampe \u00e9lectro-insecticide \u00e0 LED avec d\u00e9charge s\u00fbre et \u00e9cologique<\/span><\/strong><\/h3>\n<p data-start=\"312\" data-end=\"755\"><strong data-start=\"312\" data-end=\"322\">LED-ZAN<\/strong> est la <strong>lampe \u00e9lectro-insecticide<\/strong> de nouvelle g\u00e9n\u00e9ration con\u00e7ue pour offrir une <strong data-start=\"390\" data-end=\"433\">protection continue et sans insecticide<\/strong> contre les moustiques et les mouches, \u00e0 la maison comme en d\u00e9placement. Elle associe la <strong data-start=\"500\" data-end=\"537\">technologie LED haute luminosit\u00e9<\/strong> \u00e0 un <strong data-start=\"545\" data-end=\"579\">g\u00e9n\u00e9rateur de chaleur int\u00e9gr\u00e9<\/strong> qui active les thermor\u00e9cepteurs des insectes h\u00e9matophages, les attirant de mani\u00e8re cibl\u00e9e. Une <strong data-start=\"675\" data-end=\"706\">d\u00e9charge \u00e9lectrique calibr\u00e9e<\/strong> \u00e9limine les insectes sans produire de fum\u00e9e ni d&rsquo;odeur.  <\/p>\n<p data-start=\"757\" data-end=\"1153\">Sa structure innovante comprend une <strong data-start=\"797\" data-end=\"868\">grille en polycarbonate transparent, autoextinguible et incassable<\/strong>, qui limite la capture aux seuls insectes nuisibles, \u00e9vitant ainsi d&rsquo;endommager les insectes utiles tels que les papillons. En outre, la <strong data-start=\"982\" data-end=\"1037\">grille en plastique \u00e9lectroconducteur<\/strong> garantit la s\u00e9curit\u00e9, la l\u00e9g\u00e8ret\u00e9 et la durabilit\u00e9, en \u00e9liminant l&rsquo;utilisation de grilles m\u00e9talliques lourdes et non recyclables. <\/p>\n<p data-start=\"1155\" data-end=\"1456\">La <strong>lampe \u00e9lectro-insecticide<\/strong> LED-ZAN est <strong data-start=\"1164\" data-end=\"1201\">conforme aux directives CE et RoHS<\/strong>, dispose d&rsquo;une <strong data-start=\"1213\" data-end=\"1244\">double isolation galvanique<\/strong> pour une protection maximale contre les chocs \u00e9lectriques et est donc sans danger pour les enfants. Elle est aliment\u00e9e par le <strong data-start=\"1313\" data-end=\"1333\">c\u00e2ble USB inclus<\/strong> (adaptateur de courant non inclus), ce qui la rend parfaite pour une utilisation avec des banques d&rsquo;alimentation, des adaptateurs de voiture ou des prises USB standard. <\/p>\n<h5 data-start=\"1021\" data-end=\"1053\"><strong>Caract\u00e9ristiques principales :<\/strong><\/h5>\n<ul>\n<li><strong data-start=\"2854\" data-end=\"2868\">Dimensions (HxLxP)<\/strong>: 27cm \u00d7 12cm \u00d7 12cm<\/li>\n<li><strong data-start=\"2893\" data-end=\"2919\">Surface recommand\u00e9e<\/strong>: jusqu&rsquo;\u00e0 40 m\u00b2<\/li>\n<li data-start=\"1057\" data-end=\"1103\"><strong data-start=\"1060\" data-end=\"1097\">Technologie LED UV de faible puissance<\/strong> (&lt;1W)<\/li>\n<li data-start=\"1106\" data-end=\"1180\"><strong data-start=\"1108\" data-end=\"1139\">D\u00e9charge \u00e9lectrique calibr\u00e9e<\/strong> pour une \u00e9limination imm\u00e9diate des insectes sans danger pour les personnes<\/li>\n<li data-start=\"1183\" data-end=\"1255\"><strong data-start=\"1186\" data-end=\"1220\">G\u00e9n\u00e9rateur de chaleur int\u00e9gr\u00e9<\/strong> pour attirer les moustiques qui se nourrissent de sang<\/li>\n<li data-start=\"1258\" data-end=\"1333\"><strong data-start=\"1261\" data-end=\"1290\">Sans insecticides chimiques<\/strong> &#8211; respectueux de l&rsquo;environnement et sans danger pour les personnes et les animaux<\/li>\n<li data-start=\"1336\" data-end=\"1430\"><strong data-start=\"1339\" data-end=\"1360\">Alimentation USB<\/strong> &#8211; utilisable avec les banques d&rsquo;alimentation et les adaptateurs (alimentation non incluse)<\/li>\n<li data-start=\"1433\" data-end=\"1492\"><strong data-start=\"1436\" data-end=\"1449\">Portable<\/strong> &#8211; id\u00e9al pour le camping, les voyages et les voitures<\/li>\n<li data-start=\"1495\" data-end=\"1564\"><strong data-start=\"1498\" data-end=\"1529\">Double isolation galvanique<\/strong> pour une s\u00e9curit\u00e9 \u00e9lectrique maximale<\/li>\n<li data-start=\"1567\" data-end=\"1651\"><strong data-start=\"1570\" data-end=\"1627\">Grille conductrice d&rsquo;\u00e9lectricit\u00e9 en plastique autoextinguible<\/strong> &#8211; sans m\u00e9taux lourds<\/li>\n<li data-start=\"1654\" data-end=\"1724\"><strong data-start=\"1657\" data-end=\"1688\">Bande de couleur optimis\u00e9e<\/strong> pour attirer uniquement les insectes cibl\u00e9s<\/li>\n<li data-start=\"1727\" data-end=\"1778\"><strong data-start=\"1730\" data-end=\"1758\">N&rsquo;attire pas les insectes utiles<\/strong> tels que les papillons et les abeilles.<\/li>\n<li data-start=\"1781\" data-end=\"1828\"><strong data-start=\"1784\" data-end=\"1804\">Facile \u00e0 nettoyer<\/strong> &#8211; un simple jet d&rsquo;air suffit<\/li>\n<li data-start=\"1831\" data-end=\"1874\"><strong data-start=\"1834\" data-end=\"1858\">Ancrage int\u00e9gr\u00e9<\/strong> pour utilisation en suspension<\/li>\n<li data-start=\"1877\" data-end=\"1912\">Conformit\u00e9 <strong data-start=\"1899\" data-end=\"1912\">RoHS et CE<\/strong><\/li>\n<li>Lampe de capture d&rsquo;insectes avec <strong>certification HACCP<\/strong><\/li>\n<\/ul>\n<h6 data-start=\"1463\" data-end=\"1497\"><strong data-start=\"1470\" data-end=\"1497\">Pourquoi choisir LED-ZAN :<\/strong><\/h6>\n<ul>\n<li data-start=\"1501\" data-end=\"1565\"><strong data-start=\"1503\" data-end=\"1525\">Pas d&rsquo;insecticides<\/strong>: sans danger pour les enfants, les animaux et l&rsquo;environnement<\/li>\n<li data-start=\"1568\" data-end=\"1642\"><strong data-start=\"1571\" data-end=\"1602\">Alimentation USB polyvalente<\/strong>: peut \u00e9galement \u00eatre utilis\u00e9e dans la voiture ou en camping<\/li>\n<li data-start=\"1645\" data-end=\"1711\"><strong data-start=\"1647\" data-end=\"1678\">D\u00e9charge \u00e9lectrique calibr\u00e9e<\/strong>: efficace contre les insectes cibl\u00e9s, sans fum\u00e9e ni odeur, sans danger pour les enfants et les personnes.<\/li>\n<li data-start=\"1714\" data-end=\"1774\"><strong data-start=\"1717\" data-end=\"1740\">Utilisation continue pendant 24 heures<\/strong>: protection active jour et nuit pendant les mois d&rsquo;\u00e9t\u00e9<\/li>\n<li data-start=\"1777\" data-end=\"1840\"><strong data-start=\"1780\" data-end=\"1811\">Double isolation galvanique<\/strong>: s\u00e9curit\u00e9 \u00e9lectrique maximale<\/li>\n<li data-start=\"1843\" data-end=\"1931\"><strong data-start=\"1846\" data-end=\"1880\">LED \u00e0 faible consommation<\/strong> d&rsquo;\u00e9nergie : 80% de consommation d&rsquo;\u00e9nergie en moins par rapport aux mod\u00e8les pr\u00e9c\u00e9dents<\/li>\n<li data-start=\"2019\" data-end=\"2099\"><strong data-start=\"2022\" data-end=\"2041\">Design compact<\/strong> et \u00e9l\u00e9gant (120\u00d7100\u00d7273 mm), id\u00e9al pour une utilisation en int\u00e9rieur<\/li>\n<\/ul>\n<h6 data-start=\"2106\" data-end=\"2128\"><strong data-start=\"2113\" data-end=\"2128\">Comment utiliser efficacement LED-ZAN :<\/strong><\/h6>\n<ol>\n<li data-start=\"2133\" data-end=\"2266\"><strong data-start=\"2133\" data-end=\"2175\">Placez l&rsquo;appareil correctement<\/strong>: choisissez un endroit sombre, \u00e0 l&rsquo;abri des courants d&rsquo;air et \u00e0 l&rsquo;\u00e9cart de votre espace de vie.<\/li>\n<li data-start=\"2270\" data-end=\"2355\"><strong data-start=\"2270\" data-end=\"2293\">Connectez le c\u00e2ble USB<\/strong> \u00e0 une source d&rsquo;alimentation disponible (banque d&rsquo;alimentation, prise USB, voiture).<\/li>\n<li data-start=\"2359\" data-end=\"2437\"><strong data-start=\"2359\" data-end=\"2384\">Activez l&rsquo;appareil<\/strong>: les LED et la chaleur commencent automatiquement \u00e0 fonctionner, attirant les moustiques et la d\u00e9charge les \u00e9liminant.<\/li>\n<li data-start=\"2441\" data-end=\"2521\"><strong data-start=\"2441\" data-end=\"2463\">Utilisez-le 24 heures sur 24<\/strong> pour de meilleurs r\u00e9sultats, en particulier la nuit.<\/li>\n<li data-start=\"2441\" data-end=\"2521\"><strong data-start=\"2911\" data-end=\"2922\">Nettoyage<\/strong>: enlevez la poussi\u00e8re ou les r\u00e9sidus avec un jet d&rsquo;air. <strong>N&rsquo;utilisez pas d&rsquo;eau<\/strong><\/li>\n<\/ol>\n<p data-start=\"2989\" data-end=\"3164\">\ud83d\udc49 <strong data-start=\"2992\" data-end=\"3013\">Conseils d&rsquo;experts<\/strong>:<\/p>\n<ul>\n<li data-start=\"2989\" data-end=\"3164\">pour une action combin\u00e9e, utilisez AIR ZAN avec des larvicides dans les zones d&rsquo;eau stagnante. Vous combattrez ainsi \u00e0 la fois les moustiques adultes et les larves. Vous trouverez des larvicides <a href=\"https:\/\/sandokan.com\/fr\/categoria-prodotto\/larvicides\/\">ICI<\/a>  <\/li>\n<li data-start=\"2989\" data-end=\"3164\">pour augmenter l&rsquo;efficacit\u00e9 de capture de la lampe insecticide, vous pouvez ins\u00e9rer un attractif biologique brevet\u00e9 Sandokan dans l&rsquo;insecticide \u00e9lectrique, disponible <a href=\"https:\/\/sandokan.com\/prodotto\/dispositivo-di-monitoraggio\/\">ICI<\/a><\/li>\n<\/ul>\n<h6><span class=\"fontstyle2\"><strong>LES INSECTES CIBLES :<\/strong><\/span><\/h6>\n<p><span class=\"fontstyle0\">MOUSTIQUES, MOUCHES ET AUTRES INSECTES NUISIBLES<\/span><\/p>\n<h6 data-start=\"2440\" data-end=\"2481\"><strong>Le paquet contient :<\/strong><\/h6>\n<ul>\n<li>LED-ZAN \u00e9lectro-insecticide<\/li>\n<li>C\u00e2ble USB<\/li>\n<\/ul>\n<h6><strong>MADE IN ITALY  <\/strong><strong><img loading=\"lazy\" decoding=\"async\" class=\"alignnone\" src=\"https:\/\/images.emojiterra.com\/google\/noto-emoji\/unicode-16.0\/color\/svg\/1f1ee-1f1f9.svg\" alt=\"Google (Noto Color Emoji 16.0)\" width=\"26\" height=\"26\"><\/strong><\/h6>\n","protected":false},"excerpt":{"rendered":"<p><img loading=\"lazy\" decoding=\"async\" class=\"alignnone wp-image-21662\" src=\"https:\/\/sandokan.com\/wp-content\/uploads\/2021\/04\/zanzara.png\" alt=\"\" width=\"80\" height=\"80\" srcset=\"https:\/\/sandokan.com\/wp-content\/uploads\/2021\/04\/zanzara.png 200w, https:\/\/sandokan.com\/wp-content\/uploads\/2021\/04\/zanzara-100x100.png 100w, https:\/\/sandokan.com\/wp-content\/uploads\/2021\/04\/zanzara-150x150.png 150w, https:\/\/sandokan.com\/wp-content\/uploads\/2021\/04\/zanzara-145x145.png 145w, https:\/\/sandokan.com\/wp-content\/uploads\/2021\/04\/zanzara-50x50.png 50w\" sizes=\"auto, (max-width: 80px) 100vw, 80px\" \/><img loading=\"lazy\" decoding=\"async\" class=\"alignnone wp-image-21626\" src=\"https:\/\/sandokan.com\/wp-content\/uploads\/2022\/09\/mosca.png\" alt=\"\" width=\"80\" height=\"80\" srcset=\"https:\/\/sandokan.com\/wp-content\/uploads\/2022\/09\/mosca.png 200w, https:\/\/sandokan.com\/wp-content\/uploads\/2022\/09\/mosca-100x100.png 100w, https:\/\/sandokan.com\/wp-content\/uploads\/2022\/09\/mosca-150x150.png 150w, https:\/\/sandokan.com\/wp-content\/uploads\/2022\/09\/mosca-145x145.png 145w, https:\/\/sandokan.com\/wp-content\/uploads\/2022\/09\/mosca-50x50.png 50w\" sizes=\"auto, (max-width: 80px) 100vw, 80px\" \/><img loading=\"lazy\" decoding=\"async\" class=\"alignnone wp-image-21638\" src=\"https:\/\/sandokan.com\/wp-content\/uploads\/2022\/04\/cimice-1.png\" alt=\"\" width=\"80\" height=\"80\" srcset=\"https:\/\/sandokan.com\/wp-content\/uploads\/2022\/04\/cimice-1.png 200w, https:\/\/sandokan.com\/wp-content\/uploads\/2022\/04\/cimice-1-100x100.png 100w, https:\/\/sandokan.com\/wp-content\/uploads\/2022\/04\/cimice-1-150x150.png 150w, https:\/\/sandokan.com\/wp-content\/uploads\/2022\/04\/cimice-1-145x145.png 145w, https:\/\/sandokan.com\/wp-content\/uploads\/2022\/04\/cimice-1-50x50.png 50w\" sizes=\"auto, (max-width: 80px) 100vw, 80px\" \/><\/p>\n<p>Lampe \u00e9lectro-insecticide LED-ZAN dot\u00e9e de la technologie LED et d&rsquo;une d\u00e9charge \u00e9lectrique calibr\u00e9e. Elle agit contre les insectes cibl\u00e9s tout en \u00e9tant totalement inoffensive pour la famille. Elle fonctionne sans insecticides chimiques et est id\u00e9ale pour la protection d&rsquo;une surface de 40 m\u00e8tres carr\u00e9s.  <\/p>\n","protected":false},"featured_media":30500,"comment_status":"closed","ping_status":"closed","template":"","meta":{"_acf_changed":false,"inline_featured_image":false},"product_brand":[],"product_cat":[846,842],"product_tag":[847,844,812],"class_list":{"0":"post-30494","1":"product","2":"type-product","3":"status-publish","4":"has-post-thumbnail","6":"product_cat-decharge","7":"product_cat-electro-insecticides","8":"product_tag-decharge-delectro-insecticide","9":"product_tag-electro-insecticide","10":"product_tag-moustiques","12":"first","13":"instock","14":"featured","15":"taxable","16":"shipping-taxable","17":"purchasable","18":"product-type-simple"},"bundled_by":["30126","30144"],"bundle_stock_status":"instock","bundle_stock_quantity":null,"bundle_virtual":false,"bundle_layout":"","bundle_add_to_cart_form_location":"","bundle_editable_in_cart":false,"bundle_sold_individually_context":"","bundle_item_grouping":"","bundle_min_size":"","bundle_max_size":"","bundle_price":[],"bundled_items":[],"bundle_sell_ids":[],"acf":[],"yoast_head":"<!-- This site is optimized with the Yoast SEO plugin v27.5 - https:\/\/yoast.com\/product\/yoast-seo-wordpress\/ -->\n<title>LED-ZAN Lampe \u00e9lectro-insecticide \u00e0 d\u00e9charge \u00e0 LED - Sandokan<\/title>\n<meta name=\"description\" content=\"Lampe \u00e9lectro-insecticide LED-ZAN avec LED et d\u00e9charge \u00e9lectrique calibr\u00e9e pour moustiques et insectes nuisibles. Id\u00e9ale pour toutes les pi\u00e8ces jusqu&#039;\u00e0 40 m\u00e8tres carr\u00e9s.\" \/>\n<meta name=\"robots\" content=\"index, follow, max-snippet:-1, max-image-preview:large, max-video-preview:-1\" \/>\n<link rel=\"canonical\" href=\"https:\/\/sandokan.com\/fr\/prodotto\/led-zan-lampe-electro-insecticide-a-decharge-a-led\/\" \/>\n<meta property=\"og:locale\" content=\"fr_FR\" \/>\n<meta property=\"og:type\" content=\"article\" \/>\n<meta property=\"og:title\" content=\"LED-ZAN Lampe \u00e9lectro-insecticide \u00e0 d\u00e9charge \u00e0 LED - Sandokan\" \/>\n<meta property=\"og:description\" content=\"Lampe \u00e9lectro-insecticide LED-ZAN avec LED et d\u00e9charge \u00e9lectrique calibr\u00e9e pour moustiques et insectes nuisibles. Id\u00e9ale pour toutes les pi\u00e8ces jusqu&#039;\u00e0 40 m\u00e8tres carr\u00e9s.\" \/>\n<meta property=\"og:url\" content=\"https:\/\/sandokan.com\/fr\/prodotto\/led-zan-lampe-electro-insecticide-a-decharge-a-led\/\" \/>\n<meta property=\"og:site_name\" content=\"Sandokan\" \/>\n<meta property=\"article:publisher\" content=\"https:\/\/www.facebook.com\/zanzareeinsetti\/\" \/>\n<meta property=\"og:image\" content=\"https:\/\/sandokan.com\/wp-content\/uploads\/2021\/04\/I7365-prodotto.png\" \/>\n\t<meta property=\"og:image:width\" content=\"1200\" \/>\n\t<meta property=\"og:image:height\" content=\"1200\" \/>\n\t<meta property=\"og:image:type\" content=\"image\/png\" \/>\n<meta name=\"twitter:card\" content=\"summary_large_image\" \/>\n<meta name=\"twitter:site\" content=\"@sandokaninsetti\" \/>\n<meta name=\"twitter:label1\" content=\"Dur\u00e9e de lecture estim\u00e9e\" \/>\n\t<meta name=\"twitter:data1\" content=\"3 minutes\" \/>\n<script type=\"application\/ld+json\" class=\"yoast-schema-graph\">{\"@context\":\"https:\\\/\\\/schema.org\",\"@graph\":[{\"@type\":\"WebPage\",\"@id\":\"https:\\\/\\\/sandokan.com\\\/fr\\\/prodotto\\\/led-zan-lampe-electro-insecticide-a-decharge-a-led\\\/\",\"url\":\"https:\\\/\\\/sandokan.com\\\/fr\\\/prodotto\\\/led-zan-lampe-electro-insecticide-a-decharge-a-led\\\/\",\"name\":\"LED-ZAN Lampe \u00e9lectro-insecticide \u00e0 d\u00e9charge \u00e0 LED - Sandokan\",\"isPartOf\":{\"@id\":\"https:\\\/\\\/sandokan.com\\\/fr\\\/#website\"},\"primaryImageOfPage\":{\"@id\":\"https:\\\/\\\/sandokan.com\\\/fr\\\/prodotto\\\/led-zan-lampe-electro-insecticide-a-decharge-a-led\\\/#primaryimage\"},\"image\":{\"@id\":\"https:\\\/\\\/sandokan.com\\\/fr\\\/prodotto\\\/led-zan-lampe-electro-insecticide-a-decharge-a-led\\\/#primaryimage\"},\"thumbnailUrl\":\"https:\\\/\\\/sandokan.com\\\/wp-content\\\/uploads\\\/2021\\\/04\\\/I7365-prodotto.png\",\"datePublished\":\"2021-04-02T05:51:11+00:00\",\"description\":\"Lampe \u00e9lectro-insecticide LED-ZAN avec LED et d\u00e9charge \u00e9lectrique calibr\u00e9e pour moustiques et insectes nuisibles. Id\u00e9ale pour toutes les pi\u00e8ces jusqu'\u00e0 40 m\u00e8tres carr\u00e9s.\",\"breadcrumb\":{\"@id\":\"https:\\\/\\\/sandokan.com\\\/fr\\\/prodotto\\\/led-zan-lampe-electro-insecticide-a-decharge-a-led\\\/#breadcrumb\"},\"inLanguage\":\"fr-FR\",\"potentialAction\":[{\"@type\":\"ReadAction\",\"target\":[\"https:\\\/\\\/sandokan.com\\\/fr\\\/prodotto\\\/led-zan-lampe-electro-insecticide-a-decharge-a-led\\\/\"]}]},{\"@type\":\"ImageObject\",\"inLanguage\":\"fr-FR\",\"@id\":\"https:\\\/\\\/sandokan.com\\\/fr\\\/prodotto\\\/led-zan-lampe-electro-insecticide-a-decharge-a-led\\\/#primaryimage\",\"url\":\"https:\\\/\\\/sandokan.com\\\/wp-content\\\/uploads\\\/2021\\\/04\\\/I7365-prodotto.png\",\"contentUrl\":\"https:\\\/\\\/sandokan.com\\\/wp-content\\\/uploads\\\/2021\\\/04\\\/I7365-prodotto.png\",\"width\":1200,\"height\":1200},{\"@type\":\"BreadcrumbList\",\"@id\":\"https:\\\/\\\/sandokan.com\\\/fr\\\/prodotto\\\/led-zan-lampe-electro-insecticide-a-decharge-a-led\\\/#breadcrumb\",\"itemListElement\":[{\"@type\":\"ListItem\",\"position\":1,\"name\":\"Sandokan\",\"item\":\"https:\\\/\\\/sandokan.com\\\/fr\\\/accueil\\\/\"},{\"@type\":\"ListItem\",\"position\":2,\"name\":\"Boutique\",\"item\":\"https:\\\/\\\/sandokan.com\\\/fr\\\/boutique\\\/\"},{\"@type\":\"ListItem\",\"position\":3,\"name\":\"LED-ZAN Lampe \u00e9lectro-insecticide \u00e0 d\u00e9charge \u00e0 LED\"}]},{\"@type\":\"WebSite\",\"@id\":\"https:\\\/\\\/sandokan.com\\\/fr\\\/#website\",\"url\":\"https:\\\/\\\/sandokan.com\\\/fr\\\/\",\"name\":\"Sandokan\",\"description\":\"Repellenti e Insetticidi\",\"publisher\":{\"@id\":\"https:\\\/\\\/sandokan.com\\\/fr\\\/#organization\"},\"potentialAction\":[{\"@type\":\"SearchAction\",\"target\":{\"@type\":\"EntryPoint\",\"urlTemplate\":\"https:\\\/\\\/sandokan.com\\\/fr\\\/?s={search_term_string}\"},\"query-input\":{\"@type\":\"PropertyValueSpecification\",\"valueRequired\":true,\"valueName\":\"search_term_string\"}}],\"inLanguage\":\"fr-FR\"},{\"@type\":\"Organization\",\"@id\":\"https:\\\/\\\/sandokan.com\\\/fr\\\/#organization\",\"name\":\"Sandokan | Repellenti Naturali per Interni ed Esterni\",\"url\":\"https:\\\/\\\/sandokan.com\\\/fr\\\/\",\"logo\":{\"@type\":\"ImageObject\",\"inLanguage\":\"fr-FR\",\"@id\":\"https:\\\/\\\/sandokan.com\\\/fr\\\/#\\\/schema\\\/logo\\\/image\\\/\",\"url\":\"https:\\\/\\\/sandokan.com\\\/wp-content\\\/uploads\\\/2022\\\/04\\\/Sandokan-Insetticidi-e-Repellenti-BIO-Mobile.png\",\"contentUrl\":\"https:\\\/\\\/sandokan.com\\\/wp-content\\\/uploads\\\/2022\\\/04\\\/Sandokan-Insetticidi-e-Repellenti-BIO-Mobile.png\",\"width\":350,\"height\":99,\"caption\":\"Sandokan | Repellenti Naturali per Interni ed Esterni\"},\"image\":{\"@id\":\"https:\\\/\\\/sandokan.com\\\/fr\\\/#\\\/schema\\\/logo\\\/image\\\/\"},\"sameAs\":[\"https:\\\/\\\/www.facebook.com\\\/zanzareeinsetti\\\/\",\"https:\\\/\\\/x.com\\\/sandokaninsetti\",\"https:\\\/\\\/www.youtube.com\\\/channel\\\/UCMv6YC7WVMIF6KXkcLnuVuw\"]}]}<\/script>\n<!-- \/ Yoast SEO plugin. -->","yoast_head_json":{"title":"LED-ZAN Lampe \u00e9lectro-insecticide \u00e0 d\u00e9charge \u00e0 LED - Sandokan","description":"Lampe \u00e9lectro-insecticide LED-ZAN avec LED et d\u00e9charge \u00e9lectrique calibr\u00e9e pour moustiques et insectes nuisibles. Id\u00e9ale pour toutes les pi\u00e8ces jusqu'\u00e0 40 m\u00e8tres carr\u00e9s.","robots":{"index":"index","follow":"follow","max-snippet":"max-snippet:-1","max-image-preview":"max-image-preview:large","max-video-preview":"max-video-preview:-1"},"canonical":"https:\/\/sandokan.com\/fr\/prodotto\/led-zan-lampe-electro-insecticide-a-decharge-a-led\/","og_locale":"fr_FR","og_type":"article","og_title":"LED-ZAN Lampe \u00e9lectro-insecticide \u00e0 d\u00e9charge \u00e0 LED - Sandokan","og_description":"Lampe \u00e9lectro-insecticide LED-ZAN avec LED et d\u00e9charge \u00e9lectrique calibr\u00e9e pour moustiques et insectes nuisibles. Id\u00e9ale pour toutes les pi\u00e8ces jusqu'\u00e0 40 m\u00e8tres carr\u00e9s.","og_url":"https:\/\/sandokan.com\/fr\/prodotto\/led-zan-lampe-electro-insecticide-a-decharge-a-led\/","og_site_name":"Sandokan","article_publisher":"https:\/\/www.facebook.com\/zanzareeinsetti\/","og_image":[{"width":1200,"height":1200,"url":"https:\/\/sandokan.com\/wp-content\/uploads\/2021\/04\/I7365-prodotto.png","type":"image\/png"}],"twitter_card":"summary_large_image","twitter_site":"@sandokaninsetti","twitter_misc":{"Dur\u00e9e de lecture estim\u00e9e":"3 minutes"},"schema":{"@context":"https:\/\/schema.org","@graph":[{"@type":"WebPage","@id":"https:\/\/sandokan.com\/fr\/prodotto\/led-zan-lampe-electro-insecticide-a-decharge-a-led\/","url":"https:\/\/sandokan.com\/fr\/prodotto\/led-zan-lampe-electro-insecticide-a-decharge-a-led\/","name":"LED-ZAN Lampe \u00e9lectro-insecticide \u00e0 d\u00e9charge \u00e0 LED - Sandokan","isPartOf":{"@id":"https:\/\/sandokan.com\/fr\/#website"},"primaryImageOfPage":{"@id":"https:\/\/sandokan.com\/fr\/prodotto\/led-zan-lampe-electro-insecticide-a-decharge-a-led\/#primaryimage"},"image":{"@id":"https:\/\/sandokan.com\/fr\/prodotto\/led-zan-lampe-electro-insecticide-a-decharge-a-led\/#primaryimage"},"thumbnailUrl":"https:\/\/sandokan.com\/wp-content\/uploads\/2021\/04\/I7365-prodotto.png","datePublished":"2021-04-02T05:51:11+00:00","description":"Lampe \u00e9lectro-insecticide LED-ZAN avec LED et d\u00e9charge \u00e9lectrique calibr\u00e9e pour moustiques et insectes nuisibles. Id\u00e9ale pour toutes les pi\u00e8ces jusqu'\u00e0 40 m\u00e8tres carr\u00e9s.","breadcrumb":{"@id":"https:\/\/sandokan.com\/fr\/prodotto\/led-zan-lampe-electro-insecticide-a-decharge-a-led\/#breadcrumb"},"inLanguage":"fr-FR","potentialAction":[{"@type":"ReadAction","target":["https:\/\/sandokan.com\/fr\/prodotto\/led-zan-lampe-electro-insecticide-a-decharge-a-led\/"]}]},{"@type":"ImageObject","inLanguage":"fr-FR","@id":"https:\/\/sandokan.com\/fr\/prodotto\/led-zan-lampe-electro-insecticide-a-decharge-a-led\/#primaryimage","url":"https:\/\/sandokan.com\/wp-content\/uploads\/2021\/04\/I7365-prodotto.png","contentUrl":"https:\/\/sandokan.com\/wp-content\/uploads\/2021\/04\/I7365-prodotto.png","width":1200,"height":1200},{"@type":"BreadcrumbList","@id":"https:\/\/sandokan.com\/fr\/prodotto\/led-zan-lampe-electro-insecticide-a-decharge-a-led\/#breadcrumb","itemListElement":[{"@type":"ListItem","position":1,"name":"Sandokan","item":"https:\/\/sandokan.com\/fr\/accueil\/"},{"@type":"ListItem","position":2,"name":"Boutique","item":"https:\/\/sandokan.com\/fr\/boutique\/"},{"@type":"ListItem","position":3,"name":"LED-ZAN Lampe \u00e9lectro-insecticide \u00e0 d\u00e9charge \u00e0 LED"}]},{"@type":"WebSite","@id":"https:\/\/sandokan.com\/fr\/#website","url":"https:\/\/sandokan.com\/fr\/","name":"Sandokan","description":"Repellenti e Insetticidi","publisher":{"@id":"https:\/\/sandokan.com\/fr\/#organization"},"potentialAction":[{"@type":"SearchAction","target":{"@type":"EntryPoint","urlTemplate":"https:\/\/sandokan.com\/fr\/?s={search_term_string}"},"query-input":{"@type":"PropertyValueSpecification","valueRequired":true,"valueName":"search_term_string"}}],"inLanguage":"fr-FR"},{"@type":"Organization","@id":"https:\/\/sandokan.com\/fr\/#organization","name":"Sandokan | Repellenti Naturali per Interni ed Esterni","url":"https:\/\/sandokan.com\/fr\/","logo":{"@type":"ImageObject","inLanguage":"fr-FR","@id":"https:\/\/sandokan.com\/fr\/#\/schema\/logo\/image\/","url":"https:\/\/sandokan.com\/wp-content\/uploads\/2022\/04\/Sandokan-Insetticidi-e-Repellenti-BIO-Mobile.png","contentUrl":"https:\/\/sandokan.com\/wp-content\/uploads\/2022\/04\/Sandokan-Insetticidi-e-Repellenti-BIO-Mobile.png","width":350,"height":99,"caption":"Sandokan | Repellenti Naturali per Interni ed Esterni"},"image":{"@id":"https:\/\/sandokan.com\/fr\/#\/schema\/logo\/image\/"},"sameAs":["https:\/\/www.facebook.com\/zanzareeinsetti\/","https:\/\/x.com\/sandokaninsetti","https:\/\/www.youtube.com\/channel\/UCMv6YC7WVMIF6KXkcLnuVuw"]}]}},"_links":{"self":[{"href":"https:\/\/sandokan.com\/fr\/wp-json\/wp\/v2\/product\/30494","targetHints":{"allow":["GET"]}}],"collection":[{"href":"https:\/\/sandokan.com\/fr\/wp-json\/wp\/v2\/product"}],"about":[{"href":"https:\/\/sandokan.com\/fr\/wp-json\/wp\/v2\/types\/product"}],"replies":[{"embeddable":true,"href":"https:\/\/sandokan.com\/fr\/wp-json\/wp\/v2\/comments?post=30494"}],"wp:featuredmedia":[{"embeddable":true,"href":"https:\/\/sandokan.com\/fr\/wp-json\/wp\/v2\/media\/30500"}],"wp:attachment":[{"href":"https:\/\/sandokan.com\/fr\/wp-json\/wp\/v2\/media?parent=30494"}],"wp:term":[{"taxonomy":"product_brand","embeddable":true,"href":"https:\/\/sandokan.com\/fr\/wp-json\/wp\/v2\/product_brand?post=30494"},{"taxonomy":"product_cat","embeddable":true,"href":"https:\/\/sandokan.com\/fr\/wp-json\/wp\/v2\/product_cat?post=30494"},{"taxonomy":"product_tag","embeddable":true,"href":"https:\/\/sandokan.com\/fr\/wp-json\/wp\/v2\/product_tag?post=30494"}],"curies":[{"name":"wp","href":"https:\/\/api.w.org\/{rel}","templated":true}]}}