{"id":30502,"date":"2021-04-02T08:04:21","date_gmt":"2021-04-02T06:04:21","guid":{"rendered":"https:\/\/sandokan.com\/prodotto\/cub-zan-led-electro-insecticide-a-decharge\/"},"modified":"2021-04-02T08:04:21","modified_gmt":"2021-04-02T06:04:21","slug":"cub-zan-led-electro-insecticide-a-decharge","status":"publish","type":"product","link":"https:\/\/sandokan.com\/fr\/prodotto\/cub-zan-led-electro-insecticide-a-decharge\/","title":{"rendered":"CUB-ZAN LED \u00e9lectro-insecticide \u00e0 d\u00e9charge"},"content":{"rendered":"<h3><strong>CUB-ZAN &#8211; Electroinsecticide LED \u00e0 d\u00e9charge<\/strong><\/h3>\n<p data-start=\"299\" data-end=\"775\"><strong data-start=\"299\" data-end=\"309\">CUB-ZAN<\/strong> est l&rsquo;\u00e9lectro-insecticide \u00e0 LED de nouvelle g\u00e9n\u00e9ration con\u00e7u pour offrir une <strong data-start=\"382\" data-end=\"429\">protection avanc\u00e9e contre les moustiques et les mouches<\/strong> sans utiliser de produits chimiques. Gr\u00e2ce \u00e0 son <strong data-start=\"481\" data-end=\"515\">g\u00e9n\u00e9rateur de chaleur int\u00e9gr\u00e9<\/strong>, il active les thermor\u00e9cepteurs des insectes h\u00e9matophages, tandis qu&rsquo;une <strong data-start=\"578\" data-end=\"610\">bande de LED \u00e0 haute luminosit\u00e9<\/strong> et faible consommation les attire de mani\u00e8re cibl\u00e9e. Les insectes sont ensuite \u00e9limin\u00e9s au moyen d&rsquo;une <strong data-start=\"710\" data-end=\"741\">d\u00e9charge \u00e9lectrique calibr\u00e9e<\/strong>, sans d\u00e9gagement de fum\u00e9e ni de flammes.  <\/p>\n<p data-start=\"777\" data-end=\"1195\">La structure de l&rsquo;appareil est compos\u00e9e de <strong data-start=\"820\" data-end=\"857\">mat\u00e9riaux enti\u00e8rement recyclables<\/strong>, dont une <strong data-start=\"871\" data-end=\"942\">grille transparente en polycarbonate autoextinguible et incassable<\/strong>, qui s\u00e9lectionne uniquement les insectes nuisibles tout en prot\u00e9geant les insectes utiles. La<strong data-start=\"1029\" data-end=\"1095\">grille innovante en plastique \u00e9lectrifi\u00e9<\/strong> remplace les grilles m\u00e9talliques traditionnelles, ce qui garantit <strong data-start=\"1155\" data-end=\"1194\">une plus grande durabilit\u00e9 et une plus grande l\u00e9g\u00e8ret\u00e9<\/strong>. <\/p>\n<p data-start=\"1197\" data-end=\"1441\"><strong data-start=\"1197\" data-end=\"1231\">CUB-ZAN est certifi\u00e9 CE et RoHS<\/strong>, et r\u00e9pond aux normes europ\u00e9ennes les plus strictes en termes de s\u00e9curit\u00e9 et de durabilit\u00e9. Il est \u00e9galement certifi\u00e9 HACCP, ce qui permet de l&rsquo;utiliser dans des environnements Horeca. Son design compact et moderne s&rsquo;int\u00e8gre parfaitement aux environnements int\u00e9rieurs, ce qui en fait un choix id\u00e9al pour tout espace.  <\/p>\n<h5 data-start=\"1021\" data-end=\"1053\"><strong>Caract\u00e9ristiques principales<\/strong><\/h5>\n<ul>\n<li><strong>Dimensions (HxLxP)<\/strong>: 27cm x 12cm x 12cm<\/li>\n<li><strong data-start=\"2893\" data-end=\"2919\">Surface recommand\u00e9e<\/strong>: jusqu&rsquo;\u00e0 60 m\u00b2.<\/li>\n<li data-start=\"1057\" data-end=\"1103\"><strong data-start=\"1060\" data-end=\"1097\">Technologie LED UV de faible puissance<\/strong> (&lt;2W)<\/li>\n<li data-start=\"1106\" data-end=\"1180\"><strong data-start=\"1108\" data-end=\"1139\">D\u00e9charge \u00e9lectrique calibr\u00e9e<\/strong> pour une \u00e9limination imm\u00e9diate des insectes sans danger pour les personnes<\/li>\n<li data-start=\"1183\" data-end=\"1255\"><strong data-start=\"1186\" data-end=\"1220\">G\u00e9n\u00e9rateur de chaleur int\u00e9gr\u00e9<\/strong> pour attirer les moustiques qui se nourrissent de sang<\/li>\n<li data-start=\"1258\" data-end=\"1333\"><strong data-start=\"1261\" data-end=\"1290\">Sans insecticides chimiques<\/strong> &#8211; respectueux de l&rsquo;environnement et sans danger pour les personnes et les animaux<\/li>\n<li data-start=\"1336\" data-end=\"1430\"><strong data-start=\"1339\" data-end=\"1360\">Alimentation USB<\/strong> &#8211; utilisable avec les banques d&rsquo;alimentation et les adaptateurs (alimentation non incluse)<\/li>\n<li data-start=\"1433\" data-end=\"1492\"><strong data-start=\"1436\" data-end=\"1449\">Portable<\/strong> &#8211; id\u00e9al pour le camping, les voyages et les voitures<\/li>\n<li data-start=\"1495\" data-end=\"1564\"><strong data-start=\"1498\" data-end=\"1529\">Double isolation galvanique<\/strong> pour une s\u00e9curit\u00e9 \u00e9lectrique maximale<\/li>\n<li data-start=\"1567\" data-end=\"1651\"><strong data-start=\"1570\" data-end=\"1627\">Grille conductrice d&rsquo;\u00e9lectricit\u00e9 en plastique autoextinguible<\/strong> &#8211; sans m\u00e9taux lourds<\/li>\n<li data-start=\"1654\" data-end=\"1724\"><strong data-start=\"1657\" data-end=\"1688\">Bande de couleur optimis\u00e9e<\/strong> pour attirer uniquement les insectes cibl\u00e9s<\/li>\n<li data-start=\"1727\" data-end=\"1778\"><strong data-start=\"1730\" data-end=\"1758\">N&rsquo;attire pas les insectes utiles<\/strong> tels que les papillons et les abeilles.<\/li>\n<li data-start=\"1781\" data-end=\"1828\"><strong data-start=\"1784\" data-end=\"1804\">Facile \u00e0 nettoyer<\/strong> &#8211; un simple jet d&rsquo;air suffit<\/li>\n<li data-start=\"1831\" data-end=\"1874\"><strong data-start=\"1834\" data-end=\"1858\">Ancrage int\u00e9gr\u00e9<\/strong> pour utilisation en suspension<\/li>\n<li data-start=\"1877\" data-end=\"1912\">Conformit\u00e9 <strong data-start=\"1899\" data-end=\"1912\">RoHS et CE<\/strong><\/li>\n<li>Lampe de capture d&rsquo;insectes avec <strong>certification HACCP<\/strong><\/li>\n<\/ul>\n<h5 data-start=\"1448\" data-end=\"1494\"><strong data-start=\"1455\" data-end=\"1494\">Pourquoi choisir CUB-ZAN<\/strong><\/h5>\n<ul>\n<li data-start=\"1498\" data-end=\"1595\"><strong data-start=\"1500\" data-end=\"1518\">S\u00e9curit\u00e9 \u00e9lev\u00e9e<\/strong>: double isolation galvanique pour prot\u00e9ger contre les chocs \u00e9lectriques accidentels<\/li>\n<li data-start=\"1598\" data-end=\"1671\"><strong data-start=\"1601\" data-end=\"1640\">Consommation d&rsquo;\u00e9nergie r\u00e9duite de 80 %<\/strong> par rapport au mod\u00e8le pr\u00e9c\u00e9dent<\/li>\n<li data-start=\"1674\" data-end=\"1755\"><strong data-start=\"1677\" data-end=\"1704\">Sans produits chimiques<\/strong>: respectueux de l&rsquo;environnement, sans danger pour les personnes, les animaux et l&rsquo;environnement.<\/li>\n<li><strong data-start=\"2123\" data-end=\"2147\">Certification HACCP<\/strong>: parfaite \u00e9galement dans les environnements professionnels et alimentaires<\/li>\n<li data-start=\"1758\" data-end=\"1854\"><strong data-start=\"1761\" data-end=\"1782\">Alimentation USB<\/strong>: peut \u00e9galement \u00eatre utilis\u00e9e avec des banques d&rsquo;alimentation, des adaptateurs de voiture ou des prises de courant standard.<\/li>\n<li><strong data-start=\"1793\" data-end=\"1833\">Silencieux et id\u00e9al pour une utilisation nocturne<\/strong>, m\u00eame dans la chambre \u00e0 coucher<\/li>\n<li data-start=\"1857\" data-end=\"1925\"><strong data-start=\"1860\" data-end=\"1883\">Utilisation continue 24\/24h<\/strong>, id\u00e9ale pour une protection jusqu&rsquo;\u00e0 60 m\u00b2.<\/li>\n<li data-start=\"2041\" data-end=\"2112\"><strong data-start=\"2044\" data-end=\"2074\">Design \u00e9l\u00e9gant et discret<\/strong>, parfait pour les chambres, les bureaux, les salons<\/li>\n<\/ul>\n<h5 data-start=\"2440\" data-end=\"2481\"><strong>Comment utiliser efficacement CUB-ZAN<\/strong><\/h5>\n<ol>\n<li data-start=\"2146\" data-end=\"2357\"><strong data-start=\"2146\" data-end=\"2181\">Choisissez l&#8217;emplacement id\u00e9al<\/strong>: placez CUBZAN dans un endroit <strong data-start=\"2209\" data-end=\"2233\">sombre et peu ventil\u00e9<\/strong> o\u00f9 les insectes ont tendance \u00e0 se rassembler. Evitez de le placer \u00e0 proximit\u00e9 de votre lieu de vie, afin de ne pas attirer les moustiques vers vous. <\/li>\n<li data-start=\"2361\" data-end=\"2452\"><strong data-start=\"2361\" data-end=\"2400\">Alimentez l&rsquo;appareil par USB<\/strong>: branchez-le sur une prise de courant, une banque d&rsquo;alimentation ou un adaptateur de voiture.<\/li>\n<li data-start=\"2456\" data-end=\"2593\"><strong data-start=\"2456\" data-end=\"2481\">Activez l&rsquo;appareil<\/strong>: les diodes \u00e9lectroluminescentes et la chaleur commenceront \u00e0 attirer les insectes, qui seront \u00e9limin\u00e9s par un choc \u00e9lectrique sans danger.<\/li>\n<li data-start=\"2597\" data-end=\"2703\"><strong data-start=\"2597\" data-end=\"2625\">Utilisation continue recommand\u00e9e<\/strong>: CUB-ZAN est con\u00e7u pour fonctionner <strong data-start=\"2662\" data-end=\"2678\">24 heures sur 24<\/strong>, m\u00eame pendant la nuit.<\/li>\n<li data-start=\"2597\" data-end=\"2703\"><strong data-start=\"2911\" data-end=\"2922\">Nettoyage<\/strong>: enlevez la poussi\u00e8re ou les r\u00e9sidus avec un jet d&rsquo;air. <strong>N&rsquo;utilisez pas d&rsquo;eau<\/strong><\/li>\n<\/ol>\n<p data-start=\"2989\" data-end=\"3164\">\ud83d\udc49 <strong data-start=\"2992\" data-end=\"3013\">Conseils d&rsquo;experts<\/strong>:<\/p>\n<ul>\n<li data-start=\"2989\" data-end=\"3164\">pour une action combin\u00e9e, utilisez CUB-ZAN en m\u00eame temps que des larvicides dans les zones o\u00f9 il y a de l&rsquo;eau stagnante. Vous combattrez ainsi \u00e0 la fois les moustiques adultes et les larves. Vous trouverez des larvicides <a href=\"https:\/\/sandokan.com\/fr\/categoria-prodotto\/larvicides\/\">ICI<\/a>  <\/li>\n<li data-start=\"2989\" data-end=\"3164\">pour augmenter l&rsquo;efficacit\u00e9 de capture de la lampe insecticide, vous pouvez ins\u00e9rer un attractif biologique brevet\u00e9 Sandokan dans l&rsquo;insecticide \u00e9lectrique, disponible <a href=\"https:\/\/sandokan.com\/prodotto\/dispositivo-di-monitoraggio\/\">ICI<\/a><\/li>\n<\/ul>\n<h5><span class=\"fontstyle2\"><strong>Insectes cibles<\/strong><\/span><\/h5>\n<p><span class=\"fontstyle0\">MOUSTIQUES, MOUCHES ET AUTRES INSECTES NUISIBLES<\/span><\/p>\n<h5 data-start=\"2440\" data-end=\"2481\"><strong>Le paquet contient :<\/strong><\/h5>\n<ul>\n<li>\u00c9lectro-insecticide CUB-ZAN<\/li>\n<li>Alimentation \u00e9lectrique<\/li>\n<li>C\u00e2ble USB<\/li>\n<\/ul>\n<h6><strong>MADE IN ITALY  <\/strong><strong><img loading=\"lazy\" decoding=\"async\" class=\"alignnone\" src=\"https:\/\/images.emojiterra.com\/google\/noto-emoji\/unicode-16.0\/color\/svg\/1f1ee-1f1f9.svg\" alt=\"Google (Noto Color Emoji 16.0)\" width=\"26\" height=\"26\"><\/strong><\/h6>\n<p>&nbsp;<\/p>\n","protected":false},"excerpt":{"rendered":"<p><img loading=\"lazy\" decoding=\"async\" class=\"alignnone wp-image-21662\" src=\"https:\/\/sandokan.com\/wp-content\/uploads\/2021\/04\/zanzara.png\" alt=\"\" width=\"80\" height=\"80\" srcset=\"https:\/\/sandokan.com\/wp-content\/uploads\/2021\/04\/zanzara.png 200w, https:\/\/sandokan.com\/wp-content\/uploads\/2021\/04\/zanzara-100x100.png 100w, https:\/\/sandokan.com\/wp-content\/uploads\/2021\/04\/zanzara-150x150.png 150w, https:\/\/sandokan.com\/wp-content\/uploads\/2021\/04\/zanzara-145x145.png 145w, https:\/\/sandokan.com\/wp-content\/uploads\/2021\/04\/zanzara-50x50.png 50w\" sizes=\"auto, (max-width: 80px) 100vw, 80px\" \/><img loading=\"lazy\" decoding=\"async\" class=\"alignnone wp-image-21626\" src=\"https:\/\/sandokan.com\/wp-content\/uploads\/2022\/09\/mosca.png\" alt=\"\" width=\"80\" height=\"80\" srcset=\"https:\/\/sandokan.com\/wp-content\/uploads\/2022\/09\/mosca.png 200w, https:\/\/sandokan.com\/wp-content\/uploads\/2022\/09\/mosca-100x100.png 100w, https:\/\/sandokan.com\/wp-content\/uploads\/2022\/09\/mosca-150x150.png 150w, https:\/\/sandokan.com\/wp-content\/uploads\/2022\/09\/mosca-145x145.png 145w, https:\/\/sandokan.com\/wp-content\/uploads\/2022\/09\/mosca-50x50.png 50w\" sizes=\"auto, (max-width: 80px) 100vw, 80px\" \/><img loading=\"lazy\" decoding=\"async\" class=\"alignnone wp-image-21638\" src=\"https:\/\/sandokan.com\/wp-content\/uploads\/2022\/04\/cimice-1.png\" alt=\"\" width=\"80\" height=\"80\" srcset=\"https:\/\/sandokan.com\/wp-content\/uploads\/2022\/04\/cimice-1.png 200w, https:\/\/sandokan.com\/wp-content\/uploads\/2022\/04\/cimice-1-100x100.png 100w, https:\/\/sandokan.com\/wp-content\/uploads\/2022\/04\/cimice-1-150x150.png 150w, https:\/\/sandokan.com\/wp-content\/uploads\/2022\/04\/cimice-1-145x145.png 145w, https:\/\/sandokan.com\/wp-content\/uploads\/2022\/04\/cimice-1-50x50.png 50w\" sizes=\"auto, (max-width: 80px) 100vw, 80px\" \/><\/p>\n<p>CUB-ZAN est une innovation dans le domaine des \u00e9lectro-insecticides. Il s&rsquo;agit d&rsquo;un appareil \u00e9lectronique dot\u00e9 de puissantes lampes LED UV, qui attire les insectes et les \u00e9limine par d\u00e9charge \u00e9lectrique. Sans danger pour les enfants et certifi\u00e9 HACCP. Couvre jusqu&rsquo;\u00e0 60 m\u00e8tres carr\u00e9s.   <\/p>\n","protected":false},"featured_media":30139,"comment_status":"open","ping_status":"closed","template":"","meta":{"_acf_changed":false,"inline_featured_image":false},"product_brand":[],"product_cat":[846,842],"product_tag":[847,844,812],"class_list":{"0":"post-30502","1":"product","2":"type-product","3":"status-publish","4":"has-post-thumbnail","6":"product_cat-decharge","7":"product_cat-electro-insecticides","8":"product_tag-decharge-delectro-insecticide","9":"product_tag-electro-insecticide","10":"product_tag-moustiques","12":"first","13":"instock","14":"featured","15":"taxable","16":"shipping-taxable","17":"purchasable","18":"product-type-simple"},"bundled_by":["30134","30141","30146"],"bundle_stock_status":"instock","bundle_stock_quantity":null,"bundle_virtual":false,"bundle_layout":"","bundle_add_to_cart_form_location":"","bundle_editable_in_cart":false,"bundle_sold_individually_context":"","bundle_item_grouping":"","bundle_min_size":"","bundle_max_size":"","bundle_price":[],"bundled_items":[],"bundle_sell_ids":[],"acf":[],"yoast_head":"<!-- This site is optimized with the Yoast SEO plugin v27.5 - https:\/\/yoast.com\/product\/yoast-seo-wordpress\/ -->\n<title>CUB-ZAN Lampe \u00e0 mouches et moustiques HACCP - Sandokan.<\/title>\n<meta name=\"description\" content=\"CUB-ZAN : Electro-insecticide LED \u00e0 d\u00e9charge, \u00e9quip\u00e9 d&#039;un c\u00e2ble d&#039;alimentation USB pour une utilisation mobile. Lampe \u00e0 mouches\/moustiques avec certification HACCP\" \/>\n<meta name=\"robots\" content=\"index, follow, max-snippet:-1, max-image-preview:large, max-video-preview:-1\" \/>\n<link rel=\"canonical\" href=\"https:\/\/sandokan.com\/fr\/prodotto\/cub-zan-led-electro-insecticide-a-decharge\/\" \/>\n<meta property=\"og:locale\" content=\"fr_FR\" \/>\n<meta property=\"og:type\" content=\"article\" \/>\n<meta property=\"og:title\" content=\"CUB-ZAN Lampe \u00e0 mouches et moustiques HACCP - Sandokan.\" \/>\n<meta property=\"og:description\" content=\"CUB-ZAN : Electro-insecticide LED \u00e0 d\u00e9charge, \u00e9quip\u00e9 d&#039;un c\u00e2ble d&#039;alimentation USB pour une utilisation mobile. Lampe \u00e0 mouches\/moustiques avec certification HACCP\" \/>\n<meta property=\"og:url\" content=\"https:\/\/sandokan.com\/fr\/prodotto\/cub-zan-led-electro-insecticide-a-decharge\/\" \/>\n<meta property=\"og:site_name\" content=\"Sandokan\" \/>\n<meta property=\"article:publisher\" content=\"https:\/\/www.facebook.com\/zanzareeinsetti\/\" \/>\n<meta property=\"og:image\" content=\"https:\/\/sandokan.com\/wp-content\/uploads\/2021\/04\/83000230-8007382973405-P-01.png\" \/>\n\t<meta property=\"og:image:width\" content=\"1200\" \/>\n\t<meta property=\"og:image:height\" content=\"1200\" \/>\n\t<meta property=\"og:image:type\" content=\"image\/png\" \/>\n<meta name=\"twitter:card\" content=\"summary_large_image\" \/>\n<meta name=\"twitter:site\" content=\"@sandokaninsetti\" \/>\n<meta name=\"twitter:label1\" content=\"Dur\u00e9e de lecture estim\u00e9e\" \/>\n\t<meta name=\"twitter:data1\" content=\"4 minutes\" \/>\n<script type=\"application\/ld+json\" class=\"yoast-schema-graph\">{\"@context\":\"https:\\\/\\\/schema.org\",\"@graph\":[{\"@type\":\"WebPage\",\"@id\":\"https:\\\/\\\/sandokan.com\\\/fr\\\/prodotto\\\/cub-zan-led-electro-insecticide-a-decharge\\\/\",\"url\":\"https:\\\/\\\/sandokan.com\\\/fr\\\/prodotto\\\/cub-zan-led-electro-insecticide-a-decharge\\\/\",\"name\":\"CUB-ZAN Lampe \u00e0 mouches et moustiques HACCP - Sandokan.\",\"isPartOf\":{\"@id\":\"https:\\\/\\\/sandokan.com\\\/fr\\\/#website\"},\"primaryImageOfPage\":{\"@id\":\"https:\\\/\\\/sandokan.com\\\/fr\\\/prodotto\\\/cub-zan-led-electro-insecticide-a-decharge\\\/#primaryimage\"},\"image\":{\"@id\":\"https:\\\/\\\/sandokan.com\\\/fr\\\/prodotto\\\/cub-zan-led-electro-insecticide-a-decharge\\\/#primaryimage\"},\"thumbnailUrl\":\"https:\\\/\\\/sandokan.com\\\/wp-content\\\/uploads\\\/2021\\\/04\\\/83000230-8007382973405-P-01.png\",\"datePublished\":\"2021-04-02T06:04:21+00:00\",\"description\":\"CUB-ZAN : Electro-insecticide LED \u00e0 d\u00e9charge, \u00e9quip\u00e9 d'un c\u00e2ble d'alimentation USB pour une utilisation mobile. Lampe \u00e0 mouches\\\/moustiques avec certification HACCP\",\"breadcrumb\":{\"@id\":\"https:\\\/\\\/sandokan.com\\\/fr\\\/prodotto\\\/cub-zan-led-electro-insecticide-a-decharge\\\/#breadcrumb\"},\"inLanguage\":\"fr-FR\",\"potentialAction\":[{\"@type\":\"ReadAction\",\"target\":[\"https:\\\/\\\/sandokan.com\\\/fr\\\/prodotto\\\/cub-zan-led-electro-insecticide-a-decharge\\\/\"]}]},{\"@type\":\"ImageObject\",\"inLanguage\":\"fr-FR\",\"@id\":\"https:\\\/\\\/sandokan.com\\\/fr\\\/prodotto\\\/cub-zan-led-electro-insecticide-a-decharge\\\/#primaryimage\",\"url\":\"https:\\\/\\\/sandokan.com\\\/wp-content\\\/uploads\\\/2021\\\/04\\\/83000230-8007382973405-P-01.png\",\"contentUrl\":\"https:\\\/\\\/sandokan.com\\\/wp-content\\\/uploads\\\/2021\\\/04\\\/83000230-8007382973405-P-01.png\",\"width\":1200,\"height\":1200,\"caption\":\"CUB-ZAN lampe anti-moustiques HACCP\"},{\"@type\":\"BreadcrumbList\",\"@id\":\"https:\\\/\\\/sandokan.com\\\/fr\\\/prodotto\\\/cub-zan-led-electro-insecticide-a-decharge\\\/#breadcrumb\",\"itemListElement\":[{\"@type\":\"ListItem\",\"position\":1,\"name\":\"Sandokan\",\"item\":\"https:\\\/\\\/sandokan.com\\\/fr\\\/accueil\\\/\"},{\"@type\":\"ListItem\",\"position\":2,\"name\":\"Boutique\",\"item\":\"https:\\\/\\\/sandokan.com\\\/fr\\\/boutique\\\/\"},{\"@type\":\"ListItem\",\"position\":3,\"name\":\"CUB-ZAN LED \u00e9lectro-insecticide \u00e0 d\u00e9charge\"}]},{\"@type\":\"WebSite\",\"@id\":\"https:\\\/\\\/sandokan.com\\\/fr\\\/#website\",\"url\":\"https:\\\/\\\/sandokan.com\\\/fr\\\/\",\"name\":\"Sandokan\",\"description\":\"Repellenti e Insetticidi\",\"publisher\":{\"@id\":\"https:\\\/\\\/sandokan.com\\\/fr\\\/#organization\"},\"potentialAction\":[{\"@type\":\"SearchAction\",\"target\":{\"@type\":\"EntryPoint\",\"urlTemplate\":\"https:\\\/\\\/sandokan.com\\\/fr\\\/?s={search_term_string}\"},\"query-input\":{\"@type\":\"PropertyValueSpecification\",\"valueRequired\":true,\"valueName\":\"search_term_string\"}}],\"inLanguage\":\"fr-FR\"},{\"@type\":\"Organization\",\"@id\":\"https:\\\/\\\/sandokan.com\\\/fr\\\/#organization\",\"name\":\"Sandokan | Repellenti Naturali per Interni ed Esterni\",\"url\":\"https:\\\/\\\/sandokan.com\\\/fr\\\/\",\"logo\":{\"@type\":\"ImageObject\",\"inLanguage\":\"fr-FR\",\"@id\":\"https:\\\/\\\/sandokan.com\\\/fr\\\/#\\\/schema\\\/logo\\\/image\\\/\",\"url\":\"https:\\\/\\\/sandokan.com\\\/wp-content\\\/uploads\\\/2022\\\/04\\\/Sandokan-Insetticidi-e-Repellenti-BIO-Mobile.png\",\"contentUrl\":\"https:\\\/\\\/sandokan.com\\\/wp-content\\\/uploads\\\/2022\\\/04\\\/Sandokan-Insetticidi-e-Repellenti-BIO-Mobile.png\",\"width\":350,\"height\":99,\"caption\":\"Sandokan | Repellenti Naturali per Interni ed Esterni\"},\"image\":{\"@id\":\"https:\\\/\\\/sandokan.com\\\/fr\\\/#\\\/schema\\\/logo\\\/image\\\/\"},\"sameAs\":[\"https:\\\/\\\/www.facebook.com\\\/zanzareeinsetti\\\/\",\"https:\\\/\\\/x.com\\\/sandokaninsetti\",\"https:\\\/\\\/www.youtube.com\\\/channel\\\/UCMv6YC7WVMIF6KXkcLnuVuw\"]}]}<\/script>\n<!-- \/ Yoast SEO plugin. -->","yoast_head_json":{"title":"CUB-ZAN Lampe \u00e0 mouches et moustiques HACCP - Sandokan.","description":"CUB-ZAN : Electro-insecticide LED \u00e0 d\u00e9charge, \u00e9quip\u00e9 d'un c\u00e2ble d'alimentation USB pour une utilisation mobile. Lampe \u00e0 mouches\/moustiques avec certification HACCP","robots":{"index":"index","follow":"follow","max-snippet":"max-snippet:-1","max-image-preview":"max-image-preview:large","max-video-preview":"max-video-preview:-1"},"canonical":"https:\/\/sandokan.com\/fr\/prodotto\/cub-zan-led-electro-insecticide-a-decharge\/","og_locale":"fr_FR","og_type":"article","og_title":"CUB-ZAN Lampe \u00e0 mouches et moustiques HACCP - Sandokan.","og_description":"CUB-ZAN : Electro-insecticide LED \u00e0 d\u00e9charge, \u00e9quip\u00e9 d'un c\u00e2ble d'alimentation USB pour une utilisation mobile. Lampe \u00e0 mouches\/moustiques avec certification HACCP","og_url":"https:\/\/sandokan.com\/fr\/prodotto\/cub-zan-led-electro-insecticide-a-decharge\/","og_site_name":"Sandokan","article_publisher":"https:\/\/www.facebook.com\/zanzareeinsetti\/","og_image":[{"width":1200,"height":1200,"url":"https:\/\/sandokan.com\/wp-content\/uploads\/2021\/04\/83000230-8007382973405-P-01.png","type":"image\/png"}],"twitter_card":"summary_large_image","twitter_site":"@sandokaninsetti","twitter_misc":{"Dur\u00e9e de lecture estim\u00e9e":"4 minutes"},"schema":{"@context":"https:\/\/schema.org","@graph":[{"@type":"WebPage","@id":"https:\/\/sandokan.com\/fr\/prodotto\/cub-zan-led-electro-insecticide-a-decharge\/","url":"https:\/\/sandokan.com\/fr\/prodotto\/cub-zan-led-electro-insecticide-a-decharge\/","name":"CUB-ZAN Lampe \u00e0 mouches et moustiques HACCP - Sandokan.","isPartOf":{"@id":"https:\/\/sandokan.com\/fr\/#website"},"primaryImageOfPage":{"@id":"https:\/\/sandokan.com\/fr\/prodotto\/cub-zan-led-electro-insecticide-a-decharge\/#primaryimage"},"image":{"@id":"https:\/\/sandokan.com\/fr\/prodotto\/cub-zan-led-electro-insecticide-a-decharge\/#primaryimage"},"thumbnailUrl":"https:\/\/sandokan.com\/wp-content\/uploads\/2021\/04\/83000230-8007382973405-P-01.png","datePublished":"2021-04-02T06:04:21+00:00","description":"CUB-ZAN : Electro-insecticide LED \u00e0 d\u00e9charge, \u00e9quip\u00e9 d'un c\u00e2ble d'alimentation USB pour une utilisation mobile. Lampe \u00e0 mouches\/moustiques avec certification HACCP","breadcrumb":{"@id":"https:\/\/sandokan.com\/fr\/prodotto\/cub-zan-led-electro-insecticide-a-decharge\/#breadcrumb"},"inLanguage":"fr-FR","potentialAction":[{"@type":"ReadAction","target":["https:\/\/sandokan.com\/fr\/prodotto\/cub-zan-led-electro-insecticide-a-decharge\/"]}]},{"@type":"ImageObject","inLanguage":"fr-FR","@id":"https:\/\/sandokan.com\/fr\/prodotto\/cub-zan-led-electro-insecticide-a-decharge\/#primaryimage","url":"https:\/\/sandokan.com\/wp-content\/uploads\/2021\/04\/83000230-8007382973405-P-01.png","contentUrl":"https:\/\/sandokan.com\/wp-content\/uploads\/2021\/04\/83000230-8007382973405-P-01.png","width":1200,"height":1200,"caption":"CUB-ZAN lampe anti-moustiques HACCP"},{"@type":"BreadcrumbList","@id":"https:\/\/sandokan.com\/fr\/prodotto\/cub-zan-led-electro-insecticide-a-decharge\/#breadcrumb","itemListElement":[{"@type":"ListItem","position":1,"name":"Sandokan","item":"https:\/\/sandokan.com\/fr\/accueil\/"},{"@type":"ListItem","position":2,"name":"Boutique","item":"https:\/\/sandokan.com\/fr\/boutique\/"},{"@type":"ListItem","position":3,"name":"CUB-ZAN LED \u00e9lectro-insecticide \u00e0 d\u00e9charge"}]},{"@type":"WebSite","@id":"https:\/\/sandokan.com\/fr\/#website","url":"https:\/\/sandokan.com\/fr\/","name":"Sandokan","description":"Repellenti e Insetticidi","publisher":{"@id":"https:\/\/sandokan.com\/fr\/#organization"},"potentialAction":[{"@type":"SearchAction","target":{"@type":"EntryPoint","urlTemplate":"https:\/\/sandokan.com\/fr\/?s={search_term_string}"},"query-input":{"@type":"PropertyValueSpecification","valueRequired":true,"valueName":"search_term_string"}}],"inLanguage":"fr-FR"},{"@type":"Organization","@id":"https:\/\/sandokan.com\/fr\/#organization","name":"Sandokan | Repellenti Naturali per Interni ed Esterni","url":"https:\/\/sandokan.com\/fr\/","logo":{"@type":"ImageObject","inLanguage":"fr-FR","@id":"https:\/\/sandokan.com\/fr\/#\/schema\/logo\/image\/","url":"https:\/\/sandokan.com\/wp-content\/uploads\/2022\/04\/Sandokan-Insetticidi-e-Repellenti-BIO-Mobile.png","contentUrl":"https:\/\/sandokan.com\/wp-content\/uploads\/2022\/04\/Sandokan-Insetticidi-e-Repellenti-BIO-Mobile.png","width":350,"height":99,"caption":"Sandokan | Repellenti Naturali per Interni ed Esterni"},"image":{"@id":"https:\/\/sandokan.com\/fr\/#\/schema\/logo\/image\/"},"sameAs":["https:\/\/www.facebook.com\/zanzareeinsetti\/","https:\/\/x.com\/sandokaninsetti","https:\/\/www.youtube.com\/channel\/UCMv6YC7WVMIF6KXkcLnuVuw"]}]}},"_links":{"self":[{"href":"https:\/\/sandokan.com\/fr\/wp-json\/wp\/v2\/product\/30502","targetHints":{"allow":["GET"]}}],"collection":[{"href":"https:\/\/sandokan.com\/fr\/wp-json\/wp\/v2\/product"}],"about":[{"href":"https:\/\/sandokan.com\/fr\/wp-json\/wp\/v2\/types\/product"}],"replies":[{"embeddable":true,"href":"https:\/\/sandokan.com\/fr\/wp-json\/wp\/v2\/comments?post=30502"}],"wp:featuredmedia":[{"embeddable":true,"href":"https:\/\/sandokan.com\/fr\/wp-json\/wp\/v2\/media\/30139"}],"wp:attachment":[{"href":"https:\/\/sandokan.com\/fr\/wp-json\/wp\/v2\/media?parent=30502"}],"wp:term":[{"taxonomy":"product_brand","embeddable":true,"href":"https:\/\/sandokan.com\/fr\/wp-json\/wp\/v2\/product_brand?post=30502"},{"taxonomy":"product_cat","embeddable":true,"href":"https:\/\/sandokan.com\/fr\/wp-json\/wp\/v2\/product_cat?post=30502"},{"taxonomy":"product_tag","embeddable":true,"href":"https:\/\/sandokan.com\/fr\/wp-json\/wp\/v2\/product_tag?post=30502"}],"curies":[{"name":"wp","href":"https:\/\/api.w.org\/{rel}","templated":true}]}}