{"id":30512,"date":"2021-01-22T11:31:18","date_gmt":"2021-01-22T10:31:18","guid":{"rendered":"https:\/\/sandokan.com\/prodotto\/star-zan-4-0-insecticide-electrique-a-succion\/"},"modified":"2021-01-22T11:31:18","modified_gmt":"2021-01-22T10:31:18","slug":"star-zan-4-0-insecticide-electrique-a-succion","status":"publish","type":"product","link":"https:\/\/sandokan.com\/fr\/prodotto\/star-zan-4-0-insecticide-electrique-a-succion\/","title":{"rendered":"Star-Zan 4.0 Insecticide \u00e9lectrique \u00e0 succion"},"content":{"rendered":"<h3><strong>Star-Zan 4.0 &#8211; Lampe \u00e0 moustique professionnelle certifi\u00e9e HACCP<\/strong><\/h3>\n<p data-start=\"739\" data-end=\"985\"><strong data-start=\"739\" data-end=\"804\">Protection efficace, \u00e9cologique et silencieuse contre les moustiques<\/strong>: Star-Zan 4.0 est le nouvel \u00e9lectro-insecticide par aspiration \u00e0 LED UV de Sandokan, con\u00e7u pour offrir une <strong data-start=\"914\" data-end=\"940\">efficacit\u00e9 maximale 24 heures sur 24 et 7 jours sur 7,<\/strong> sans utiliser de produits chimiques ou de pesticides. Gr\u00e2ce \u00e0 sa certification HACCP, cet <strong>anti-moustique professionnel<\/strong> est id\u00e9al pour une utilisation dans les cuisines professionnelles, les bars, les restaurants et tous les lieux publics o\u00f9 la r\u00e9glementation HACCP doit \u00eatre respect\u00e9e. <\/p>\n<p data-start=\"987\" data-end=\"1275\">Gr\u00e2ce \u00e0 la <strong data-start=\"999\" data-end=\"1042\">bande LED UV \u00e9conome en \u00e9nergie<\/strong>, il attire les insectes volants, qui sont ensuite aspir\u00e9s par un <strong data-start=\"1106\" data-end=\"1128\">ventilateur silencieux<\/strong> dans un <strong data-start=\"1135\" data-end=\"1154\">compartiment filtrant<\/strong>, o\u00f9 ils sont retenus jusqu&rsquo;\u00e0 ce qu&rsquo;ils soient compl\u00e8tement d\u00e9shydrat\u00e9s. Le tout en <strong data-start=\"1232\" data-end=\"1274\">toute s\u00e9curit\u00e9 pour les personnes et les animaux domestiques<\/strong>. <\/p>\n<p data-start=\"1277\" data-end=\"1409\">Compte tenu de sa taille, il peut couvrir jusqu&rsquo;\u00e0 1 000 m\u00e8tres carr\u00e9s et constitue donc la meilleure solution \u00e0 adopter comme r\u00e9pulsif anti-moustiques en ext\u00e9rieur.<\/p>\n<h5 data-start=\"1277\" data-end=\"1409\"><strong>Caract\u00e9ristiques principales :<\/strong><\/h5>\n<ul>\n<li><strong>Dimensions (HxLxP)<\/strong>: 57cm x 31cm x 31cm<\/li>\n<li><strong>Poids<\/strong>: 4 kg<\/li>\n<li><strong>Certifications<\/strong>: CE, RoHS, HCCP<\/li>\n<li>Alimentation <strong>:<\/strong> 5V\/12W avec bloc d&rsquo;alimentation et c\u00e2ble USB inclus<\/li>\n<li><strong data-start=\"1459\" data-end=\"1485\">LED UV de faible puissance<\/strong> (jusqu&rsquo;\u00e0 5 fois plus efficaces que les n\u00e9ons)<\/li>\n<li><strong data-start=\"1538\" data-end=\"1574\">Aspiration silencieuse et puissante<\/strong> avec filtre interne inclus<\/li>\n<li><strong data-start=\"1609\" data-end=\"1633\">Alimentation USB 5V<\/strong>: compatible avec les prises de courant, les banques d&rsquo;alimentation et les voitures.<\/li>\n<li><strong data-start=\"1682\" data-end=\"1736\">Grille s\u00e9lective en polycarbonate autoextinguible<\/strong>: prot\u00e8ge les insectes utiles<\/li>\n<li><strong data-start=\"1772\" data-end=\"1796\">Sans produits chimiques<\/strong>: respectueux de l&rsquo;environnement et sans danger pour l&rsquo;homme et l&rsquo;animal<\/li>\n<li>Facile \u00e0 <strong data-start=\"1849\" data-end=\"1869\">nettoyer<\/strong>: entretien simple tous les 15 jours<\/li>\n<li><strong data-start=\"1917\" data-end=\"1934\">Fabriqu\u00e9 en Italie<\/strong>: qualit\u00e9 garantie et certifi\u00e9 CE, RoHS, HACCP<\/li>\n<\/ul>\n<h5><strong data-start=\"1997\" data-end=\"2070\">Pourquoi choisir Star-Zan 4.0<\/strong><\/h5>\n<ul>\n<li data-start=\"2074\" data-end=\"2149\"><strong>Faible consommation<\/strong>: utilisable 7\/7 jours 24\/24h<\/li>\n<li data-start=\"2074\" data-end=\"2149\"><strong data-start=\"2076\" data-end=\"2103\">Efficacit\u00e9 continue 24 heures sur 24, 7 jours sur 7<\/strong>: protection jour et nuit avec une consommation minimale.<\/li>\n<li data-start=\"2152\" data-end=\"2231\"><strong data-start=\"2154\" data-end=\"2192\">Pas de pesticides ni de substances toxiques<\/strong>: sans danger m\u00eame dans les environnements alimentaires<\/li>\n<li data-start=\"2234\" data-end=\"2301\"><strong data-start=\"2236\" data-end=\"2259\">Hautement s\u00e9lectif<\/strong>: ne nuit pas aux papillons ni aux pollinisateurs<\/li>\n<li data-start=\"2304\" data-end=\"2389\"><strong data-start=\"2306\" data-end=\"2331\">Portable et polyvalent<\/strong>: id\u00e9al pour les campings, les maisons de vacances, les jardins et les terrasses<\/li>\n<li data-start=\"2392\" data-end=\"2468\"><strong data-start=\"2394\" data-end=\"2419\">Silencieux et discret<\/strong>: convient \u00e9galement aux chambres \u00e0 coucher et aux espaces de d\u00e9tente<\/li>\n<li data-start=\"2471\" data-end=\"2533\"><strong data-start=\"2473\" data-end=\"2502\">Design compact et moderne<\/strong>: s&rsquo;int\u00e8gre dans tous les environnements<\/li>\n<\/ul>\n<h6 data-start=\"2336\" data-end=\"2368\"><strong>Comment utiliser Star-Zan 4.0<\/strong><\/h6>\n<ol>\n<li data-start=\"2373\" data-end=\"2486\"><strong data-start=\"2373\" data-end=\"2391\">Positionnement<\/strong>: placez l&rsquo;appareil dans un endroit sombre, \u00e0 l&rsquo;abri des courants d&rsquo;air, loin des gens pour \u00e9viter d&rsquo;attirer les insectes dans votre direction.<\/li>\n<li data-start=\"2490\" data-end=\"2615\"><strong data-start=\"2490\" data-end=\"2506\">Connexion<\/strong>: alimentez l&rsquo;appareil \u00e0 l&rsquo;aide du c\u00e2ble USB fourni. Vous pouvez utiliser des banques d&rsquo;alimentation ou des prises de courant standard. <\/li>\n<li data-start=\"2619\" data-end=\"2709\"><strong data-start=\"2619\" data-end=\"2645\">Fonctionnement continu<\/strong>: il est laiss\u00e9 en marche 24 heures sur 24 pour maintenir un niveau \u00e9lev\u00e9 de capture.<\/li>\n<li data-start=\"2713\" data-end=\"2804\"><strong data-start=\"2713\" data-end=\"2729\">Entretien<\/strong>: videz le compartiment collecteur tous les 10 \u00e0 15 jours. Aucun outil n&rsquo;est n\u00e9cessaire. <\/li>\n<\/ol>\n<h5><strong>Ce que contient le paquet<\/strong><\/h5>\n<ul>\n<li><span class=\"fontstyle2\">1x Star-Zan 4.0 \u00e9lectro-insecticide<br \/>\n<\/span><\/li>\n<li>1x c\u00e2ble USB<\/li>\n<li>1x bloc d&rsquo;alimentation<\/li>\n<\/ul>\n","protected":false},"excerpt":{"rendered":"<p><img loading=\"lazy\" decoding=\"async\" class=\"alignnone wp-image-21699\" src=\"https:\/\/sandokan.com\/wp-content\/uploads\/2021\/01\/zanzara.png\" alt=\"\" width=\"80\" height=\"80\" srcset=\"https:\/\/sandokan.com\/wp-content\/uploads\/2021\/01\/zanzara.png 200w, https:\/\/sandokan.com\/wp-content\/uploads\/2021\/01\/zanzara-100x100.png 100w, https:\/\/sandokan.com\/wp-content\/uploads\/2021\/01\/zanzara-150x150.png 150w, https:\/\/sandokan.com\/wp-content\/uploads\/2021\/01\/zanzara-145x145.png 145w, https:\/\/sandokan.com\/wp-content\/uploads\/2021\/01\/zanzara-50x50.png 50w\" sizes=\"auto, (max-width: 80px) 100vw, 80px\" \/><img loading=\"lazy\" decoding=\"async\" class=\"alignnone wp-image-21626\" src=\"https:\/\/sandokan.com\/wp-content\/uploads\/2022\/09\/mosca.png\" alt=\"\" width=\"80\" height=\"80\" srcset=\"https:\/\/sandokan.com\/wp-content\/uploads\/2022\/09\/mosca.png 200w, https:\/\/sandokan.com\/wp-content\/uploads\/2022\/09\/mosca-100x100.png 100w, https:\/\/sandokan.com\/wp-content\/uploads\/2022\/09\/mosca-150x150.png 150w, https:\/\/sandokan.com\/wp-content\/uploads\/2022\/09\/mosca-145x145.png 145w, https:\/\/sandokan.com\/wp-content\/uploads\/2022\/09\/mosca-50x50.png 50w\" sizes=\"auto, (max-width: 80px) 100vw, 80px\" \/><\/p>\n<p>Star-Zan 4.0 est un anti-moustique professionnel certifi\u00e9 HACCP, id\u00e9al pour les lieux priv\u00e9s et publics. Id\u00e9al pour une utilisation en ext\u00e9rieur, il pr\u00e9sente un indice de r\u00e9sistance \u00e0 l&rsquo;eau IP63CW. La lampe professionnelle de capture d&rsquo;insectes a une faible consommation et couvre jusqu&rsquo;\u00e0 1000 m\u00b2. Connexion USB.   <\/p>\n<p>&nbsp;<\/p>\n","protected":false},"featured_media":30161,"comment_status":"open","ping_status":"closed","template":"","meta":{"_acf_changed":false,"inline_featured_image":false},"product_brand":[],"product_cat":[843,842],"product_tag":[844,845,812],"class_list":{"0":"post-30512","1":"product","2":"type-product","3":"status-publish","4":"has-post-thumbnail","6":"product_cat-aspiration","7":"product_cat-electro-insecticides","8":"product_tag-electro-insecticide","9":"product_tag-electro-insecticide-par-aspiration","10":"product_tag-moustiques","12":"first","13":"instock","14":"featured","15":"taxable","16":"shipping-taxable","17":"purchasable","18":"product-type-simple"},"bundled_by":["30159"],"bundle_stock_status":"instock","bundle_stock_quantity":null,"bundle_virtual":false,"bundle_layout":"","bundle_add_to_cart_form_location":"","bundle_editable_in_cart":false,"bundle_sold_individually_context":"","bundle_item_grouping":"","bundle_min_size":"","bundle_max_size":"","bundle_price":[],"bundled_items":[],"bundle_sell_ids":[],"acf":[],"yoast_head":"<!-- This site is optimized with the Yoast SEO plugin v27.5 - https:\/\/yoast.com\/product\/yoast-seo-wordpress\/ -->\n<title>Star-Zan 4.0 Antimoustique professionnel HACCP - Sandokan.<\/title>\n<meta name=\"description\" content=\"Star-Zan 4.0 est un \u00e9lectro-insecticide \u00e9cologique et silencieux, un r\u00e9pulsif professionnel contre les moustiques \u00e0 faible consommation d&#039;\u00e9nergie. Achetez-le maintenant !\" \/>\n<meta name=\"robots\" content=\"index, follow, max-snippet:-1, max-image-preview:large, max-video-preview:-1\" \/>\n<link rel=\"canonical\" href=\"https:\/\/sandokan.com\/fr\/prodotto\/star-zan-4-0-insecticide-electrique-a-succion\/\" \/>\n<meta property=\"og:locale\" content=\"fr_FR\" \/>\n<meta property=\"og:type\" content=\"article\" \/>\n<meta property=\"og:title\" content=\"Star-Zan 4.0 Antimoustique professionnel HACCP - Sandokan.\" \/>\n<meta property=\"og:description\" content=\"Star-Zan 4.0 est un \u00e9lectro-insecticide \u00e9cologique et silencieux, un r\u00e9pulsif professionnel contre les moustiques \u00e0 faible consommation d&#039;\u00e9nergie. Achetez-le maintenant !\" \/>\n<meta property=\"og:url\" content=\"https:\/\/sandokan.com\/fr\/prodotto\/star-zan-4-0-insecticide-electrique-a-succion\/\" \/>\n<meta property=\"og:site_name\" content=\"Sandokan\" \/>\n<meta property=\"article:publisher\" content=\"https:\/\/www.facebook.com\/zanzareeinsetti\/\" \/>\n<meta property=\"og:image\" content=\"https:\/\/sandokan.com\/wp-content\/uploads\/2021\/01\/STARZAN.png\" \/>\n\t<meta property=\"og:image:width\" content=\"1200\" \/>\n\t<meta property=\"og:image:height\" content=\"1200\" \/>\n\t<meta property=\"og:image:type\" content=\"image\/png\" \/>\n<meta name=\"twitter:card\" content=\"summary_large_image\" \/>\n<meta name=\"twitter:site\" content=\"@sandokaninsetti\" \/>\n<meta name=\"twitter:label1\" content=\"Dur\u00e9e de lecture estim\u00e9e\" \/>\n\t<meta name=\"twitter:data1\" content=\"2 minutes\" \/>\n<script type=\"application\/ld+json\" class=\"yoast-schema-graph\">{\"@context\":\"https:\\\/\\\/schema.org\",\"@graph\":[{\"@type\":\"WebPage\",\"@id\":\"https:\\\/\\\/sandokan.com\\\/fr\\\/prodotto\\\/star-zan-4-0-insecticide-electrique-a-succion\\\/\",\"url\":\"https:\\\/\\\/sandokan.com\\\/fr\\\/prodotto\\\/star-zan-4-0-insecticide-electrique-a-succion\\\/\",\"name\":\"Star-Zan 4.0 Antimoustique professionnel HACCP - Sandokan.\",\"isPartOf\":{\"@id\":\"https:\\\/\\\/sandokan.com\\\/fr\\\/#website\"},\"primaryImageOfPage\":{\"@id\":\"https:\\\/\\\/sandokan.com\\\/fr\\\/prodotto\\\/star-zan-4-0-insecticide-electrique-a-succion\\\/#primaryimage\"},\"image\":{\"@id\":\"https:\\\/\\\/sandokan.com\\\/fr\\\/prodotto\\\/star-zan-4-0-insecticide-electrique-a-succion\\\/#primaryimage\"},\"thumbnailUrl\":\"https:\\\/\\\/sandokan.com\\\/wp-content\\\/uploads\\\/2021\\\/01\\\/STARZAN.png\",\"datePublished\":\"2021-01-22T10:31:18+00:00\",\"description\":\"Star-Zan 4.0 est un \u00e9lectro-insecticide \u00e9cologique et silencieux, un r\u00e9pulsif professionnel contre les moustiques \u00e0 faible consommation d'\u00e9nergie. Achetez-le maintenant !\",\"breadcrumb\":{\"@id\":\"https:\\\/\\\/sandokan.com\\\/fr\\\/prodotto\\\/star-zan-4-0-insecticide-electrique-a-succion\\\/#breadcrumb\"},\"inLanguage\":\"fr-FR\",\"potentialAction\":[{\"@type\":\"ReadAction\",\"target\":[\"https:\\\/\\\/sandokan.com\\\/fr\\\/prodotto\\\/star-zan-4-0-insecticide-electrique-a-succion\\\/\"]}]},{\"@type\":\"ImageObject\",\"inLanguage\":\"fr-FR\",\"@id\":\"https:\\\/\\\/sandokan.com\\\/fr\\\/prodotto\\\/star-zan-4-0-insecticide-electrique-a-succion\\\/#primaryimage\",\"url\":\"https:\\\/\\\/sandokan.com\\\/wp-content\\\/uploads\\\/2021\\\/01\\\/STARZAN.png\",\"contentUrl\":\"https:\\\/\\\/sandokan.com\\\/wp-content\\\/uploads\\\/2021\\\/01\\\/STARZAN.png\",\"width\":1200,\"height\":1200,\"caption\":\"\\\"STAR ZAN 4.0\\\" Insecticide \u00e9lectrique \u00e0 succion\"},{\"@type\":\"BreadcrumbList\",\"@id\":\"https:\\\/\\\/sandokan.com\\\/fr\\\/prodotto\\\/star-zan-4-0-insecticide-electrique-a-succion\\\/#breadcrumb\",\"itemListElement\":[{\"@type\":\"ListItem\",\"position\":1,\"name\":\"Sandokan\",\"item\":\"https:\\\/\\\/sandokan.com\\\/fr\\\/accueil\\\/\"},{\"@type\":\"ListItem\",\"position\":2,\"name\":\"Boutique\",\"item\":\"https:\\\/\\\/sandokan.com\\\/fr\\\/boutique\\\/\"},{\"@type\":\"ListItem\",\"position\":3,\"name\":\"Star-Zan 4.0 Insecticide \u00e9lectrique \u00e0 succion\"}]},{\"@type\":\"WebSite\",\"@id\":\"https:\\\/\\\/sandokan.com\\\/fr\\\/#website\",\"url\":\"https:\\\/\\\/sandokan.com\\\/fr\\\/\",\"name\":\"Sandokan\",\"description\":\"Repellenti e Insetticidi\",\"publisher\":{\"@id\":\"https:\\\/\\\/sandokan.com\\\/fr\\\/#organization\"},\"potentialAction\":[{\"@type\":\"SearchAction\",\"target\":{\"@type\":\"EntryPoint\",\"urlTemplate\":\"https:\\\/\\\/sandokan.com\\\/fr\\\/?s={search_term_string}\"},\"query-input\":{\"@type\":\"PropertyValueSpecification\",\"valueRequired\":true,\"valueName\":\"search_term_string\"}}],\"inLanguage\":\"fr-FR\"},{\"@type\":\"Organization\",\"@id\":\"https:\\\/\\\/sandokan.com\\\/fr\\\/#organization\",\"name\":\"Sandokan | Repellenti Naturali per Interni ed Esterni\",\"url\":\"https:\\\/\\\/sandokan.com\\\/fr\\\/\",\"logo\":{\"@type\":\"ImageObject\",\"inLanguage\":\"fr-FR\",\"@id\":\"https:\\\/\\\/sandokan.com\\\/fr\\\/#\\\/schema\\\/logo\\\/image\\\/\",\"url\":\"https:\\\/\\\/sandokan.com\\\/wp-content\\\/uploads\\\/2022\\\/04\\\/Sandokan-Insetticidi-e-Repellenti-BIO-Mobile.png\",\"contentUrl\":\"https:\\\/\\\/sandokan.com\\\/wp-content\\\/uploads\\\/2022\\\/04\\\/Sandokan-Insetticidi-e-Repellenti-BIO-Mobile.png\",\"width\":350,\"height\":99,\"caption\":\"Sandokan | Repellenti Naturali per Interni ed Esterni\"},\"image\":{\"@id\":\"https:\\\/\\\/sandokan.com\\\/fr\\\/#\\\/schema\\\/logo\\\/image\\\/\"},\"sameAs\":[\"https:\\\/\\\/www.facebook.com\\\/zanzareeinsetti\\\/\",\"https:\\\/\\\/x.com\\\/sandokaninsetti\",\"https:\\\/\\\/www.youtube.com\\\/channel\\\/UCMv6YC7WVMIF6KXkcLnuVuw\"]}]}<\/script>\n<!-- \/ Yoast SEO plugin. -->","yoast_head_json":{"title":"Star-Zan 4.0 Antimoustique professionnel HACCP - Sandokan.","description":"Star-Zan 4.0 est un \u00e9lectro-insecticide \u00e9cologique et silencieux, un r\u00e9pulsif professionnel contre les moustiques \u00e0 faible consommation d'\u00e9nergie. Achetez-le maintenant !","robots":{"index":"index","follow":"follow","max-snippet":"max-snippet:-1","max-image-preview":"max-image-preview:large","max-video-preview":"max-video-preview:-1"},"canonical":"https:\/\/sandokan.com\/fr\/prodotto\/star-zan-4-0-insecticide-electrique-a-succion\/","og_locale":"fr_FR","og_type":"article","og_title":"Star-Zan 4.0 Antimoustique professionnel HACCP - Sandokan.","og_description":"Star-Zan 4.0 est un \u00e9lectro-insecticide \u00e9cologique et silencieux, un r\u00e9pulsif professionnel contre les moustiques \u00e0 faible consommation d'\u00e9nergie. Achetez-le maintenant !","og_url":"https:\/\/sandokan.com\/fr\/prodotto\/star-zan-4-0-insecticide-electrique-a-succion\/","og_site_name":"Sandokan","article_publisher":"https:\/\/www.facebook.com\/zanzareeinsetti\/","og_image":[{"width":1200,"height":1200,"url":"https:\/\/sandokan.com\/wp-content\/uploads\/2021\/01\/STARZAN.png","type":"image\/png"}],"twitter_card":"summary_large_image","twitter_site":"@sandokaninsetti","twitter_misc":{"Dur\u00e9e de lecture estim\u00e9e":"2 minutes"},"schema":{"@context":"https:\/\/schema.org","@graph":[{"@type":"WebPage","@id":"https:\/\/sandokan.com\/fr\/prodotto\/star-zan-4-0-insecticide-electrique-a-succion\/","url":"https:\/\/sandokan.com\/fr\/prodotto\/star-zan-4-0-insecticide-electrique-a-succion\/","name":"Star-Zan 4.0 Antimoustique professionnel HACCP - Sandokan.","isPartOf":{"@id":"https:\/\/sandokan.com\/fr\/#website"},"primaryImageOfPage":{"@id":"https:\/\/sandokan.com\/fr\/prodotto\/star-zan-4-0-insecticide-electrique-a-succion\/#primaryimage"},"image":{"@id":"https:\/\/sandokan.com\/fr\/prodotto\/star-zan-4-0-insecticide-electrique-a-succion\/#primaryimage"},"thumbnailUrl":"https:\/\/sandokan.com\/wp-content\/uploads\/2021\/01\/STARZAN.png","datePublished":"2021-01-22T10:31:18+00:00","description":"Star-Zan 4.0 est un \u00e9lectro-insecticide \u00e9cologique et silencieux, un r\u00e9pulsif professionnel contre les moustiques \u00e0 faible consommation d'\u00e9nergie. Achetez-le maintenant !","breadcrumb":{"@id":"https:\/\/sandokan.com\/fr\/prodotto\/star-zan-4-0-insecticide-electrique-a-succion\/#breadcrumb"},"inLanguage":"fr-FR","potentialAction":[{"@type":"ReadAction","target":["https:\/\/sandokan.com\/fr\/prodotto\/star-zan-4-0-insecticide-electrique-a-succion\/"]}]},{"@type":"ImageObject","inLanguage":"fr-FR","@id":"https:\/\/sandokan.com\/fr\/prodotto\/star-zan-4-0-insecticide-electrique-a-succion\/#primaryimage","url":"https:\/\/sandokan.com\/wp-content\/uploads\/2021\/01\/STARZAN.png","contentUrl":"https:\/\/sandokan.com\/wp-content\/uploads\/2021\/01\/STARZAN.png","width":1200,"height":1200,"caption":"\"STAR ZAN 4.0\" Insecticide \u00e9lectrique \u00e0 succion"},{"@type":"BreadcrumbList","@id":"https:\/\/sandokan.com\/fr\/prodotto\/star-zan-4-0-insecticide-electrique-a-succion\/#breadcrumb","itemListElement":[{"@type":"ListItem","position":1,"name":"Sandokan","item":"https:\/\/sandokan.com\/fr\/accueil\/"},{"@type":"ListItem","position":2,"name":"Boutique","item":"https:\/\/sandokan.com\/fr\/boutique\/"},{"@type":"ListItem","position":3,"name":"Star-Zan 4.0 Insecticide \u00e9lectrique \u00e0 succion"}]},{"@type":"WebSite","@id":"https:\/\/sandokan.com\/fr\/#website","url":"https:\/\/sandokan.com\/fr\/","name":"Sandokan","description":"Repellenti e Insetticidi","publisher":{"@id":"https:\/\/sandokan.com\/fr\/#organization"},"potentialAction":[{"@type":"SearchAction","target":{"@type":"EntryPoint","urlTemplate":"https:\/\/sandokan.com\/fr\/?s={search_term_string}"},"query-input":{"@type":"PropertyValueSpecification","valueRequired":true,"valueName":"search_term_string"}}],"inLanguage":"fr-FR"},{"@type":"Organization","@id":"https:\/\/sandokan.com\/fr\/#organization","name":"Sandokan | Repellenti Naturali per Interni ed Esterni","url":"https:\/\/sandokan.com\/fr\/","logo":{"@type":"ImageObject","inLanguage":"fr-FR","@id":"https:\/\/sandokan.com\/fr\/#\/schema\/logo\/image\/","url":"https:\/\/sandokan.com\/wp-content\/uploads\/2022\/04\/Sandokan-Insetticidi-e-Repellenti-BIO-Mobile.png","contentUrl":"https:\/\/sandokan.com\/wp-content\/uploads\/2022\/04\/Sandokan-Insetticidi-e-Repellenti-BIO-Mobile.png","width":350,"height":99,"caption":"Sandokan | Repellenti Naturali per Interni ed Esterni"},"image":{"@id":"https:\/\/sandokan.com\/fr\/#\/schema\/logo\/image\/"},"sameAs":["https:\/\/www.facebook.com\/zanzareeinsetti\/","https:\/\/x.com\/sandokaninsetti","https:\/\/www.youtube.com\/channel\/UCMv6YC7WVMIF6KXkcLnuVuw"]}]}},"_links":{"self":[{"href":"https:\/\/sandokan.com\/fr\/wp-json\/wp\/v2\/product\/30512","targetHints":{"allow":["GET"]}}],"collection":[{"href":"https:\/\/sandokan.com\/fr\/wp-json\/wp\/v2\/product"}],"about":[{"href":"https:\/\/sandokan.com\/fr\/wp-json\/wp\/v2\/types\/product"}],"replies":[{"embeddable":true,"href":"https:\/\/sandokan.com\/fr\/wp-json\/wp\/v2\/comments?post=30512"}],"wp:featuredmedia":[{"embeddable":true,"href":"https:\/\/sandokan.com\/fr\/wp-json\/wp\/v2\/media\/30161"}],"wp:attachment":[{"href":"https:\/\/sandokan.com\/fr\/wp-json\/wp\/v2\/media?parent=30512"}],"wp:term":[{"taxonomy":"product_brand","embeddable":true,"href":"https:\/\/sandokan.com\/fr\/wp-json\/wp\/v2\/product_brand?post=30512"},{"taxonomy":"product_cat","embeddable":true,"href":"https:\/\/sandokan.com\/fr\/wp-json\/wp\/v2\/product_cat?post=30512"},{"taxonomy":"product_tag","embeddable":true,"href":"https:\/\/sandokan.com\/fr\/wp-json\/wp\/v2\/product_tag?post=30512"}],"curies":[{"name":"wp","href":"https:\/\/api.w.org\/{rel}","templated":true}]}}