{"id":3108,"date":"2021-01-22T12:01:50","date_gmt":"2021-01-22T11:01:50","guid":{"rendered":"https:\/\/sandokan.com\/?post_type=product&#038;p=3108"},"modified":"2026-04-30T13:08:31","modified_gmt":"2026-04-30T11:08:31","slug":"elettro-insetticida-mosquito-zan-led","status":"publish","type":"product","link":"https:\/\/sandokan.com\/fr\/prodotto\/elettro-insetticida-mosquito-zan-led\/","title":{"rendered":"Mosquito-Zan Elettroinsetticida LED ad Aspirazione"},"content":{"rendered":"<h3><strong>Mosquito-Zan Elettroinsetticida LED ad Aspirazione Efficace<\/strong><\/h3>\n<p data-start=\"317\" data-end=\"671\"><strong>Mosquito-Zan<\/strong> \u00e8 un elettroinsetticida ad aspirazione ecologico e innovativo progettato per offrire una protezione efficace contro <strong data-start=\"438\" data-end=\"458\">zanzare e mosche<\/strong>, senza l&rsquo;uso di sostanze chimiche. Utilizza una <strong data-start=\"507\" data-end=\"538\">luce LED ad alta luminosit\u00e0<\/strong> per attrarre gli insetti e una <strong data-start=\"570\" data-end=\"601\">ventola silenziosa e sicura<\/strong> per aspirarli in un vano con filtro, dove muoiono per disidratazione. Mosquito-Zan \u00e8 molto pi\u00f9 di una<strong> lampada antizanzare da esterno<\/strong>, \u00e8 un vero e proprio alleato contro la lotta alle zanzare. Grazie alla sua manifattura resistente ed in grado di resistere all&rsquo;acqua (IP63CW) \u00e8 un alleato ideale per proteggersi dalle zanzare in giardino, veranda, terrazzo e luoghi aperti. In pi\u00f9, se state cercando una <strong>lampada per insetti con certificazione HACCP<\/strong>, Mosquito-Zan \u00e8 quello che fa per voi. Potrete tranquillamente utilizzarla nel vostro ristorante, hotel, cucina, bar e luoghi in cui \u00e8 necessario mantenere il luogo libero da insetti.<\/p>\n<p data-start=\"673\" data-end=\"999\">Pensato per essere <strong data-start=\"784\" data-end=\"822\">potente, sicuro ed eco-sostenibile<\/strong>. \u00c8 ideale per ambienti esterni e interni, grazie alla <strong data-start=\"877\" data-end=\"904\">copertura fino a 500 m\u00b2.<\/strong><\/p>\n<h5><strong>Caratteristiche Principali<\/strong><\/h5>\n<ul>\n<li><strong>Dimensioni (HxLxP)<\/strong> 40cm x 27cm x 26cm<\/li>\n<li data-start=\"1043\" data-end=\"1105\"><strong data-start=\"1043\" data-end=\"1064\">Tecnologia LED UV<\/strong> a basso consumo energetico, attiva 24\/7<\/li>\n<li data-start=\"1108\" data-end=\"1186\"><strong data-start=\"1108\" data-end=\"1145\">Sistema di aspirazione silenzioso<\/strong> con griglia protettiva in policarbonato<\/li>\n<li data-start=\"1189\" data-end=\"1252\"><strong data-start=\"1189\" data-end=\"1215\">Filtro di contenimento<\/strong> per la disidratazione degli insetti<\/li>\n<li data-start=\"1255\" data-end=\"1342\">Include <strong data-start=\"1263\" data-end=\"1305\">vano per <a href=\"https:\/\/sandokan.com\/prodotto\/dispositivo-di-monitoraggio\/\" target=\"_blank\" rel=\"noopener\">attrattivo Sandokan <\/a><\/strong>(opzionale, ma potenzia la cattura)<\/li>\n<li data-start=\"1345\" data-end=\"1426\"><strong data-start=\"1345\" data-end=\"1372\">Copertura fino a 500 m\u00b2<\/strong> \u2013 perfetto per giardini, campeggi, esterni domestici<\/li>\n<li data-start=\"1429\" data-end=\"1503\"><strong data-start=\"1429\" data-end=\"1450\">Compatibilit\u00e0 USB<\/strong>: funziona con power bank, prese auto e alimentatori<\/li>\n<li data-start=\"1506\" data-end=\"1575\"><strong data-start=\"1506\" data-end=\"1532\">Struttura Eco-Friendly<\/strong> in plastica riciclabile e a norma CE\/RoHS<\/li>\n<li data-start=\"1578\" data-end=\"1642\"><strong data-start=\"1578\" data-end=\"1599\">Certificato HACCP<\/strong>: utilizzabile anche in aziende alimentari<\/li>\n<li data-start=\"1645\" data-end=\"1722\"><strong data-start=\"1645\" data-end=\"1677\">Inclusa prolunga da 10 metri<\/strong> per maggiore flessibilit\u00e0 di posizionamento<\/li>\n<li data-start=\"1725\" data-end=\"1781\"><strong data-start=\"1725\" data-end=\"1742\">Made in Italy<\/strong> e brevettato a livello internazionale<\/li>\n<\/ul>\n<h5 data-start=\"2336\" data-end=\"2368\"><strong>Come usare Mosquito-Zan Lampada per insetti HACCP<\/strong><\/h5>\n<ol>\n<li data-start=\"2373\" data-end=\"2486\"><strong data-start=\"2373\" data-end=\"2391\">Posizionamento<\/strong>: colloca il dispositivo in una zona ombreggiata, lontano da persone, evitando correnti d\u2019aria.<\/li>\n<li data-start=\"2490\" data-end=\"2615\"><strong data-start=\"2490\" data-end=\"2506\">Collegamento<\/strong>: alimenta il dispositivo tramite cavo USB incluso. Puoi usare power bank o prese standard.<\/li>\n<li data-start=\"2619\" data-end=\"2709\"><strong data-start=\"2619\" data-end=\"2645\">Funzionamento continuo<\/strong>: lascia acceso 24\/24h per mantenere alto il livello di cattura.<\/li>\n<li data-start=\"2713\" data-end=\"2804\"><strong data-start=\"2713\" data-end=\"2729\">Manutenzione<\/strong>: svuota il vano raccoglitore ogni 10\u201315 giorni. Nessun attrezzo richiesto.<\/li>\n<\/ol>\n<h5><strong>Cosa contiene la confezione<\/strong><\/h5>\n<ul>\n<li><span class=\"fontstyle2\">1x Mosquito-Zan elettroinsetticida<br \/>\n<\/span><\/li>\n<li>1x cavo USB<\/li>\n<li>1x alimentatore<\/li>\n<\/ul>\n<p>&nbsp;<\/p>\n<p>&nbsp;<\/p>\n","protected":false},"excerpt":{"rendered":"<p><img loading=\"lazy\" decoding=\"async\" class=\"alignnone wp-image-21699\" src=\"https:\/\/sandokan.com\/wp-content\/uploads\/2021\/01\/zanzara.png\" alt=\"\" width=\"80\" height=\"80\" srcset=\"https:\/\/sandokan.com\/wp-content\/uploads\/2021\/01\/zanzara.png 200w, https:\/\/sandokan.com\/wp-content\/uploads\/2021\/01\/zanzara-100x100.png 100w, https:\/\/sandokan.com\/wp-content\/uploads\/2021\/01\/zanzara-150x150.png 150w, https:\/\/sandokan.com\/wp-content\/uploads\/2021\/01\/zanzara-145x145.png 145w, https:\/\/sandokan.com\/wp-content\/uploads\/2021\/01\/zanzara-50x50.png 50w\" sizes=\"auto, (max-width: 80px) 100vw, 80px\" \/><img loading=\"lazy\" decoding=\"async\" class=\"alignnone wp-image-21626\" src=\"https:\/\/sandokan.com\/wp-content\/uploads\/2022\/09\/mosca.png\" alt=\"\" width=\"80\" height=\"80\" srcset=\"https:\/\/sandokan.com\/wp-content\/uploads\/2022\/09\/mosca.png 200w, https:\/\/sandokan.com\/wp-content\/uploads\/2022\/09\/mosca-100x100.png 100w, https:\/\/sandokan.com\/wp-content\/uploads\/2022\/09\/mosca-150x150.png 150w, https:\/\/sandokan.com\/wp-content\/uploads\/2022\/09\/mosca-145x145.png 145w, https:\/\/sandokan.com\/wp-content\/uploads\/2022\/09\/mosca-50x50.png 50w\" sizes=\"auto, (max-width: 80px) 100vw, 80px\" \/><\/p>\n<p>Mosquito-Zan \u00e8 un elettroinsetticida ad aspirazione. \u00c8 molto pi\u00f9 di una lampada per insetti, perch\u00e8 permette di catturarli in modo discreto, senza odori ed in modo sicuro. L&rsquo;elettroinsetticida ha il certificato HACCP, \u00e8 a basso consumo e permette una copertura fino a 500mq. La lampada antizanzare da esterno \u00e8 alimentata da un attacco USB.<\/p>\n","protected":false},"featured_media":22068,"comment_status":"open","ping_status":"closed","template":"","meta":{"_acf_changed":false,"inline_featured_image":false},"product_brand":[],"product_cat":[727,726],"product_tag":[242,270,187],"class_list":{"0":"post-3108","1":"product","2":"type-product","3":"status-publish","4":"has-post-thumbnail","6":"product_cat-ad-aspirazione","7":"product_cat-elettroinsetticidi","8":"product_tag-elettroinsetticida","9":"product_tag-elettroinsetticida-ad-aspirazione","10":"product_tag-zanzare","12":"first","13":"instock","14":"featured","15":"taxable","16":"shipping-taxable","17":"purchasable","18":"product-type-simple"},"bundled_by":["29321"],"bundle_stock_status":"instock","bundle_stock_quantity":null,"bundle_virtual":false,"bundle_layout":"","bundle_add_to_cart_form_location":"","bundle_editable_in_cart":false,"bundle_sold_individually_context":"","bundle_item_grouping":"","bundle_min_size":"","bundle_max_size":"","bundle_price":[],"bundled_items":[],"bundle_sell_ids":[],"acf":[],"yoast_head":"<!-- This site is optimized with the Yoast SEO plugin v27.5 - https:\/\/yoast.com\/product\/yoast-seo-wordpress\/ -->\n<title>Mosquito-Zan lampada per insetti e zanzare da esterno HACCP - Sandokan<\/title>\n<meta name=\"description\" content=\"Mosquito-Zan \u00e8 un elettroinsetticida ad aspirazione da esterno. Questa lampada cattura insetti e zanzare ed \u00e8 certificata HACCP. Acquista Ora!\" \/>\n<meta name=\"robots\" content=\"index, follow, max-snippet:-1, max-image-preview:large, max-video-preview:-1\" \/>\n<link rel=\"canonical\" href=\"https:\/\/sandokan.com\/fr\/prodotto\/elettro-insetticida-mosquito-zan-led\/\" \/>\n<meta property=\"og:locale\" content=\"fr_FR\" \/>\n<meta property=\"og:type\" content=\"article\" \/>\n<meta property=\"og:title\" content=\"Mosquito-Zan lampada per insetti e zanzare da esterno HACCP - Sandokan\" \/>\n<meta property=\"og:description\" content=\"Mosquito-Zan \u00e8 un elettroinsetticida ad aspirazione da esterno. Questa lampada cattura insetti e zanzare ed \u00e8 certificata HACCP. Acquista Ora!\" \/>\n<meta property=\"og:url\" content=\"https:\/\/sandokan.com\/fr\/prodotto\/elettro-insetticida-mosquito-zan-led\/\" \/>\n<meta property=\"og:site_name\" content=\"Sandokan\" \/>\n<meta property=\"article:publisher\" content=\"https:\/\/www.facebook.com\/zanzareeinsetti\/\" \/>\n<meta property=\"article:modified_time\" content=\"2026-04-30T11:08:31+00:00\" \/>\n<meta property=\"og:image\" content=\"https:\/\/sandokan.com\/wp-content\/uploads\/2021\/01\/34129333-8007382073853-P-01-1.png\" \/>\n\t<meta property=\"og:image:width\" content=\"1200\" \/>\n\t<meta property=\"og:image:height\" content=\"1200\" \/>\n\t<meta property=\"og:image:type\" content=\"image\/png\" \/>\n<meta name=\"twitter:card\" content=\"summary_large_image\" \/>\n<meta name=\"twitter:site\" content=\"@sandokaninsetti\" \/>\n<meta name=\"twitter:label1\" content=\"Dur\u00e9e de lecture estim\u00e9e\" \/>\n\t<meta name=\"twitter:data1\" content=\"2 minutes\" \/>\n<script type=\"application\/ld+json\" class=\"yoast-schema-graph\">{\"@context\":\"https:\\\/\\\/schema.org\",\"@graph\":[{\"@type\":\"WebPage\",\"@id\":\"https:\\\/\\\/sandokan.com\\\/fr\\\/prodotto\\\/elettro-insetticida-mosquito-zan-led\\\/\",\"url\":\"https:\\\/\\\/sandokan.com\\\/fr\\\/prodotto\\\/elettro-insetticida-mosquito-zan-led\\\/\",\"name\":\"Mosquito-Zan lampada per insetti e zanzare da esterno HACCP - Sandokan\",\"isPartOf\":{\"@id\":\"https:\\\/\\\/sandokan.com\\\/fr\\\/#website\"},\"primaryImageOfPage\":{\"@id\":\"https:\\\/\\\/sandokan.com\\\/fr\\\/prodotto\\\/elettro-insetticida-mosquito-zan-led\\\/#primaryimage\"},\"image\":{\"@id\":\"https:\\\/\\\/sandokan.com\\\/fr\\\/prodotto\\\/elettro-insetticida-mosquito-zan-led\\\/#primaryimage\"},\"thumbnailUrl\":\"https:\\\/\\\/sandokan.com\\\/wp-content\\\/uploads\\\/2021\\\/01\\\/34129333-8007382073853-P-01-1.png\",\"datePublished\":\"2021-01-22T11:01:50+00:00\",\"dateModified\":\"2026-04-30T11:08:31+00:00\",\"description\":\"Mosquito-Zan \u00e8 un elettroinsetticida ad aspirazione da esterno. Questa lampada cattura insetti e zanzare ed \u00e8 certificata HACCP. Acquista Ora!\",\"breadcrumb\":{\"@id\":\"https:\\\/\\\/sandokan.com\\\/fr\\\/prodotto\\\/elettro-insetticida-mosquito-zan-led\\\/#breadcrumb\"},\"inLanguage\":\"fr-FR\",\"potentialAction\":[{\"@type\":\"ReadAction\",\"target\":[\"https:\\\/\\\/sandokan.com\\\/fr\\\/prodotto\\\/elettro-insetticida-mosquito-zan-led\\\/\"]}]},{\"@type\":\"ImageObject\",\"inLanguage\":\"fr-FR\",\"@id\":\"https:\\\/\\\/sandokan.com\\\/fr\\\/prodotto\\\/elettro-insetticida-mosquito-zan-led\\\/#primaryimage\",\"url\":\"https:\\\/\\\/sandokan.com\\\/wp-content\\\/uploads\\\/2021\\\/01\\\/34129333-8007382073853-P-01-1.png\",\"contentUrl\":\"https:\\\/\\\/sandokan.com\\\/wp-content\\\/uploads\\\/2021\\\/01\\\/34129333-8007382073853-P-01-1.png\",\"width\":1200,\"height\":1200,\"caption\":\"\\\"Mosquito-Zan\\\" elettroinsetticida LED\"},{\"@type\":\"BreadcrumbList\",\"@id\":\"https:\\\/\\\/sandokan.com\\\/fr\\\/prodotto\\\/elettro-insetticida-mosquito-zan-led\\\/#breadcrumb\",\"itemListElement\":[{\"@type\":\"ListItem\",\"position\":1,\"name\":\"Sandokan\",\"item\":\"https:\\\/\\\/sandokan.com\\\/fr\\\/\"},{\"@type\":\"ListItem\",\"position\":2,\"name\":\"Shop\",\"item\":\"https:\\\/\\\/sandokan.com\\\/negozio\\\/\"},{\"@type\":\"ListItem\",\"position\":3,\"name\":\"Mosquito-Zan Elettroinsetticida LED ad Aspirazione\"}]},{\"@type\":\"WebSite\",\"@id\":\"https:\\\/\\\/sandokan.com\\\/fr\\\/#website\",\"url\":\"https:\\\/\\\/sandokan.com\\\/fr\\\/\",\"name\":\"Sandokan\",\"description\":\"Repellenti e Insetticidi\",\"publisher\":{\"@id\":\"https:\\\/\\\/sandokan.com\\\/fr\\\/#organization\"},\"potentialAction\":[{\"@type\":\"SearchAction\",\"target\":{\"@type\":\"EntryPoint\",\"urlTemplate\":\"https:\\\/\\\/sandokan.com\\\/fr\\\/?s={search_term_string}\"},\"query-input\":{\"@type\":\"PropertyValueSpecification\",\"valueRequired\":true,\"valueName\":\"search_term_string\"}}],\"inLanguage\":\"fr-FR\"},{\"@type\":\"Organization\",\"@id\":\"https:\\\/\\\/sandokan.com\\\/fr\\\/#organization\",\"name\":\"Sandokan | Repellenti Naturali per Interni ed Esterni\",\"url\":\"https:\\\/\\\/sandokan.com\\\/fr\\\/\",\"logo\":{\"@type\":\"ImageObject\",\"inLanguage\":\"fr-FR\",\"@id\":\"https:\\\/\\\/sandokan.com\\\/fr\\\/#\\\/schema\\\/logo\\\/image\\\/\",\"url\":\"https:\\\/\\\/sandokan.com\\\/wp-content\\\/uploads\\\/2022\\\/04\\\/Sandokan-Insetticidi-e-Repellenti-BIO-Mobile.png\",\"contentUrl\":\"https:\\\/\\\/sandokan.com\\\/wp-content\\\/uploads\\\/2022\\\/04\\\/Sandokan-Insetticidi-e-Repellenti-BIO-Mobile.png\",\"width\":350,\"height\":99,\"caption\":\"Sandokan | Repellenti Naturali per Interni ed Esterni\"},\"image\":{\"@id\":\"https:\\\/\\\/sandokan.com\\\/fr\\\/#\\\/schema\\\/logo\\\/image\\\/\"},\"sameAs\":[\"https:\\\/\\\/www.facebook.com\\\/zanzareeinsetti\\\/\",\"https:\\\/\\\/x.com\\\/sandokaninsetti\",\"https:\\\/\\\/www.youtube.com\\\/channel\\\/UCMv6YC7WVMIF6KXkcLnuVuw\"]}]}<\/script>\n<!-- \/ Yoast SEO plugin. -->","yoast_head_json":{"title":"Mosquito-Zan lampada per insetti e zanzare da esterno HACCP - Sandokan","description":"Mosquito-Zan \u00e8 un elettroinsetticida ad aspirazione da esterno. Questa lampada cattura insetti e zanzare ed \u00e8 certificata HACCP. Acquista Ora!","robots":{"index":"index","follow":"follow","max-snippet":"max-snippet:-1","max-image-preview":"max-image-preview:large","max-video-preview":"max-video-preview:-1"},"canonical":"https:\/\/sandokan.com\/fr\/prodotto\/elettro-insetticida-mosquito-zan-led\/","og_locale":"fr_FR","og_type":"article","og_title":"Mosquito-Zan lampada per insetti e zanzare da esterno HACCP - Sandokan","og_description":"Mosquito-Zan \u00e8 un elettroinsetticida ad aspirazione da esterno. Questa lampada cattura insetti e zanzare ed \u00e8 certificata HACCP. Acquista Ora!","og_url":"https:\/\/sandokan.com\/fr\/prodotto\/elettro-insetticida-mosquito-zan-led\/","og_site_name":"Sandokan","article_publisher":"https:\/\/www.facebook.com\/zanzareeinsetti\/","article_modified_time":"2026-04-30T11:08:31+00:00","og_image":[{"width":1200,"height":1200,"url":"https:\/\/sandokan.com\/wp-content\/uploads\/2021\/01\/34129333-8007382073853-P-01-1.png","type":"image\/png"}],"twitter_card":"summary_large_image","twitter_site":"@sandokaninsetti","twitter_misc":{"Dur\u00e9e de lecture estim\u00e9e":"2 minutes"},"schema":{"@context":"https:\/\/schema.org","@graph":[{"@type":"WebPage","@id":"https:\/\/sandokan.com\/fr\/prodotto\/elettro-insetticida-mosquito-zan-led\/","url":"https:\/\/sandokan.com\/fr\/prodotto\/elettro-insetticida-mosquito-zan-led\/","name":"Mosquito-Zan lampada per insetti e zanzare da esterno HACCP - Sandokan","isPartOf":{"@id":"https:\/\/sandokan.com\/fr\/#website"},"primaryImageOfPage":{"@id":"https:\/\/sandokan.com\/fr\/prodotto\/elettro-insetticida-mosquito-zan-led\/#primaryimage"},"image":{"@id":"https:\/\/sandokan.com\/fr\/prodotto\/elettro-insetticida-mosquito-zan-led\/#primaryimage"},"thumbnailUrl":"https:\/\/sandokan.com\/wp-content\/uploads\/2021\/01\/34129333-8007382073853-P-01-1.png","datePublished":"2021-01-22T11:01:50+00:00","dateModified":"2026-04-30T11:08:31+00:00","description":"Mosquito-Zan \u00e8 un elettroinsetticida ad aspirazione da esterno. Questa lampada cattura insetti e zanzare ed \u00e8 certificata HACCP. Acquista Ora!","breadcrumb":{"@id":"https:\/\/sandokan.com\/fr\/prodotto\/elettro-insetticida-mosquito-zan-led\/#breadcrumb"},"inLanguage":"fr-FR","potentialAction":[{"@type":"ReadAction","target":["https:\/\/sandokan.com\/fr\/prodotto\/elettro-insetticida-mosquito-zan-led\/"]}]},{"@type":"ImageObject","inLanguage":"fr-FR","@id":"https:\/\/sandokan.com\/fr\/prodotto\/elettro-insetticida-mosquito-zan-led\/#primaryimage","url":"https:\/\/sandokan.com\/wp-content\/uploads\/2021\/01\/34129333-8007382073853-P-01-1.png","contentUrl":"https:\/\/sandokan.com\/wp-content\/uploads\/2021\/01\/34129333-8007382073853-P-01-1.png","width":1200,"height":1200,"caption":"\"Mosquito-Zan\" elettroinsetticida LED"},{"@type":"BreadcrumbList","@id":"https:\/\/sandokan.com\/fr\/prodotto\/elettro-insetticida-mosquito-zan-led\/#breadcrumb","itemListElement":[{"@type":"ListItem","position":1,"name":"Sandokan","item":"https:\/\/sandokan.com\/fr\/"},{"@type":"ListItem","position":2,"name":"Shop","item":"https:\/\/sandokan.com\/negozio\/"},{"@type":"ListItem","position":3,"name":"Mosquito-Zan Elettroinsetticida LED ad Aspirazione"}]},{"@type":"WebSite","@id":"https:\/\/sandokan.com\/fr\/#website","url":"https:\/\/sandokan.com\/fr\/","name":"Sandokan","description":"Repellenti e Insetticidi","publisher":{"@id":"https:\/\/sandokan.com\/fr\/#organization"},"potentialAction":[{"@type":"SearchAction","target":{"@type":"EntryPoint","urlTemplate":"https:\/\/sandokan.com\/fr\/?s={search_term_string}"},"query-input":{"@type":"PropertyValueSpecification","valueRequired":true,"valueName":"search_term_string"}}],"inLanguage":"fr-FR"},{"@type":"Organization","@id":"https:\/\/sandokan.com\/fr\/#organization","name":"Sandokan | Repellenti Naturali per Interni ed Esterni","url":"https:\/\/sandokan.com\/fr\/","logo":{"@type":"ImageObject","inLanguage":"fr-FR","@id":"https:\/\/sandokan.com\/fr\/#\/schema\/logo\/image\/","url":"https:\/\/sandokan.com\/wp-content\/uploads\/2022\/04\/Sandokan-Insetticidi-e-Repellenti-BIO-Mobile.png","contentUrl":"https:\/\/sandokan.com\/wp-content\/uploads\/2022\/04\/Sandokan-Insetticidi-e-Repellenti-BIO-Mobile.png","width":350,"height":99,"caption":"Sandokan | Repellenti Naturali per Interni ed Esterni"},"image":{"@id":"https:\/\/sandokan.com\/fr\/#\/schema\/logo\/image\/"},"sameAs":["https:\/\/www.facebook.com\/zanzareeinsetti\/","https:\/\/x.com\/sandokaninsetti","https:\/\/www.youtube.com\/channel\/UCMv6YC7WVMIF6KXkcLnuVuw"]}]}},"_links":{"self":[{"href":"https:\/\/sandokan.com\/fr\/wp-json\/wp\/v2\/product\/3108","targetHints":{"allow":["GET"]}}],"collection":[{"href":"https:\/\/sandokan.com\/fr\/wp-json\/wp\/v2\/product"}],"about":[{"href":"https:\/\/sandokan.com\/fr\/wp-json\/wp\/v2\/types\/product"}],"replies":[{"embeddable":true,"href":"https:\/\/sandokan.com\/fr\/wp-json\/wp\/v2\/comments?post=3108"}],"wp:featuredmedia":[{"embeddable":true,"href":"https:\/\/sandokan.com\/fr\/wp-json\/wp\/v2\/media\/22068"}],"wp:attachment":[{"href":"https:\/\/sandokan.com\/fr\/wp-json\/wp\/v2\/media?parent=3108"}],"wp:term":[{"taxonomy":"product_brand","embeddable":true,"href":"https:\/\/sandokan.com\/fr\/wp-json\/wp\/v2\/product_brand?post=3108"},{"taxonomy":"product_cat","embeddable":true,"href":"https:\/\/sandokan.com\/fr\/wp-json\/wp\/v2\/product_cat?post=3108"},{"taxonomy":"product_tag","embeddable":true,"href":"https:\/\/sandokan.com\/fr\/wp-json\/wp\/v2\/product_tag?post=3108"}],"curies":[{"name":"wp","href":"https:\/\/api.w.org\/{rel}","templated":true}]}}