{"id":3742,"date":"2021-04-02T08:04:21","date_gmt":"2021-04-02T06:04:21","guid":{"rendered":"https:\/\/sandokan.com\/?post_type=product&#038;p=3742"},"modified":"2026-04-30T13:08:12","modified_gmt":"2026-04-30T11:08:12","slug":"cub-zan-elettroinsetticida-usb-con-scarica","status":"publish","type":"product","link":"https:\/\/sandokan.com\/fr\/prodotto\/cub-zan-elettroinsetticida-usb-con-scarica\/","title":{"rendered":"CUB-ZAN Elettroinsetticida LED con scarica"},"content":{"rendered":"<h3><strong>CUB-ZAN \u2013 Elettroinsetticida LED con Scarica<\/strong><\/h3>\n<p data-start=\"299\" data-end=\"775\"><strong data-start=\"299\" data-end=\"309\">CUB-ZAN<\/strong> \u00e8 l\u2019elettroinsetticida LED di nuova generazione, progettato per offrire <strong data-start=\"382\" data-end=\"429\">protezione avanzata contro zanzare e mosche<\/strong> senza ricorrere a sostanze chimiche. Grazie al suo <strong data-start=\"481\" data-end=\"515\">generatore di calore integrato<\/strong>, attiva i termo-recettori degli insetti ematofagi, mentre una <strong data-start=\"578\" data-end=\"610\">banda LED ad alta luminosit\u00e0<\/strong> e basso consumo energetico li attira in modo mirato. Gli insetti vengono poi eliminati tramite una <strong data-start=\"710\" data-end=\"741\">scarica elettrica calibrata<\/strong>, senza rilascio di fumo o fiamme.<\/p>\n<p data-start=\"777\" data-end=\"1195\">La struttura del dispositivo \u00e8 composta da <strong data-start=\"820\" data-end=\"857\">materiali interamente riciclabili<\/strong>, tra cui una <strong data-start=\"871\" data-end=\"942\">griglia trasparente in policarbonato autoestinguente e infrangibile<\/strong>, che seleziona solo gli insetti dannosi, proteggendo quelli utili. L\u2019<strong data-start=\"1029\" data-end=\"1095\">innovativa griglia elettrificata in plastica elettroconduttiva<\/strong> sostituisce le tradizionali griglie metalliche, garantendo <strong data-start=\"1155\" data-end=\"1194\">maggiore sostenibilit\u00e0 e leggerezza<\/strong>.<\/p>\n<p data-start=\"1197\" data-end=\"1441\"><strong data-start=\"1197\" data-end=\"1231\">CUB-ZAN \u00e8 certificato CE e RoHS<\/strong>, conforme agli standard europei pi\u00f9 rigorosi in termini di sicurezza e sostenibilit\u00e0. Inoltre \u00e8 certificato HACCP per cui \u00e8 utilizzabile in ambienti Horeca. Il design compatto e moderno si integra perfettamente negli ambienti interni, rendendolo una scelta ideale per ogni spazio.<\/p>\n<h5 data-start=\"1021\" data-end=\"1053\"><strong>Caratteristiche principali<\/strong><\/h5>\n<ul>\n<li><strong>Dimensioni(HxLxP)<\/strong>: 27cm x 12cm x 12cm<\/li>\n<li><strong data-start=\"2893\" data-end=\"2919\">Superficie consigliata<\/strong>: fino a 60 m\u00b2<\/li>\n<li data-start=\"1057\" data-end=\"1103\"><strong data-start=\"1060\" data-end=\"1097\">Tecnologia LED UV a basso consumo<\/strong> (&lt;2W)<\/li>\n<li data-start=\"1106\" data-end=\"1180\"><strong data-start=\"1108\" data-end=\"1139\">Scarica elettrica calibrata<\/strong> per eliminazione immediata degli insetti senza pericolo per le persone<\/li>\n<li data-start=\"1183\" data-end=\"1255\"><strong data-start=\"1186\" data-end=\"1220\">Generatore di calore integrato<\/strong> per attrarre le zanzare ematofaghe<\/li>\n<li data-start=\"1258\" data-end=\"1333\"><strong data-start=\"1261\" data-end=\"1290\">Senza insetticidi chimici<\/strong> \u2013 ecologico e sicuro per persone e animali<\/li>\n<li data-start=\"1336\" data-end=\"1430\"><strong data-start=\"1339\" data-end=\"1360\">Alimentazione USB<\/strong> \u2013 utilizzabile con power bank e adattatori (alimentatore non incluso)<\/li>\n<li data-start=\"1433\" data-end=\"1492\"><strong data-start=\"1436\" data-end=\"1449\">Portatile<\/strong> \u2013 ideale anche per campeggio, viaggi, auto<\/li>\n<li data-start=\"1495\" data-end=\"1564\"><strong data-start=\"1498\" data-end=\"1529\">Doppio isolamento galvanico<\/strong> per la massima sicurezza elettrica<\/li>\n<li data-start=\"1567\" data-end=\"1651\"><strong data-start=\"1570\" data-end=\"1627\">Griglia elettroconduttiva in plastica autoestinguente<\/strong> \u2013 senza metalli pesanti<\/li>\n<li data-start=\"1654\" data-end=\"1724\"><strong data-start=\"1657\" data-end=\"1688\">Banda cromatica ottimizzata<\/strong> per attirare solo insetti bersaglio<\/li>\n<li data-start=\"1727\" data-end=\"1778\"><strong data-start=\"1730\" data-end=\"1758\">Non attira insetti utili<\/strong> come farfalle e api<\/li>\n<li data-start=\"1781\" data-end=\"1828\"><strong data-start=\"1784\" data-end=\"1804\">Facile da pulire<\/strong> \u2013 basta un getto d\u2019aria<\/li>\n<li data-start=\"1831\" data-end=\"1874\"><strong data-start=\"1834\" data-end=\"1858\">Ancoraggio integrato<\/strong> per uso sospeso<\/li>\n<li data-start=\"1877\" data-end=\"1912\">Conforme alle norme <strong data-start=\"1899\" data-end=\"1912\">RoHS e CE<\/strong><\/li>\n<li>Lampada cattura insetti con <strong>certificazione HACCP<\/strong><\/li>\n<\/ul>\n<h5 data-start=\"1448\" data-end=\"1494\"><strong data-start=\"1455\" data-end=\"1494\">Perch\u00e9 Scegliere CUB-ZAN<\/strong><\/h5>\n<ul>\n<li data-start=\"1498\" data-end=\"1595\"><strong data-start=\"1500\" data-end=\"1518\">Alta sicurezza<\/strong>: doppio isolamento galvanico per proteggere da scosse elettriche accidentali<\/li>\n<li data-start=\"1598\" data-end=\"1671\"><strong data-start=\"1601\" data-end=\"1640\">Consumo energetico ridotto dell\u201980%<\/strong> rispetto al modello precedente<\/li>\n<li data-start=\"1674\" data-end=\"1755\"><strong data-start=\"1677\" data-end=\"1704\">Senza sostanze chimiche<\/strong>: ecologico, sicuro per persone, animali e ambiente<\/li>\n<li><strong data-start=\"2123\" data-end=\"2147\">Certificazione HACCP<\/strong>: perfetto anche in ambienti professionali e alimentari<\/li>\n<li data-start=\"1758\" data-end=\"1854\"><strong data-start=\"1761\" data-end=\"1782\">Alimentazione USB<\/strong>: utilizzabile anche con power bank, adattatori da auto o prese standard<\/li>\n<li><strong data-start=\"1793\" data-end=\"1833\">Silenzioso e ideale per uso notturno<\/strong>, anche in camera da letto<\/li>\n<li data-start=\"1857\" data-end=\"1925\"><strong data-start=\"1860\" data-end=\"1883\">Uso continuo 24\/24h<\/strong>, ideale per una protezione fino a 60 m\u00b2<\/li>\n<li data-start=\"2041\" data-end=\"2112\"><strong data-start=\"2044\" data-end=\"2074\">Design elegante e discreto<\/strong>, perfetto per camere, uffici, salotti<\/li>\n<\/ul>\n<h5 data-start=\"2440\" data-end=\"2481\"><strong>Come usare CUB-ZAN in modo efficace<\/strong><\/h5>\n<ol>\n<li data-start=\"2146\" data-end=\"2357\"><strong data-start=\"2146\" data-end=\"2181\">Scegliere il posizionamento ideale<\/strong>: colloca CUBZAN in un&rsquo;area <strong data-start=\"2209\" data-end=\"2233\">buia, poco ventilata<\/strong> e dove gli insetti tendono ad accumularsi. Evita di metterlo vicino a dove soggiorni, per non attirare zanzare verso di te.<\/li>\n<li data-start=\"2361\" data-end=\"2452\"><strong data-start=\"2361\" data-end=\"2400\">Alimentare il dispositivo tramite USB<\/strong>: collega a una presa, power bank o adattatore auto.<\/li>\n<li data-start=\"2456\" data-end=\"2593\"><strong data-start=\"2456\" data-end=\"2481\">Attivare il dispositivo<\/strong>: i LED e il calore inizieranno ad attirare gli insetti, che saranno eliminati con una scarica elettrica sicura.<\/li>\n<li data-start=\"2597\" data-end=\"2703\"><strong data-start=\"2597\" data-end=\"2625\">Uso continuo consigliato<\/strong>: CUB-ZAN \u00e8 progettato per funzionare <strong data-start=\"2662\" data-end=\"2678\">24 ore su 24<\/strong>, anche durante la notte.<\/li>\n<li data-start=\"2597\" data-end=\"2703\"><strong data-start=\"2911\" data-end=\"2922\">Pulizia<\/strong>: rimuovere polvere o residui con un getto d\u2019aria. <strong>Non usare acqua<\/strong><\/li>\n<\/ol>\n<p data-start=\"2989\" data-end=\"3164\">\ud83d\udc49 <strong data-start=\"2992\" data-end=\"3013\">Consigli dell&rsquo;esperto<\/strong>:<\/p>\n<ul>\n<li data-start=\"2989\" data-end=\"3164\">per un\u2019azione combinata, usa CUB-ZAN insieme a larvicidi nelle aree con ristagni d\u2019acqua. In questo modo combatti sia le zanzare adulte che le larve. I larvicidi puoi trovarli <a href=\"https:\/\/sandokan.com\/categoria-prodotto\/larvicidi\/\">QUI<\/a><\/li>\n<li data-start=\"2989\" data-end=\"3164\">per aumentare l&rsquo;efficacia di cattura della lampada insetticida, puoi inserire nell&rsquo;elettroinsetticida un attrattivo biologico brevettato Sandokan, disponibile <a href=\"https:\/\/sandokan.com\/prodotto\/dispositivo-di-monitoraggio\/\">QUI<\/a><\/li>\n<\/ul>\n<h5><span class=\"fontstyle2\"><strong>Insetti Bersaglio<\/strong><\/span><\/h5>\n<p><span class=\"fontstyle0\">ZANZARE, MOSCHE, ALTRI INSETTI MOLESTI<\/span><\/p>\n<h5 data-start=\"2440\" data-end=\"2481\"><strong>La confezione contiene:<\/strong><\/h5>\n<ul>\n<li>Elettroinsetticida CUB-ZAN<\/li>\n<li>Alimentatore<\/li>\n<li>Cavo USB<\/li>\n<\/ul>\n<h6><strong>MADE IN ITALY <\/strong><strong><img loading=\"lazy\" decoding=\"async\" class=\"alignnone\" src=\"https:\/\/images.emojiterra.com\/google\/noto-emoji\/unicode-16.0\/color\/svg\/1f1ee-1f1f9.svg\" alt=\"Google (Noto Color Emoji 16.0)\" width=\"26\" height=\"26\" \/><\/strong><\/h6>\n<p>&nbsp;<\/p>\n","protected":false},"excerpt":{"rendered":"<p><img loading=\"lazy\" decoding=\"async\" class=\"alignnone wp-image-21662\" src=\"https:\/\/sandokan.com\/wp-content\/uploads\/2021\/04\/zanzara.png\" alt=\"\" width=\"80\" height=\"80\" srcset=\"https:\/\/sandokan.com\/wp-content\/uploads\/2021\/04\/zanzara.png 200w, https:\/\/sandokan.com\/wp-content\/uploads\/2021\/04\/zanzara-100x100.png 100w, https:\/\/sandokan.com\/wp-content\/uploads\/2021\/04\/zanzara-150x150.png 150w, https:\/\/sandokan.com\/wp-content\/uploads\/2021\/04\/zanzara-145x145.png 145w, https:\/\/sandokan.com\/wp-content\/uploads\/2021\/04\/zanzara-50x50.png 50w\" sizes=\"auto, (max-width: 80px) 100vw, 80px\" \/><img loading=\"lazy\" decoding=\"async\" class=\"alignnone wp-image-21626\" src=\"https:\/\/sandokan.com\/wp-content\/uploads\/2022\/09\/mosca.png\" alt=\"\" width=\"80\" height=\"80\" srcset=\"https:\/\/sandokan.com\/wp-content\/uploads\/2022\/09\/mosca.png 200w, https:\/\/sandokan.com\/wp-content\/uploads\/2022\/09\/mosca-100x100.png 100w, https:\/\/sandokan.com\/wp-content\/uploads\/2022\/09\/mosca-150x150.png 150w, https:\/\/sandokan.com\/wp-content\/uploads\/2022\/09\/mosca-145x145.png 145w, https:\/\/sandokan.com\/wp-content\/uploads\/2022\/09\/mosca-50x50.png 50w\" sizes=\"auto, (max-width: 80px) 100vw, 80px\" \/><img loading=\"lazy\" decoding=\"async\" class=\"alignnone wp-image-21638\" src=\"https:\/\/sandokan.com\/wp-content\/uploads\/2022\/04\/cimice-1.png\" alt=\"\" width=\"80\" height=\"80\" srcset=\"https:\/\/sandokan.com\/wp-content\/uploads\/2022\/04\/cimice-1.png 200w, https:\/\/sandokan.com\/wp-content\/uploads\/2022\/04\/cimice-1-100x100.png 100w, https:\/\/sandokan.com\/wp-content\/uploads\/2022\/04\/cimice-1-150x150.png 150w, https:\/\/sandokan.com\/wp-content\/uploads\/2022\/04\/cimice-1-145x145.png 145w, https:\/\/sandokan.com\/wp-content\/uploads\/2022\/04\/cimice-1-50x50.png 50w\" sizes=\"auto, (max-width: 80px) 100vw, 80px\" \/><\/p>\n<p>CUB-ZAN \u00e8 un\u2019innovazione nel settore degli elettroinsetticidi. Si tratta di un dispositivo elettronico dotato di potenti luci LED UV, che attira gli insetti e li elimina per scarica elettrica. Sicuro per i bambini e dotato di certificazione HACCP. Copertura fino a 60mq.<\/p>\n","protected":false},"featured_media":22008,"comment_status":"open","ping_status":"closed","template":"","meta":{"_acf_changed":false,"inline_featured_image":false},"product_brand":[],"product_cat":[728,726],"product_tag":[242,310,187],"class_list":{"0":"post-3742","1":"product","2":"type-product","3":"status-publish","4":"has-post-thumbnail","6":"product_cat-a-scarica","7":"product_cat-elettroinsetticidi","8":"product_tag-elettroinsetticida","9":"product_tag-elettroinsetticida-a-scarica","10":"product_tag-zanzare","12":"first","13":"instock","14":"featured","15":"taxable","16":"shipping-taxable","17":"purchasable","18":"product-type-simple"},"bundled_by":["29282","29292","29313"],"bundle_stock_status":"instock","bundle_stock_quantity":null,"bundle_virtual":false,"bundle_layout":"","bundle_add_to_cart_form_location":"","bundle_editable_in_cart":false,"bundle_sold_individually_context":"","bundle_item_grouping":"","bundle_min_size":"","bundle_max_size":"","bundle_price":[],"bundled_items":[],"bundle_sell_ids":[],"acf":[],"yoast_head":"<!-- This site is optimized with the Yoast SEO plugin v27.5 - https:\/\/yoast.com\/product\/yoast-seo-wordpress\/ -->\n<title>CUB-ZAN Lampada Mosche e zanzare HACCP - Sandokan<\/title>\n<meta name=\"description\" content=\"CUB-ZAN: Elettroinsetticida LED con scarica, dotato di cavo di alimentazione USB per utilizzo in mobilit\u00e0. Lampada Mosche\/Zanzare con certificazione HACCP\" \/>\n<meta name=\"robots\" content=\"index, follow, max-snippet:-1, max-image-preview:large, max-video-preview:-1\" \/>\n<link rel=\"canonical\" href=\"https:\/\/sandokan.com\/fr\/prodotto\/cub-zan-elettroinsetticida-usb-con-scarica\/\" \/>\n<meta property=\"og:locale\" content=\"fr_FR\" \/>\n<meta property=\"og:type\" content=\"article\" \/>\n<meta property=\"og:title\" content=\"CUB-ZAN Lampada Mosche e zanzare HACCP - Sandokan\" \/>\n<meta property=\"og:description\" content=\"CUB-ZAN: Elettroinsetticida LED con scarica, dotato di cavo di alimentazione USB per utilizzo in mobilit\u00e0. Lampada Mosche\/Zanzare con certificazione HACCP\" \/>\n<meta property=\"og:url\" content=\"https:\/\/sandokan.com\/fr\/prodotto\/cub-zan-elettroinsetticida-usb-con-scarica\/\" \/>\n<meta property=\"og:site_name\" content=\"Sandokan\" \/>\n<meta property=\"article:publisher\" content=\"https:\/\/www.facebook.com\/zanzareeinsetti\/\" \/>\n<meta property=\"article:modified_time\" content=\"2026-04-30T11:08:12+00:00\" \/>\n<meta property=\"og:image\" content=\"https:\/\/sandokan.com\/wp-content\/uploads\/2021\/04\/83000230-8007382973405-P-01.png\" \/>\n\t<meta property=\"og:image:width\" content=\"1200\" \/>\n\t<meta property=\"og:image:height\" content=\"1200\" \/>\n\t<meta property=\"og:image:type\" content=\"image\/png\" \/>\n<meta name=\"twitter:card\" content=\"summary_large_image\" \/>\n<meta name=\"twitter:site\" content=\"@sandokaninsetti\" \/>\n<meta name=\"twitter:label1\" content=\"Dur\u00e9e de lecture estim\u00e9e\" \/>\n\t<meta name=\"twitter:data1\" content=\"4 minutes\" \/>\n<script type=\"application\/ld+json\" class=\"yoast-schema-graph\">{\"@context\":\"https:\\\/\\\/schema.org\",\"@graph\":[{\"@type\":\"WebPage\",\"@id\":\"https:\\\/\\\/sandokan.com\\\/fr\\\/prodotto\\\/cub-zan-elettroinsetticida-usb-con-scarica\\\/\",\"url\":\"https:\\\/\\\/sandokan.com\\\/fr\\\/prodotto\\\/cub-zan-elettroinsetticida-usb-con-scarica\\\/\",\"name\":\"CUB-ZAN Lampada Mosche e zanzare HACCP - Sandokan\",\"isPartOf\":{\"@id\":\"https:\\\/\\\/sandokan.com\\\/fr\\\/#website\"},\"primaryImageOfPage\":{\"@id\":\"https:\\\/\\\/sandokan.com\\\/fr\\\/prodotto\\\/cub-zan-elettroinsetticida-usb-con-scarica\\\/#primaryimage\"},\"image\":{\"@id\":\"https:\\\/\\\/sandokan.com\\\/fr\\\/prodotto\\\/cub-zan-elettroinsetticida-usb-con-scarica\\\/#primaryimage\"},\"thumbnailUrl\":\"https:\\\/\\\/sandokan.com\\\/wp-content\\\/uploads\\\/2021\\\/04\\\/83000230-8007382973405-P-01.png\",\"datePublished\":\"2021-04-02T06:04:21+00:00\",\"dateModified\":\"2026-04-30T11:08:12+00:00\",\"description\":\"CUB-ZAN: Elettroinsetticida LED con scarica, dotato di cavo di alimentazione USB per utilizzo in mobilit\u00e0. Lampada Mosche\\\/Zanzare con certificazione HACCP\",\"breadcrumb\":{\"@id\":\"https:\\\/\\\/sandokan.com\\\/fr\\\/prodotto\\\/cub-zan-elettroinsetticida-usb-con-scarica\\\/#breadcrumb\"},\"inLanguage\":\"fr-FR\",\"potentialAction\":[{\"@type\":\"ReadAction\",\"target\":[\"https:\\\/\\\/sandokan.com\\\/fr\\\/prodotto\\\/cub-zan-elettroinsetticida-usb-con-scarica\\\/\"]}]},{\"@type\":\"ImageObject\",\"inLanguage\":\"fr-FR\",\"@id\":\"https:\\\/\\\/sandokan.com\\\/fr\\\/prodotto\\\/cub-zan-elettroinsetticida-usb-con-scarica\\\/#primaryimage\",\"url\":\"https:\\\/\\\/sandokan.com\\\/wp-content\\\/uploads\\\/2021\\\/04\\\/83000230-8007382973405-P-01.png\",\"contentUrl\":\"https:\\\/\\\/sandokan.com\\\/wp-content\\\/uploads\\\/2021\\\/04\\\/83000230-8007382973405-P-01.png\",\"width\":1200,\"height\":1200,\"caption\":\"CUB-ZAN lampada mosche zanzare HACCP\"},{\"@type\":\"BreadcrumbList\",\"@id\":\"https:\\\/\\\/sandokan.com\\\/fr\\\/prodotto\\\/cub-zan-elettroinsetticida-usb-con-scarica\\\/#breadcrumb\",\"itemListElement\":[{\"@type\":\"ListItem\",\"position\":1,\"name\":\"Sandokan\",\"item\":\"https:\\\/\\\/sandokan.com\\\/fr\\\/\"},{\"@type\":\"ListItem\",\"position\":2,\"name\":\"Shop\",\"item\":\"https:\\\/\\\/sandokan.com\\\/negozio\\\/\"},{\"@type\":\"ListItem\",\"position\":3,\"name\":\"CUB-ZAN Elettroinsetticida LED con scarica\"}]},{\"@type\":\"WebSite\",\"@id\":\"https:\\\/\\\/sandokan.com\\\/fr\\\/#website\",\"url\":\"https:\\\/\\\/sandokan.com\\\/fr\\\/\",\"name\":\"Sandokan\",\"description\":\"Repellenti e Insetticidi\",\"publisher\":{\"@id\":\"https:\\\/\\\/sandokan.com\\\/fr\\\/#organization\"},\"potentialAction\":[{\"@type\":\"SearchAction\",\"target\":{\"@type\":\"EntryPoint\",\"urlTemplate\":\"https:\\\/\\\/sandokan.com\\\/fr\\\/?s={search_term_string}\"},\"query-input\":{\"@type\":\"PropertyValueSpecification\",\"valueRequired\":true,\"valueName\":\"search_term_string\"}}],\"inLanguage\":\"fr-FR\"},{\"@type\":\"Organization\",\"@id\":\"https:\\\/\\\/sandokan.com\\\/fr\\\/#organization\",\"name\":\"Sandokan | Repellenti Naturali per Interni ed Esterni\",\"url\":\"https:\\\/\\\/sandokan.com\\\/fr\\\/\",\"logo\":{\"@type\":\"ImageObject\",\"inLanguage\":\"fr-FR\",\"@id\":\"https:\\\/\\\/sandokan.com\\\/fr\\\/#\\\/schema\\\/logo\\\/image\\\/\",\"url\":\"https:\\\/\\\/sandokan.com\\\/wp-content\\\/uploads\\\/2022\\\/04\\\/Sandokan-Insetticidi-e-Repellenti-BIO-Mobile.png\",\"contentUrl\":\"https:\\\/\\\/sandokan.com\\\/wp-content\\\/uploads\\\/2022\\\/04\\\/Sandokan-Insetticidi-e-Repellenti-BIO-Mobile.png\",\"width\":350,\"height\":99,\"caption\":\"Sandokan | Repellenti Naturali per Interni ed Esterni\"},\"image\":{\"@id\":\"https:\\\/\\\/sandokan.com\\\/fr\\\/#\\\/schema\\\/logo\\\/image\\\/\"},\"sameAs\":[\"https:\\\/\\\/www.facebook.com\\\/zanzareeinsetti\\\/\",\"https:\\\/\\\/x.com\\\/sandokaninsetti\",\"https:\\\/\\\/www.youtube.com\\\/channel\\\/UCMv6YC7WVMIF6KXkcLnuVuw\"]}]}<\/script>\n<!-- \/ Yoast SEO plugin. -->","yoast_head_json":{"title":"CUB-ZAN Lampada Mosche e zanzare HACCP - Sandokan","description":"CUB-ZAN: Elettroinsetticida LED con scarica, dotato di cavo di alimentazione USB per utilizzo in mobilit\u00e0. Lampada Mosche\/Zanzare con certificazione HACCP","robots":{"index":"index","follow":"follow","max-snippet":"max-snippet:-1","max-image-preview":"max-image-preview:large","max-video-preview":"max-video-preview:-1"},"canonical":"https:\/\/sandokan.com\/fr\/prodotto\/cub-zan-elettroinsetticida-usb-con-scarica\/","og_locale":"fr_FR","og_type":"article","og_title":"CUB-ZAN Lampada Mosche e zanzare HACCP - Sandokan","og_description":"CUB-ZAN: Elettroinsetticida LED con scarica, dotato di cavo di alimentazione USB per utilizzo in mobilit\u00e0. Lampada Mosche\/Zanzare con certificazione HACCP","og_url":"https:\/\/sandokan.com\/fr\/prodotto\/cub-zan-elettroinsetticida-usb-con-scarica\/","og_site_name":"Sandokan","article_publisher":"https:\/\/www.facebook.com\/zanzareeinsetti\/","article_modified_time":"2026-04-30T11:08:12+00:00","og_image":[{"width":1200,"height":1200,"url":"https:\/\/sandokan.com\/wp-content\/uploads\/2021\/04\/83000230-8007382973405-P-01.png","type":"image\/png"}],"twitter_card":"summary_large_image","twitter_site":"@sandokaninsetti","twitter_misc":{"Dur\u00e9e de lecture estim\u00e9e":"4 minutes"},"schema":{"@context":"https:\/\/schema.org","@graph":[{"@type":"WebPage","@id":"https:\/\/sandokan.com\/fr\/prodotto\/cub-zan-elettroinsetticida-usb-con-scarica\/","url":"https:\/\/sandokan.com\/fr\/prodotto\/cub-zan-elettroinsetticida-usb-con-scarica\/","name":"CUB-ZAN Lampada Mosche e zanzare HACCP - Sandokan","isPartOf":{"@id":"https:\/\/sandokan.com\/fr\/#website"},"primaryImageOfPage":{"@id":"https:\/\/sandokan.com\/fr\/prodotto\/cub-zan-elettroinsetticida-usb-con-scarica\/#primaryimage"},"image":{"@id":"https:\/\/sandokan.com\/fr\/prodotto\/cub-zan-elettroinsetticida-usb-con-scarica\/#primaryimage"},"thumbnailUrl":"https:\/\/sandokan.com\/wp-content\/uploads\/2021\/04\/83000230-8007382973405-P-01.png","datePublished":"2021-04-02T06:04:21+00:00","dateModified":"2026-04-30T11:08:12+00:00","description":"CUB-ZAN: Elettroinsetticida LED con scarica, dotato di cavo di alimentazione USB per utilizzo in mobilit\u00e0. Lampada Mosche\/Zanzare con certificazione HACCP","breadcrumb":{"@id":"https:\/\/sandokan.com\/fr\/prodotto\/cub-zan-elettroinsetticida-usb-con-scarica\/#breadcrumb"},"inLanguage":"fr-FR","potentialAction":[{"@type":"ReadAction","target":["https:\/\/sandokan.com\/fr\/prodotto\/cub-zan-elettroinsetticida-usb-con-scarica\/"]}]},{"@type":"ImageObject","inLanguage":"fr-FR","@id":"https:\/\/sandokan.com\/fr\/prodotto\/cub-zan-elettroinsetticida-usb-con-scarica\/#primaryimage","url":"https:\/\/sandokan.com\/wp-content\/uploads\/2021\/04\/83000230-8007382973405-P-01.png","contentUrl":"https:\/\/sandokan.com\/wp-content\/uploads\/2021\/04\/83000230-8007382973405-P-01.png","width":1200,"height":1200,"caption":"CUB-ZAN lampada mosche zanzare HACCP"},{"@type":"BreadcrumbList","@id":"https:\/\/sandokan.com\/fr\/prodotto\/cub-zan-elettroinsetticida-usb-con-scarica\/#breadcrumb","itemListElement":[{"@type":"ListItem","position":1,"name":"Sandokan","item":"https:\/\/sandokan.com\/fr\/"},{"@type":"ListItem","position":2,"name":"Shop","item":"https:\/\/sandokan.com\/negozio\/"},{"@type":"ListItem","position":3,"name":"CUB-ZAN Elettroinsetticida LED con scarica"}]},{"@type":"WebSite","@id":"https:\/\/sandokan.com\/fr\/#website","url":"https:\/\/sandokan.com\/fr\/","name":"Sandokan","description":"Repellenti e Insetticidi","publisher":{"@id":"https:\/\/sandokan.com\/fr\/#organization"},"potentialAction":[{"@type":"SearchAction","target":{"@type":"EntryPoint","urlTemplate":"https:\/\/sandokan.com\/fr\/?s={search_term_string}"},"query-input":{"@type":"PropertyValueSpecification","valueRequired":true,"valueName":"search_term_string"}}],"inLanguage":"fr-FR"},{"@type":"Organization","@id":"https:\/\/sandokan.com\/fr\/#organization","name":"Sandokan | Repellenti Naturali per Interni ed Esterni","url":"https:\/\/sandokan.com\/fr\/","logo":{"@type":"ImageObject","inLanguage":"fr-FR","@id":"https:\/\/sandokan.com\/fr\/#\/schema\/logo\/image\/","url":"https:\/\/sandokan.com\/wp-content\/uploads\/2022\/04\/Sandokan-Insetticidi-e-Repellenti-BIO-Mobile.png","contentUrl":"https:\/\/sandokan.com\/wp-content\/uploads\/2022\/04\/Sandokan-Insetticidi-e-Repellenti-BIO-Mobile.png","width":350,"height":99,"caption":"Sandokan | Repellenti Naturali per Interni ed Esterni"},"image":{"@id":"https:\/\/sandokan.com\/fr\/#\/schema\/logo\/image\/"},"sameAs":["https:\/\/www.facebook.com\/zanzareeinsetti\/","https:\/\/x.com\/sandokaninsetti","https:\/\/www.youtube.com\/channel\/UCMv6YC7WVMIF6KXkcLnuVuw"]}]}},"_links":{"self":[{"href":"https:\/\/sandokan.com\/fr\/wp-json\/wp\/v2\/product\/3742","targetHints":{"allow":["GET"]}}],"collection":[{"href":"https:\/\/sandokan.com\/fr\/wp-json\/wp\/v2\/product"}],"about":[{"href":"https:\/\/sandokan.com\/fr\/wp-json\/wp\/v2\/types\/product"}],"replies":[{"embeddable":true,"href":"https:\/\/sandokan.com\/fr\/wp-json\/wp\/v2\/comments?post=3742"}],"wp:featuredmedia":[{"embeddable":true,"href":"https:\/\/sandokan.com\/fr\/wp-json\/wp\/v2\/media\/22008"}],"wp:attachment":[{"href":"https:\/\/sandokan.com\/fr\/wp-json\/wp\/v2\/media?parent=3742"}],"wp:term":[{"taxonomy":"product_brand","embeddable":true,"href":"https:\/\/sandokan.com\/fr\/wp-json\/wp\/v2\/product_brand?post=3742"},{"taxonomy":"product_cat","embeddable":true,"href":"https:\/\/sandokan.com\/fr\/wp-json\/wp\/v2\/product_cat?post=3742"},{"taxonomy":"product_tag","embeddable":true,"href":"https:\/\/sandokan.com\/fr\/wp-json\/wp\/v2\/product_tag?post=3742"}],"curies":[{"name":"wp","href":"https:\/\/api.w.org\/{rel}","templated":true}]}}